{"id":10615,"date":"2021-11-16T10:08:21","date_gmt":"2021-11-16T09:08:21","guid":{"rendered":"https:\/\/bolting.eu\/?post_type=product&#038;p=10615"},"modified":"2022-08-25T22:29:08","modified_gmt":"2022-08-25T20:29:08","slug":"edelrid-bulletproof-straight","status":"publish","type":"product","link":"https:\/\/bolting.eu\/en\/shop\/edelrid-bulletproof-straight\/","title":{"rendered":"Edelrid Bulletproof straight"},"content":{"rendered":"<p>Der Edelrid Bulletproof straight ist ein besonderer Schnappkarabiner. Denn er hat ein Stahl Inlet im Scheitel. Somit ist dieses Produkt mit geradem Schnapper ideal als hakenseitiger Karabiner in <a href=\"https:\/\/bolting.eu\/produkt-kategorie\/kletterausruestung\/expressschlingen\/\">Expressschlingen<\/a>.<\/p>\n<p>Denn der Abrieb von <a href=\"https:\/\/bolting.eu\/produkt-kategorie\/einbohrartikel\/klebehaken-buehlerhaken\/\">Klebehaken<\/a> \u00d6sen bzw. die scharfen Kanten von <a href=\"https:\/\/bolting.eu\/produkt-kategorie\/einbohrartikel\/bohrhakenlasche\/\">Bohrhakenlaschen<\/a> k\u00f6nnen dem Karabiner somit nichts antun.<\/p>\n<p>Wir empfehlen euch den Bulletproof, weil er wirklich einmal etwas Neues und Sinnvolles ist. Er hilft euch die Lebensdauer eurer Expressschlingen wesentlich zu erh\u00f6hen und ist somit auch extrem nachhaltig!<\/p>\n<h2>Eigenschaften Edelrid Bulletproof straight<\/h2>\n<ul>\n<li>Hersteller: <a href=\"https:\/\/bolting.eu\/produkt-kategorie\/edelrid\/\">Edelrid<\/a><\/li>\n<li>Material: Aluminium eloxiert \u2013 Edelstahl<\/li>\n<li>Farbe: antrazit<\/li>\n<li>EN Norm <a href=\"https:\/\/bolting.eu\/en-12275-norm\/\">12275<\/a> bzw. UIAA 121<\/li>\n<li>Verschluss: gerader Schnapper<\/li>\n<li>Bruchlasten 27kN l\u00e4ngs \/ 8kN offen \/ 10 kN Querachse<\/li>\n<li>Gr\u00f6\u00dfe 100 x 58mm<\/li>\n<li>Schnapper\u00f6ffnung: 22mm<\/li>\n<li>Gewicht: 55 Gramm<\/li>\n<li>Stahleinsatz im Scheitel verringert Abrieb<\/li>\n<li>Made in Taiwan<\/li>\n<li><a href=\"https:\/\/media.edelrid.de\/images\/attribut\/54530_GAL_KARABINER_ANSICHT.pdf\">Gebrauchsanleitung<\/a><\/li>\n<\/ul>\n<h3>Geniales Patent &#8211; Stahleinsatz<\/h3>\n<figure id=\"attachment_10618\" aria-describedby=\"caption-attachment-10618\" style=\"width: 200px\" class=\"wp-caption alignleft\"><a href=\"https:\/\/bolting.eu\/wp-content\/uploads\/2021\/11\/Edelrid-Bulletproof-straight-3.jpg\"><img loading=\"lazy\" decoding=\"async\" class=\"wp-image-10618\" src=\"https:\/\/bolting.eu\/wp-content\/uploads\/2021\/11\/Edelrid-Bulletproof-straight-3-280x280.jpg\" alt=\"Das Bild zeigt ein Stahl Inlet in einem Karabinerscheitel.\" width=\"200\" height=\"200\" srcset=\"https:\/\/bolting.eu\/wp-content\/uploads\/2021\/11\/Edelrid-Bulletproof-straight-3-280x280.jpg 280w, https:\/\/bolting.eu\/wp-content\/uploads\/2021\/11\/Edelrid-Bulletproof-straight-3-100x100.jpg 100w, https:\/\/bolting.eu\/wp-content\/uploads\/2021\/11\/Edelrid-Bulletproof-straight-3-510x510.jpg 510w, https:\/\/bolting.eu\/wp-content\/uploads\/2021\/11\/Edelrid-Bulletproof-straight-3-400x400.jpg 400w, https:\/\/bolting.eu\/wp-content\/uploads\/2021\/11\/Edelrid-Bulletproof-straight-3-300x300.jpg 300w, https:\/\/bolting.eu\/wp-content\/uploads\/2021\/11\/Edelrid-Bulletproof-straight-3-600x600.jpg 600w, https:\/\/bolting.eu\/wp-content\/uploads\/2021\/11\/Edelrid-Bulletproof-straight-3.jpg 700w\" sizes=\"auto, (max-width: 200px) 100vw, 200px\" \/><\/a><figcaption id=\"caption-attachment-10618\" class=\"wp-caption-text\">Das Stahl Inlet gibt den Bulletproof Modellen seine extreme Abriebfestigkeit!<\/figcaption><\/figure>\n<p>Edelrid hat mit dem Bulletproof ein uraltes Problem gel\u00f6st. N\u00e4mlich das &#8220;Einschneiden&#8221; scharfer \u00d6sen wie z.B. bei Bohrhakenlaschen in die Alu-Zink Legierung. Denn diese Modelle haben ein Stahl Inlet im Scheitel. Folglich ist dieser extrem gegen Abrieb gesch\u00fctzt.<\/p>\n<p>Wie auch der Edelrid Bulletproof Straight. Der gerade Schnapper ist folglich als hakenseitiger Karabiner in Expressen gedacht. Somit geh\u00f6ren gef\u00e4hrliche &#8220;Kerben&#8221; der Vergangenheit an.<\/p>\n<p>&nbsp;<\/p>\n<p>&nbsp;<\/p>\n","protected":false},"excerpt":{"rendered":"<p>Der Edelrid Bulletproof straight ist als hakenseitiger Karabiner in Expressschlingen gedacht. Mit seinem Stahl Inlet verhindert er er ein &#8220;Einschneiden&#8221; von scharfen Bohrhakenlaschen. Geniales Patent!<\/p>\n","protected":false},"featured_media":10617,"comment_status":"open","ping_status":"closed","template":"","meta":[],"product_brand":[],"product_cat":[29,44,3004,4655],"product_tag":[],"class_list":{"0":"post-10615","1":"product","2":"type-product","3":"status-publish","4":"has-post-thumbnail","6":"product_cat-kletterausruestung","7":"product_cat-kletterkarabiner","8":"product_cat-schnappkarabiner","9":"product_cat-edelrid","11":"first","12":"instock","13":"taxable","14":"shipping-taxable","15":"purchasable","16":"product-type-simple"},"yoast_head":"<!-- This site is optimized with the Yoast SEO Premium plugin v26.9 (Yoast SEO v26.9) - https:\/\/yoast.com\/product\/yoast-seo-premium-wordpress\/ -->\n<title>Edelrid Bulletproof straight - Schnapper mit Stahl Inlet | bolting.eu<\/title>\n<meta name=\"description\" content=\"Hier gibt\u00b4s den EDELRID BULLETPROOF STRAIGHT. Einen hakenseitigen Schnapper mit Stahl Inlet f\u00fcr Expressen. Perfekter Schutz gegen Abrieb!\" \/>\n<meta name=\"robots\" content=\"index, follow, max-snippet:-1, max-image-preview:large, max-video-preview:-1\" \/>\n<link rel=\"canonical\" href=\"https:\/\/bolting.eu\/en\/shop\/edelrid-bulletproof-straight\/\" \/>\n<meta property=\"og:locale\" content=\"en_US\" \/>\n<meta property=\"og:type\" content=\"article\" \/>\n<meta property=\"og:title\" content=\"Edelrid Bulletproof straight\" \/>\n<meta property=\"og:description\" content=\"Hier gibt\u00b4s den EDELRID BULLETPROOF STRAIGHT. Einen hakenseitigen Schnapper mit Stahl Inlet f\u00fcr Expressen. Perfekter Schutz gegen Abrieb!\" \/>\n<meta property=\"og:url\" content=\"https:\/\/bolting.eu\/en\/shop\/edelrid-bulletproof-straight\/\" \/>\n<meta property=\"og:site_name\" content=\"bolting.eu\" \/>\n<meta property=\"article:publisher\" content=\"https:\/\/www.facebook.com\/bolting.eu\" \/>\n<meta property=\"article:modified_time\" content=\"2022-08-25T20:29:08+00:00\" \/>\n<meta property=\"og:image\" content=\"https:\/\/bolting.eu\/wp-content\/uploads\/2021\/11\/Edelrid-Bulletproof-straight-1.jpg\" \/>\n\t<meta property=\"og:image:width\" content=\"700\" \/>\n\t<meta property=\"og:image:height\" content=\"700\" \/>\n\t<meta property=\"og:image:type\" content=\"image\/jpeg\" \/>\n<meta name=\"twitter:card\" content=\"summary_large_image\" \/>\n<meta name=\"twitter:label1\" content=\"Price\" \/>\n\t<meta name=\"twitter:data1\" content=\"&euro;&nbsp;14,90\" \/>\n\t<meta name=\"twitter:label2\" content=\"Availability\" \/>\n\t<meta name=\"twitter:data2\" content=\"In stock\" \/>\n<script type=\"application\/ld+json\" class=\"yoast-schema-graph\">{\"@context\":\"https:\/\/schema.org\",\"@graph\":[{\"@type\":[\"WebPage\",\"ItemPage\"],\"@id\":\"https:\/\/bolting.eu\/en\/shop\/edelrid-bulletproof-straight\/\",\"url\":\"https:\/\/bolting.eu\/en\/shop\/edelrid-bulletproof-straight\/\",\"name\":\"Edelrid Bulletproof straight - Schnapper mit Stahl Inlet | bolting.eu\",\"isPartOf\":{\"@id\":\"https:\/\/bolting.eu\/en\/#website\"},\"primaryImageOfPage\":{\"@id\":\"https:\/\/bolting.eu\/en\/shop\/edelrid-bulletproof-straight\/#primaryimage\"},\"image\":{\"@id\":\"https:\/\/bolting.eu\/en\/shop\/edelrid-bulletproof-straight\/#primaryimage\"},\"thumbnailUrl\":\"https:\/\/bolting.eu\/wp-content\/uploads\/2021\/11\/Edelrid-Bulletproof-straight-1.jpg\",\"datePublished\":\"2021-11-16T09:08:21+00:00\",\"dateModified\":\"2022-08-25T20:29:08+00:00\",\"description\":\"Hier gibt\u00b4s den EDELRID BULLETPROOF STRAIGHT. Einen hakenseitigen Schnapper mit Stahl Inlet f\u00fcr Expressen. Perfekter Schutz gegen Abrieb!\",\"breadcrumb\":{\"@id\":\"https:\/\/bolting.eu\/en\/shop\/edelrid-bulletproof-straight\/#breadcrumb\"},\"inLanguage\":\"en-US\",\"potentialAction\":[{\"@type\":\"ReadAction\",\"target\":[\"https:\/\/bolting.eu\/en\/shop\/edelrid-bulletproof-straight\/\"]}]},{\"@type\":\"ImageObject\",\"inLanguage\":\"en-US\",\"@id\":\"https:\/\/bolting.eu\/en\/shop\/edelrid-bulletproof-straight\/#primaryimage\",\"url\":\"https:\/\/bolting.eu\/wp-content\/uploads\/2021\/11\/Edelrid-Bulletproof-straight-1.jpg\",\"contentUrl\":\"https:\/\/bolting.eu\/wp-content\/uploads\/2021\/11\/Edelrid-Bulletproof-straight-1.jpg\",\"width\":700,\"height\":700,\"caption\":\"Das Bild zeigt einen silbergrauen Edelrid Bulletproof straight Karabiner mit einem Stahlinlet im Scheitel. Der Schnapper ist links.\"},{\"@type\":\"BreadcrumbList\",\"@id\":\"https:\/\/bolting.eu\/en\/shop\/edelrid-bulletproof-straight\/#breadcrumb\",\"itemListElement\":[{\"@type\":\"ListItem\",\"position\":1,\"name\":\"Shop\",\"item\":\"https:\/\/bolting.eu\/en\/shop\/\"},{\"@type\":\"ListItem\",\"position\":2,\"name\":\"climbing equipment\",\"item\":\"https:\/\/bolting.eu\/en\/produkt-kategorie\/climbing-equipment\/\"},{\"@type\":\"ListItem\",\"position\":3,\"name\":\"Climbing carabiner\",\"item\":\"https:\/\/bolting.eu\/en\/produkt-kategorie\/climbing-carabiner\/\"},{\"@type\":\"ListItem\",\"position\":4,\"name\":\"snapgate carabiner\",\"item\":\"https:\/\/bolting.eu\/en\/produkt-kategorie\/snapgate-carabiner\/\"},{\"@type\":\"ListItem\",\"position\":5,\"name\":\"Edelrid Bulletproof straight\"}]},{\"@type\":\"WebSite\",\"@id\":\"https:\/\/bolting.eu\/en\/#website\",\"url\":\"https:\/\/bolting.eu\/en\/\",\"name\":\"bolting.eu\",\"description\":\"we make climbs happen\",\"publisher\":{\"@id\":\"https:\/\/bolting.eu\/en\/#organization\"},\"potentialAction\":[{\"@type\":\"SearchAction\",\"target\":{\"@type\":\"EntryPoint\",\"urlTemplate\":\"https:\/\/bolting.eu\/en\/?s={search_term_string}\"},\"query-input\":{\"@type\":\"PropertyValueSpecification\",\"valueRequired\":true,\"valueName\":\"search_term_string\"}}],\"inLanguage\":\"en-US\"},{\"@type\":[\"Organization\",\"Place\",\"SportingGoodsStore\"],\"@id\":\"https:\/\/bolting.eu\/en\/#organization\",\"name\":\"bolting.eu\",\"url\":\"https:\/\/bolting.eu\/en\/\",\"logo\":{\"@id\":\"https:\/\/bolting.eu\/en\/shop\/edelrid-bulletproof-straight\/#local-main-organization-logo\"},\"image\":{\"@id\":\"https:\/\/bolting.eu\/en\/shop\/edelrid-bulletproof-straight\/#local-main-organization-logo\"},\"sameAs\":[\"https:\/\/www.facebook.com\/bolting.eu\",\"https:\/\/www.instagram.com\/bolting.eu\/\"],\"address\":{\"@id\":\"https:\/\/bolting.eu\/en\/shop\/edelrid-bulletproof-straight\/#local-main-place-address\"},\"geo\":{\"@type\":\"GeoCoordinates\",\"latitude\":\"47.264176340396226\",\"longitude\":\"11.380109057672346\"},\"telephone\":[\"+43 699 19083372\"],\"openingHoursSpecification\":[{\"@type\":\"OpeningHoursSpecification\",\"dayOfWeek\":[\"Monday\",\"Wednesday\",\"Friday\"],\"opens\":\"14:00\",\"closes\":\"18:00\"},{\"@type\":\"OpeningHoursSpecification\",\"dayOfWeek\":[\"Tuesday\",\"Thursday\",\"Saturday\",\"Sunday\"],\"opens\":\"00:00\",\"closes\":\"00:00\"}],\"email\":\"office@bolting.eu\",\"vatID\":\"ATU59999728\",\"priceRange\":\"$$\",\"currenciesAccepted\":\"Euro\"},{\"@type\":\"PostalAddress\",\"@id\":\"https:\/\/bolting.eu\/en\/shop\/edelrid-bulletproof-straight\/#local-main-place-address\",\"streetAddress\":\"Fischnalerstra\u00dfe 4\",\"addressLocality\":\"Innsbruck\",\"postalCode\":\"6020\",\"addressRegion\":\"Tirol\",\"addressCountry\":\"AT\"},{\"@type\":\"ImageObject\",\"inLanguage\":\"en-US\",\"@id\":\"https:\/\/bolting.eu\/en\/shop\/edelrid-bulletproof-straight\/#local-main-organization-logo\",\"url\":\"https:\/\/bolting.eu\/wp-content\/uploads\/2019\/09\/bolting-logo.png\",\"contentUrl\":\"https:\/\/bolting.eu\/wp-content\/uploads\/2019\/09\/bolting-logo.png\",\"width\":400,\"height\":211,\"caption\":\"bolting.eu\"}]}<\/script>\n<meta property=\"product:price:amount\" content=\"14.90\" \/>\n<meta property=\"product:price:currency\" content=\"EUR\" \/>\n<meta property=\"og:availability\" content=\"instock\" \/>\n<meta property=\"product:availability\" content=\"instock\" \/>\n<meta property=\"product:retailer_item_id\" content=\"737150006630\" \/>\n<meta property=\"product:condition\" content=\"new\" \/>\n<meta name=\"geo.placename\" content=\"Innsbruck\" \/>\n<meta name=\"geo.position\" content=\"47.264176340396226;11.380109057672346\" \/>\n<meta name=\"geo.region\" content=\"Austria\" \/>\n<!-- \/ Yoast SEO Premium plugin. -->","yoast_head_json":{"title":"Edelrid Bulletproof straight - Schnapper mit Stahl Inlet | bolting.eu","description":"Hier gibt\u00b4s den EDELRID BULLETPROOF STRAIGHT. Einen hakenseitigen Schnapper mit Stahl Inlet f\u00fcr Expressen. Perfekter Schutz gegen Abrieb!","robots":{"index":"index","follow":"follow","max-snippet":"max-snippet:-1","max-image-preview":"max-image-preview:large","max-video-preview":"max-video-preview:-1"},"canonical":"https:\/\/bolting.eu\/en\/shop\/edelrid-bulletproof-straight\/","og_locale":"en_US","og_type":"article","og_title":"Edelrid Bulletproof straight","og_description":"Hier gibt\u00b4s den EDELRID BULLETPROOF STRAIGHT. Einen hakenseitigen Schnapper mit Stahl Inlet f\u00fcr Expressen. Perfekter Schutz gegen Abrieb!","og_url":"https:\/\/bolting.eu\/en\/shop\/edelrid-bulletproof-straight\/","og_site_name":"bolting.eu","article_publisher":"https:\/\/www.facebook.com\/bolting.eu","article_modified_time":"2022-08-25T20:29:08+00:00","og_image":[{"width":700,"height":700,"url":"https:\/\/bolting.eu\/wp-content\/uploads\/2021\/11\/Edelrid-Bulletproof-straight-1.jpg","type":"image\/jpeg"}],"twitter_card":"summary_large_image","twitter_misc":{"Price":"&euro;&nbsp;14,90","Availability":"In stock"},"schema":{"@context":"https:\/\/schema.org","@graph":[{"@type":["WebPage","ItemPage"],"@id":"https:\/\/bolting.eu\/en\/shop\/edelrid-bulletproof-straight\/","url":"https:\/\/bolting.eu\/en\/shop\/edelrid-bulletproof-straight\/","name":"Edelrid Bulletproof straight - Schnapper mit Stahl Inlet | bolting.eu","isPartOf":{"@id":"https:\/\/bolting.eu\/en\/#website"},"primaryImageOfPage":{"@id":"https:\/\/bolting.eu\/en\/shop\/edelrid-bulletproof-straight\/#primaryimage"},"image":{"@id":"https:\/\/bolting.eu\/en\/shop\/edelrid-bulletproof-straight\/#primaryimage"},"thumbnailUrl":"https:\/\/bolting.eu\/wp-content\/uploads\/2021\/11\/Edelrid-Bulletproof-straight-1.jpg","datePublished":"2021-11-16T09:08:21+00:00","dateModified":"2022-08-25T20:29:08+00:00","description":"Hier gibt\u00b4s den EDELRID BULLETPROOF STRAIGHT. Einen hakenseitigen Schnapper mit Stahl Inlet f\u00fcr Expressen. Perfekter Schutz gegen Abrieb!","breadcrumb":{"@id":"https:\/\/bolting.eu\/en\/shop\/edelrid-bulletproof-straight\/#breadcrumb"},"inLanguage":"en-US","potentialAction":[{"@type":"ReadAction","target":["https:\/\/bolting.eu\/en\/shop\/edelrid-bulletproof-straight\/"]}]},{"@type":"ImageObject","inLanguage":"en-US","@id":"https:\/\/bolting.eu\/en\/shop\/edelrid-bulletproof-straight\/#primaryimage","url":"https:\/\/bolting.eu\/wp-content\/uploads\/2021\/11\/Edelrid-Bulletproof-straight-1.jpg","contentUrl":"https:\/\/bolting.eu\/wp-content\/uploads\/2021\/11\/Edelrid-Bulletproof-straight-1.jpg","width":700,"height":700,"caption":"Das Bild zeigt einen silbergrauen Edelrid Bulletproof straight Karabiner mit einem Stahlinlet im Scheitel. Der Schnapper ist links."},{"@type":"BreadcrumbList","@id":"https:\/\/bolting.eu\/en\/shop\/edelrid-bulletproof-straight\/#breadcrumb","itemListElement":[{"@type":"ListItem","position":1,"name":"Shop","item":"https:\/\/bolting.eu\/en\/shop\/"},{"@type":"ListItem","position":2,"name":"climbing equipment","item":"https:\/\/bolting.eu\/en\/produkt-kategorie\/climbing-equipment\/"},{"@type":"ListItem","position":3,"name":"Climbing carabiner","item":"https:\/\/bolting.eu\/en\/produkt-kategorie\/climbing-carabiner\/"},{"@type":"ListItem","position":4,"name":"snapgate carabiner","item":"https:\/\/bolting.eu\/en\/produkt-kategorie\/snapgate-carabiner\/"},{"@type":"ListItem","position":5,"name":"Edelrid Bulletproof straight"}]},{"@type":"WebSite","@id":"https:\/\/bolting.eu\/en\/#website","url":"https:\/\/bolting.eu\/en\/","name":"bolting.eu","description":"we make climbs happen","publisher":{"@id":"https:\/\/bolting.eu\/en\/#organization"},"potentialAction":[{"@type":"SearchAction","target":{"@type":"EntryPoint","urlTemplate":"https:\/\/bolting.eu\/en\/?s={search_term_string}"},"query-input":{"@type":"PropertyValueSpecification","valueRequired":true,"valueName":"search_term_string"}}],"inLanguage":"en-US"},{"@type":["Organization","Place","SportingGoodsStore"],"@id":"https:\/\/bolting.eu\/en\/#organization","name":"bolting.eu","url":"https:\/\/bolting.eu\/en\/","logo":{"@id":"https:\/\/bolting.eu\/en\/shop\/edelrid-bulletproof-straight\/#local-main-organization-logo"},"image":{"@id":"https:\/\/bolting.eu\/en\/shop\/edelrid-bulletproof-straight\/#local-main-organization-logo"},"sameAs":["https:\/\/www.facebook.com\/bolting.eu","https:\/\/www.instagram.com\/bolting.eu\/"],"address":{"@id":"https:\/\/bolting.eu\/en\/shop\/edelrid-bulletproof-straight\/#local-main-place-address"},"geo":{"@type":"GeoCoordinates","latitude":"47.264176340396226","longitude":"11.380109057672346"},"telephone":["+43 699 19083372"],"openingHoursSpecification":[{"@type":"OpeningHoursSpecification","dayOfWeek":["Monday","Wednesday","Friday"],"opens":"14:00","closes":"18:00"},{"@type":"OpeningHoursSpecification","dayOfWeek":["Tuesday","Thursday","Saturday","Sunday"],"opens":"00:00","closes":"00:00"}],"email":"office@bolting.eu","vatID":"ATU59999728","priceRange":"$$","currenciesAccepted":"Euro"},{"@type":"PostalAddress","@id":"https:\/\/bolting.eu\/en\/shop\/edelrid-bulletproof-straight\/#local-main-place-address","streetAddress":"Fischnalerstra\u00dfe 4","addressLocality":"Innsbruck","postalCode":"6020","addressRegion":"Tirol","addressCountry":"AT"},{"@type":"ImageObject","inLanguage":"en-US","@id":"https:\/\/bolting.eu\/en\/shop\/edelrid-bulletproof-straight\/#local-main-organization-logo","url":"https:\/\/bolting.eu\/wp-content\/uploads\/2019\/09\/bolting-logo.png","contentUrl":"https:\/\/bolting.eu\/wp-content\/uploads\/2019\/09\/bolting-logo.png","width":400,"height":211,"caption":"bolting.eu"}]},"product_price_amount":"14.90","product_price_currency":"EUR","og_availability":"instock","product_availability":"instock","product_retailer_item_id":"737150006630","product_condition":"new","geo.placename":"Innsbruck","geo.position":{"lat":"47.264176340396226","long":"11.380109057672346"},"geo.region":"Austria"},"_links":{"self":[{"href":"https:\/\/bolting.eu\/en\/wp-json\/wp\/v2\/product\/10615","targetHints":{"allow":["GET"]}}],"collection":[{"href":"https:\/\/bolting.eu\/en\/wp-json\/wp\/v2\/product"}],"about":[{"href":"https:\/\/bolting.eu\/en\/wp-json\/wp\/v2\/types\/product"}],"replies":[{"embeddable":true,"href":"https:\/\/bolting.eu\/en\/wp-json\/wp\/v2\/comments?post=10615"}],"wp:featuredmedia":[{"embeddable":true,"href":"https:\/\/bolting.eu\/en\/wp-json\/wp\/v2\/media\/10617"}],"wp:attachment":[{"href":"https:\/\/bolting.eu\/en\/wp-json\/wp\/v2\/media?parent=10615"}],"wp:term":[{"taxonomy":"product_brand","embeddable":true,"href":"https:\/\/bolting.eu\/en\/wp-json\/wp\/v2\/product_brand?post=10615"},{"taxonomy":"product_cat","embeddable":true,"href":"https:\/\/bolting.eu\/en\/wp-json\/wp\/v2\/product_cat?post=10615"},{"taxonomy":"product_tag","embeddable":true,"href":"https:\/\/bolting.eu\/en\/wp-json\/wp\/v2\/product_tag?post=10615"}],"curies":[{"name":"wp","href":"https:\/\/api.w.org\/{rel}","templated":true}]}}