{"id":10545,"date":"2021-11-12T12:23:45","date_gmt":"2021-11-12T11:23:45","guid":{"rendered":"https:\/\/bolting.eu\/?post_type=product&#038;p=10545"},"modified":"2025-09-17T15:15:21","modified_gmt":"2025-09-17T13:15:21","slug":"edelrid-skimmer-7-1-mm","status":"publish","type":"product","link":"https:\/\/bolting.eu\/en\/shop\/edelrid-skimmer-7-1-mm\/","title":{"rendered":"Edelrid Skimmer 7.1mm"},"content":{"rendered":"<p>Das Edelrid Skimmer 7.1mm ist das d\u00fcnnste und leichteste Halbseil der Welt! Und weil es ja auch eine Zulassung als Zwillingsseil hat, ist es das auch in dieser Kategorie.<\/p>\n<p>Denn dieses 7,1mm &#8220;d\u00fcnne&#8221; Seil wieg gerade einmal 36 Gramm pro Meter!<\/p>\n<p>Somit ist dieses Seil etwas f\u00fcr Alpinisten, bei denen jedes Gramm z\u00e4hlt. Wer anspruchsvolle Routen in Schnee und Eis macht, kann sich aufgrund der PFC-freien Eco Dry Impr\u00e4gnierung auch auf eine super wasserabweisendes Produkt freuen.<\/p>\n<p>Achtung: passendes <a href=\"https:\/\/bolting.eu\/produkt-kategorie\/kletterausruestung\/sicherungsgeraete-klettern\/\">Sicherungsger\u00e4t<\/a> verwenden!<\/p>\n<h2>Eigenschaften Edelrid Skimmer 7.1mm<\/h2>\n<ul>\n<li>Hersteller: <a href=\"https:\/\/bolting.eu\/produkt-kategorie\/edelrid\/\">Edelrid<\/a><\/li>\n<li>Seiltyp: Halbseil und Zwillingsseil<\/li>\n<li>Impr\u00e4gnierung: Eco Dry &#8211; unter 2% Wasseraufnahme!<\/li>\n<li>Behandlung: Thermo Shield f\u00fcr smoothes Handling<\/li>\n<li>3D Lapcoiling: direkt einsatzf\u00e4hig ohne Krangeln<\/li>\n<li>Normst\u00fcrze Halbseil \/ Zwillingsseil: 5 \/ 18<\/li>\n<li>Durchmesser: 7,1mm<\/li>\n<li>L\u00e4ngen: 30m, 50m, 60m<\/li>\n<li>Gewicht \/ Meter: 36 Gramm<\/li>\n<li>Fangstoss Halbseil \/ Zwillingsseil: 6,1kN \/ 10kN<\/li>\n<li>stat.Dehnung Halbseil \/ Zwillingsseil: 9% \/ 5,2%<\/li>\n<li>EN Norm: EN 892<\/li>\n<li>Mantelverschiebung: keine<\/li>\n<li>empfohlene Sicherungsger\u00e4te: <a href=\"https:\/\/bolting.eu\/shop\/edelrid-micro-jul\/\">Edelrid Micro Jul<\/a>, <a href=\"https:\/\/bolting.eu\/shop\/black-diamond-atc-alpine-guide\/\">Black Diamond ATC Alpine Guide<\/a><\/li>\n<li><a href=\"https:\/\/media.edelrid.de\/images\/attribut\/54517_GAL_DynamicRope_Seilteppich_ANSICHT.pdf\">Bedienungsanleitung<\/a><\/li>\n<\/ul>\n<h3>F\u00fcr wen ist dieses Seil gedacht?<\/h3>\n<p>Das Edelrid Skimmer 7.1mm ist kein Standard Seil. Es ist ein Ausr\u00fcstungsgegenstand f\u00fcr Spezialisten. Denn das Handling mit dem 7.1mm Durchmesser ist ganz speziell. Das ist auf die geringe Reibung dieses extrem d\u00fcnnen Seils zur\u00fcck zu f\u00fchren. D.h. man muss bei Dingen besonders aufpassen:<\/p>\n<ul>\n<li>Auswahl seines Sicherungsger\u00e4tes<\/li>\n<li>beim Sichern im Vorstieg<\/li>\n<li>beim Abseilen<\/li>\n<li>bei div. Seilman\u00f6vern<\/li>\n<\/ul>\n<figure id=\"attachment_10562\" aria-describedby=\"caption-attachment-10562\" style=\"width: 1024px\" class=\"wp-caption alignnone\"><a href=\"https:\/\/bolting.eu\/wp-content\/uploads\/2021\/11\/Edelrid-Skimmer-Anwendung-Westalpen.jpg\"><img loading=\"lazy\" decoding=\"async\" class=\"wp-image-10562 size-full\" src=\"https:\/\/bolting.eu\/wp-content\/uploads\/2021\/11\/Edelrid-Skimmer-Anwendung-Westalpen.jpg\" alt=\"Das Bild zeigt einen Gletscher mit Zelt und einer riesigen Felsnadel dahinter in der Morgensonne.\" width=\"1024\" height=\"683\" srcset=\"https:\/\/bolting.eu\/wp-content\/uploads\/2021\/11\/Edelrid-Skimmer-Anwendung-Westalpen.jpg 1024w, https:\/\/bolting.eu\/wp-content\/uploads\/2021\/11\/Edelrid-Skimmer-Anwendung-Westalpen-510x340.jpg 510w, https:\/\/bolting.eu\/wp-content\/uploads\/2021\/11\/Edelrid-Skimmer-Anwendung-Westalpen-600x400.jpg 600w, https:\/\/bolting.eu\/wp-content\/uploads\/2021\/11\/Edelrid-Skimmer-Anwendung-Westalpen-768x512.jpg 768w\" sizes=\"auto, (max-width: 1024px) 100vw, 1024px\" \/><\/a><figcaption id=\"caption-attachment-10562\" class=\"wp-caption-text\">Dieses Spitzenseil ist etwas f\u00fcr schwierige Unternehmungen wo geringstes Gewicht eine gro\u00dfe Rolle spielt, wie z.B. am Grand Cappucin im Mont-Blanc Massiv.<\/figcaption><\/figure>\n<h3>Thermo Shield Behandlung<\/h3>\n<p><a href=\"https:\/\/bolting.eu\/wp-content\/uploads\/2021\/11\/Edelrid_Thermo-Shield_Logo_2019.jpg\"><img loading=\"lazy\" decoding=\"async\" class=\"alignleft wp-image-10563\" src=\"https:\/\/bolting.eu\/wp-content\/uploads\/2021\/11\/Edelrid_Thermo-Shield_Logo_2019.jpg\" alt=\"Das Bild zeigt das Edelrid Thermo Shield Logo.\" width=\"150\" height=\"150\" srcset=\"https:\/\/bolting.eu\/wp-content\/uploads\/2021\/11\/Edelrid_Thermo-Shield_Logo_2019.jpg 800w, https:\/\/bolting.eu\/wp-content\/uploads\/2021\/11\/Edelrid_Thermo-Shield_Logo_2019-100x100.jpg 100w, https:\/\/bolting.eu\/wp-content\/uploads\/2021\/11\/Edelrid_Thermo-Shield_Logo_2019-510x510.jpg 510w, https:\/\/bolting.eu\/wp-content\/uploads\/2021\/11\/Edelrid_Thermo-Shield_Logo_2019-400x400.jpg 400w, https:\/\/bolting.eu\/wp-content\/uploads\/2021\/11\/Edelrid_Thermo-Shield_Logo_2019-280x280.jpg 280w, https:\/\/bolting.eu\/wp-content\/uploads\/2021\/11\/Edelrid_Thermo-Shield_Logo_2019-768x768.jpg 768w, https:\/\/bolting.eu\/wp-content\/uploads\/2021\/11\/Edelrid_Thermo-Shield_Logo_2019-300x300.jpg 300w, https:\/\/bolting.eu\/wp-content\/uploads\/2021\/11\/Edelrid_Thermo-Shield_Logo_2019-600x600.jpg 600w\" sizes=\"auto, (max-width: 150px) 100vw, 150px\" \/><\/a>Das Edelrid Skimmer 7.1mm ist ein Seil, welches eine Thermoshield Behandlung bekommen hat. D.h. hier wurden die Fasern f\u00fcr Kern und Mantel thermisch behandelt. Dieser Produktionsschritt verleiht diesem Produkt sein besonders angenehmes Handling.<\/p>\n<p>Denn er erm\u00f6glicht ein ideales Abstimmen der beiden unterschiedlichen Bestandteile, Kern und Mantel.<\/p>\n<h3>Edelrid Skimmer mit Eco Dry Impr\u00e4gnierung<\/h3>\n<p>Diese PFC-freie Impr\u00e4gnierung erh\u00f6ht die Lebensdauer des Seiles nochmals ganz entscheidend. Denn diese chemische Behandlung macht das Sei dauerhaft wasser- und schmutzabweisend.<\/p>\n<p>D.h. zum einen weniger Partikel welche den Mantel &#8220;aufreiben&#8221; k\u00f6nnen. Und zum anderen l\u00e4ngere Haltbarkeit weil die Fasern nicht so intensiv extremer Feuchtigkeit ausgesetzt werden.<\/p>\n<h4><strong>Video Seilproduktion Edelrid<\/strong><\/h4>\n<p>Wie komplex die Produktion von modernen Kletterseilen wie dem Edelrid Skimmer 7.1mm ist, zeigt das folgende Video.<\/p>\n<p><iframe loading=\"lazy\" title=\"YouTube video player\" src=\"https:\/\/www.youtube.com\/embed\/JLsKNoPOF-E\" width=\"75%\" height=\"380\" frameborder=\"0\" allowfullscreen=\"allowfullscreen\"><\/iframe><\/p>\n<p>&nbsp;<\/p>\n","protected":false},"excerpt":{"rendered":"<p>Das Edelrid Skimmer 7.1mm ist das d\u00fcnnste und <strong>leichteste Halbseil der Welt<\/strong> bzw. Zwillingsseil der Welt. <strong>Dieses Spitzenprodukt ist etwas f\u00fcr sehr erfahrene Alpinisten<\/strong>.<\/p>\n<p>Nur 7.1mm Durchmesser und gerade mal 36 Gramm pro Meter sagen alles!<\/p>\n","protected":false},"featured_media":10561,"comment_status":"open","ping_status":"closed","template":"","meta":[],"product_brand":[],"product_cat":[29,4655,6727],"product_tag":[],"class_list":{"0":"post-10545","1":"product","2":"type-product","3":"status-publish","4":"has-post-thumbnail","6":"product_cat-kletterausruestung","7":"product_cat-edelrid","8":"product_cat-kletterseil","10":"first","11":"instock","12":"sale","13":"taxable","14":"shipping-taxable","15":"purchasable","16":"product-type-variable"},"yoast_head":"<!-- This site is optimized with the Yoast SEO Premium plugin v26.9 (Yoast SEO v26.9) - https:\/\/yoast.com\/product\/yoast-seo-premium-wordpress\/ -->\n<title>Edelrid Skimmer 7.1mm - leichtestes Halbseil der Welt | bolting.eu<\/title>\n<meta name=\"description\" content=\"Hier findest Du das EDELRID SKIMMER 7.1mm, das leichteste Halbseil der Welt. Ein absolutes Spitzenprodukt f\u00fcr Alpin Profis!\" \/>\n<meta name=\"robots\" content=\"index, follow, max-snippet:-1, max-image-preview:large, max-video-preview:-1\" \/>\n<link rel=\"canonical\" href=\"https:\/\/bolting.eu\/en\/shop\/edelrid-skimmer-7-1-mm\/\" \/>\n<meta property=\"og:locale\" content=\"en_US\" \/>\n<meta property=\"og:type\" content=\"article\" \/>\n<meta property=\"og:title\" content=\"Edelrid Skimmer 7.1mm\" \/>\n<meta property=\"og:description\" content=\"Hier findest Du das EDELRID SKIMMER 7.1mm, das leichteste Halbseil der Welt. Ein absolutes Spitzenprodukt f\u00fcr Alpin Profis!\" \/>\n<meta property=\"og:url\" content=\"https:\/\/bolting.eu\/en\/shop\/edelrid-skimmer-7-1-mm\/\" \/>\n<meta property=\"og:site_name\" content=\"bolting.eu\" \/>\n<meta property=\"article:publisher\" content=\"https:\/\/www.facebook.com\/bolting.eu\" \/>\n<meta property=\"article:modified_time\" content=\"2025-09-17T13:15:21+00:00\" \/>\n<meta property=\"og:image\" content=\"https:\/\/bolting.eu\/wp-content\/uploads\/2021\/11\/Edelrid-Skimmer-7.1mm-night.jpg\" \/>\n\t<meta property=\"og:image:width\" content=\"700\" \/>\n\t<meta property=\"og:image:height\" content=\"700\" \/>\n\t<meta property=\"og:image:type\" content=\"image\/jpeg\" \/>\n<meta name=\"twitter:card\" content=\"summary_large_image\" \/>\n<meta name=\"twitter:label1\" content=\"Availability\" \/>\n\t<meta name=\"twitter:data1\" content=\"In stock\" \/>\n<script type=\"application\/ld+json\" class=\"yoast-schema-graph\">{\"@context\":\"https:\/\/schema.org\",\"@graph\":[{\"@type\":[\"WebPage\",\"ItemPage\"],\"@id\":\"https:\/\/bolting.eu\/en\/shop\/edelrid-skimmer-7-1-mm\/\",\"url\":\"https:\/\/bolting.eu\/en\/shop\/edelrid-skimmer-7-1-mm\/\",\"name\":\"Edelrid Skimmer 7.1mm - leichtestes Halbseil der Welt | bolting.eu\",\"isPartOf\":{\"@id\":\"https:\/\/bolting.eu\/en\/#website\"},\"primaryImageOfPage\":{\"@id\":\"https:\/\/bolting.eu\/en\/shop\/edelrid-skimmer-7-1-mm\/#primaryimage\"},\"image\":{\"@id\":\"https:\/\/bolting.eu\/en\/shop\/edelrid-skimmer-7-1-mm\/#primaryimage\"},\"thumbnailUrl\":\"https:\/\/bolting.eu\/wp-content\/uploads\/2021\/11\/Edelrid-Skimmer-7.1mm-night.jpg\",\"datePublished\":\"2021-11-12T11:23:45+00:00\",\"dateModified\":\"2025-09-17T13:15:21+00:00\",\"description\":\"Hier findest Du das EDELRID SKIMMER 7.1mm, das leichteste Halbseil der Welt. Ein absolutes Spitzenprodukt f\u00fcr Alpin Profis!\",\"breadcrumb\":{\"@id\":\"https:\/\/bolting.eu\/en\/shop\/edelrid-skimmer-7-1-mm\/#breadcrumb\"},\"inLanguage\":\"en-US\",\"potentialAction\":[{\"@type\":\"ReadAction\",\"target\":[\"https:\/\/bolting.eu\/en\/shop\/edelrid-skimmer-7-1-mm\/\"]}]},{\"@type\":\"ImageObject\",\"inLanguage\":\"en-US\",\"@id\":\"https:\/\/bolting.eu\/en\/shop\/edelrid-skimmer-7-1-mm\/#primaryimage\",\"url\":\"https:\/\/bolting.eu\/wp-content\/uploads\/2021\/11\/Edelrid-Skimmer-7.1mm-night.jpg\",\"contentUrl\":\"https:\/\/bolting.eu\/wp-content\/uploads\/2021\/11\/Edelrid-Skimmer-7.1mm-night.jpg\",\"width\":700,\"height\":700,\"caption\":\"Das Bild zeigt das Edelrid Skimmer 7.1mm in der originalverpackung auf einem wei\u00dfem Quadrat.\"},{\"@type\":\"BreadcrumbList\",\"@id\":\"https:\/\/bolting.eu\/en\/shop\/edelrid-skimmer-7-1-mm\/#breadcrumb\",\"itemListElement\":[{\"@type\":\"ListItem\",\"position\":1,\"name\":\"Shop\",\"item\":\"https:\/\/bolting.eu\/en\/shop\/\"},{\"@type\":\"ListItem\",\"position\":2,\"name\":\"climbing equipment\",\"item\":\"https:\/\/bolting.eu\/en\/produkt-kategorie\/climbing-equipment\/\"},{\"@type\":\"ListItem\",\"position\":3,\"name\":\"Kletterseil\",\"item\":\"https:\/\/bolting.eu\/produkt-kategorie\/kletterausruestung\/kletterseil\/\"},{\"@type\":\"ListItem\",\"position\":4,\"name\":\"Edelrid Skimmer 7.1mm\"}]},{\"@type\":\"WebSite\",\"@id\":\"https:\/\/bolting.eu\/en\/#website\",\"url\":\"https:\/\/bolting.eu\/en\/\",\"name\":\"bolting.eu\",\"description\":\"we make climbs happen\",\"publisher\":{\"@id\":\"https:\/\/bolting.eu\/en\/#organization\"},\"potentialAction\":[{\"@type\":\"SearchAction\",\"target\":{\"@type\":\"EntryPoint\",\"urlTemplate\":\"https:\/\/bolting.eu\/en\/?s={search_term_string}\"},\"query-input\":{\"@type\":\"PropertyValueSpecification\",\"valueRequired\":true,\"valueName\":\"search_term_string\"}}],\"inLanguage\":\"en-US\"},{\"@type\":[\"Organization\",\"Place\",\"SportingGoodsStore\"],\"@id\":\"https:\/\/bolting.eu\/en\/#organization\",\"name\":\"bolting.eu\",\"url\":\"https:\/\/bolting.eu\/en\/\",\"logo\":{\"@id\":\"https:\/\/bolting.eu\/en\/shop\/edelrid-skimmer-7-1-mm\/#local-main-organization-logo\"},\"image\":{\"@id\":\"https:\/\/bolting.eu\/en\/shop\/edelrid-skimmer-7-1-mm\/#local-main-organization-logo\"},\"sameAs\":[\"https:\/\/www.facebook.com\/bolting.eu\",\"https:\/\/www.instagram.com\/bolting.eu\/\"],\"address\":{\"@id\":\"https:\/\/bolting.eu\/en\/shop\/edelrid-skimmer-7-1-mm\/#local-main-place-address\"},\"geo\":{\"@type\":\"GeoCoordinates\",\"latitude\":\"47.264176340396226\",\"longitude\":\"11.380109057672346\"},\"telephone\":[\"+43 699 19083372\"],\"openingHoursSpecification\":[{\"@type\":\"OpeningHoursSpecification\",\"dayOfWeek\":[\"Monday\",\"Wednesday\",\"Friday\"],\"opens\":\"14:00\",\"closes\":\"18:00\"},{\"@type\":\"OpeningHoursSpecification\",\"dayOfWeek\":[\"Tuesday\",\"Thursday\",\"Saturday\",\"Sunday\"],\"opens\":\"00:00\",\"closes\":\"00:00\"}],\"email\":\"office@bolting.eu\",\"vatID\":\"ATU59999728\",\"priceRange\":\"$$\",\"currenciesAccepted\":\"Euro\"},{\"@type\":\"PostalAddress\",\"@id\":\"https:\/\/bolting.eu\/en\/shop\/edelrid-skimmer-7-1-mm\/#local-main-place-address\",\"streetAddress\":\"Fischnalerstra\u00dfe 4\",\"addressLocality\":\"Innsbruck\",\"postalCode\":\"6020\",\"addressRegion\":\"Tirol\",\"addressCountry\":\"AT\"},{\"@type\":\"ImageObject\",\"inLanguage\":\"en-US\",\"@id\":\"https:\/\/bolting.eu\/en\/shop\/edelrid-skimmer-7-1-mm\/#local-main-organization-logo\",\"url\":\"https:\/\/bolting.eu\/wp-content\/uploads\/2019\/09\/bolting-logo.png\",\"contentUrl\":\"https:\/\/bolting.eu\/wp-content\/uploads\/2019\/09\/bolting-logo.png\",\"width\":400,\"height\":211,\"caption\":\"bolting.eu\"}]}<\/script>\n<meta property=\"og:video\" content=\"https:\/\/www.youtube.com\/embed\/JLsKNoPOF-E\" \/>\n<meta property=\"og:video:type\" content=\"text\/html\" \/>\n<meta property=\"og:video:duration\" content=\"246\" \/>\n<meta property=\"og:video:width\" content=\"480\" \/>\n<meta property=\"og:video:height\" content=\"270\" \/>\n<meta property=\"ya:ovs:adult\" content=\"false\" \/>\n<meta property=\"ya:ovs:upload_date\" content=\"2021-11-12T11:23:45+00:00\" \/>\n<meta property=\"ya:ovs:allow_embed\" content=\"true\" \/>\n<meta property=\"og:availability\" content=\"instock\" \/>\n<meta property=\"product:availability\" content=\"instock\" \/>\n<meta property=\"product:condition\" content=\"new\" \/>\n<meta name=\"geo.placename\" content=\"Innsbruck\" \/>\n<meta name=\"geo.position\" content=\"47.264176340396226;11.380109057672346\" \/>\n<meta name=\"geo.region\" content=\"Austria\" \/>\n<!-- \/ Yoast SEO Premium plugin. -->","yoast_head_json":{"title":"Edelrid Skimmer 7.1mm - leichtestes Halbseil der Welt | bolting.eu","description":"Hier findest Du das EDELRID SKIMMER 7.1mm, das leichteste Halbseil der Welt. Ein absolutes Spitzenprodukt f\u00fcr Alpin Profis!","robots":{"index":"index","follow":"follow","max-snippet":"max-snippet:-1","max-image-preview":"max-image-preview:large","max-video-preview":"max-video-preview:-1"},"canonical":"https:\/\/bolting.eu\/en\/shop\/edelrid-skimmer-7-1-mm\/","og_locale":"en_US","og_type":"article","og_title":"Edelrid Skimmer 7.1mm","og_description":"Hier findest Du das EDELRID SKIMMER 7.1mm, das leichteste Halbseil der Welt. Ein absolutes Spitzenprodukt f\u00fcr Alpin Profis!","og_url":"https:\/\/bolting.eu\/en\/shop\/edelrid-skimmer-7-1-mm\/","og_site_name":"bolting.eu","article_publisher":"https:\/\/www.facebook.com\/bolting.eu","article_modified_time":"2025-09-17T13:15:21+00:00","og_image":[{"width":700,"height":700,"url":"https:\/\/bolting.eu\/wp-content\/uploads\/2021\/11\/Edelrid-Skimmer-7.1mm-night.jpg","type":"image\/jpeg"}],"twitter_card":"summary_large_image","twitter_misc":{"Availability":"In stock"},"schema":{"@context":"https:\/\/schema.org","@graph":[{"@type":["WebPage","ItemPage"],"@id":"https:\/\/bolting.eu\/en\/shop\/edelrid-skimmer-7-1-mm\/","url":"https:\/\/bolting.eu\/en\/shop\/edelrid-skimmer-7-1-mm\/","name":"Edelrid Skimmer 7.1mm - leichtestes Halbseil der Welt | bolting.eu","isPartOf":{"@id":"https:\/\/bolting.eu\/en\/#website"},"primaryImageOfPage":{"@id":"https:\/\/bolting.eu\/en\/shop\/edelrid-skimmer-7-1-mm\/#primaryimage"},"image":{"@id":"https:\/\/bolting.eu\/en\/shop\/edelrid-skimmer-7-1-mm\/#primaryimage"},"thumbnailUrl":"https:\/\/bolting.eu\/wp-content\/uploads\/2021\/11\/Edelrid-Skimmer-7.1mm-night.jpg","datePublished":"2021-11-12T11:23:45+00:00","dateModified":"2025-09-17T13:15:21+00:00","description":"Hier findest Du das EDELRID SKIMMER 7.1mm, das leichteste Halbseil der Welt. Ein absolutes Spitzenprodukt f\u00fcr Alpin Profis!","breadcrumb":{"@id":"https:\/\/bolting.eu\/en\/shop\/edelrid-skimmer-7-1-mm\/#breadcrumb"},"inLanguage":"en-US","potentialAction":[{"@type":"ReadAction","target":["https:\/\/bolting.eu\/en\/shop\/edelrid-skimmer-7-1-mm\/"]}]},{"@type":"ImageObject","inLanguage":"en-US","@id":"https:\/\/bolting.eu\/en\/shop\/edelrid-skimmer-7-1-mm\/#primaryimage","url":"https:\/\/bolting.eu\/wp-content\/uploads\/2021\/11\/Edelrid-Skimmer-7.1mm-night.jpg","contentUrl":"https:\/\/bolting.eu\/wp-content\/uploads\/2021\/11\/Edelrid-Skimmer-7.1mm-night.jpg","width":700,"height":700,"caption":"Das Bild zeigt das Edelrid Skimmer 7.1mm in der originalverpackung auf einem wei\u00dfem Quadrat."},{"@type":"BreadcrumbList","@id":"https:\/\/bolting.eu\/en\/shop\/edelrid-skimmer-7-1-mm\/#breadcrumb","itemListElement":[{"@type":"ListItem","position":1,"name":"Shop","item":"https:\/\/bolting.eu\/en\/shop\/"},{"@type":"ListItem","position":2,"name":"climbing equipment","item":"https:\/\/bolting.eu\/en\/produkt-kategorie\/climbing-equipment\/"},{"@type":"ListItem","position":3,"name":"Kletterseil","item":"https:\/\/bolting.eu\/produkt-kategorie\/kletterausruestung\/kletterseil\/"},{"@type":"ListItem","position":4,"name":"Edelrid Skimmer 7.1mm"}]},{"@type":"WebSite","@id":"https:\/\/bolting.eu\/en\/#website","url":"https:\/\/bolting.eu\/en\/","name":"bolting.eu","description":"we make climbs happen","publisher":{"@id":"https:\/\/bolting.eu\/en\/#organization"},"potentialAction":[{"@type":"SearchAction","target":{"@type":"EntryPoint","urlTemplate":"https:\/\/bolting.eu\/en\/?s={search_term_string}"},"query-input":{"@type":"PropertyValueSpecification","valueRequired":true,"valueName":"search_term_string"}}],"inLanguage":"en-US"},{"@type":["Organization","Place","SportingGoodsStore"],"@id":"https:\/\/bolting.eu\/en\/#organization","name":"bolting.eu","url":"https:\/\/bolting.eu\/en\/","logo":{"@id":"https:\/\/bolting.eu\/en\/shop\/edelrid-skimmer-7-1-mm\/#local-main-organization-logo"},"image":{"@id":"https:\/\/bolting.eu\/en\/shop\/edelrid-skimmer-7-1-mm\/#local-main-organization-logo"},"sameAs":["https:\/\/www.facebook.com\/bolting.eu","https:\/\/www.instagram.com\/bolting.eu\/"],"address":{"@id":"https:\/\/bolting.eu\/en\/shop\/edelrid-skimmer-7-1-mm\/#local-main-place-address"},"geo":{"@type":"GeoCoordinates","latitude":"47.264176340396226","longitude":"11.380109057672346"},"telephone":["+43 699 19083372"],"openingHoursSpecification":[{"@type":"OpeningHoursSpecification","dayOfWeek":["Monday","Wednesday","Friday"],"opens":"14:00","closes":"18:00"},{"@type":"OpeningHoursSpecification","dayOfWeek":["Tuesday","Thursday","Saturday","Sunday"],"opens":"00:00","closes":"00:00"}],"email":"office@bolting.eu","vatID":"ATU59999728","priceRange":"$$","currenciesAccepted":"Euro"},{"@type":"PostalAddress","@id":"https:\/\/bolting.eu\/en\/shop\/edelrid-skimmer-7-1-mm\/#local-main-place-address","streetAddress":"Fischnalerstra\u00dfe 4","addressLocality":"Innsbruck","postalCode":"6020","addressRegion":"Tirol","addressCountry":"AT"},{"@type":"ImageObject","inLanguage":"en-US","@id":"https:\/\/bolting.eu\/en\/shop\/edelrid-skimmer-7-1-mm\/#local-main-organization-logo","url":"https:\/\/bolting.eu\/wp-content\/uploads\/2019\/09\/bolting-logo.png","contentUrl":"https:\/\/bolting.eu\/wp-content\/uploads\/2019\/09\/bolting-logo.png","width":400,"height":211,"caption":"bolting.eu"}]},"og_video":"https:\/\/www.youtube.com\/embed\/JLsKNoPOF-E","og_video_type":"text\/html","og_video_duration":"246","og_video_width":"480","og_video_height":"270","ya_ovs_adult":"false","ya_ovs_upload_date":"2021-11-12T11:23:45+00:00","ya_ovs_allow_embed":"true","og_availability":"instock","product_availability":"instock","product_condition":"new","geo.placename":"Innsbruck","geo.position":{"lat":"47.264176340396226","long":"11.380109057672346"},"geo.region":"Austria"},"_links":{"self":[{"href":"https:\/\/bolting.eu\/en\/wp-json\/wp\/v2\/product\/10545","targetHints":{"allow":["GET"]}}],"collection":[{"href":"https:\/\/bolting.eu\/en\/wp-json\/wp\/v2\/product"}],"about":[{"href":"https:\/\/bolting.eu\/en\/wp-json\/wp\/v2\/types\/product"}],"replies":[{"embeddable":true,"href":"https:\/\/bolting.eu\/en\/wp-json\/wp\/v2\/comments?post=10545"}],"wp:featuredmedia":[{"embeddable":true,"href":"https:\/\/bolting.eu\/en\/wp-json\/wp\/v2\/media\/10561"}],"wp:attachment":[{"href":"https:\/\/bolting.eu\/en\/wp-json\/wp\/v2\/media?parent=10545"}],"wp:term":[{"taxonomy":"product_brand","embeddable":true,"href":"https:\/\/bolting.eu\/en\/wp-json\/wp\/v2\/product_brand?post=10545"},{"taxonomy":"product_cat","embeddable":true,"href":"https:\/\/bolting.eu\/en\/wp-json\/wp\/v2\/product_cat?post=10545"},{"taxonomy":"product_tag","embeddable":true,"href":"https:\/\/bolting.eu\/en\/wp-json\/wp\/v2\/product_tag?post=10545"}],"curies":[{"name":"wp","href":"https:\/\/api.w.org\/{rel}","templated":true}]}}