{"id":10539,"date":"2021-11-11T16:31:15","date_gmt":"2021-11-11T15:31:15","guid":{"rendered":"https:\/\/bolting.eu\/?post_type=product&#038;p=10539"},"modified":"2023-12-15T16:41:49","modified_gmt":"2023-12-15T15:41:49","slug":"beal-legend","status":"publish","type":"product","link":"https:\/\/bolting.eu\/en\/shop\/beal-legend\/","title":{"rendered":"Beal Legend"},"content":{"rendered":"<p>Das Beal Legend ist ein preisg\u00fcnstiges 60m Halbseil. Es ist hat einen Durchmesser von 8,3mm und somit ein eher &#8220;dickeres&#8221; Halbseil. Der g\u00fcnstige Preis ist m\u00f6glich, weil es keine Impr\u00e4gnierung aufweist.<\/p>\n<p>Folglich hat dieses Seil seine St\u00e4rken beim alpinen Felsklettern. Hier sorgt die kompakte Bauweise f\u00fcr ein angenehmes Handling. Zudem passt der Durchmesser ideal zu den manuellen Sicherungsger\u00e4ten wie das <a href=\"https:\/\/bolting.eu\/shop\/petzl-reverso\/\">Petzl Reverso<\/a>, <a href=\"https:\/\/bolting.eu\/shop\/dmm-pivot-sicherungsgeraet\/\">DMM Pivot<\/a> oder den <a href=\"https:\/\/bolting.eu\/shop\/black-diamond-atc-alpine-guide\/\">Black Diamond ATC Alpine Guide<\/a>.<\/p>\n<p>F\u00fcr hochalpine Touren oder das Eisklettern ist wegen der Wasseraufnahme eher nicht geeignet.<\/p>\n<p>Wer aber zwei g\u00fcnstige Halbseilstr\u00e4nge f\u00fcr den Fels sucht, der ist hier richtig!<\/p>\n<h2>Eigenschaften Beal Legend<\/h2>\n<ul>\n<li>Hersteller: <a href=\"https:\/\/bolting.eu\/produkt-kategorie\/beal\/\">Beal<\/a><\/li>\n<li>Type: Halbseil<\/li>\n<li>Lieferumfang <strong>2 x 60m Str\u00e4nge<\/strong><\/li>\n<li>Durchmesser: 8,3mm<\/li>\n<li>Material: Polyamid<\/li>\n<li>Gewicht \/ Meter: 47 Gramm<\/li>\n<li>Farbe: gr\u00fcn und pink<\/li>\n<li>L\u00e4nge: 60m<\/li>\n<li>EN Norm 892<\/li>\n<li>Behandlung: <strong>keine<\/strong><\/li>\n<li>Mittlere Markierung: yes<\/li>\n<li>Normst\u00fcrze: 13<\/li>\n<li>Mantelanteil: 39%<\/li>\n<li>dyn. Dehnung: 36%<\/li>\n<li>Fangsto\u00df: 5,6kN<\/li>\n<li>Mantelverschiebung: 0,0mm<\/li>\n<li><a href=\"https:\/\/sport.beal-planet.com\/en\/index.php?controller=attachment&amp;id_attachment=6930\" target=\"_blank\" rel=\"noopener\">Bedienungsanleitung<\/a><\/li>\n<\/ul>\n<h3>F\u00fcr wen ist dieses Seil gedacht?<\/h3>\n<p>Das Beal Legend ist ein Einsteiger Halbseil. D.h. ein g\u00fcnstiges Modell f\u00fcr den Einsatz haupts\u00e4chlich am Fels. Da dieses Seil keine Impr\u00e4gnierung hat, ist es f\u00fcr Eins\u00e4tze in Schnee und Eis weniger geeignet.<\/p>\n<p>Wer mit einem etwas dickeren Durchmesser = etwas mehr Gewicht leben kann, findet hier eine super preisg\u00fcnstige Alternative.<\/p>\n<h3>8,3mm Durchmesser<\/h3>\n<p>Das Beal Gully hat den Vorteil f\u00fcr Anf\u00e4nger, dass sein Durchmesser gr\u00f6\u00dfer ist als bei den Spitzenmodellen. Somit erleichtert sich das Handling deutlich.<\/p>\n<ul>\n<li>besser mit den Fingern \/ Bremshand zu umschlie\u00dfen<\/li>\n<li>mehr Reibung bei manuellen Sicherungsger\u00e4ten<\/li>\n<li>kontrollierteres Ablassen \/ Abseilen<\/li>\n<li>mehr Sicherheit durch gr\u00f6\u00dferen Seildurchmesser<\/li>\n<\/ul>\n<h3>Beal Legend &#8211; Pflegehinweis<\/h3>\n<p>Wie f\u00fcr alle nicht impr\u00e4gnierten Seile gilt auch hier. Das regelm\u00e4\u00dfige Waschen mit einem <a href=\"https:\/\/bolting.eu\/shop\/beal-seilwaschmittel-rope-cleaner\/\">Seilwaschmittel<\/a> kann die Lebensdauer deutlich erh\u00f6hen.<\/p>\n<p>Denn beim Waschen werden die feinen Staubpartikel aus dem Mantel gewaschen und das sch\u00f6nt das Seil. Dar\u00fcber hinaus werden graue H\u00e4nde vermieden, welche von den Mini-Alu Partikeln im Mantel kommen.<\/p>\n","protected":false},"excerpt":{"rendered":"<p>Das Beal Legend ist ein preisg\u00fcnstiges 60m Halbseil. Das 8,3mm Halbseil ist ein sehr gutes Einsteiger Modell und hat seine St\u00e4rken beim Felsklettern.<\/p>\n<p>Der Durchmesser garantiert gutes Handling f\u00fcr Einsteiger ins Alpinklettern mit allen Sicherungsger\u00e4ten.<\/p>\n","protected":false},"featured_media":10540,"comment_status":"open","ping_status":"closed","template":"","meta":[],"product_brand":[],"product_cat":[6727,29,4663],"product_tag":[],"class_list":{"0":"post-10539","1":"product","2":"type-product","3":"status-publish","4":"has-post-thumbnail","6":"product_cat-kletterseil","7":"product_cat-kletterausruestung","8":"product_cat-beal","10":"first","11":"instock","12":"sale","13":"taxable","14":"shipping-taxable","15":"purchasable","16":"product-type-simple"},"yoast_head":"<!-- This site is optimized with the Yoast SEO Premium plugin v26.9 (Yoast SEO v26.9) - https:\/\/yoast.com\/product\/yoast-seo-premium-wordpress\/ -->\n<title>Beal Legend 8,3mm Halbseil - g\u00fcnstig online kaufen | bolting.eu<\/title>\n<meta name=\"description\" content=\"Hier findest Du das BEAL LEGEND 8,3mm Halbseil. Ein 60m Einsteiger Modell zu einem fairen preis mit klaren St\u00e4rken beim Felsklettern!\" \/>\n<meta name=\"robots\" content=\"index, follow, max-snippet:-1, max-image-preview:large, max-video-preview:-1\" \/>\n<link rel=\"canonical\" href=\"https:\/\/bolting.eu\/en\/shop\/beal-legend\/\" \/>\n<meta property=\"og:locale\" content=\"en_US\" \/>\n<meta property=\"og:type\" content=\"article\" \/>\n<meta property=\"og:title\" content=\"Beal Legend\" \/>\n<meta property=\"og:description\" content=\"Hier findest Du das BEAL LEGEND 8,3mm Halbseil. Ein 60m Einsteiger Modell zu einem fairen preis mit klaren St\u00e4rken beim Felsklettern!\" \/>\n<meta property=\"og:url\" content=\"https:\/\/bolting.eu\/en\/shop\/beal-legend\/\" \/>\n<meta property=\"og:site_name\" content=\"bolting.eu\" \/>\n<meta property=\"article:publisher\" content=\"https:\/\/www.facebook.com\/bolting.eu\" \/>\n<meta property=\"article:modified_time\" content=\"2023-12-15T15:41:49+00:00\" \/>\n<meta property=\"og:image\" content=\"https:\/\/bolting.eu\/wp-content\/uploads\/2021\/11\/Beal-Legend-60m-1.jpg\" \/>\n\t<meta property=\"og:image:width\" content=\"700\" \/>\n\t<meta property=\"og:image:height\" content=\"700\" \/>\n\t<meta property=\"og:image:type\" content=\"image\/jpeg\" \/>\n<meta name=\"twitter:card\" content=\"summary_large_image\" \/>\n<meta name=\"twitter:label1\" content=\"Price\" \/>\n\t<meta name=\"twitter:data1\" content=\"&euro;&nbsp;264,90\" \/>\n\t<meta name=\"twitter:label2\" content=\"Availability\" \/>\n\t<meta name=\"twitter:data2\" content=\"In stock\" \/>\n<script type=\"application\/ld+json\" class=\"yoast-schema-graph\">{\"@context\":\"https:\/\/schema.org\",\"@graph\":[{\"@type\":[\"WebPage\",\"ItemPage\"],\"@id\":\"https:\/\/bolting.eu\/en\/shop\/beal-legend\/\",\"url\":\"https:\/\/bolting.eu\/en\/shop\/beal-legend\/\",\"name\":\"Beal Legend 8,3mm Halbseil - g\u00fcnstig online kaufen | bolting.eu\",\"isPartOf\":{\"@id\":\"https:\/\/bolting.eu\/en\/#website\"},\"primaryImageOfPage\":{\"@id\":\"https:\/\/bolting.eu\/en\/shop\/beal-legend\/#primaryimage\"},\"image\":{\"@id\":\"https:\/\/bolting.eu\/en\/shop\/beal-legend\/#primaryimage\"},\"thumbnailUrl\":\"https:\/\/bolting.eu\/wp-content\/uploads\/2021\/11\/Beal-Legend-60m-1.jpg\",\"datePublished\":\"2021-11-11T15:31:15+00:00\",\"dateModified\":\"2023-12-15T15:41:49+00:00\",\"description\":\"Hier findest Du das BEAL LEGEND 8,3mm Halbseil. Ein 60m Einsteiger Modell zu einem fairen preis mit klaren St\u00e4rken beim Felsklettern!\",\"breadcrumb\":{\"@id\":\"https:\/\/bolting.eu\/en\/shop\/beal-legend\/#breadcrumb\"},\"inLanguage\":\"en-US\",\"potentialAction\":[{\"@type\":\"ReadAction\",\"target\":[\"https:\/\/bolting.eu\/en\/shop\/beal-legend\/\"]}]},{\"@type\":\"ImageObject\",\"inLanguage\":\"en-US\",\"@id\":\"https:\/\/bolting.eu\/en\/shop\/beal-legend\/#primaryimage\",\"url\":\"https:\/\/bolting.eu\/wp-content\/uploads\/2021\/11\/Beal-Legend-60m-1.jpg\",\"contentUrl\":\"https:\/\/bolting.eu\/wp-content\/uploads\/2021\/11\/Beal-Legend-60m-1.jpg\",\"width\":700,\"height\":700,\"caption\":\"Das Bild zeigt zwei Beal Legend HAlbseil Str\u00e4nge nebeneinander in der Originalverpackung mit Logo und diversen Aufschriften.\"},{\"@type\":\"BreadcrumbList\",\"@id\":\"https:\/\/bolting.eu\/en\/shop\/beal-legend\/#breadcrumb\",\"itemListElement\":[{\"@type\":\"ListItem\",\"position\":1,\"name\":\"Shop\",\"item\":\"https:\/\/bolting.eu\/en\/shop\/\"},{\"@type\":\"ListItem\",\"position\":2,\"name\":\"climbing equipment\",\"item\":\"https:\/\/bolting.eu\/en\/produkt-kategorie\/climbing-equipment\/\"},{\"@type\":\"ListItem\",\"position\":3,\"name\":\"Kletterseil\",\"item\":\"https:\/\/bolting.eu\/produkt-kategorie\/kletterausruestung\/kletterseil\/\"},{\"@type\":\"ListItem\",\"position\":4,\"name\":\"Beal Legend\"}]},{\"@type\":\"WebSite\",\"@id\":\"https:\/\/bolting.eu\/en\/#website\",\"url\":\"https:\/\/bolting.eu\/en\/\",\"name\":\"bolting.eu\",\"description\":\"we make climbs happen\",\"publisher\":{\"@id\":\"https:\/\/bolting.eu\/en\/#organization\"},\"potentialAction\":[{\"@type\":\"SearchAction\",\"target\":{\"@type\":\"EntryPoint\",\"urlTemplate\":\"https:\/\/bolting.eu\/en\/?s={search_term_string}\"},\"query-input\":{\"@type\":\"PropertyValueSpecification\",\"valueRequired\":true,\"valueName\":\"search_term_string\"}}],\"inLanguage\":\"en-US\"},{\"@type\":[\"Organization\",\"Place\",\"SportingGoodsStore\"],\"@id\":\"https:\/\/bolting.eu\/en\/#organization\",\"name\":\"bolting.eu\",\"url\":\"https:\/\/bolting.eu\/en\/\",\"logo\":{\"@id\":\"https:\/\/bolting.eu\/en\/shop\/beal-legend\/#local-main-organization-logo\"},\"image\":{\"@id\":\"https:\/\/bolting.eu\/en\/shop\/beal-legend\/#local-main-organization-logo\"},\"sameAs\":[\"https:\/\/www.facebook.com\/bolting.eu\",\"https:\/\/www.instagram.com\/bolting.eu\/\"],\"address\":{\"@id\":\"https:\/\/bolting.eu\/en\/shop\/beal-legend\/#local-main-place-address\"},\"geo\":{\"@type\":\"GeoCoordinates\",\"latitude\":\"47.264176340396226\",\"longitude\":\"11.380109057672346\"},\"telephone\":[\"+43 699 19083372\"],\"openingHoursSpecification\":[{\"@type\":\"OpeningHoursSpecification\",\"dayOfWeek\":[\"Monday\",\"Wednesday\",\"Friday\"],\"opens\":\"14:00\",\"closes\":\"18:00\"},{\"@type\":\"OpeningHoursSpecification\",\"dayOfWeek\":[\"Tuesday\",\"Thursday\",\"Saturday\",\"Sunday\"],\"opens\":\"00:00\",\"closes\":\"00:00\"}],\"email\":\"office@bolting.eu\",\"vatID\":\"ATU59999728\",\"priceRange\":\"$$\",\"currenciesAccepted\":\"Euro\"},{\"@type\":\"PostalAddress\",\"@id\":\"https:\/\/bolting.eu\/en\/shop\/beal-legend\/#local-main-place-address\",\"streetAddress\":\"Fischnalerstra\u00dfe 4\",\"addressLocality\":\"Innsbruck\",\"postalCode\":\"6020\",\"addressRegion\":\"Tirol\",\"addressCountry\":\"AT\"},{\"@type\":\"ImageObject\",\"inLanguage\":\"en-US\",\"@id\":\"https:\/\/bolting.eu\/en\/shop\/beal-legend\/#local-main-organization-logo\",\"url\":\"https:\/\/bolting.eu\/wp-content\/uploads\/2019\/09\/bolting-logo.png\",\"contentUrl\":\"https:\/\/bolting.eu\/wp-content\/uploads\/2019\/09\/bolting-logo.png\",\"width\":400,\"height\":211,\"caption\":\"bolting.eu\"}]}<\/script>\n<meta property=\"product:price:amount\" content=\"264.90\" \/>\n<meta property=\"product:price:currency\" content=\"EUR\" \/>\n<meta property=\"og:availability\" content=\"instock\" \/>\n<meta property=\"product:availability\" content=\"instock\" \/>\n<meta property=\"product:retailer_item_id\" content=\"BC083L.602.GP\" \/>\n<meta property=\"product:condition\" content=\"new\" \/>\n<meta name=\"geo.placename\" content=\"Innsbruck\" \/>\n<meta name=\"geo.position\" content=\"47.264176340396226;11.380109057672346\" \/>\n<meta name=\"geo.region\" content=\"Austria\" \/>\n<!-- \/ Yoast SEO Premium plugin. -->","yoast_head_json":{"title":"Beal Legend 8,3mm Halbseil - g\u00fcnstig online kaufen | bolting.eu","description":"Hier findest Du das BEAL LEGEND 8,3mm Halbseil. Ein 60m Einsteiger Modell zu einem fairen preis mit klaren St\u00e4rken beim Felsklettern!","robots":{"index":"index","follow":"follow","max-snippet":"max-snippet:-1","max-image-preview":"max-image-preview:large","max-video-preview":"max-video-preview:-1"},"canonical":"https:\/\/bolting.eu\/en\/shop\/beal-legend\/","og_locale":"en_US","og_type":"article","og_title":"Beal Legend","og_description":"Hier findest Du das BEAL LEGEND 8,3mm Halbseil. Ein 60m Einsteiger Modell zu einem fairen preis mit klaren St\u00e4rken beim Felsklettern!","og_url":"https:\/\/bolting.eu\/en\/shop\/beal-legend\/","og_site_name":"bolting.eu","article_publisher":"https:\/\/www.facebook.com\/bolting.eu","article_modified_time":"2023-12-15T15:41:49+00:00","og_image":[{"width":700,"height":700,"url":"https:\/\/bolting.eu\/wp-content\/uploads\/2021\/11\/Beal-Legend-60m-1.jpg","type":"image\/jpeg"}],"twitter_card":"summary_large_image","twitter_misc":{"Price":"&euro;&nbsp;264,90","Availability":"In stock"},"schema":{"@context":"https:\/\/schema.org","@graph":[{"@type":["WebPage","ItemPage"],"@id":"https:\/\/bolting.eu\/en\/shop\/beal-legend\/","url":"https:\/\/bolting.eu\/en\/shop\/beal-legend\/","name":"Beal Legend 8,3mm Halbseil - g\u00fcnstig online kaufen | bolting.eu","isPartOf":{"@id":"https:\/\/bolting.eu\/en\/#website"},"primaryImageOfPage":{"@id":"https:\/\/bolting.eu\/en\/shop\/beal-legend\/#primaryimage"},"image":{"@id":"https:\/\/bolting.eu\/en\/shop\/beal-legend\/#primaryimage"},"thumbnailUrl":"https:\/\/bolting.eu\/wp-content\/uploads\/2021\/11\/Beal-Legend-60m-1.jpg","datePublished":"2021-11-11T15:31:15+00:00","dateModified":"2023-12-15T15:41:49+00:00","description":"Hier findest Du das BEAL LEGEND 8,3mm Halbseil. Ein 60m Einsteiger Modell zu einem fairen preis mit klaren St\u00e4rken beim Felsklettern!","breadcrumb":{"@id":"https:\/\/bolting.eu\/en\/shop\/beal-legend\/#breadcrumb"},"inLanguage":"en-US","potentialAction":[{"@type":"ReadAction","target":["https:\/\/bolting.eu\/en\/shop\/beal-legend\/"]}]},{"@type":"ImageObject","inLanguage":"en-US","@id":"https:\/\/bolting.eu\/en\/shop\/beal-legend\/#primaryimage","url":"https:\/\/bolting.eu\/wp-content\/uploads\/2021\/11\/Beal-Legend-60m-1.jpg","contentUrl":"https:\/\/bolting.eu\/wp-content\/uploads\/2021\/11\/Beal-Legend-60m-1.jpg","width":700,"height":700,"caption":"Das Bild zeigt zwei Beal Legend HAlbseil Str\u00e4nge nebeneinander in der Originalverpackung mit Logo und diversen Aufschriften."},{"@type":"BreadcrumbList","@id":"https:\/\/bolting.eu\/en\/shop\/beal-legend\/#breadcrumb","itemListElement":[{"@type":"ListItem","position":1,"name":"Shop","item":"https:\/\/bolting.eu\/en\/shop\/"},{"@type":"ListItem","position":2,"name":"climbing equipment","item":"https:\/\/bolting.eu\/en\/produkt-kategorie\/climbing-equipment\/"},{"@type":"ListItem","position":3,"name":"Kletterseil","item":"https:\/\/bolting.eu\/produkt-kategorie\/kletterausruestung\/kletterseil\/"},{"@type":"ListItem","position":4,"name":"Beal Legend"}]},{"@type":"WebSite","@id":"https:\/\/bolting.eu\/en\/#website","url":"https:\/\/bolting.eu\/en\/","name":"bolting.eu","description":"we make climbs happen","publisher":{"@id":"https:\/\/bolting.eu\/en\/#organization"},"potentialAction":[{"@type":"SearchAction","target":{"@type":"EntryPoint","urlTemplate":"https:\/\/bolting.eu\/en\/?s={search_term_string}"},"query-input":{"@type":"PropertyValueSpecification","valueRequired":true,"valueName":"search_term_string"}}],"inLanguage":"en-US"},{"@type":["Organization","Place","SportingGoodsStore"],"@id":"https:\/\/bolting.eu\/en\/#organization","name":"bolting.eu","url":"https:\/\/bolting.eu\/en\/","logo":{"@id":"https:\/\/bolting.eu\/en\/shop\/beal-legend\/#local-main-organization-logo"},"image":{"@id":"https:\/\/bolting.eu\/en\/shop\/beal-legend\/#local-main-organization-logo"},"sameAs":["https:\/\/www.facebook.com\/bolting.eu","https:\/\/www.instagram.com\/bolting.eu\/"],"address":{"@id":"https:\/\/bolting.eu\/en\/shop\/beal-legend\/#local-main-place-address"},"geo":{"@type":"GeoCoordinates","latitude":"47.264176340396226","longitude":"11.380109057672346"},"telephone":["+43 699 19083372"],"openingHoursSpecification":[{"@type":"OpeningHoursSpecification","dayOfWeek":["Monday","Wednesday","Friday"],"opens":"14:00","closes":"18:00"},{"@type":"OpeningHoursSpecification","dayOfWeek":["Tuesday","Thursday","Saturday","Sunday"],"opens":"00:00","closes":"00:00"}],"email":"office@bolting.eu","vatID":"ATU59999728","priceRange":"$$","currenciesAccepted":"Euro"},{"@type":"PostalAddress","@id":"https:\/\/bolting.eu\/en\/shop\/beal-legend\/#local-main-place-address","streetAddress":"Fischnalerstra\u00dfe 4","addressLocality":"Innsbruck","postalCode":"6020","addressRegion":"Tirol","addressCountry":"AT"},{"@type":"ImageObject","inLanguage":"en-US","@id":"https:\/\/bolting.eu\/en\/shop\/beal-legend\/#local-main-organization-logo","url":"https:\/\/bolting.eu\/wp-content\/uploads\/2019\/09\/bolting-logo.png","contentUrl":"https:\/\/bolting.eu\/wp-content\/uploads\/2019\/09\/bolting-logo.png","width":400,"height":211,"caption":"bolting.eu"}]},"product_price_amount":"264.90","product_price_currency":"EUR","og_availability":"instock","product_availability":"instock","product_retailer_item_id":"BC083L.602.GP","product_condition":"new","geo.placename":"Innsbruck","geo.position":{"lat":"47.264176340396226","long":"11.380109057672346"},"geo.region":"Austria"},"_links":{"self":[{"href":"https:\/\/bolting.eu\/en\/wp-json\/wp\/v2\/product\/10539","targetHints":{"allow":["GET"]}}],"collection":[{"href":"https:\/\/bolting.eu\/en\/wp-json\/wp\/v2\/product"}],"about":[{"href":"https:\/\/bolting.eu\/en\/wp-json\/wp\/v2\/types\/product"}],"replies":[{"embeddable":true,"href":"https:\/\/bolting.eu\/en\/wp-json\/wp\/v2\/comments?post=10539"}],"wp:featuredmedia":[{"embeddable":true,"href":"https:\/\/bolting.eu\/en\/wp-json\/wp\/v2\/media\/10540"}],"wp:attachment":[{"href":"https:\/\/bolting.eu\/en\/wp-json\/wp\/v2\/media?parent=10539"}],"wp:term":[{"taxonomy":"product_brand","embeddable":true,"href":"https:\/\/bolting.eu\/en\/wp-json\/wp\/v2\/product_brand?post=10539"},{"taxonomy":"product_cat","embeddable":true,"href":"https:\/\/bolting.eu\/en\/wp-json\/wp\/v2\/product_cat?post=10539"},{"taxonomy":"product_tag","embeddable":true,"href":"https:\/\/bolting.eu\/en\/wp-json\/wp\/v2\/product_tag?post=10539"}],"curies":[{"name":"wp","href":"https:\/\/api.w.org\/{rel}","templated":true}]}}