{"id":10535,"date":"2021-11-11T15:28:23","date_gmt":"2021-11-11T14:28:23","guid":{"rendered":"https:\/\/bolting.eu\/?post_type=product&#038;p=10535"},"modified":"2025-02-20T10:25:22","modified_gmt":"2025-02-20T09:25:22","slug":"beal-iceline-golden-dry","status":"publish","type":"product","link":"https:\/\/bolting.eu\/en\/shop\/beal-iceline-golden-dry\/","title":{"rendered":"Beal Iceline Golden Dry"},"content":{"rendered":"<p>Die Beal Iceline Golden Dry sind DIE 60m Halbseile f\u00fcr\u00b4s alpine Gel\u00e4nde. Egal ob lange Felswand, Eisklettern oder Mixed Gel\u00e4nde. Mit diesem <a href=\"https:\/\/bolting.eu\/produkt-kategorie\/kletterausruestung\/kletterseil\/\">Kletterseil<\/a> seid ihr perfekt ausgestattet.<\/p>\n<p>Denn dieses Modell hat alles, was sich Alpinisten von einem hochwertigen Halbseil erwarten.<\/p>\n<p>Erstens ist es d\u00fcnn und leicht. Somit bietet dieses Produkt gegen\u00fcber dickeren Seilen deutliche Gewichtsvorteile. Zudem ist es wesentlich geschmeidiger. Zweitens besitzt das Beal Iceline Golden Dry eine hochwertige Impr\u00e4gnierung. Folglich kann sich dieses Seil nicht mit Wasser vollsaugen und bleibt leicht aber vor allem gut handlebar.<\/p>\n<p>Und drittens sorgt ein geringer Fangsto\u00df f\u00fcr mehr Sicherheit. Apropos. Das angewendete UNICORE Produktionsverfahren erh\u00f6ht diese abschlie\u00dfend nochmals zus\u00e4tzlich!<\/p>\n<h2>Eigenschaften Beal Iceline Golden Dry<\/h2>\n<ul>\n<li>Hersteller: <a href=\"https:\/\/bolting.eu\/produkt-kategorie\/beal\/\">Beal<\/a><\/li>\n<li>Type: Halbseil<\/li>\n<li>L\u00e4ngen: 50m oder 60m<\/li>\n<li>Farben: gelb oder pink<\/li>\n<li>Durchmesser: 7,9mm<\/li>\n<li>Material: Polyamid<\/li>\n<li>Gewicht \/ Meter: 39 Gramm<\/li>\n<li>EN Norm 892<\/li>\n<li>Behandlung: <strong>Golden Dry &#8211; komplett durch impr\u00e4gniert<\/strong><\/li>\n<li><strong>Technologie: Unicore (Mantel+Kern = 1 Einheit)<\/strong><\/li>\n<li>Mittlere Markierung: yes<\/li>\n<li>Normst\u00fcrze: 6<\/li>\n<li>Mantelanteil: 41%<\/li>\n<li>dyn. Dehnung: 37%<\/li>\n<li>Fangsto\u00df: 5kN<\/li>\n<li>Mantelverschiebung: 0,0mm<\/li>\n<li><a href=\"https:\/\/sport.beal-planet.com\/en\/index.php?controller=attachment&amp;id_attachment=6930\" target=\"_blank\" rel=\"noopener\">Bedienungsanleitung<\/a><\/li>\n<\/ul>\n<h3>Geeignet f\u00fcr alle g\u00e4ngigen Sicherungsger\u00e4te<\/h3>\n<p>Egal ob ihr ein <a href=\"https:\/\/bolting.eu\/shop\/petzl-reverso\/\">Petzl Reverso<\/a>, ein <a href=\"https:\/\/bolting.eu\/shop\/dmm-pivot-sicherungsgeraet\/\">DMM Pivot<\/a> oder ein <a href=\"https:\/\/bolting.eu\/shop\/black-diamond-atc-alpine-guide\/\">Black Diamond ATC Alpine Guide<\/a> verwendet. Das Beal Iceline Golden Dry passt zu allen g\u00e4ngigen Ger\u00e4ten.<\/p>\n<p>M\u00f6glich macht das der angenehme 7,9mm Durchmesser. Denn dieser sorgt bei allen Modellen sowohl f\u00fcr ordentlichen Seildurchlauf als auch gen\u00fcgend Reibung. Folglich ist das Handling immer glatt und sicher!<\/p>\n<h3>UNICORE Technology<\/h3>\n<p>Diese Halbseile sind im UNICORE Verfahren hergestellt. D.h. hier wurden der Mantel und der Kern bewusst miteinander verwoben.<\/p>\n<p>Das bewirkt zum einen eine deutlich h\u00f6here Lebensdauer. Und zum anderen mehr Sicherheit. Denn der Mantel kann nicht mehr abrutschen, wenn er irgendwo anrei\u00dft.<\/p>\n<h3>Beal Iceline Golden Dry &#8211; Impr\u00e4gnierung<\/h3>\n<p>Diese chemische Behandlung verleiht diesem Halbseil exzellente wasserabweisende Eigenschaften. D.h. die Str\u00e4nge k\u00f6nnen sich nicht mit Wasser ansaugen, wenn es regnet oder es Schnee hat.<\/p>\n<p>Folglich blieben die Seile einerseits immer angenehm geschmeidig. Und zum anderen behalten sie ann\u00e4hernd das gleiche Gewicht bzw. k\u00f6nnen nicht frieren.<\/p>\n<h3>Lange Abseilstrecken garantiert<\/h3>\n<p>Mit der 60m L\u00e4nge hat man mit dem Beal Iceline Golden Dry alle Optionen im Abstieg bzw. beim Abseilen offen. Entweder nur eine kurze Abseilfahrt am Einzelstrang im blockigen Gel\u00e4nde. Oder eine lange 60m Abseilreise wenn es steil genug daf\u00fcr ist.<\/p>\n<p>In jedem Fall bietet die 60m Variante in der Regel deutlich mehr Chancen rasch und sicher wieder am Boden zu stehen, als die kurzen 50m Halbseile. \u00dcberdies sind z.B. in den Westalpen viele Abseilpisten standardm\u00e4\u00dfig auf 60 Meter ausgelegt!<\/p>\n","protected":false},"excerpt":{"rendered":"<p>Das Beal Iceline Golden DRY ist ein \u00e4u\u00dferst hochwertiges Halbseil f\u00fcr Alpinisten. Dank Durchmesser von 7,9mm und nur 39 Gramm pro Meter ideal f\u00fcr h\u00e4rteste Eins\u00e4tze.<\/p>\n<p>UNICORE Technology, geschmeidiges Handling und geringer Fangsto\u00df.<\/p>\n<p>Versandkostenfrei bis 2kg in\u00a0<img decoding=\"async\" class=\"emoji\" role=\"img\" draggable=\"false\" src=\"https:\/\/s.w.org\/images\/core\/emoji\/14.0.0\/svg\/1f1e6-1f1f9.svg\" alt=\"\ud83c\udde6\ud83c\uddf9\" \/>\u00a0ab \u20ac 100,- und\u00a0<img decoding=\"async\" class=\"emoji\" role=\"img\" draggable=\"false\" src=\"https:\/\/s.w.org\/images\/core\/emoji\/14.0.0\/svg\/1f1e9-1f1ea.svg\" alt=\"\ud83c\udde9\ud83c\uddea\" \/>\u00a0ab \u20ac 200,-!<\/p>\n","protected":false},"featured_media":10536,"comment_status":"open","ping_status":"closed","template":"","meta":[],"product_brand":[],"product_cat":[4663,6727,29],"product_tag":[],"class_list":{"0":"post-10535","1":"product","2":"type-product","3":"status-publish","4":"has-post-thumbnail","6":"product_cat-beal","7":"product_cat-kletterseil","8":"product_cat-kletterausruestung","10":"first","11":"instock","12":"sale","13":"taxable","14":"shipping-taxable","15":"purchasable","16":"product-type-variable"},"yoast_head":"<!-- This site is optimized with the Yoast SEO Premium plugin v26.9 (Yoast SEO v26.9) - https:\/\/yoast.com\/product\/yoast-seo-premium-wordpress\/ -->\n<title>Beal Iceline Golden Dry 7,9mm Halbseil f\u00fcr Alpinismus | bolting.eu<\/title>\n<meta name=\"description\" content=\"BEAL ICELINE GOLDEN DRY beim Kletterprofi kaufen \u2705 Trusted Shop \u2705 kostenloser Versand* \u2705 14 Tage R\u00fcckgaberecht \u2705 Co2 neutrale Zustellung\" \/>\n<meta name=\"robots\" content=\"index, follow, max-snippet:-1, max-image-preview:large, max-video-preview:-1\" \/>\n<link rel=\"canonical\" href=\"https:\/\/bolting.eu\/en\/shop\/beal-iceline-golden-dry\/\" \/>\n<meta property=\"og:locale\" content=\"en_US\" \/>\n<meta property=\"og:type\" content=\"article\" \/>\n<meta property=\"og:title\" content=\"Beal Iceline Golden Dry\" \/>\n<meta property=\"og:description\" content=\"BEAL ICELINE GOLDEN DRY beim Kletterprofi kaufen \u2705 Trusted Shop \u2705 kostenloser Versand* \u2705 14 Tage R\u00fcckgaberecht \u2705 Co2 neutrale Zustellung\" \/>\n<meta property=\"og:url\" content=\"https:\/\/bolting.eu\/en\/shop\/beal-iceline-golden-dry\/\" \/>\n<meta property=\"og:site_name\" content=\"bolting.eu\" \/>\n<meta property=\"article:publisher\" content=\"https:\/\/www.facebook.com\/bolting.eu\" \/>\n<meta property=\"article:modified_time\" content=\"2025-02-20T09:25:22+00:00\" \/>\n<meta property=\"og:image\" content=\"https:\/\/bolting.eu\/wp-content\/uploads\/2021\/11\/Beal-Iceline-Golden-Dry-60m-1.jpg\" \/>\n\t<meta property=\"og:image:width\" content=\"700\" \/>\n\t<meta property=\"og:image:height\" content=\"700\" \/>\n\t<meta property=\"og:image:type\" content=\"image\/jpeg\" \/>\n<meta name=\"twitter:card\" content=\"summary_large_image\" \/>\n<meta name=\"twitter:label1\" content=\"Availability\" \/>\n\t<meta name=\"twitter:data1\" content=\"In stock\" \/>\n<script type=\"application\/ld+json\" class=\"yoast-schema-graph\">{\"@context\":\"https:\/\/schema.org\",\"@graph\":[{\"@type\":[\"WebPage\",\"ItemPage\"],\"@id\":\"https:\/\/bolting.eu\/en\/shop\/beal-iceline-golden-dry\/\",\"url\":\"https:\/\/bolting.eu\/en\/shop\/beal-iceline-golden-dry\/\",\"name\":\"Beal Iceline Golden Dry 7,9mm Halbseil f\u00fcr Alpinismus | bolting.eu\",\"isPartOf\":{\"@id\":\"https:\/\/bolting.eu\/en\/#website\"},\"primaryImageOfPage\":{\"@id\":\"https:\/\/bolting.eu\/en\/shop\/beal-iceline-golden-dry\/#primaryimage\"},\"image\":{\"@id\":\"https:\/\/bolting.eu\/en\/shop\/beal-iceline-golden-dry\/#primaryimage\"},\"thumbnailUrl\":\"https:\/\/bolting.eu\/wp-content\/uploads\/2021\/11\/Beal-Iceline-Golden-Dry-60m-1.jpg\",\"datePublished\":\"2021-11-11T14:28:23+00:00\",\"dateModified\":\"2025-02-20T09:25:22+00:00\",\"description\":\"BEAL ICELINE GOLDEN DRY beim Kletterprofi kaufen \u2705 Trusted Shop \u2705 kostenloser Versand* \u2705 14 Tage R\u00fcckgaberecht \u2705 Co2 neutrale Zustellung\",\"breadcrumb\":{\"@id\":\"https:\/\/bolting.eu\/en\/shop\/beal-iceline-golden-dry\/#breadcrumb\"},\"inLanguage\":\"en-US\",\"potentialAction\":[{\"@type\":\"ReadAction\",\"target\":[\"https:\/\/bolting.eu\/en\/shop\/beal-iceline-golden-dry\/\"]}]},{\"@type\":\"ImageObject\",\"inLanguage\":\"en-US\",\"@id\":\"https:\/\/bolting.eu\/en\/shop\/beal-iceline-golden-dry\/#primaryimage\",\"url\":\"https:\/\/bolting.eu\/wp-content\/uploads\/2021\/11\/Beal-Iceline-Golden-Dry-60m-1.jpg\",\"contentUrl\":\"https:\/\/bolting.eu\/wp-content\/uploads\/2021\/11\/Beal-Iceline-Golden-Dry-60m-1.jpg\",\"width\":700,\"height\":700,\"caption\":\"Das Bild zeigt zwei Beal Iceline Golden Dry Str\u00e4nge in den Farben gelb und rosa nebeneinander. MAn erkennt die Originalverpackung und das Logo sowie Aufschriften.\"},{\"@type\":\"BreadcrumbList\",\"@id\":\"https:\/\/bolting.eu\/en\/shop\/beal-iceline-golden-dry\/#breadcrumb\",\"itemListElement\":[{\"@type\":\"ListItem\",\"position\":1,\"name\":\"Shop\",\"item\":\"https:\/\/bolting.eu\/en\/shop\/\"},{\"@type\":\"ListItem\",\"position\":2,\"name\":\"climbing equipment\",\"item\":\"https:\/\/bolting.eu\/en\/produkt-kategorie\/climbing-equipment\/\"},{\"@type\":\"ListItem\",\"position\":3,\"name\":\"Kletterseil\",\"item\":\"https:\/\/bolting.eu\/produkt-kategorie\/kletterausruestung\/kletterseil\/\"},{\"@type\":\"ListItem\",\"position\":4,\"name\":\"Beal Iceline Golden Dry\"}]},{\"@type\":\"WebSite\",\"@id\":\"https:\/\/bolting.eu\/en\/#website\",\"url\":\"https:\/\/bolting.eu\/en\/\",\"name\":\"bolting.eu\",\"description\":\"we make climbs happen\",\"publisher\":{\"@id\":\"https:\/\/bolting.eu\/en\/#organization\"},\"potentialAction\":[{\"@type\":\"SearchAction\",\"target\":{\"@type\":\"EntryPoint\",\"urlTemplate\":\"https:\/\/bolting.eu\/en\/?s={search_term_string}\"},\"query-input\":{\"@type\":\"PropertyValueSpecification\",\"valueRequired\":true,\"valueName\":\"search_term_string\"}}],\"inLanguage\":\"en-US\"},{\"@type\":[\"Organization\",\"Place\",\"SportingGoodsStore\"],\"@id\":\"https:\/\/bolting.eu\/en\/#organization\",\"name\":\"bolting.eu\",\"url\":\"https:\/\/bolting.eu\/en\/\",\"logo\":{\"@id\":\"https:\/\/bolting.eu\/en\/shop\/beal-iceline-golden-dry\/#local-main-organization-logo\"},\"image\":{\"@id\":\"https:\/\/bolting.eu\/en\/shop\/beal-iceline-golden-dry\/#local-main-organization-logo\"},\"sameAs\":[\"https:\/\/www.facebook.com\/bolting.eu\",\"https:\/\/www.instagram.com\/bolting.eu\/\"],\"address\":{\"@id\":\"https:\/\/bolting.eu\/en\/shop\/beal-iceline-golden-dry\/#local-main-place-address\"},\"geo\":{\"@type\":\"GeoCoordinates\",\"latitude\":\"47.264176340396226\",\"longitude\":\"11.380109057672346\"},\"telephone\":[\"+43 699 19083372\"],\"openingHoursSpecification\":[{\"@type\":\"OpeningHoursSpecification\",\"dayOfWeek\":[\"Monday\",\"Wednesday\",\"Friday\"],\"opens\":\"14:00\",\"closes\":\"18:00\"},{\"@type\":\"OpeningHoursSpecification\",\"dayOfWeek\":[\"Tuesday\",\"Thursday\",\"Saturday\",\"Sunday\"],\"opens\":\"00:00\",\"closes\":\"00:00\"}],\"email\":\"office@bolting.eu\",\"vatID\":\"ATU59999728\",\"priceRange\":\"$$\",\"currenciesAccepted\":\"Euro\"},{\"@type\":\"PostalAddress\",\"@id\":\"https:\/\/bolting.eu\/en\/shop\/beal-iceline-golden-dry\/#local-main-place-address\",\"streetAddress\":\"Fischnalerstra\u00dfe 4\",\"addressLocality\":\"Innsbruck\",\"postalCode\":\"6020\",\"addressRegion\":\"Tirol\",\"addressCountry\":\"AT\"},{\"@type\":\"ImageObject\",\"inLanguage\":\"en-US\",\"@id\":\"https:\/\/bolting.eu\/en\/shop\/beal-iceline-golden-dry\/#local-main-organization-logo\",\"url\":\"https:\/\/bolting.eu\/wp-content\/uploads\/2019\/09\/bolting-logo.png\",\"contentUrl\":\"https:\/\/bolting.eu\/wp-content\/uploads\/2019\/09\/bolting-logo.png\",\"width\":400,\"height\":211,\"caption\":\"bolting.eu\"}]}<\/script>\n<meta property=\"og:availability\" content=\"instock\" \/>\n<meta property=\"product:availability\" content=\"instock\" \/>\n<meta property=\"product:retailer_item_id\" content=\"BC081I.602GD.AO\" \/>\n<meta property=\"product:condition\" content=\"new\" \/>\n<meta name=\"geo.placename\" content=\"Innsbruck\" \/>\n<meta name=\"geo.position\" content=\"47.264176340396226;11.380109057672346\" \/>\n<meta name=\"geo.region\" content=\"Austria\" \/>\n<!-- \/ Yoast SEO Premium plugin. -->","yoast_head_json":{"title":"Beal Iceline Golden Dry 7,9mm Halbseil f\u00fcr Alpinismus | bolting.eu","description":"BEAL ICELINE GOLDEN DRY beim Kletterprofi kaufen \u2705 Trusted Shop \u2705 kostenloser Versand* \u2705 14 Tage R\u00fcckgaberecht \u2705 Co2 neutrale Zustellung","robots":{"index":"index","follow":"follow","max-snippet":"max-snippet:-1","max-image-preview":"max-image-preview:large","max-video-preview":"max-video-preview:-1"},"canonical":"https:\/\/bolting.eu\/en\/shop\/beal-iceline-golden-dry\/","og_locale":"en_US","og_type":"article","og_title":"Beal Iceline Golden Dry","og_description":"BEAL ICELINE GOLDEN DRY beim Kletterprofi kaufen \u2705 Trusted Shop \u2705 kostenloser Versand* \u2705 14 Tage R\u00fcckgaberecht \u2705 Co2 neutrale Zustellung","og_url":"https:\/\/bolting.eu\/en\/shop\/beal-iceline-golden-dry\/","og_site_name":"bolting.eu","article_publisher":"https:\/\/www.facebook.com\/bolting.eu","article_modified_time":"2025-02-20T09:25:22+00:00","og_image":[{"width":700,"height":700,"url":"https:\/\/bolting.eu\/wp-content\/uploads\/2021\/11\/Beal-Iceline-Golden-Dry-60m-1.jpg","type":"image\/jpeg"}],"twitter_card":"summary_large_image","twitter_misc":{"Availability":"In stock"},"schema":{"@context":"https:\/\/schema.org","@graph":[{"@type":["WebPage","ItemPage"],"@id":"https:\/\/bolting.eu\/en\/shop\/beal-iceline-golden-dry\/","url":"https:\/\/bolting.eu\/en\/shop\/beal-iceline-golden-dry\/","name":"Beal Iceline Golden Dry 7,9mm Halbseil f\u00fcr Alpinismus | bolting.eu","isPartOf":{"@id":"https:\/\/bolting.eu\/en\/#website"},"primaryImageOfPage":{"@id":"https:\/\/bolting.eu\/en\/shop\/beal-iceline-golden-dry\/#primaryimage"},"image":{"@id":"https:\/\/bolting.eu\/en\/shop\/beal-iceline-golden-dry\/#primaryimage"},"thumbnailUrl":"https:\/\/bolting.eu\/wp-content\/uploads\/2021\/11\/Beal-Iceline-Golden-Dry-60m-1.jpg","datePublished":"2021-11-11T14:28:23+00:00","dateModified":"2025-02-20T09:25:22+00:00","description":"BEAL ICELINE GOLDEN DRY beim Kletterprofi kaufen \u2705 Trusted Shop \u2705 kostenloser Versand* \u2705 14 Tage R\u00fcckgaberecht \u2705 Co2 neutrale Zustellung","breadcrumb":{"@id":"https:\/\/bolting.eu\/en\/shop\/beal-iceline-golden-dry\/#breadcrumb"},"inLanguage":"en-US","potentialAction":[{"@type":"ReadAction","target":["https:\/\/bolting.eu\/en\/shop\/beal-iceline-golden-dry\/"]}]},{"@type":"ImageObject","inLanguage":"en-US","@id":"https:\/\/bolting.eu\/en\/shop\/beal-iceline-golden-dry\/#primaryimage","url":"https:\/\/bolting.eu\/wp-content\/uploads\/2021\/11\/Beal-Iceline-Golden-Dry-60m-1.jpg","contentUrl":"https:\/\/bolting.eu\/wp-content\/uploads\/2021\/11\/Beal-Iceline-Golden-Dry-60m-1.jpg","width":700,"height":700,"caption":"Das Bild zeigt zwei Beal Iceline Golden Dry Str\u00e4nge in den Farben gelb und rosa nebeneinander. MAn erkennt die Originalverpackung und das Logo sowie Aufschriften."},{"@type":"BreadcrumbList","@id":"https:\/\/bolting.eu\/en\/shop\/beal-iceline-golden-dry\/#breadcrumb","itemListElement":[{"@type":"ListItem","position":1,"name":"Shop","item":"https:\/\/bolting.eu\/en\/shop\/"},{"@type":"ListItem","position":2,"name":"climbing equipment","item":"https:\/\/bolting.eu\/en\/produkt-kategorie\/climbing-equipment\/"},{"@type":"ListItem","position":3,"name":"Kletterseil","item":"https:\/\/bolting.eu\/produkt-kategorie\/kletterausruestung\/kletterseil\/"},{"@type":"ListItem","position":4,"name":"Beal Iceline Golden Dry"}]},{"@type":"WebSite","@id":"https:\/\/bolting.eu\/en\/#website","url":"https:\/\/bolting.eu\/en\/","name":"bolting.eu","description":"we make climbs happen","publisher":{"@id":"https:\/\/bolting.eu\/en\/#organization"},"potentialAction":[{"@type":"SearchAction","target":{"@type":"EntryPoint","urlTemplate":"https:\/\/bolting.eu\/en\/?s={search_term_string}"},"query-input":{"@type":"PropertyValueSpecification","valueRequired":true,"valueName":"search_term_string"}}],"inLanguage":"en-US"},{"@type":["Organization","Place","SportingGoodsStore"],"@id":"https:\/\/bolting.eu\/en\/#organization","name":"bolting.eu","url":"https:\/\/bolting.eu\/en\/","logo":{"@id":"https:\/\/bolting.eu\/en\/shop\/beal-iceline-golden-dry\/#local-main-organization-logo"},"image":{"@id":"https:\/\/bolting.eu\/en\/shop\/beal-iceline-golden-dry\/#local-main-organization-logo"},"sameAs":["https:\/\/www.facebook.com\/bolting.eu","https:\/\/www.instagram.com\/bolting.eu\/"],"address":{"@id":"https:\/\/bolting.eu\/en\/shop\/beal-iceline-golden-dry\/#local-main-place-address"},"geo":{"@type":"GeoCoordinates","latitude":"47.264176340396226","longitude":"11.380109057672346"},"telephone":["+43 699 19083372"],"openingHoursSpecification":[{"@type":"OpeningHoursSpecification","dayOfWeek":["Monday","Wednesday","Friday"],"opens":"14:00","closes":"18:00"},{"@type":"OpeningHoursSpecification","dayOfWeek":["Tuesday","Thursday","Saturday","Sunday"],"opens":"00:00","closes":"00:00"}],"email":"office@bolting.eu","vatID":"ATU59999728","priceRange":"$$","currenciesAccepted":"Euro"},{"@type":"PostalAddress","@id":"https:\/\/bolting.eu\/en\/shop\/beal-iceline-golden-dry\/#local-main-place-address","streetAddress":"Fischnalerstra\u00dfe 4","addressLocality":"Innsbruck","postalCode":"6020","addressRegion":"Tirol","addressCountry":"AT"},{"@type":"ImageObject","inLanguage":"en-US","@id":"https:\/\/bolting.eu\/en\/shop\/beal-iceline-golden-dry\/#local-main-organization-logo","url":"https:\/\/bolting.eu\/wp-content\/uploads\/2019\/09\/bolting-logo.png","contentUrl":"https:\/\/bolting.eu\/wp-content\/uploads\/2019\/09\/bolting-logo.png","width":400,"height":211,"caption":"bolting.eu"}]},"og_availability":"instock","product_availability":"instock","product_retailer_item_id":"BC081I.602GD.AO","product_condition":"new","geo.placename":"Innsbruck","geo.position":{"lat":"47.264176340396226","long":"11.380109057672346"},"geo.region":"Austria"},"_links":{"self":[{"href":"https:\/\/bolting.eu\/en\/wp-json\/wp\/v2\/product\/10535","targetHints":{"allow":["GET"]}}],"collection":[{"href":"https:\/\/bolting.eu\/en\/wp-json\/wp\/v2\/product"}],"about":[{"href":"https:\/\/bolting.eu\/en\/wp-json\/wp\/v2\/types\/product"}],"replies":[{"embeddable":true,"href":"https:\/\/bolting.eu\/en\/wp-json\/wp\/v2\/comments?post=10535"}],"wp:featuredmedia":[{"embeddable":true,"href":"https:\/\/bolting.eu\/en\/wp-json\/wp\/v2\/media\/10536"}],"wp:attachment":[{"href":"https:\/\/bolting.eu\/en\/wp-json\/wp\/v2\/media?parent=10535"}],"wp:term":[{"taxonomy":"product_brand","embeddable":true,"href":"https:\/\/bolting.eu\/en\/wp-json\/wp\/v2\/product_brand?post=10535"},{"taxonomy":"product_cat","embeddable":true,"href":"https:\/\/bolting.eu\/en\/wp-json\/wp\/v2\/product_cat?post=10535"},{"taxonomy":"product_tag","embeddable":true,"href":"https:\/\/bolting.eu\/en\/wp-json\/wp\/v2\/product_tag?post=10535"}],"curies":[{"name":"wp","href":"https:\/\/api.w.org\/{rel}","templated":true}]}}