{"id":10528,"date":"2021-11-11T14:24:12","date_gmt":"2021-11-11T13:24:12","guid":{"rendered":"https:\/\/bolting.eu\/?post_type=product&#038;p=10528"},"modified":"2023-07-28T16:05:01","modified_gmt":"2023-07-28T14:05:01","slug":"kletterseil-indoor-beal-wall-cruiser","status":"publish","type":"product","link":"https:\/\/bolting.eu\/en\/shop\/kletterseil-indoor-beal-wall-cruiser\/","title":{"rendered":"Kletterseil Indoor &#8211; Beal Wall Cruiser"},"content":{"rendered":"<p>Das Kletterseil Indoor &#8211; Beal Wall Cruiser ist ein spezifisches Modell f\u00fcr die Kletterhalle! Denn bei der Konstruktion dieses Indoor Seiles hat man auf diese Hauptkriterien geachtet.<\/p>\n<p>Erstens hat man hier die UNICORE Technology eingesetzt. Das ist das Verweben von Mantel und Kern, um den Seil noch mehr Kompaktheit und Langlebigkeit zu geben. \u00dcberdies sorgt das f\u00fcr mehr Sicherheit, da der Mantel nicht abrutschen kann, sollte er einrei\u00dfen!<\/p>\n<p>Zweitens hat man bei diesem Indoor <a href=\"https:\/\/bolting.eu\/produkt-kategorie\/kletterausruestung\/kletterseil\/\">Kletterseil<\/a> einen wesentlich dickeren Mantel konstruiert als bei den Outdoor Modellen. Und drittens hat man einen sehr guten Kompromiss beim Durchmesser gefunden. N\u00e4mlich 9.6mm und somit ideal f\u00fcr alle g\u00e4ngigen Sicherungsger\u00e4te.<\/p>\n<h2>Eigenschaften Kletterseil Indoor &#8211; Beal Wall Cruiser<\/h2>\n<ul>\n<li>Hersteller: <a href=\"https:\/\/bolting.eu\/produkt-kategorie\/beal\/\">Beal<\/a><\/li>\n<li>Type: Einfachseil<\/li>\n<li>Durchmesser: 9,6 mm<\/li>\n<li>Material: Polyamid<\/li>\n<li>Gewicht \/ Meter: 62 Gramm<\/li>\n<li>Farbe: blau<\/li>\n<li>L\u00e4nge: 40m oder 50m<\/li>\n<li>EN Norm 892<\/li>\n<li>UNICORE Technologie: Mantel und Kern verwoben<\/li>\n<li>Behandlung: <strong>keine<\/strong><\/li>\n<li>Mittlere Markierung: yes<\/li>\n<li>Normst\u00fcrze: 6<\/li>\n<li>Mantelanteil: 41%<\/li>\n<li>dyn. Dehnung 36%<\/li>\n<li>Fangsto\u00df: 8,2kN (bei 80kg, Einfachseil)<\/li>\n<li>Mantelverschiebung: 0,0mm<\/li>\n<li><a href=\"https:\/\/sport.beal-planet.com\/en\/index.php?controller=attachment&amp;id_attachment=6930\" target=\"_blank\" rel=\"noopener\">Bedienungsanleitung<\/a><\/li>\n<\/ul>\n<h2>Anforderungen an ein Kletterseil Indoor<\/h2>\n<p>Indoor Seile m\u00fcssen auf ganz bestimmte, erh\u00f6hte Anforderungen abgestimmt sein.<\/p>\n<ul>\n<li>viel h\u00e4ufigeres Abseilen<\/li>\n<li>raue Oberfl\u00e4che der Kletterpaneele<\/li>\n<li>Reibung an den Klettergriffen<\/li>\n<li>geringere L\u00e4nge um nicht zu viel Gewicht zu schleppen<\/li>\n<\/ul>\n<p>Deswegen wurde beim Beal Wall Cruiser auf all diese Anforderungen reagiert. Herausgekommen ist ein Produkt, das sich in diesem abrieb &#8211; intensiven Umfeld bestens etabliert hat. Denn dieses Modell steht bereits seit Jahren seinen &#8220;Mann&#8221; und beweist die n\u00f6tige Langlebigkeit die man erwarten darf.<\/p>\n<h3>Idealer Seildurchmesser<\/h3>\n<p>Ein Kletterseil Indoor soll neben langer Lebensdauer vor allem auch eines. Ein echt gutes Handling haben.<\/p>\n<p>Das betrifft zum einen das Verhalten beim Sichern. Und zum anderen beim Klippen in der Route.<\/p>\n<p>Mit 9,6mm ist beim Beal Wall Cruiser ist beides ideal gelungen. Denn diese Dimension des Indoor Seiles erm\u00f6glicht die Verwendung aller am Markt erh\u00e4ltlichen Sicherungsger\u00e4te. Dabei hat man besonders bei den &#8220;Klassikern&#8221; wie <a href=\"https:\/\/bolting.eu\/shop\/petzl-grigri-2\/\">Petzl GriGri 2<\/a> oder <a href=\"https:\/\/bolting.eu\/shop\/click-up-sicherungsgeraet-climbing-technology\/\">CT Click up<\/a> ein besonders smoothes Handling. Ebenso funktionieren aber auch die manuellen Ger\u00e4te perfekt, wie das <a href=\"https:\/\/bolting.eu\/shop\/petzl-reverso\/\">Petzl Reverso<\/a> oder <a href=\"https:\/\/bolting.eu\/shop\/black-diamond-atc\/\">Black Diamond ATC<\/a>.<\/p>\n<p>Und was die Reibung an den Expressschlingen bzw. das Handling beim Klippen betrifft. Hier hat das Kletterseil Indoor eine richtig gute Performance.<\/p>\n<h3>Pflege Kletterseil Indoor<\/h3>\n<p>Wascht euer Indoor Seil von Zeit zu Zeit mit einem Seilwaschmittel. Das zahlt sich aus!<\/p>\n<p>Denn so bekommt ihr den ganzen Staub aus dem Mantel bzw. Kern. Hierdurch k\u00f6nnt ihr einerseits die Lebensdauer erh\u00f6hen. Und zum anderen vermeidet ihr graue H\u00e4nde. Die entstehen n\u00e4mlich, wenn das (verschmutzte) Seil auf den <a href=\"https:\/\/bolting.eu\/produkt-kategorie\/kletterausruestung\/expressschlingen\/\">Expressschlingen<\/a> den seilseitigen Karabinern abreiben. Dieser feinste Metallstaub landet dann letztlich auf euren H\u00e4nden!<\/p>\n","protected":false},"excerpt":{"rendered":"<p>Das Kletterseil Indoor &#8211; Beal Wall Cruiser ist ein speziell auf die Anforderungen von Hallen abgestimmtes Produkt. Dieses Indoor Seil ist mit 9,6mm sowohl f\u00fcr Sicherungsger\u00e4te als auch smoothes Handling beim Klettern bzw. Klippen ideal.<\/p>\n<p>Gefertigt mit langlebiger UNICORE Technologie!<\/p>\n","protected":false},"featured_media":10530,"comment_status":"open","ping_status":"closed","template":"","meta":[],"product_brand":[],"product_cat":[4663,6727,29],"product_tag":[],"class_list":{"0":"post-10528","1":"product","2":"type-product","3":"status-publish","4":"has-post-thumbnail","6":"product_cat-beal","7":"product_cat-kletterseil","8":"product_cat-kletterausruestung","10":"first","11":"instock","12":"taxable","13":"shipping-taxable","14":"purchasable","15":"product-type-variable"},"yoast_head":"<!-- This site is optimized with the Yoast SEO Premium plugin v26.9 (Yoast SEO v26.9) - https:\/\/yoast.com\/product\/yoast-seo-premium-wordpress\/ -->\n<title>Kletterseil Indoor - Beal Wall Cruiser g\u00fcnstig online kaufen | bolting.eu<\/title>\n<meta name=\"description\" content=\"Hier findest Du das KLETTERSEIL INDOOR - BEAL WALL CRUISER. Ein Indoor Seil mit 9.6mm Durchmesser und UNICORE Technologie zum top Preis!\" \/>\n<meta name=\"robots\" content=\"index, follow, max-snippet:-1, max-image-preview:large, max-video-preview:-1\" \/>\n<link rel=\"canonical\" href=\"https:\/\/bolting.eu\/en\/shop\/kletterseil-indoor-beal-wall-cruiser\/\" \/>\n<meta property=\"og:locale\" content=\"en_US\" \/>\n<meta property=\"og:type\" content=\"article\" \/>\n<meta property=\"og:title\" content=\"Kletterseil Indoor - Beal Wall Cruiser\" \/>\n<meta property=\"og:description\" content=\"Hier findest Du das KLETTERSEIL INDOOR - BEAL WALL CRUISER. Ein Indoor Seil mit 9.6mm Durchmesser und UNICORE Technologie zum top Preis!\" \/>\n<meta property=\"og:url\" content=\"https:\/\/bolting.eu\/en\/shop\/kletterseil-indoor-beal-wall-cruiser\/\" \/>\n<meta property=\"og:site_name\" content=\"bolting.eu\" \/>\n<meta property=\"article:publisher\" content=\"https:\/\/www.facebook.com\/bolting.eu\" \/>\n<meta property=\"article:modified_time\" content=\"2023-07-28T14:05:01+00:00\" \/>\n<meta property=\"og:image\" content=\"https:\/\/bolting.eu\/wp-content\/uploads\/2021\/11\/Kletterseil-Indoor-Beal-Wall-Cruiser-1.jpg\" \/>\n\t<meta property=\"og:image:width\" content=\"700\" \/>\n\t<meta property=\"og:image:height\" content=\"700\" \/>\n\t<meta property=\"og:image:type\" content=\"image\/jpeg\" \/>\n<meta name=\"twitter:card\" content=\"summary_large_image\" \/>\n<meta name=\"twitter:label1\" content=\"Availability\" \/>\n\t<meta name=\"twitter:data1\" content=\"In stock\" \/>\n<script type=\"application\/ld+json\" class=\"yoast-schema-graph\">{\"@context\":\"https:\/\/schema.org\",\"@graph\":[{\"@type\":[\"WebPage\",\"ItemPage\"],\"@id\":\"https:\/\/bolting.eu\/en\/shop\/kletterseil-indoor-beal-wall-cruiser\/\",\"url\":\"https:\/\/bolting.eu\/en\/shop\/kletterseil-indoor-beal-wall-cruiser\/\",\"name\":\"Kletterseil Indoor - Beal Wall Cruiser g\u00fcnstig online kaufen | bolting.eu\",\"isPartOf\":{\"@id\":\"https:\/\/bolting.eu\/en\/#website\"},\"primaryImageOfPage\":{\"@id\":\"https:\/\/bolting.eu\/en\/shop\/kletterseil-indoor-beal-wall-cruiser\/#primaryimage\"},\"image\":{\"@id\":\"https:\/\/bolting.eu\/en\/shop\/kletterseil-indoor-beal-wall-cruiser\/#primaryimage\"},\"thumbnailUrl\":\"https:\/\/bolting.eu\/wp-content\/uploads\/2021\/11\/Kletterseil-Indoor-Beal-Wall-Cruiser-1.jpg\",\"datePublished\":\"2021-11-11T13:24:12+00:00\",\"dateModified\":\"2023-07-28T14:05:01+00:00\",\"description\":\"Hier findest Du das KLETTERSEIL INDOOR - BEAL WALL CRUISER. Ein Indoor Seil mit 9.6mm Durchmesser und UNICORE Technologie zum top Preis!\",\"breadcrumb\":{\"@id\":\"https:\/\/bolting.eu\/en\/shop\/kletterseil-indoor-beal-wall-cruiser\/#breadcrumb\"},\"inLanguage\":\"en-US\",\"potentialAction\":[{\"@type\":\"ReadAction\",\"target\":[\"https:\/\/bolting.eu\/en\/shop\/kletterseil-indoor-beal-wall-cruiser\/\"]}]},{\"@type\":\"ImageObject\",\"inLanguage\":\"en-US\",\"@id\":\"https:\/\/bolting.eu\/en\/shop\/kletterseil-indoor-beal-wall-cruiser\/#primaryimage\",\"url\":\"https:\/\/bolting.eu\/wp-content\/uploads\/2021\/11\/Kletterseil-Indoor-Beal-Wall-Cruiser-1.jpg\",\"contentUrl\":\"https:\/\/bolting.eu\/wp-content\/uploads\/2021\/11\/Kletterseil-Indoor-Beal-Wall-Cruiser-1.jpg\",\"width\":700,\"height\":700,\"caption\":\"Das Bild zeigt ein blau-rosanes Kletterseil Indoor - Beal Wall Cruiser in Originalverpackung mit Logo und diversen Angaben.\"},{\"@type\":\"BreadcrumbList\",\"@id\":\"https:\/\/bolting.eu\/en\/shop\/kletterseil-indoor-beal-wall-cruiser\/#breadcrumb\",\"itemListElement\":[{\"@type\":\"ListItem\",\"position\":1,\"name\":\"Shop\",\"item\":\"https:\/\/bolting.eu\/en\/shop\/\"},{\"@type\":\"ListItem\",\"position\":2,\"name\":\"climbing equipment\",\"item\":\"https:\/\/bolting.eu\/en\/produkt-kategorie\/climbing-equipment\/\"},{\"@type\":\"ListItem\",\"position\":3,\"name\":\"Kletterseil\",\"item\":\"https:\/\/bolting.eu\/produkt-kategorie\/kletterausruestung\/kletterseil\/\"},{\"@type\":\"ListItem\",\"position\":4,\"name\":\"Kletterseil Indoor &#8211; Beal Wall Cruiser\"}]},{\"@type\":\"WebSite\",\"@id\":\"https:\/\/bolting.eu\/en\/#website\",\"url\":\"https:\/\/bolting.eu\/en\/\",\"name\":\"bolting.eu\",\"description\":\"we make climbs happen\",\"publisher\":{\"@id\":\"https:\/\/bolting.eu\/en\/#organization\"},\"potentialAction\":[{\"@type\":\"SearchAction\",\"target\":{\"@type\":\"EntryPoint\",\"urlTemplate\":\"https:\/\/bolting.eu\/en\/?s={search_term_string}\"},\"query-input\":{\"@type\":\"PropertyValueSpecification\",\"valueRequired\":true,\"valueName\":\"search_term_string\"}}],\"inLanguage\":\"en-US\"},{\"@type\":[\"Organization\",\"Place\",\"SportingGoodsStore\"],\"@id\":\"https:\/\/bolting.eu\/en\/#organization\",\"name\":\"bolting.eu\",\"url\":\"https:\/\/bolting.eu\/en\/\",\"logo\":{\"@id\":\"https:\/\/bolting.eu\/en\/shop\/kletterseil-indoor-beal-wall-cruiser\/#local-main-organization-logo\"},\"image\":{\"@id\":\"https:\/\/bolting.eu\/en\/shop\/kletterseil-indoor-beal-wall-cruiser\/#local-main-organization-logo\"},\"sameAs\":[\"https:\/\/www.facebook.com\/bolting.eu\",\"https:\/\/www.instagram.com\/bolting.eu\/\"],\"address\":{\"@id\":\"https:\/\/bolting.eu\/en\/shop\/kletterseil-indoor-beal-wall-cruiser\/#local-main-place-address\"},\"geo\":{\"@type\":\"GeoCoordinates\",\"latitude\":\"47.264176340396226\",\"longitude\":\"11.380109057672346\"},\"telephone\":[\"+43 699 19083372\"],\"openingHoursSpecification\":[{\"@type\":\"OpeningHoursSpecification\",\"dayOfWeek\":[\"Monday\",\"Wednesday\",\"Friday\"],\"opens\":\"14:00\",\"closes\":\"18:00\"},{\"@type\":\"OpeningHoursSpecification\",\"dayOfWeek\":[\"Tuesday\",\"Thursday\",\"Saturday\",\"Sunday\"],\"opens\":\"00:00\",\"closes\":\"00:00\"}],\"email\":\"office@bolting.eu\",\"vatID\":\"ATU59999728\",\"priceRange\":\"$$\",\"currenciesAccepted\":\"Euro\"},{\"@type\":\"PostalAddress\",\"@id\":\"https:\/\/bolting.eu\/en\/shop\/kletterseil-indoor-beal-wall-cruiser\/#local-main-place-address\",\"streetAddress\":\"Fischnalerstra\u00dfe 4\",\"addressLocality\":\"Innsbruck\",\"postalCode\":\"6020\",\"addressRegion\":\"Tirol\",\"addressCountry\":\"AT\"},{\"@type\":\"ImageObject\",\"inLanguage\":\"en-US\",\"@id\":\"https:\/\/bolting.eu\/en\/shop\/kletterseil-indoor-beal-wall-cruiser\/#local-main-organization-logo\",\"url\":\"https:\/\/bolting.eu\/wp-content\/uploads\/2019\/09\/bolting-logo.png\",\"contentUrl\":\"https:\/\/bolting.eu\/wp-content\/uploads\/2019\/09\/bolting-logo.png\",\"width\":400,\"height\":211,\"caption\":\"bolting.eu\"}]}<\/script>\n<meta property=\"og:availability\" content=\"instock\" \/>\n<meta property=\"product:availability\" content=\"instock\" \/>\n<meta property=\"product:condition\" content=\"new\" \/>\n<meta name=\"geo.placename\" content=\"Innsbruck\" \/>\n<meta name=\"geo.position\" content=\"47.264176340396226;11.380109057672346\" \/>\n<meta name=\"geo.region\" content=\"Austria\" \/>\n<!-- \/ Yoast SEO Premium plugin. -->","yoast_head_json":{"title":"Kletterseil Indoor - Beal Wall Cruiser g\u00fcnstig online kaufen | bolting.eu","description":"Hier findest Du das KLETTERSEIL INDOOR - BEAL WALL CRUISER. Ein Indoor Seil mit 9.6mm Durchmesser und UNICORE Technologie zum top Preis!","robots":{"index":"index","follow":"follow","max-snippet":"max-snippet:-1","max-image-preview":"max-image-preview:large","max-video-preview":"max-video-preview:-1"},"canonical":"https:\/\/bolting.eu\/en\/shop\/kletterseil-indoor-beal-wall-cruiser\/","og_locale":"en_US","og_type":"article","og_title":"Kletterseil Indoor - Beal Wall Cruiser","og_description":"Hier findest Du das KLETTERSEIL INDOOR - BEAL WALL CRUISER. Ein Indoor Seil mit 9.6mm Durchmesser und UNICORE Technologie zum top Preis!","og_url":"https:\/\/bolting.eu\/en\/shop\/kletterseil-indoor-beal-wall-cruiser\/","og_site_name":"bolting.eu","article_publisher":"https:\/\/www.facebook.com\/bolting.eu","article_modified_time":"2023-07-28T14:05:01+00:00","og_image":[{"width":700,"height":700,"url":"https:\/\/bolting.eu\/wp-content\/uploads\/2021\/11\/Kletterseil-Indoor-Beal-Wall-Cruiser-1.jpg","type":"image\/jpeg"}],"twitter_card":"summary_large_image","twitter_misc":{"Availability":"In stock"},"schema":{"@context":"https:\/\/schema.org","@graph":[{"@type":["WebPage","ItemPage"],"@id":"https:\/\/bolting.eu\/en\/shop\/kletterseil-indoor-beal-wall-cruiser\/","url":"https:\/\/bolting.eu\/en\/shop\/kletterseil-indoor-beal-wall-cruiser\/","name":"Kletterseil Indoor - Beal Wall Cruiser g\u00fcnstig online kaufen | bolting.eu","isPartOf":{"@id":"https:\/\/bolting.eu\/en\/#website"},"primaryImageOfPage":{"@id":"https:\/\/bolting.eu\/en\/shop\/kletterseil-indoor-beal-wall-cruiser\/#primaryimage"},"image":{"@id":"https:\/\/bolting.eu\/en\/shop\/kletterseil-indoor-beal-wall-cruiser\/#primaryimage"},"thumbnailUrl":"https:\/\/bolting.eu\/wp-content\/uploads\/2021\/11\/Kletterseil-Indoor-Beal-Wall-Cruiser-1.jpg","datePublished":"2021-11-11T13:24:12+00:00","dateModified":"2023-07-28T14:05:01+00:00","description":"Hier findest Du das KLETTERSEIL INDOOR - BEAL WALL CRUISER. Ein Indoor Seil mit 9.6mm Durchmesser und UNICORE Technologie zum top Preis!","breadcrumb":{"@id":"https:\/\/bolting.eu\/en\/shop\/kletterseil-indoor-beal-wall-cruiser\/#breadcrumb"},"inLanguage":"en-US","potentialAction":[{"@type":"ReadAction","target":["https:\/\/bolting.eu\/en\/shop\/kletterseil-indoor-beal-wall-cruiser\/"]}]},{"@type":"ImageObject","inLanguage":"en-US","@id":"https:\/\/bolting.eu\/en\/shop\/kletterseil-indoor-beal-wall-cruiser\/#primaryimage","url":"https:\/\/bolting.eu\/wp-content\/uploads\/2021\/11\/Kletterseil-Indoor-Beal-Wall-Cruiser-1.jpg","contentUrl":"https:\/\/bolting.eu\/wp-content\/uploads\/2021\/11\/Kletterseil-Indoor-Beal-Wall-Cruiser-1.jpg","width":700,"height":700,"caption":"Das Bild zeigt ein blau-rosanes Kletterseil Indoor - Beal Wall Cruiser in Originalverpackung mit Logo und diversen Angaben."},{"@type":"BreadcrumbList","@id":"https:\/\/bolting.eu\/en\/shop\/kletterseil-indoor-beal-wall-cruiser\/#breadcrumb","itemListElement":[{"@type":"ListItem","position":1,"name":"Shop","item":"https:\/\/bolting.eu\/en\/shop\/"},{"@type":"ListItem","position":2,"name":"climbing equipment","item":"https:\/\/bolting.eu\/en\/produkt-kategorie\/climbing-equipment\/"},{"@type":"ListItem","position":3,"name":"Kletterseil","item":"https:\/\/bolting.eu\/produkt-kategorie\/kletterausruestung\/kletterseil\/"},{"@type":"ListItem","position":4,"name":"Kletterseil Indoor &#8211; Beal Wall Cruiser"}]},{"@type":"WebSite","@id":"https:\/\/bolting.eu\/en\/#website","url":"https:\/\/bolting.eu\/en\/","name":"bolting.eu","description":"we make climbs happen","publisher":{"@id":"https:\/\/bolting.eu\/en\/#organization"},"potentialAction":[{"@type":"SearchAction","target":{"@type":"EntryPoint","urlTemplate":"https:\/\/bolting.eu\/en\/?s={search_term_string}"},"query-input":{"@type":"PropertyValueSpecification","valueRequired":true,"valueName":"search_term_string"}}],"inLanguage":"en-US"},{"@type":["Organization","Place","SportingGoodsStore"],"@id":"https:\/\/bolting.eu\/en\/#organization","name":"bolting.eu","url":"https:\/\/bolting.eu\/en\/","logo":{"@id":"https:\/\/bolting.eu\/en\/shop\/kletterseil-indoor-beal-wall-cruiser\/#local-main-organization-logo"},"image":{"@id":"https:\/\/bolting.eu\/en\/shop\/kletterseil-indoor-beal-wall-cruiser\/#local-main-organization-logo"},"sameAs":["https:\/\/www.facebook.com\/bolting.eu","https:\/\/www.instagram.com\/bolting.eu\/"],"address":{"@id":"https:\/\/bolting.eu\/en\/shop\/kletterseil-indoor-beal-wall-cruiser\/#local-main-place-address"},"geo":{"@type":"GeoCoordinates","latitude":"47.264176340396226","longitude":"11.380109057672346"},"telephone":["+43 699 19083372"],"openingHoursSpecification":[{"@type":"OpeningHoursSpecification","dayOfWeek":["Monday","Wednesday","Friday"],"opens":"14:00","closes":"18:00"},{"@type":"OpeningHoursSpecification","dayOfWeek":["Tuesday","Thursday","Saturday","Sunday"],"opens":"00:00","closes":"00:00"}],"email":"office@bolting.eu","vatID":"ATU59999728","priceRange":"$$","currenciesAccepted":"Euro"},{"@type":"PostalAddress","@id":"https:\/\/bolting.eu\/en\/shop\/kletterseil-indoor-beal-wall-cruiser\/#local-main-place-address","streetAddress":"Fischnalerstra\u00dfe 4","addressLocality":"Innsbruck","postalCode":"6020","addressRegion":"Tirol","addressCountry":"AT"},{"@type":"ImageObject","inLanguage":"en-US","@id":"https:\/\/bolting.eu\/en\/shop\/kletterseil-indoor-beal-wall-cruiser\/#local-main-organization-logo","url":"https:\/\/bolting.eu\/wp-content\/uploads\/2019\/09\/bolting-logo.png","contentUrl":"https:\/\/bolting.eu\/wp-content\/uploads\/2019\/09\/bolting-logo.png","width":400,"height":211,"caption":"bolting.eu"}]},"og_availability":"instock","product_availability":"instock","product_condition":"new","geo.placename":"Innsbruck","geo.position":{"lat":"47.264176340396226","long":"11.380109057672346"},"geo.region":"Austria"},"_links":{"self":[{"href":"https:\/\/bolting.eu\/en\/wp-json\/wp\/v2\/product\/10528","targetHints":{"allow":["GET"]}}],"collection":[{"href":"https:\/\/bolting.eu\/en\/wp-json\/wp\/v2\/product"}],"about":[{"href":"https:\/\/bolting.eu\/en\/wp-json\/wp\/v2\/types\/product"}],"replies":[{"embeddable":true,"href":"https:\/\/bolting.eu\/en\/wp-json\/wp\/v2\/comments?post=10528"}],"wp:featuredmedia":[{"embeddable":true,"href":"https:\/\/bolting.eu\/en\/wp-json\/wp\/v2\/media\/10530"}],"wp:attachment":[{"href":"https:\/\/bolting.eu\/en\/wp-json\/wp\/v2\/media?parent=10528"}],"wp:term":[{"taxonomy":"product_brand","embeddable":true,"href":"https:\/\/bolting.eu\/en\/wp-json\/wp\/v2\/product_brand?post=10528"},{"taxonomy":"product_cat","embeddable":true,"href":"https:\/\/bolting.eu\/en\/wp-json\/wp\/v2\/product_cat?post=10528"},{"taxonomy":"product_tag","embeddable":true,"href":"https:\/\/bolting.eu\/en\/wp-json\/wp\/v2\/product_tag?post=10528"}],"curies":[{"name":"wp","href":"https:\/\/api.w.org\/{rel}","templated":true}]}}