{"id":10525,"date":"2021-11-11T13:02:40","date_gmt":"2021-11-11T12:02:40","guid":{"rendered":"https:\/\/bolting.eu\/?post_type=product&#038;p=10525"},"modified":"2025-04-25T16:03:08","modified_gmt":"2025-04-25T14:03:08","slug":"einfachseil-50m-beal-virus-10mm","status":"publish","type":"product","link":"https:\/\/bolting.eu\/en\/shop\/einfachseil-50m-beal-virus-10mm\/","title":{"rendered":"Einfachseil 50m &#8211; Beal Virus 10mm"},"content":{"rendered":"<p>Unser Einfachseil 50m ist das Beal Virus mit 10mm Durchmesser. Dieses Modell zeichnet sich durch zwei Dinge besonders aus.<\/p>\n<p>Erstens ist es ein extrem preiswertes Kletterseil. Und zweitens ist es f\u00fcr alle g\u00e4ngigen alpinen Disziplinen geeignet. D.h. Sportklettern, Alpinklettern, Hallenklettern und Bergsteigen.<\/p>\n<p>Das Seil hat keinerlei Impr\u00e4gnierungen und ist folglich f\u00fcr den sporadischen Einsatz gedacht. Wer keine gro\u00dfen Anspr\u00fcche hat, trifft mit diesem verl\u00e4ssliches Produkt des Weltmarktf\u00fchrers eine solide Wahl.<\/p>\n<p>Dieses Einfachseil 50m kann \u00fcbrigens mit allen g\u00e4ngigen <a href=\"https:\/\/bolting.eu\/produkt-kategorie\/kletterausruestung\/sicherungsgeraete-klettern\/\">Sicherungsger\u00e4ten<\/a> verwendet werden. Die 10mm bringen dabei vor allem bei Anf\u00e4ngern und Unge\u00fcbten ein Plus an Sicherheit sowie besseres Handling.<\/p>\n<h2>Eigenschaften Einfachseil 50m &#8211; Beal Virus 10mm<\/h2>\n<ul>\n<li>Hersteller: <a href=\"https:\/\/bolting.eu\/produkt-kategorie\/beal\/\">Beal<\/a><\/li>\n<li>Type: Einfachseil<\/li>\n<li>Durchmesser: 10mm<\/li>\n<li>Material: Polyamid<\/li>\n<li>Gewicht \/ Meter: 63 Gramm<\/li>\n<li>Farbe: gr\u00fcn<\/li>\n<li>L\u00e4nge: 50m<\/li>\n<li>EN Norm 892<\/li>\n<li>Behandlung: <strong>keine<\/strong><\/li>\n<li>Mittlere Markierung: yes<\/li>\n<li>Normst\u00fcrze: 8<\/li>\n<li>Mantelanteil: 37%<\/li>\n<li>dyn. Dehnung 35%<\/li>\n<li>Fangsto\u00df: 7,6kN (bei 80kg, Einfachseil)<\/li>\n<li>Mantelverschiebung: 0,0mm<\/li>\n<li><a href=\"https:\/\/sport.beal-planet.com\/en\/index.php?controller=attachment&amp;id_attachment=6930\" target=\"_blank\" rel=\"noopener\">Bedienungsanleitung<\/a><\/li>\n<\/ul>\n<h2>F\u00fcr wen ist dieses Seil gedacht?<\/h2>\n<p>Das Einfachseil 50m &#8211; Beal Virus 10mm ist ein sehr g\u00fcnstiges Allround Seil. Es ist f\u00fcr alle alpinen Disziplinen geeignet, wenn man keine gro\u00dfen Anspr\u00fcche hat. Wie z.B. beim gelegentlichen Einsatz. Oder wenn man sich einfach f\u00fcr ein billiges Modell entscheidet.<\/p>\n<p>Die 50m L\u00e4nge sollten f\u00fcr alle Standard Anwendungen ausreichen. D.h. f\u00fcr Kletterg\u00e4rten (Achtung bei langen Routen!), Kletterhallen und leichteren Alpinrouten.<\/p>\n<p>Beim Bergsteigen sind 50m ebenfalls ideal f\u00fcr Seilschaften geeignet, bzw. am Gletscher f\u00fcr Gruppen von mehreren Personen.<\/p>\n<h3>10mm Durchmesser = sicheres Handling<\/h3>\n<p>Das Einfachseil 50m &#8211; Beal Virus bietet auch ein sehr gutes Handling. Vor allem Anf\u00e4nger k\u00f6nnen durch den Durchmesser an Sicherheit gewinnen.<\/p>\n<p>Das betrifft vor allem den Sicherungsvorgang. Egal ob Halbautomat oder manuelles Ger\u00e4t. Ein etwas breiterer Durchmesser sorgt f\u00fcr mehr Reibung und somit leichtere Bedienbarkeit.<\/p>\n","protected":false},"excerpt":{"rendered":"<p>Das Einfachseil 50m &#8211; Beal Virus 10mm ist ein \u00e4u\u00dferst g\u00fcnstiges Allroundseil. Es kann f\u00fcr Anf\u00e4nger empfohlen werden, weil der Durchmesser ein leichtes Handling bei Sicherungsger\u00e4ten erlaubt.<\/p>\n<p>Ideal f\u00fcr vielseitige Bergfexen und Anf\u00e4nger. Top Preis!<\/p>\n","protected":false},"featured_media":10526,"comment_status":"open","ping_status":"closed","template":"","meta":[],"product_brand":[],"product_cat":[4663,29,6727],"product_tag":[],"class_list":{"0":"post-10525","1":"product","2":"type-product","3":"status-publish","4":"has-post-thumbnail","6":"product_cat-beal","7":"product_cat-kletterausruestung","8":"product_cat-kletterseil","10":"first","11":"outofstock","12":"taxable","13":"shipping-taxable","14":"purchasable","15":"product-type-simple"},"yoast_head":"<!-- This site is optimized with the Yoast SEO Premium plugin v26.9 (Yoast SEO v26.9) - https:\/\/yoast.com\/product\/yoast-seo-premium-wordpress\/ -->\n<title>Einfachseil 50m - Beal Virus 10mm - g\u00fcnstig online kaufen | bolting.eu<\/title>\n<meta name=\"description\" content=\"Hier findest Du das EINFACHSEIL 50m - Beal Virus 10mm. Ein \u00e4u\u00dferst preisg\u00fcnstiges Allroundseil f\u00fcr\u00b4s Kletterm Bergsteigen und Freizeit!\" \/>\n<meta name=\"robots\" content=\"index, follow, max-snippet:-1, max-image-preview:large, max-video-preview:-1\" \/>\n<link rel=\"canonical\" href=\"https:\/\/bolting.eu\/en\/shop\/einfachseil-50m-beal-virus-10mm\/\" \/>\n<meta property=\"og:locale\" content=\"en_US\" \/>\n<meta property=\"og:type\" content=\"article\" \/>\n<meta property=\"og:title\" content=\"Einfachseil 50m - Beal Virus 10mm\" \/>\n<meta property=\"og:description\" content=\"Hier findest Du das EINFACHSEIL 50m - Beal Virus 10mm. Ein \u00e4u\u00dferst preisg\u00fcnstiges Allroundseil f\u00fcr\u00b4s Kletterm Bergsteigen und Freizeit!\" \/>\n<meta property=\"og:url\" content=\"https:\/\/bolting.eu\/en\/shop\/einfachseil-50m-beal-virus-10mm\/\" \/>\n<meta property=\"og:site_name\" content=\"bolting.eu\" \/>\n<meta property=\"article:publisher\" content=\"https:\/\/www.facebook.com\/bolting.eu\" \/>\n<meta property=\"article:modified_time\" content=\"2025-04-25T14:03:08+00:00\" \/>\n<meta property=\"og:image\" content=\"https:\/\/bolting.eu\/wp-content\/uploads\/2021\/11\/Einfachseil-5m-Beal-Virus-1.jpg\" \/>\n\t<meta property=\"og:image:width\" content=\"700\" \/>\n\t<meta property=\"og:image:height\" content=\"700\" \/>\n\t<meta property=\"og:image:type\" content=\"image\/jpeg\" \/>\n<meta name=\"twitter:card\" content=\"summary_large_image\" \/>\n<meta name=\"twitter:label1\" content=\"Price\" \/>\n\t<meta name=\"twitter:data1\" content=\"&euro;&nbsp;132,90\" \/>\n\t<meta name=\"twitter:label2\" content=\"Availability\" \/>\n\t<meta name=\"twitter:data2\" content=\"Out of stock\" \/>\n<script type=\"application\/ld+json\" class=\"yoast-schema-graph\">{\"@context\":\"https:\/\/schema.org\",\"@graph\":[{\"@type\":[\"WebPage\",\"ItemPage\"],\"@id\":\"https:\/\/bolting.eu\/en\/shop\/einfachseil-50m-beal-virus-10mm\/\",\"url\":\"https:\/\/bolting.eu\/en\/shop\/einfachseil-50m-beal-virus-10mm\/\",\"name\":\"Einfachseil 50m - Beal Virus 10mm - g\u00fcnstig online kaufen | bolting.eu\",\"isPartOf\":{\"@id\":\"https:\/\/bolting.eu\/en\/#website\"},\"primaryImageOfPage\":{\"@id\":\"https:\/\/bolting.eu\/en\/shop\/einfachseil-50m-beal-virus-10mm\/#primaryimage\"},\"image\":{\"@id\":\"https:\/\/bolting.eu\/en\/shop\/einfachseil-50m-beal-virus-10mm\/#primaryimage\"},\"thumbnailUrl\":\"https:\/\/bolting.eu\/wp-content\/uploads\/2021\/11\/Einfachseil-5m-Beal-Virus-1.jpg\",\"datePublished\":\"2021-11-11T12:02:40+00:00\",\"dateModified\":\"2025-04-25T14:03:08+00:00\",\"description\":\"Hier findest Du das EINFACHSEIL 50m - Beal Virus 10mm. Ein \u00e4u\u00dferst preisg\u00fcnstiges Allroundseil f\u00fcr\u00b4s Kletterm Bergsteigen und Freizeit!\",\"breadcrumb\":{\"@id\":\"https:\/\/bolting.eu\/en\/shop\/einfachseil-50m-beal-virus-10mm\/#breadcrumb\"},\"inLanguage\":\"en-US\",\"potentialAction\":[{\"@type\":\"ReadAction\",\"target\":[\"https:\/\/bolting.eu\/en\/shop\/einfachseil-50m-beal-virus-10mm\/\"]}]},{\"@type\":\"ImageObject\",\"inLanguage\":\"en-US\",\"@id\":\"https:\/\/bolting.eu\/en\/shop\/einfachseil-50m-beal-virus-10mm\/#primaryimage\",\"url\":\"https:\/\/bolting.eu\/wp-content\/uploads\/2021\/11\/Einfachseil-5m-Beal-Virus-1.jpg\",\"contentUrl\":\"https:\/\/bolting.eu\/wp-content\/uploads\/2021\/11\/Einfachseil-5m-Beal-Virus-1.jpg\",\"width\":700,\"height\":700,\"caption\":\"Das Bild zeigt das Einfachseil 50m - Beal Virus in der Originalverpackung auf einem wei\u00dfem Quadrat.\"},{\"@type\":\"BreadcrumbList\",\"@id\":\"https:\/\/bolting.eu\/en\/shop\/einfachseil-50m-beal-virus-10mm\/#breadcrumb\",\"itemListElement\":[{\"@type\":\"ListItem\",\"position\":1,\"name\":\"Shop\",\"item\":\"https:\/\/bolting.eu\/en\/shop\/\"},{\"@type\":\"ListItem\",\"position\":2,\"name\":\"climbing equipment\",\"item\":\"https:\/\/bolting.eu\/en\/produkt-kategorie\/climbing-equipment\/\"},{\"@type\":\"ListItem\",\"position\":3,\"name\":\"Kletterseil\",\"item\":\"https:\/\/bolting.eu\/produkt-kategorie\/kletterausruestung\/kletterseil\/\"},{\"@type\":\"ListItem\",\"position\":4,\"name\":\"Einfachseil 50m &#8211; Beal Virus 10mm\"}]},{\"@type\":\"WebSite\",\"@id\":\"https:\/\/bolting.eu\/en\/#website\",\"url\":\"https:\/\/bolting.eu\/en\/\",\"name\":\"bolting.eu\",\"description\":\"we make climbs happen\",\"publisher\":{\"@id\":\"https:\/\/bolting.eu\/en\/#organization\"},\"potentialAction\":[{\"@type\":\"SearchAction\",\"target\":{\"@type\":\"EntryPoint\",\"urlTemplate\":\"https:\/\/bolting.eu\/en\/?s={search_term_string}\"},\"query-input\":{\"@type\":\"PropertyValueSpecification\",\"valueRequired\":true,\"valueName\":\"search_term_string\"}}],\"inLanguage\":\"en-US\"},{\"@type\":[\"Organization\",\"Place\",\"SportingGoodsStore\"],\"@id\":\"https:\/\/bolting.eu\/en\/#organization\",\"name\":\"bolting.eu\",\"url\":\"https:\/\/bolting.eu\/en\/\",\"logo\":{\"@id\":\"https:\/\/bolting.eu\/en\/shop\/einfachseil-50m-beal-virus-10mm\/#local-main-organization-logo\"},\"image\":{\"@id\":\"https:\/\/bolting.eu\/en\/shop\/einfachseil-50m-beal-virus-10mm\/#local-main-organization-logo\"},\"sameAs\":[\"https:\/\/www.facebook.com\/bolting.eu\",\"https:\/\/www.instagram.com\/bolting.eu\/\"],\"address\":{\"@id\":\"https:\/\/bolting.eu\/en\/shop\/einfachseil-50m-beal-virus-10mm\/#local-main-place-address\"},\"geo\":{\"@type\":\"GeoCoordinates\",\"latitude\":\"47.264176340396226\",\"longitude\":\"11.380109057672346\"},\"telephone\":[\"+43 699 19083372\"],\"openingHoursSpecification\":[{\"@type\":\"OpeningHoursSpecification\",\"dayOfWeek\":[\"Monday\",\"Wednesday\",\"Friday\"],\"opens\":\"14:00\",\"closes\":\"18:00\"},{\"@type\":\"OpeningHoursSpecification\",\"dayOfWeek\":[\"Tuesday\",\"Thursday\",\"Saturday\",\"Sunday\"],\"opens\":\"00:00\",\"closes\":\"00:00\"}],\"email\":\"office@bolting.eu\",\"vatID\":\"ATU59999728\",\"priceRange\":\"$$\",\"currenciesAccepted\":\"Euro\"},{\"@type\":\"PostalAddress\",\"@id\":\"https:\/\/bolting.eu\/en\/shop\/einfachseil-50m-beal-virus-10mm\/#local-main-place-address\",\"streetAddress\":\"Fischnalerstra\u00dfe 4\",\"addressLocality\":\"Innsbruck\",\"postalCode\":\"6020\",\"addressRegion\":\"Tirol\",\"addressCountry\":\"AT\"},{\"@type\":\"ImageObject\",\"inLanguage\":\"en-US\",\"@id\":\"https:\/\/bolting.eu\/en\/shop\/einfachseil-50m-beal-virus-10mm\/#local-main-organization-logo\",\"url\":\"https:\/\/bolting.eu\/wp-content\/uploads\/2019\/09\/bolting-logo.png\",\"contentUrl\":\"https:\/\/bolting.eu\/wp-content\/uploads\/2019\/09\/bolting-logo.png\",\"width\":400,\"height\":211,\"caption\":\"bolting.eu\"}]}<\/script>\n<meta property=\"product:price:amount\" content=\"132.90\" \/>\n<meta property=\"product:price:currency\" content=\"EUR\" \/>\n<meta property=\"og:availability\" content=\"out of stock\" \/>\n<meta property=\"product:availability\" content=\"out of stock\" \/>\n<meta property=\"product:retailer_item_id\" content=\"BC100V.50.G\" \/>\n<meta property=\"product:condition\" content=\"new\" \/>\n<meta name=\"geo.placename\" content=\"Innsbruck\" \/>\n<meta name=\"geo.position\" content=\"47.264176340396226;11.380109057672346\" \/>\n<meta name=\"geo.region\" content=\"Austria\" \/>\n<!-- \/ Yoast SEO Premium plugin. -->","yoast_head_json":{"title":"Einfachseil 50m - Beal Virus 10mm - g\u00fcnstig online kaufen | bolting.eu","description":"Hier findest Du das EINFACHSEIL 50m - Beal Virus 10mm. Ein \u00e4u\u00dferst preisg\u00fcnstiges Allroundseil f\u00fcr\u00b4s Kletterm Bergsteigen und Freizeit!","robots":{"index":"index","follow":"follow","max-snippet":"max-snippet:-1","max-image-preview":"max-image-preview:large","max-video-preview":"max-video-preview:-1"},"canonical":"https:\/\/bolting.eu\/en\/shop\/einfachseil-50m-beal-virus-10mm\/","og_locale":"en_US","og_type":"article","og_title":"Einfachseil 50m - Beal Virus 10mm","og_description":"Hier findest Du das EINFACHSEIL 50m - Beal Virus 10mm. Ein \u00e4u\u00dferst preisg\u00fcnstiges Allroundseil f\u00fcr\u00b4s Kletterm Bergsteigen und Freizeit!","og_url":"https:\/\/bolting.eu\/en\/shop\/einfachseil-50m-beal-virus-10mm\/","og_site_name":"bolting.eu","article_publisher":"https:\/\/www.facebook.com\/bolting.eu","article_modified_time":"2025-04-25T14:03:08+00:00","og_image":[{"width":700,"height":700,"url":"https:\/\/bolting.eu\/wp-content\/uploads\/2021\/11\/Einfachseil-5m-Beal-Virus-1.jpg","type":"image\/jpeg"}],"twitter_card":"summary_large_image","twitter_misc":{"Price":"&euro;&nbsp;132,90","Availability":"Out of stock"},"schema":{"@context":"https:\/\/schema.org","@graph":[{"@type":["WebPage","ItemPage"],"@id":"https:\/\/bolting.eu\/en\/shop\/einfachseil-50m-beal-virus-10mm\/","url":"https:\/\/bolting.eu\/en\/shop\/einfachseil-50m-beal-virus-10mm\/","name":"Einfachseil 50m - Beal Virus 10mm - g\u00fcnstig online kaufen | bolting.eu","isPartOf":{"@id":"https:\/\/bolting.eu\/en\/#website"},"primaryImageOfPage":{"@id":"https:\/\/bolting.eu\/en\/shop\/einfachseil-50m-beal-virus-10mm\/#primaryimage"},"image":{"@id":"https:\/\/bolting.eu\/en\/shop\/einfachseil-50m-beal-virus-10mm\/#primaryimage"},"thumbnailUrl":"https:\/\/bolting.eu\/wp-content\/uploads\/2021\/11\/Einfachseil-5m-Beal-Virus-1.jpg","datePublished":"2021-11-11T12:02:40+00:00","dateModified":"2025-04-25T14:03:08+00:00","description":"Hier findest Du das EINFACHSEIL 50m - Beal Virus 10mm. Ein \u00e4u\u00dferst preisg\u00fcnstiges Allroundseil f\u00fcr\u00b4s Kletterm Bergsteigen und Freizeit!","breadcrumb":{"@id":"https:\/\/bolting.eu\/en\/shop\/einfachseil-50m-beal-virus-10mm\/#breadcrumb"},"inLanguage":"en-US","potentialAction":[{"@type":"ReadAction","target":["https:\/\/bolting.eu\/en\/shop\/einfachseil-50m-beal-virus-10mm\/"]}]},{"@type":"ImageObject","inLanguage":"en-US","@id":"https:\/\/bolting.eu\/en\/shop\/einfachseil-50m-beal-virus-10mm\/#primaryimage","url":"https:\/\/bolting.eu\/wp-content\/uploads\/2021\/11\/Einfachseil-5m-Beal-Virus-1.jpg","contentUrl":"https:\/\/bolting.eu\/wp-content\/uploads\/2021\/11\/Einfachseil-5m-Beal-Virus-1.jpg","width":700,"height":700,"caption":"Das Bild zeigt das Einfachseil 50m - Beal Virus in der Originalverpackung auf einem wei\u00dfem Quadrat."},{"@type":"BreadcrumbList","@id":"https:\/\/bolting.eu\/en\/shop\/einfachseil-50m-beal-virus-10mm\/#breadcrumb","itemListElement":[{"@type":"ListItem","position":1,"name":"Shop","item":"https:\/\/bolting.eu\/en\/shop\/"},{"@type":"ListItem","position":2,"name":"climbing equipment","item":"https:\/\/bolting.eu\/en\/produkt-kategorie\/climbing-equipment\/"},{"@type":"ListItem","position":3,"name":"Kletterseil","item":"https:\/\/bolting.eu\/produkt-kategorie\/kletterausruestung\/kletterseil\/"},{"@type":"ListItem","position":4,"name":"Einfachseil 50m &#8211; Beal Virus 10mm"}]},{"@type":"WebSite","@id":"https:\/\/bolting.eu\/en\/#website","url":"https:\/\/bolting.eu\/en\/","name":"bolting.eu","description":"we make climbs happen","publisher":{"@id":"https:\/\/bolting.eu\/en\/#organization"},"potentialAction":[{"@type":"SearchAction","target":{"@type":"EntryPoint","urlTemplate":"https:\/\/bolting.eu\/en\/?s={search_term_string}"},"query-input":{"@type":"PropertyValueSpecification","valueRequired":true,"valueName":"search_term_string"}}],"inLanguage":"en-US"},{"@type":["Organization","Place","SportingGoodsStore"],"@id":"https:\/\/bolting.eu\/en\/#organization","name":"bolting.eu","url":"https:\/\/bolting.eu\/en\/","logo":{"@id":"https:\/\/bolting.eu\/en\/shop\/einfachseil-50m-beal-virus-10mm\/#local-main-organization-logo"},"image":{"@id":"https:\/\/bolting.eu\/en\/shop\/einfachseil-50m-beal-virus-10mm\/#local-main-organization-logo"},"sameAs":["https:\/\/www.facebook.com\/bolting.eu","https:\/\/www.instagram.com\/bolting.eu\/"],"address":{"@id":"https:\/\/bolting.eu\/en\/shop\/einfachseil-50m-beal-virus-10mm\/#local-main-place-address"},"geo":{"@type":"GeoCoordinates","latitude":"47.264176340396226","longitude":"11.380109057672346"},"telephone":["+43 699 19083372"],"openingHoursSpecification":[{"@type":"OpeningHoursSpecification","dayOfWeek":["Monday","Wednesday","Friday"],"opens":"14:00","closes":"18:00"},{"@type":"OpeningHoursSpecification","dayOfWeek":["Tuesday","Thursday","Saturday","Sunday"],"opens":"00:00","closes":"00:00"}],"email":"office@bolting.eu","vatID":"ATU59999728","priceRange":"$$","currenciesAccepted":"Euro"},{"@type":"PostalAddress","@id":"https:\/\/bolting.eu\/en\/shop\/einfachseil-50m-beal-virus-10mm\/#local-main-place-address","streetAddress":"Fischnalerstra\u00dfe 4","addressLocality":"Innsbruck","postalCode":"6020","addressRegion":"Tirol","addressCountry":"AT"},{"@type":"ImageObject","inLanguage":"en-US","@id":"https:\/\/bolting.eu\/en\/shop\/einfachseil-50m-beal-virus-10mm\/#local-main-organization-logo","url":"https:\/\/bolting.eu\/wp-content\/uploads\/2019\/09\/bolting-logo.png","contentUrl":"https:\/\/bolting.eu\/wp-content\/uploads\/2019\/09\/bolting-logo.png","width":400,"height":211,"caption":"bolting.eu"}]},"product_price_amount":"132.90","product_price_currency":"EUR","og_availability":"out of stock","product_availability":"out of stock","product_retailer_item_id":"BC100V.50.G","product_condition":"new","geo.placename":"Innsbruck","geo.position":{"lat":"47.264176340396226","long":"11.380109057672346"},"geo.region":"Austria"},"_links":{"self":[{"href":"https:\/\/bolting.eu\/en\/wp-json\/wp\/v2\/product\/10525","targetHints":{"allow":["GET"]}}],"collection":[{"href":"https:\/\/bolting.eu\/en\/wp-json\/wp\/v2\/product"}],"about":[{"href":"https:\/\/bolting.eu\/en\/wp-json\/wp\/v2\/types\/product"}],"replies":[{"embeddable":true,"href":"https:\/\/bolting.eu\/en\/wp-json\/wp\/v2\/comments?post=10525"}],"wp:featuredmedia":[{"embeddable":true,"href":"https:\/\/bolting.eu\/en\/wp-json\/wp\/v2\/media\/10526"}],"wp:attachment":[{"href":"https:\/\/bolting.eu\/en\/wp-json\/wp\/v2\/media?parent=10525"}],"wp:term":[{"taxonomy":"product_brand","embeddable":true,"href":"https:\/\/bolting.eu\/en\/wp-json\/wp\/v2\/product_brand?post=10525"},{"taxonomy":"product_cat","embeddable":true,"href":"https:\/\/bolting.eu\/en\/wp-json\/wp\/v2\/product_cat?post=10525"},{"taxonomy":"product_tag","embeddable":true,"href":"https:\/\/bolting.eu\/en\/wp-json\/wp\/v2\/product_tag?post=10525"}],"curies":[{"name":"wp","href":"https:\/\/api.w.org\/{rel}","templated":true}]}}