{"id":10515,"date":"2021-11-11T11:15:15","date_gmt":"2021-11-11T10:15:15","guid":{"rendered":"https:\/\/bolting.eu\/?post_type=product&#038;p=10515"},"modified":"2026-04-08T15:49:41","modified_gmt":"2026-04-08T13:49:41","slug":"beal-opera-8-5-mm","status":"publish","type":"product","link":"https:\/\/bolting.eu\/en\/shop\/beal-opera-8-5-mm\/","title":{"rendered":"Beal Opera 8.5mm"},"content":{"rendered":"<p>Das Beal Opera 8.5mm ist das d\u00fcnnste und leichteste Einfachseil der Welt! Denn dieses 3-fach zertifizierte Seil wiegt gerade einmal 48 Gramm!<\/p>\n<p>D.h. dieses Seil ist zudem auch als Doppelseil (a.k.a. Zwillingsseil) und Halbseil zugelassen. Dieses Modell ist die &#8220;Standard&#8221; Version mit einer &#8220;Dry Cover&#8221; Impr\u00e4gnierung. Folglich ist es besonders gut zum reinen Sportklettern geeignet. Hierbei bietet dieses ultraleichte Modell deutliche Gewichtsvorteile bzw. erleichtert das Einh\u00e4ngen von <a href=\"https:\/\/bolting.eu\/produkt-kategorie\/kletterausruestung\/expressschlingen\/\">Expressschlingen<\/a> in langen Routen.<\/p>\n<p>Wie alle Opera Modelle, ist auch dieses in der &#8220;UNICORE&#8221; Technology gefertigt. Hierbei wird der Kern mit dem Mantel fix verwoben. Somit kann dieser bei einem Riss nicht am Kern abgleiten. Ein deutliches Plus an Sicherheit!<\/p>\n<h2>Eigenschaften Beal Opera 8.5mm<\/h2>\n<ul>\n<li>Hersteller: <a href=\"https:\/\/bolting.eu\/produkt-kategorie\/beal\/\">Beal<\/a><\/li>\n<li>Type: 3-fach zertifiziert (Einfach-, Doppelseil (a.k.a. Zwillingsseil) und Halbseil)<\/li>\n<li>Durchmesser: 8,5mm<\/li>\n<li>Material: Polyamid<\/li>\n<li>Gewicht \/ Meter: 48 Gramm<\/li>\n<li>Farbe: blau<\/li>\n<li>L\u00e4ngen: 70m oder 80m<\/li>\n<li>EN Norm 892<\/li>\n<li>Behandlung: <strong>Dry Cover<\/strong><\/li>\n<li>Technologie: Unicore (Mantel+Kern = 1 Einheit)<\/li>\n<li>Mittlere Markierung: yes<\/li>\n<li>Normst\u00fcrze Einfach-, Doppel-, Halbseil: 5, 18, 25+<\/li>\n<li>Mantelanteil: 39%<\/li>\n<li>dyn. Dehnung Einfach-, Doppel-, Halbseil: 37%, 32%, 29%<\/li>\n<li>Fangsto\u00df: 7,4kN (bei 80kg, Einfachseil)<\/li>\n<li>Mantelverschiebung: 0,0mm<\/li>\n<li><a href=\"https:\/\/sport.beal-planet.com\/en\/index.php?controller=attachment&amp;id_attachment=6930\" target=\"_blank\" rel=\"noopener\">Bedienungsanleitung<\/a><\/li>\n<\/ul>\n<h3>F\u00fcr wen ist dieses Seil gedacht?<\/h3>\n<p>Das Beal Opera 8.5mm in der hier vorliegenden &#8220;Standard&#8221; Version ist ein Seil zum Sportklettern. D.h. wir empfehlen es allen, f\u00fcr die geringstes Gewicht und geringste Reibung oberste Priorit\u00e4t haben.<\/p>\n<p>Denn diese beiden Eigenschaften wirken sich beim Klettern an der Leistungsgrenze deutlich aus. Insbesondere wird das Klippen von Expressschlingen weiter oben in langen Routen deutlich leichter!<\/p>\n<p>Wer die Vorteile der 3-fach Zertifizierung im alpinen Gel\u00e4nde, bzw. f\u00fcr\u00b4s Bergf\u00fchren oder das Bergsteigen nutzen will, sollte die Variante mit der &#8220;Golden Dry&#8221; Impr\u00e4gnierung verwenden.<\/p>\n","protected":false},"excerpt":{"rendered":"<p>Das Beal Opera 8.5mm ist das d\u00fcnnste und leichteste Einfachseil der Welt. Diese &#8220;Standard&#8221; Version ist mit der preisg\u00fcnstigeren &#8220;Dry Cover&#8221; Impr\u00e4gnierung versehen und ideal f\u00fcr\u00b4s reine Sportklettern.<br \/>\nEin echtes &#8220;Rennkabel&#8221;!<\/p>\n","protected":false},"featured_media":10516,"comment_status":"open","ping_status":"closed","template":"","meta":[],"product_brand":[],"product_cat":[4663,29,6727],"product_tag":[],"class_list":{"0":"post-10515","1":"product","2":"type-product","3":"status-publish","4":"has-post-thumbnail","6":"product_cat-beal","7":"product_cat-kletterausruestung","8":"product_cat-kletterseil","10":"first","11":"instock","12":"taxable","13":"shipping-taxable","14":"purchasable","15":"product-type-variable"},"yoast_head":"<!-- This site is optimized with the Yoast SEO Premium plugin v26.9 (Yoast SEO v26.9) - https:\/\/yoast.com\/product\/yoast-seo-premium-wordpress\/ -->\n<title>Beal Opera 8.5mm - leichtestes Einfachseil der Welt | bolting.eu<\/title>\n<meta name=\"description\" content=\"Hier findest Du das BEAL OPERA 8.5mm. Das d\u00fcnnste und leichteste Einfachseil der Welt mit nur 48 Gramm pro Meter!\" \/>\n<meta name=\"robots\" content=\"index, follow, max-snippet:-1, max-image-preview:large, max-video-preview:-1\" \/>\n<link rel=\"canonical\" href=\"https:\/\/bolting.eu\/en\/shop\/beal-opera-8-5-mm\/\" \/>\n<meta property=\"og:locale\" content=\"en_US\" \/>\n<meta property=\"og:type\" content=\"article\" \/>\n<meta property=\"og:title\" content=\"Beal Opera 8.5mm\" \/>\n<meta property=\"og:description\" content=\"Hier findest Du das BEAL OPERA 8.5mm. Das d\u00fcnnste und leichteste Einfachseil der Welt mit nur 48 Gramm pro Meter!\" \/>\n<meta property=\"og:url\" content=\"https:\/\/bolting.eu\/en\/shop\/beal-opera-8-5-mm\/\" \/>\n<meta property=\"og:site_name\" content=\"bolting.eu\" \/>\n<meta property=\"article:publisher\" content=\"https:\/\/www.facebook.com\/bolting.eu\" \/>\n<meta property=\"article:modified_time\" content=\"2026-04-08T13:49:41+00:00\" \/>\n<meta property=\"og:image\" content=\"https:\/\/bolting.eu\/wp-content\/uploads\/2021\/11\/Beal-Opera-70m-Standard-blue.jpg\" \/>\n\t<meta property=\"og:image:width\" content=\"700\" \/>\n\t<meta property=\"og:image:height\" content=\"700\" \/>\n\t<meta property=\"og:image:type\" content=\"image\/jpeg\" \/>\n<meta name=\"twitter:card\" content=\"summary_large_image\" \/>\n<meta name=\"twitter:label1\" content=\"Availability\" \/>\n\t<meta name=\"twitter:data1\" content=\"In stock\" \/>\n<script type=\"application\/ld+json\" class=\"yoast-schema-graph\">{\"@context\":\"https:\/\/schema.org\",\"@graph\":[{\"@type\":[\"WebPage\",\"ItemPage\"],\"@id\":\"https:\/\/bolting.eu\/en\/shop\/beal-opera-8-5-mm\/\",\"url\":\"https:\/\/bolting.eu\/en\/shop\/beal-opera-8-5-mm\/\",\"name\":\"Beal Opera 8.5mm - leichtestes Einfachseil der Welt | bolting.eu\",\"isPartOf\":{\"@id\":\"https:\/\/bolting.eu\/en\/#website\"},\"primaryImageOfPage\":{\"@id\":\"https:\/\/bolting.eu\/en\/shop\/beal-opera-8-5-mm\/#primaryimage\"},\"image\":{\"@id\":\"https:\/\/bolting.eu\/en\/shop\/beal-opera-8-5-mm\/#primaryimage\"},\"thumbnailUrl\":\"https:\/\/bolting.eu\/wp-content\/uploads\/2021\/11\/Beal-Opera-70m-Standard-blue.jpg\",\"datePublished\":\"2021-11-11T10:15:15+00:00\",\"dateModified\":\"2026-04-08T13:49:41+00:00\",\"description\":\"Hier findest Du das BEAL OPERA 8.5mm. Das d\u00fcnnste und leichteste Einfachseil der Welt mit nur 48 Gramm pro Meter!\",\"breadcrumb\":{\"@id\":\"https:\/\/bolting.eu\/en\/shop\/beal-opera-8-5-mm\/#breadcrumb\"},\"inLanguage\":\"en-US\",\"potentialAction\":[{\"@type\":\"ReadAction\",\"target\":[\"https:\/\/bolting.eu\/en\/shop\/beal-opera-8-5-mm\/\"]}]},{\"@type\":\"ImageObject\",\"inLanguage\":\"en-US\",\"@id\":\"https:\/\/bolting.eu\/en\/shop\/beal-opera-8-5-mm\/#primaryimage\",\"url\":\"https:\/\/bolting.eu\/wp-content\/uploads\/2021\/11\/Beal-Opera-70m-Standard-blue.jpg\",\"contentUrl\":\"https:\/\/bolting.eu\/wp-content\/uploads\/2021\/11\/Beal-Opera-70m-Standard-blue.jpg\",\"width\":700,\"height\":700,\"caption\":\"Das Bild zeigt das Beal Opera 8.5mm in blauer Farbe auf einem wei\u00dfem Quadrat. MAn erkennt die Originalverpackung mit Logo und Angaben.\"},{\"@type\":\"BreadcrumbList\",\"@id\":\"https:\/\/bolting.eu\/en\/shop\/beal-opera-8-5-mm\/#breadcrumb\",\"itemListElement\":[{\"@type\":\"ListItem\",\"position\":1,\"name\":\"Shop\",\"item\":\"https:\/\/bolting.eu\/en\/shop\/\"},{\"@type\":\"ListItem\",\"position\":2,\"name\":\"climbing equipment\",\"item\":\"https:\/\/bolting.eu\/en\/produkt-kategorie\/climbing-equipment\/\"},{\"@type\":\"ListItem\",\"position\":3,\"name\":\"Kletterseil\",\"item\":\"https:\/\/bolting.eu\/produkt-kategorie\/kletterausruestung\/kletterseil\/\"},{\"@type\":\"ListItem\",\"position\":4,\"name\":\"Beal Opera 8.5mm\"}]},{\"@type\":\"WebSite\",\"@id\":\"https:\/\/bolting.eu\/en\/#website\",\"url\":\"https:\/\/bolting.eu\/en\/\",\"name\":\"bolting.eu\",\"description\":\"we make climbs happen\",\"publisher\":{\"@id\":\"https:\/\/bolting.eu\/en\/#organization\"},\"potentialAction\":[{\"@type\":\"SearchAction\",\"target\":{\"@type\":\"EntryPoint\",\"urlTemplate\":\"https:\/\/bolting.eu\/en\/?s={search_term_string}\"},\"query-input\":{\"@type\":\"PropertyValueSpecification\",\"valueRequired\":true,\"valueName\":\"search_term_string\"}}],\"inLanguage\":\"en-US\"},{\"@type\":[\"Organization\",\"Place\",\"SportingGoodsStore\"],\"@id\":\"https:\/\/bolting.eu\/en\/#organization\",\"name\":\"bolting.eu\",\"url\":\"https:\/\/bolting.eu\/en\/\",\"logo\":{\"@id\":\"https:\/\/bolting.eu\/en\/shop\/beal-opera-8-5-mm\/#local-main-organization-logo\"},\"image\":{\"@id\":\"https:\/\/bolting.eu\/en\/shop\/beal-opera-8-5-mm\/#local-main-organization-logo\"},\"sameAs\":[\"https:\/\/www.facebook.com\/bolting.eu\",\"https:\/\/www.instagram.com\/bolting.eu\/\"],\"address\":{\"@id\":\"https:\/\/bolting.eu\/en\/shop\/beal-opera-8-5-mm\/#local-main-place-address\"},\"geo\":{\"@type\":\"GeoCoordinates\",\"latitude\":\"47.264176340396226\",\"longitude\":\"11.380109057672346\"},\"telephone\":[\"+43 699 19083372\"],\"openingHoursSpecification\":[{\"@type\":\"OpeningHoursSpecification\",\"dayOfWeek\":[\"Monday\",\"Wednesday\",\"Friday\"],\"opens\":\"14:00\",\"closes\":\"18:00\"},{\"@type\":\"OpeningHoursSpecification\",\"dayOfWeek\":[\"Tuesday\",\"Thursday\",\"Saturday\",\"Sunday\"],\"opens\":\"00:00\",\"closes\":\"00:00\"}],\"email\":\"office@bolting.eu\",\"vatID\":\"ATU59999728\",\"priceRange\":\"$$\",\"currenciesAccepted\":\"Euro\"},{\"@type\":\"PostalAddress\",\"@id\":\"https:\/\/bolting.eu\/en\/shop\/beal-opera-8-5-mm\/#local-main-place-address\",\"streetAddress\":\"Fischnalerstra\u00dfe 4\",\"addressLocality\":\"Innsbruck\",\"postalCode\":\"6020\",\"addressRegion\":\"Tirol\",\"addressCountry\":\"AT\"},{\"@type\":\"ImageObject\",\"inLanguage\":\"en-US\",\"@id\":\"https:\/\/bolting.eu\/en\/shop\/beal-opera-8-5-mm\/#local-main-organization-logo\",\"url\":\"https:\/\/bolting.eu\/wp-content\/uploads\/2019\/09\/bolting-logo.png\",\"contentUrl\":\"https:\/\/bolting.eu\/wp-content\/uploads\/2019\/09\/bolting-logo.png\",\"width\":400,\"height\":211,\"caption\":\"bolting.eu\"}]}<\/script>\n<meta property=\"og:availability\" content=\"instock\" \/>\n<meta property=\"product:availability\" content=\"instock\" \/>\n<meta property=\"product:condition\" content=\"new\" \/>\n<meta name=\"geo.placename\" content=\"Innsbruck\" \/>\n<meta name=\"geo.position\" content=\"47.264176340396226;11.380109057672346\" \/>\n<meta name=\"geo.region\" content=\"Austria\" \/>\n<!-- \/ Yoast SEO Premium plugin. -->","yoast_head_json":{"title":"Beal Opera 8.5mm - leichtestes Einfachseil der Welt | bolting.eu","description":"Hier findest Du das BEAL OPERA 8.5mm. Das d\u00fcnnste und leichteste Einfachseil der Welt mit nur 48 Gramm pro Meter!","robots":{"index":"index","follow":"follow","max-snippet":"max-snippet:-1","max-image-preview":"max-image-preview:large","max-video-preview":"max-video-preview:-1"},"canonical":"https:\/\/bolting.eu\/en\/shop\/beal-opera-8-5-mm\/","og_locale":"en_US","og_type":"article","og_title":"Beal Opera 8.5mm","og_description":"Hier findest Du das BEAL OPERA 8.5mm. Das d\u00fcnnste und leichteste Einfachseil der Welt mit nur 48 Gramm pro Meter!","og_url":"https:\/\/bolting.eu\/en\/shop\/beal-opera-8-5-mm\/","og_site_name":"bolting.eu","article_publisher":"https:\/\/www.facebook.com\/bolting.eu","article_modified_time":"2026-04-08T13:49:41+00:00","og_image":[{"width":700,"height":700,"url":"https:\/\/bolting.eu\/wp-content\/uploads\/2021\/11\/Beal-Opera-70m-Standard-blue.jpg","type":"image\/jpeg"}],"twitter_card":"summary_large_image","twitter_misc":{"Availability":"In stock"},"schema":{"@context":"https:\/\/schema.org","@graph":[{"@type":["WebPage","ItemPage"],"@id":"https:\/\/bolting.eu\/en\/shop\/beal-opera-8-5-mm\/","url":"https:\/\/bolting.eu\/en\/shop\/beal-opera-8-5-mm\/","name":"Beal Opera 8.5mm - leichtestes Einfachseil der Welt | bolting.eu","isPartOf":{"@id":"https:\/\/bolting.eu\/en\/#website"},"primaryImageOfPage":{"@id":"https:\/\/bolting.eu\/en\/shop\/beal-opera-8-5-mm\/#primaryimage"},"image":{"@id":"https:\/\/bolting.eu\/en\/shop\/beal-opera-8-5-mm\/#primaryimage"},"thumbnailUrl":"https:\/\/bolting.eu\/wp-content\/uploads\/2021\/11\/Beal-Opera-70m-Standard-blue.jpg","datePublished":"2021-11-11T10:15:15+00:00","dateModified":"2026-04-08T13:49:41+00:00","description":"Hier findest Du das BEAL OPERA 8.5mm. Das d\u00fcnnste und leichteste Einfachseil der Welt mit nur 48 Gramm pro Meter!","breadcrumb":{"@id":"https:\/\/bolting.eu\/en\/shop\/beal-opera-8-5-mm\/#breadcrumb"},"inLanguage":"en-US","potentialAction":[{"@type":"ReadAction","target":["https:\/\/bolting.eu\/en\/shop\/beal-opera-8-5-mm\/"]}]},{"@type":"ImageObject","inLanguage":"en-US","@id":"https:\/\/bolting.eu\/en\/shop\/beal-opera-8-5-mm\/#primaryimage","url":"https:\/\/bolting.eu\/wp-content\/uploads\/2021\/11\/Beal-Opera-70m-Standard-blue.jpg","contentUrl":"https:\/\/bolting.eu\/wp-content\/uploads\/2021\/11\/Beal-Opera-70m-Standard-blue.jpg","width":700,"height":700,"caption":"Das Bild zeigt das Beal Opera 8.5mm in blauer Farbe auf einem wei\u00dfem Quadrat. MAn erkennt die Originalverpackung mit Logo und Angaben."},{"@type":"BreadcrumbList","@id":"https:\/\/bolting.eu\/en\/shop\/beal-opera-8-5-mm\/#breadcrumb","itemListElement":[{"@type":"ListItem","position":1,"name":"Shop","item":"https:\/\/bolting.eu\/en\/shop\/"},{"@type":"ListItem","position":2,"name":"climbing equipment","item":"https:\/\/bolting.eu\/en\/produkt-kategorie\/climbing-equipment\/"},{"@type":"ListItem","position":3,"name":"Kletterseil","item":"https:\/\/bolting.eu\/produkt-kategorie\/kletterausruestung\/kletterseil\/"},{"@type":"ListItem","position":4,"name":"Beal Opera 8.5mm"}]},{"@type":"WebSite","@id":"https:\/\/bolting.eu\/en\/#website","url":"https:\/\/bolting.eu\/en\/","name":"bolting.eu","description":"we make climbs happen","publisher":{"@id":"https:\/\/bolting.eu\/en\/#organization"},"potentialAction":[{"@type":"SearchAction","target":{"@type":"EntryPoint","urlTemplate":"https:\/\/bolting.eu\/en\/?s={search_term_string}"},"query-input":{"@type":"PropertyValueSpecification","valueRequired":true,"valueName":"search_term_string"}}],"inLanguage":"en-US"},{"@type":["Organization","Place","SportingGoodsStore"],"@id":"https:\/\/bolting.eu\/en\/#organization","name":"bolting.eu","url":"https:\/\/bolting.eu\/en\/","logo":{"@id":"https:\/\/bolting.eu\/en\/shop\/beal-opera-8-5-mm\/#local-main-organization-logo"},"image":{"@id":"https:\/\/bolting.eu\/en\/shop\/beal-opera-8-5-mm\/#local-main-organization-logo"},"sameAs":["https:\/\/www.facebook.com\/bolting.eu","https:\/\/www.instagram.com\/bolting.eu\/"],"address":{"@id":"https:\/\/bolting.eu\/en\/shop\/beal-opera-8-5-mm\/#local-main-place-address"},"geo":{"@type":"GeoCoordinates","latitude":"47.264176340396226","longitude":"11.380109057672346"},"telephone":["+43 699 19083372"],"openingHoursSpecification":[{"@type":"OpeningHoursSpecification","dayOfWeek":["Monday","Wednesday","Friday"],"opens":"14:00","closes":"18:00"},{"@type":"OpeningHoursSpecification","dayOfWeek":["Tuesday","Thursday","Saturday","Sunday"],"opens":"00:00","closes":"00:00"}],"email":"office@bolting.eu","vatID":"ATU59999728","priceRange":"$$","currenciesAccepted":"Euro"},{"@type":"PostalAddress","@id":"https:\/\/bolting.eu\/en\/shop\/beal-opera-8-5-mm\/#local-main-place-address","streetAddress":"Fischnalerstra\u00dfe 4","addressLocality":"Innsbruck","postalCode":"6020","addressRegion":"Tirol","addressCountry":"AT"},{"@type":"ImageObject","inLanguage":"en-US","@id":"https:\/\/bolting.eu\/en\/shop\/beal-opera-8-5-mm\/#local-main-organization-logo","url":"https:\/\/bolting.eu\/wp-content\/uploads\/2019\/09\/bolting-logo.png","contentUrl":"https:\/\/bolting.eu\/wp-content\/uploads\/2019\/09\/bolting-logo.png","width":400,"height":211,"caption":"bolting.eu"}]},"og_availability":"instock","product_availability":"instock","product_condition":"new","geo.placename":"Innsbruck","geo.position":{"lat":"47.264176340396226","long":"11.380109057672346"},"geo.region":"Austria"},"_links":{"self":[{"href":"https:\/\/bolting.eu\/en\/wp-json\/wp\/v2\/product\/10515","targetHints":{"allow":["GET"]}}],"collection":[{"href":"https:\/\/bolting.eu\/en\/wp-json\/wp\/v2\/product"}],"about":[{"href":"https:\/\/bolting.eu\/en\/wp-json\/wp\/v2\/types\/product"}],"replies":[{"embeddable":true,"href":"https:\/\/bolting.eu\/en\/wp-json\/wp\/v2\/comments?post=10515"}],"wp:featuredmedia":[{"embeddable":true,"href":"https:\/\/bolting.eu\/en\/wp-json\/wp\/v2\/media\/10516"}],"wp:attachment":[{"href":"https:\/\/bolting.eu\/en\/wp-json\/wp\/v2\/media?parent=10515"}],"wp:term":[{"taxonomy":"product_brand","embeddable":true,"href":"https:\/\/bolting.eu\/en\/wp-json\/wp\/v2\/product_brand?post=10515"},{"taxonomy":"product_cat","embeddable":true,"href":"https:\/\/bolting.eu\/en\/wp-json\/wp\/v2\/product_cat?post=10515"},{"taxonomy":"product_tag","embeddable":true,"href":"https:\/\/bolting.eu\/en\/wp-json\/wp\/v2\/product_tag?post=10515"}],"curies":[{"name":"wp","href":"https:\/\/api.w.org\/{rel}","templated":true}]}}