{"id":10509,"date":"2021-11-11T09:37:56","date_gmt":"2021-11-11T08:37:56","guid":{"rendered":"https:\/\/bolting.eu\/?post_type=product&#038;p=10509"},"modified":"2023-06-21T15:13:40","modified_gmt":"2023-06-21T13:13:40","slug":"beal-joker-dry-cover-91mm","status":"publish","type":"product","link":"https:\/\/bolting.eu\/en\/shop\/beal-joker-dry-cover-91mm\/","title":{"rendered":"Beal Joker Dry Cover 9,1mm"},"content":{"rendered":"<p>Das Beal Joker Dry Cover ist ein leichtes Seil mit Dreifach-Zertifizierung. Wir empfehlen es vor allem f\u00fcr\u00b4s Sportklettern.<\/p>\n<p>Denn zum einen ergibt sich aus dem d\u00fcnnen 9,1mm Durchmesser ein geringes Gewicht von gerade einmal 52 Gramm pro Meter. Und zum anderen sorgt die preiswerte &#8220;Dry Cover&#8221; Impr\u00e4gnierung f\u00fcr den Schutz des Mantels. Drittens ist es durch die 9,1mm Durchmesser ideal f\u00fcr alle m\u00f6glichen Sicherungsger\u00e4te zu verwenden, wie z.B. dem <a href=\"https:\/\/bolting.eu\/shop\/petzl-grigri-2\/\">Petzl GriGri 2.<\/a><\/p>\n<p>Wie alle Joker Modelle ist dieses Kletterseil im &#8220;Unicore&#8221; Verfahren hergestellt. D.h. der Kern und Mantel sind miteinander verwoben. Somit kann ggf. der gerissene Mantel nicht verrutschen.<\/p>\n<p>Wer das dreifach zertifizierte Joker f\u00fcr alpine Abenteuer verwendet, sollte sich die &#8220;Golden Dry&#8221; Variante zulegen!<\/p>\n<h2>Eigenschaften Beal Joker Dry Cover<\/h2>\n<ul>\n<li>Hersteller: <a href=\"https:\/\/bolting.eu\/produkt-kategorie\/beal\/\">Beal<\/a><\/li>\n<li>Type: 3-fach zertifiziert (Einfach-, Doppelseil (a.k.a. Zwillingsseil) und Halbseil)<\/li>\n<li>Durchmesser: 9,1mm<\/li>\n<li>Material: Polyamid<\/li>\n<li>Gewicht \/ Meter: 52 Gramm<\/li>\n<li>Farbe: blau<\/li>\n<li>L\u00e4ngen: 70m oder 80m<\/li>\n<li>EN Norm 892<\/li>\n<li>Behandlung: <strong>Dry Cover<\/strong><\/li>\n<li>Technologie: Unicore (Mantel+Kern = 1 Einheit)<\/li>\n<li>Mittlere Markierung: yes<\/li>\n<li>Normst\u00fcrze Einfach-, Doppel-, Halbseil: 5, 20, 25+<\/li>\n<li>Mantelanteil: 35%<\/li>\n<li>dyn. Dehnung Einfach-, Doppel-, Halbseil: 34%, 32%, 29%<\/li>\n<li>Fangsto\u00df: 8,2kN (bei 80kg, beide Str\u00e4nge)<\/li>\n<li>Mantelverschiebung: 0,0mm<\/li>\n<li><a href=\"https:\/\/sport.beal-planet.com\/en\/index.php?controller=attachment&amp;id_attachment=6930\" target=\"_blank\" rel=\"noopener\">Bedienungsanleitung<\/a><\/li>\n<\/ul>\n<h3>Impr\u00e4gnierter Mantel<\/h3>\n<p>Diese chemische Behandlung Beal Joker Dry Cover 9,1mm seinen Namen. Aber was tut sie eigentlich?<\/p>\n<p>Im Grunde verhindert die Impr\u00e4gnierung das Eindringen von Wasser und Schmutz in die Fasern des Mantels. Somit kann sich dieser zum einen nicht voll saugen, und das Seil bleibt eine Zeit lang trocken.<\/p>\n<p>Und zum anderen erh\u00f6ht das die Lebensdauer des Mantels.<\/p>\n<p>Die noch h\u00f6herwertige Impr\u00e4gnierung w\u00e4re das &#8220;Golden Dry&#8221;. Hierbei wird das gesamte Seil durchtr\u00e4nkt. Folglich ist diese Behandlung etwas f\u00fcr die Verwendung im alpinen Gel\u00e4nde bzw. beim Bergsteigen.<\/p>\n<h3>Beal Joker Dry Cover 9,1mm = Sportkletterseil<\/h3>\n<p>Dieses Kletterseil ist vor allem f\u00fcr den Einsatz in Kletterg\u00e4rten gedacht. Denn es ist leicht, hat eine geringe Reibung an den Expressschlingen und kann mit ganz vielen Sicherungsger\u00e4ten perfekt verwendet werden.<\/p>\n<p>Das Zusammenspiel aus Durchmesser, Gewicht und Impr\u00e4gnierung (Lebensdauer) sind f\u00fcr den Einsatz beim Sportklettern ideal.<\/p>\n","protected":false},"excerpt":{"rendered":"<p>Das Beal Joker 9,1mm Dry Cover ist ein leichtes, dreifach zertifiziertes Seil. Die Impr\u00e4gnierung ist ideal f\u00fcr\u00b4s Sportklettern.<\/p>\n<p>Die UNICORE Technology bringt ein Plus an Sicherheit. Nicht umsonst eines der beliebtesten Seile am Markt.<\/p>\n","protected":false},"featured_media":10510,"comment_status":"open","ping_status":"closed","template":"","meta":[],"product_brand":[],"product_cat":[4663,29,6727],"product_tag":[],"class_list":{"0":"post-10509","1":"product","2":"type-product","3":"status-publish","4":"has-post-thumbnail","6":"product_cat-beal","7":"product_cat-kletterausruestung","8":"product_cat-kletterseil","10":"first","11":"instock","12":"taxable","13":"shipping-taxable","14":"purchasable","15":"product-type-variable"},"yoast_head":"<!-- This site is optimized with the Yoast SEO Premium plugin v26.9 (Yoast SEO v26.9) - https:\/\/yoast.com\/product\/yoast-seo-premium-wordpress\/ -->\n<title>Beal Joker Dry Cover 9,1mm - dreifach zertifiziertes Kletterseil | bolting.eu<\/title>\n<meta name=\"description\" content=\"Hier findest Du das BEAL JOKER 9,1mm DRY COVER. Ein super leichtes, dreifach zertifiziertes Kletterseil f\u00fcr\u00b4s Sportklettern!\" \/>\n<meta name=\"robots\" content=\"index, follow, max-snippet:-1, max-image-preview:large, max-video-preview:-1\" \/>\n<link rel=\"canonical\" href=\"https:\/\/bolting.eu\/en\/shop\/beal-joker-dry-cover-91mm\/\" \/>\n<meta property=\"og:locale\" content=\"en_US\" \/>\n<meta property=\"og:type\" content=\"article\" \/>\n<meta property=\"og:title\" content=\"Beal Joker Dry Cover 9,1mm\" \/>\n<meta property=\"og:description\" content=\"Hier findest Du das BEAL JOKER 9,1mm DRY COVER. Ein super leichtes, dreifach zertifiziertes Kletterseil f\u00fcr\u00b4s Sportklettern!\" \/>\n<meta property=\"og:url\" content=\"https:\/\/bolting.eu\/en\/shop\/beal-joker-dry-cover-91mm\/\" \/>\n<meta property=\"og:site_name\" content=\"bolting.eu\" \/>\n<meta property=\"article:publisher\" content=\"https:\/\/www.facebook.com\/bolting.eu\" \/>\n<meta property=\"article:modified_time\" content=\"2023-06-21T13:13:40+00:00\" \/>\n<meta property=\"og:image\" content=\"https:\/\/bolting.eu\/wp-content\/uploads\/2021\/11\/Beal-Joker-91mm-Dry-Cover.jpg\" \/>\n\t<meta property=\"og:image:width\" content=\"700\" \/>\n\t<meta property=\"og:image:height\" content=\"700\" \/>\n\t<meta property=\"og:image:type\" content=\"image\/jpeg\" \/>\n<meta name=\"twitter:card\" content=\"summary_large_image\" \/>\n<meta name=\"twitter:label1\" content=\"Availability\" \/>\n\t<meta name=\"twitter:data1\" content=\"In stock\" \/>\n<script type=\"application\/ld+json\" class=\"yoast-schema-graph\">{\"@context\":\"https:\/\/schema.org\",\"@graph\":[{\"@type\":[\"WebPage\",\"ItemPage\"],\"@id\":\"https:\/\/bolting.eu\/en\/shop\/beal-joker-dry-cover-91mm\/\",\"url\":\"https:\/\/bolting.eu\/en\/shop\/beal-joker-dry-cover-91mm\/\",\"name\":\"Beal Joker Dry Cover 9,1mm - dreifach zertifiziertes Kletterseil | bolting.eu\",\"isPartOf\":{\"@id\":\"https:\/\/bolting.eu\/en\/#website\"},\"primaryImageOfPage\":{\"@id\":\"https:\/\/bolting.eu\/en\/shop\/beal-joker-dry-cover-91mm\/#primaryimage\"},\"image\":{\"@id\":\"https:\/\/bolting.eu\/en\/shop\/beal-joker-dry-cover-91mm\/#primaryimage\"},\"thumbnailUrl\":\"https:\/\/bolting.eu\/wp-content\/uploads\/2021\/11\/Beal-Joker-91mm-Dry-Cover.jpg\",\"datePublished\":\"2021-11-11T08:37:56+00:00\",\"dateModified\":\"2023-06-21T13:13:40+00:00\",\"description\":\"Hier findest Du das BEAL JOKER 9,1mm DRY COVER. Ein super leichtes, dreifach zertifiziertes Kletterseil f\u00fcr\u00b4s Sportklettern!\",\"breadcrumb\":{\"@id\":\"https:\/\/bolting.eu\/en\/shop\/beal-joker-dry-cover-91mm\/#breadcrumb\"},\"inLanguage\":\"en-US\",\"potentialAction\":[{\"@type\":\"ReadAction\",\"target\":[\"https:\/\/bolting.eu\/en\/shop\/beal-joker-dry-cover-91mm\/\"]}]},{\"@type\":\"ImageObject\",\"inLanguage\":\"en-US\",\"@id\":\"https:\/\/bolting.eu\/en\/shop\/beal-joker-dry-cover-91mm\/#primaryimage\",\"url\":\"https:\/\/bolting.eu\/wp-content\/uploads\/2021\/11\/Beal-Joker-91mm-Dry-Cover.jpg\",\"contentUrl\":\"https:\/\/bolting.eu\/wp-content\/uploads\/2021\/11\/Beal-Joker-91mm-Dry-Cover.jpg\",\"width\":700,\"height\":700,\"caption\":\"Das Bild zeigt ein blaues beal Joker 9,1mm Dry Cover Seil in Originalverpackung. Der Seilstrang ist aufrecht in einem wei\u00dfem Quadrat zu sehen.\"},{\"@type\":\"BreadcrumbList\",\"@id\":\"https:\/\/bolting.eu\/en\/shop\/beal-joker-dry-cover-91mm\/#breadcrumb\",\"itemListElement\":[{\"@type\":\"ListItem\",\"position\":1,\"name\":\"Shop\",\"item\":\"https:\/\/bolting.eu\/en\/shop\/\"},{\"@type\":\"ListItem\",\"position\":2,\"name\":\"climbing equipment\",\"item\":\"https:\/\/bolting.eu\/en\/produkt-kategorie\/climbing-equipment\/\"},{\"@type\":\"ListItem\",\"position\":3,\"name\":\"Kletterseil\",\"item\":\"https:\/\/bolting.eu\/produkt-kategorie\/kletterausruestung\/kletterseil\/\"},{\"@type\":\"ListItem\",\"position\":4,\"name\":\"Beal Joker Dry Cover 9,1mm\"}]},{\"@type\":\"WebSite\",\"@id\":\"https:\/\/bolting.eu\/en\/#website\",\"url\":\"https:\/\/bolting.eu\/en\/\",\"name\":\"bolting.eu\",\"description\":\"we make climbs happen\",\"publisher\":{\"@id\":\"https:\/\/bolting.eu\/en\/#organization\"},\"potentialAction\":[{\"@type\":\"SearchAction\",\"target\":{\"@type\":\"EntryPoint\",\"urlTemplate\":\"https:\/\/bolting.eu\/en\/?s={search_term_string}\"},\"query-input\":{\"@type\":\"PropertyValueSpecification\",\"valueRequired\":true,\"valueName\":\"search_term_string\"}}],\"inLanguage\":\"en-US\"},{\"@type\":[\"Organization\",\"Place\",\"SportingGoodsStore\"],\"@id\":\"https:\/\/bolting.eu\/en\/#organization\",\"name\":\"bolting.eu\",\"url\":\"https:\/\/bolting.eu\/en\/\",\"logo\":{\"@id\":\"https:\/\/bolting.eu\/en\/shop\/beal-joker-dry-cover-91mm\/#local-main-organization-logo\"},\"image\":{\"@id\":\"https:\/\/bolting.eu\/en\/shop\/beal-joker-dry-cover-91mm\/#local-main-organization-logo\"},\"sameAs\":[\"https:\/\/www.facebook.com\/bolting.eu\",\"https:\/\/www.instagram.com\/bolting.eu\/\"],\"address\":{\"@id\":\"https:\/\/bolting.eu\/en\/shop\/beal-joker-dry-cover-91mm\/#local-main-place-address\"},\"geo\":{\"@type\":\"GeoCoordinates\",\"latitude\":\"47.264176340396226\",\"longitude\":\"11.380109057672346\"},\"telephone\":[\"+43 699 19083372\"],\"openingHoursSpecification\":[{\"@type\":\"OpeningHoursSpecification\",\"dayOfWeek\":[\"Monday\",\"Wednesday\",\"Friday\"],\"opens\":\"14:00\",\"closes\":\"18:00\"},{\"@type\":\"OpeningHoursSpecification\",\"dayOfWeek\":[\"Tuesday\",\"Thursday\",\"Saturday\",\"Sunday\"],\"opens\":\"00:00\",\"closes\":\"00:00\"}],\"email\":\"office@bolting.eu\",\"vatID\":\"ATU59999728\",\"priceRange\":\"$$\",\"currenciesAccepted\":\"Euro\"},{\"@type\":\"PostalAddress\",\"@id\":\"https:\/\/bolting.eu\/en\/shop\/beal-joker-dry-cover-91mm\/#local-main-place-address\",\"streetAddress\":\"Fischnalerstra\u00dfe 4\",\"addressLocality\":\"Innsbruck\",\"postalCode\":\"6020\",\"addressRegion\":\"Tirol\",\"addressCountry\":\"AT\"},{\"@type\":\"ImageObject\",\"inLanguage\":\"en-US\",\"@id\":\"https:\/\/bolting.eu\/en\/shop\/beal-joker-dry-cover-91mm\/#local-main-organization-logo\",\"url\":\"https:\/\/bolting.eu\/wp-content\/uploads\/2019\/09\/bolting-logo.png\",\"contentUrl\":\"https:\/\/bolting.eu\/wp-content\/uploads\/2019\/09\/bolting-logo.png\",\"width\":400,\"height\":211,\"caption\":\"bolting.eu\"}]}<\/script>\n<meta property=\"og:availability\" content=\"instock\" \/>\n<meta property=\"product:availability\" content=\"instock\" \/>\n<meta property=\"product:condition\" content=\"new\" \/>\n<meta name=\"geo.placename\" content=\"Innsbruck\" \/>\n<meta name=\"geo.position\" content=\"47.264176340396226;11.380109057672346\" \/>\n<meta name=\"geo.region\" content=\"Austria\" \/>\n<!-- \/ Yoast SEO Premium plugin. -->","yoast_head_json":{"title":"Beal Joker Dry Cover 9,1mm - dreifach zertifiziertes Kletterseil | bolting.eu","description":"Hier findest Du das BEAL JOKER 9,1mm DRY COVER. Ein super leichtes, dreifach zertifiziertes Kletterseil f\u00fcr\u00b4s Sportklettern!","robots":{"index":"index","follow":"follow","max-snippet":"max-snippet:-1","max-image-preview":"max-image-preview:large","max-video-preview":"max-video-preview:-1"},"canonical":"https:\/\/bolting.eu\/en\/shop\/beal-joker-dry-cover-91mm\/","og_locale":"en_US","og_type":"article","og_title":"Beal Joker Dry Cover 9,1mm","og_description":"Hier findest Du das BEAL JOKER 9,1mm DRY COVER. Ein super leichtes, dreifach zertifiziertes Kletterseil f\u00fcr\u00b4s Sportklettern!","og_url":"https:\/\/bolting.eu\/en\/shop\/beal-joker-dry-cover-91mm\/","og_site_name":"bolting.eu","article_publisher":"https:\/\/www.facebook.com\/bolting.eu","article_modified_time":"2023-06-21T13:13:40+00:00","og_image":[{"width":700,"height":700,"url":"https:\/\/bolting.eu\/wp-content\/uploads\/2021\/11\/Beal-Joker-91mm-Dry-Cover.jpg","type":"image\/jpeg"}],"twitter_card":"summary_large_image","twitter_misc":{"Availability":"In stock"},"schema":{"@context":"https:\/\/schema.org","@graph":[{"@type":["WebPage","ItemPage"],"@id":"https:\/\/bolting.eu\/en\/shop\/beal-joker-dry-cover-91mm\/","url":"https:\/\/bolting.eu\/en\/shop\/beal-joker-dry-cover-91mm\/","name":"Beal Joker Dry Cover 9,1mm - dreifach zertifiziertes Kletterseil | bolting.eu","isPartOf":{"@id":"https:\/\/bolting.eu\/en\/#website"},"primaryImageOfPage":{"@id":"https:\/\/bolting.eu\/en\/shop\/beal-joker-dry-cover-91mm\/#primaryimage"},"image":{"@id":"https:\/\/bolting.eu\/en\/shop\/beal-joker-dry-cover-91mm\/#primaryimage"},"thumbnailUrl":"https:\/\/bolting.eu\/wp-content\/uploads\/2021\/11\/Beal-Joker-91mm-Dry-Cover.jpg","datePublished":"2021-11-11T08:37:56+00:00","dateModified":"2023-06-21T13:13:40+00:00","description":"Hier findest Du das BEAL JOKER 9,1mm DRY COVER. Ein super leichtes, dreifach zertifiziertes Kletterseil f\u00fcr\u00b4s Sportklettern!","breadcrumb":{"@id":"https:\/\/bolting.eu\/en\/shop\/beal-joker-dry-cover-91mm\/#breadcrumb"},"inLanguage":"en-US","potentialAction":[{"@type":"ReadAction","target":["https:\/\/bolting.eu\/en\/shop\/beal-joker-dry-cover-91mm\/"]}]},{"@type":"ImageObject","inLanguage":"en-US","@id":"https:\/\/bolting.eu\/en\/shop\/beal-joker-dry-cover-91mm\/#primaryimage","url":"https:\/\/bolting.eu\/wp-content\/uploads\/2021\/11\/Beal-Joker-91mm-Dry-Cover.jpg","contentUrl":"https:\/\/bolting.eu\/wp-content\/uploads\/2021\/11\/Beal-Joker-91mm-Dry-Cover.jpg","width":700,"height":700,"caption":"Das Bild zeigt ein blaues beal Joker 9,1mm Dry Cover Seil in Originalverpackung. Der Seilstrang ist aufrecht in einem wei\u00dfem Quadrat zu sehen."},{"@type":"BreadcrumbList","@id":"https:\/\/bolting.eu\/en\/shop\/beal-joker-dry-cover-91mm\/#breadcrumb","itemListElement":[{"@type":"ListItem","position":1,"name":"Shop","item":"https:\/\/bolting.eu\/en\/shop\/"},{"@type":"ListItem","position":2,"name":"climbing equipment","item":"https:\/\/bolting.eu\/en\/produkt-kategorie\/climbing-equipment\/"},{"@type":"ListItem","position":3,"name":"Kletterseil","item":"https:\/\/bolting.eu\/produkt-kategorie\/kletterausruestung\/kletterseil\/"},{"@type":"ListItem","position":4,"name":"Beal Joker Dry Cover 9,1mm"}]},{"@type":"WebSite","@id":"https:\/\/bolting.eu\/en\/#website","url":"https:\/\/bolting.eu\/en\/","name":"bolting.eu","description":"we make climbs happen","publisher":{"@id":"https:\/\/bolting.eu\/en\/#organization"},"potentialAction":[{"@type":"SearchAction","target":{"@type":"EntryPoint","urlTemplate":"https:\/\/bolting.eu\/en\/?s={search_term_string}"},"query-input":{"@type":"PropertyValueSpecification","valueRequired":true,"valueName":"search_term_string"}}],"inLanguage":"en-US"},{"@type":["Organization","Place","SportingGoodsStore"],"@id":"https:\/\/bolting.eu\/en\/#organization","name":"bolting.eu","url":"https:\/\/bolting.eu\/en\/","logo":{"@id":"https:\/\/bolting.eu\/en\/shop\/beal-joker-dry-cover-91mm\/#local-main-organization-logo"},"image":{"@id":"https:\/\/bolting.eu\/en\/shop\/beal-joker-dry-cover-91mm\/#local-main-organization-logo"},"sameAs":["https:\/\/www.facebook.com\/bolting.eu","https:\/\/www.instagram.com\/bolting.eu\/"],"address":{"@id":"https:\/\/bolting.eu\/en\/shop\/beal-joker-dry-cover-91mm\/#local-main-place-address"},"geo":{"@type":"GeoCoordinates","latitude":"47.264176340396226","longitude":"11.380109057672346"},"telephone":["+43 699 19083372"],"openingHoursSpecification":[{"@type":"OpeningHoursSpecification","dayOfWeek":["Monday","Wednesday","Friday"],"opens":"14:00","closes":"18:00"},{"@type":"OpeningHoursSpecification","dayOfWeek":["Tuesday","Thursday","Saturday","Sunday"],"opens":"00:00","closes":"00:00"}],"email":"office@bolting.eu","vatID":"ATU59999728","priceRange":"$$","currenciesAccepted":"Euro"},{"@type":"PostalAddress","@id":"https:\/\/bolting.eu\/en\/shop\/beal-joker-dry-cover-91mm\/#local-main-place-address","streetAddress":"Fischnalerstra\u00dfe 4","addressLocality":"Innsbruck","postalCode":"6020","addressRegion":"Tirol","addressCountry":"AT"},{"@type":"ImageObject","inLanguage":"en-US","@id":"https:\/\/bolting.eu\/en\/shop\/beal-joker-dry-cover-91mm\/#local-main-organization-logo","url":"https:\/\/bolting.eu\/wp-content\/uploads\/2019\/09\/bolting-logo.png","contentUrl":"https:\/\/bolting.eu\/wp-content\/uploads\/2019\/09\/bolting-logo.png","width":400,"height":211,"caption":"bolting.eu"}]},"og_availability":"instock","product_availability":"instock","product_condition":"new","geo.placename":"Innsbruck","geo.position":{"lat":"47.264176340396226","long":"11.380109057672346"},"geo.region":"Austria"},"_links":{"self":[{"href":"https:\/\/bolting.eu\/en\/wp-json\/wp\/v2\/product\/10509","targetHints":{"allow":["GET"]}}],"collection":[{"href":"https:\/\/bolting.eu\/en\/wp-json\/wp\/v2\/product"}],"about":[{"href":"https:\/\/bolting.eu\/en\/wp-json\/wp\/v2\/types\/product"}],"replies":[{"embeddable":true,"href":"https:\/\/bolting.eu\/en\/wp-json\/wp\/v2\/comments?post=10509"}],"wp:featuredmedia":[{"embeddable":true,"href":"https:\/\/bolting.eu\/en\/wp-json\/wp\/v2\/media\/10510"}],"wp:attachment":[{"href":"https:\/\/bolting.eu\/en\/wp-json\/wp\/v2\/media?parent=10509"}],"wp:term":[{"taxonomy":"product_brand","embeddable":true,"href":"https:\/\/bolting.eu\/en\/wp-json\/wp\/v2\/product_brand?post=10509"},{"taxonomy":"product_cat","embeddable":true,"href":"https:\/\/bolting.eu\/en\/wp-json\/wp\/v2\/product_cat?post=10509"},{"taxonomy":"product_tag","embeddable":true,"href":"https:\/\/bolting.eu\/en\/wp-json\/wp\/v2\/product_tag?post=10509"}],"curies":[{"name":"wp","href":"https:\/\/api.w.org\/{rel}","templated":true}]}}