{"id":10469,"date":"2021-11-06T14:10:18","date_gmt":"2021-11-06T13:10:18","guid":{"rendered":"https:\/\/bolting.eu\/?post_type=product&#038;p=10469"},"modified":"2026-04-14T14:33:49","modified_gmt":"2026-04-14T12:33:49","slug":"petzl-micro-traxion-seilrolle-mit-ruecklaufsperre","status":"publish","type":"product","link":"https:\/\/bolting.eu\/en\/shop\/petzl-micro-traxion-seilrolle-mit-ruecklaufsperre\/","title":{"rendered":"Petzl Micro Traxion &#8211; Seilrolle mit R\u00fccklaufsperre"},"content":{"rendered":"<p>Die Petzl Micro Traxion ist eine Seilrolle mit R\u00fccklaufsperre. Sie ist auch unter dem Namen &#8220;Petzl Mini Traxion&#8221;. bekannt.<\/p>\n<p>Diese kleine Rolle ist aus den Bereichen Alpinismus, Rettungswesen und H\u00f6henarbeiten nicht mehr wegzudenken. Denn sie ist f\u00fcr viele der folgenden Bereiche DER Standard:<\/p>\n<p>Erstens im Bereich der Spaltenbergung. D.h. Bergf\u00fchrer bzw. Alpinisten tragen im vergletscherten Gel\u00e4nde stets diese Rolle bei sich. \u00dcberdies ist diese Seilrolle mit R\u00fccklaufsperre essentiell bei der Selbstrettung. Folglich geh\u00f6rt sie in jede <a href=\"https:\/\/bolting.eu\/bergsteiger-ausruestung\/\">Bergsteigerausr\u00fcstung<\/a>!<\/p>\n<p>Zweitens im Bereich des Rettungswesen. Denn es es um das Thema Flaschenzug geht, dann ist diese Seilrolle dank ihrer R\u00fccklaufsperre ganz vorne mit dabei.<\/p>\n<p>Und drittens ist diese Rolle perfekt zum direkten Aufziehen bzw. Ablassen von leichten Lasten bei H\u00f6henarbeiten.<\/p>\n<p>Wer eine noch kleinere Version kaufen will, sollte sich \u00fcbrigens die &#8220;<a href=\"https:\/\/bolting.eu\/shop\/petzl-nano-traxion\/\">Nano Traxion<\/a>&#8221; anschauen!<\/p>\n<h2>Eigenschaften Micro Traxion<\/h2>\n<ul>\n<li>Hersteller: <a href=\"https:\/\/bolting.eu\/produkt-kategorie\/petzl\/\">Petzl<\/a><\/li>\n<li>Material: Alu (H\u00fclle), Edelstahl (Scheibe, R\u00fccklaufsperre, Karabiner\u00f6se)<\/li>\n<li>Gewicht: 85 Gramm<\/li>\n<li>Normen: EN 567<\/li>\n<li>f\u00fcr Seile Durchmesser 8 \u2013 11mm<\/li>\n<li>38mm Seilscheibe mit gekapselten Kugellager<\/li>\n<li>Wirkungsgrad 91%<\/li>\n<li>2 Modi: reine Umlenkrolle bzw. Umlenkrolle mit\u00a0<strong>R<\/strong>\u00fcck<strong>l<\/strong>auf<strong>s<\/strong>perre\u00a0<strong>RLS<\/strong><\/li>\n<li>Gebrauchslast Umlenkrolle: 5kN<\/li>\n<li>Bruchlast Umlenkrolle: 15kN<\/li>\n<li>Gebrauchslast Umlenkrolle + RLS: 2,5kN<\/li>\n<li>Bruchlast Umlenkrolle + RLS: 4kN<\/li>\n<li>Fixierung der Klemmnocken<\/li>\n<li>Karabiner\u00f6se speziell f\u00fcr Petzl <a href=\"https:\/\/bolting.eu\/shop\/petzl-smd-twist-lock\/\">SM\u00b4D Twist Lock<\/a> bzw. <a href=\"https:\/\/bolting.eu\/shop\/petzl-smd-screw-lock\/\">Petzl SM\u00b4D Screw Lock<\/a><\/li>\n<li><a href=\"https:\/\/www.petzl.com\/DE\/de\/Sport\/Seilrollen\/MICRO-TRAXION#:~:text=Das%20PDF%20herunterladen%20%3A%20technical-notice-MICROTRAXION-1%20-%201.85%20MB\" target=\"_blank\" rel=\"noopener\">Bedienungsanleitung<\/a><\/li>\n<\/ul>\n<h3>Hoch effiziente Seilrolle mit R\u00fccklaufsperre<\/h3>\n<p>Diese Seilrolle ist deswegen so effizient, weil sie ein &#8220;gekapseltes&#8221; Kugellager hat. Somit erreicht sie einen Wirkungsgrad von ca. 91%!<\/p>\n<p>Es ist aber nicht nur der Krafteinsatz &#8220;effizient&#8221;. Denn darunter versteht man auch die Einsatzf\u00e4higkeit bei widrigen Bedingungen. Und hier hat sich die Mini Traxion von Petzl als super verwendbar bei Eis und Schnee heraus gestellt. Dar\u00fcber hinaus funktioniert sie auch bei vereisten Seilen noch extrem gut.<\/p>\n<h3>Video<\/h3>\n<p>Im Folgenden zeigen wir euch ein Produktvideo. Darin seht ihr, wie die Seilrolle mit R\u00fccklaufsperre an gespannten bzw. unbelasteten Seilen montiert wird sowie abgenommen.<\/p>\n<p><iframe loading=\"lazy\" title=\"How to install the MICROTRAXION on the rope\" width=\"1020\" height=\"574\" src=\"https:\/\/www.youtube.com\/embed\/3cu3fQglXyo?feature=oembed\" frameborder=\"0\" allow=\"accelerometer; autoplay; clipboard-write; encrypted-media; gyroscope; picture-in-picture; web-share\" referrerpolicy=\"strict-origin-when-cross-origin\" allowfullscreen><\/iframe><\/p>\n<h3>Mini Reepschnur an Petzl Mini Traxion anbringen!<\/h3>\n<p>Diese Seilrolle mit R\u00fccklaufsperre besitzt ein eigenes kleines Loch an der Unterseite. Dieses ist f\u00fcr eine mini Reepschnur gedacht. Diese muss man hier fixieren und dann ebenso am Petzl SM\u00b4D Karabiner. Dieser hat hierf\u00fcr ebenfalls eine Mini-\u00d6se.<\/p>\n<p>Durch die Verbindung von Seilrolle mit Karabiner, kann diese nicht unabsichtlich hinunterfallen!<\/p>\n<figure id=\"attachment_10470\" aria-describedby=\"caption-attachment-10470\" style=\"width: 557px\" class=\"wp-caption alignnone\"><a href=\"https:\/\/bolting.eu\/wp-content\/uploads\/2021\/11\/Seilrolle-mit-Ruecklaufsperre-2.jpg\"><img loading=\"lazy\" decoding=\"async\" class=\"wp-image-10470 size-medium\" src=\"https:\/\/bolting.eu\/wp-content\/uploads\/2021\/11\/Seilrolle-mit-Ruecklaufsperre-2-557x400.jpg\" alt=\"Das Bild zeigt eine eingeh\u00e4ngte Petzl Mini Traxion mit Reepschnur und angebundenen Karabiner.\" width=\"557\" height=\"400\" srcset=\"https:\/\/bolting.eu\/wp-content\/uploads\/2021\/11\/Seilrolle-mit-Ruecklaufsperre-2-557x400.jpg 557w, https:\/\/bolting.eu\/wp-content\/uploads\/2021\/11\/Seilrolle-mit-Ruecklaufsperre-2-510x366.jpg 510w, https:\/\/bolting.eu\/wp-content\/uploads\/2021\/11\/Seilrolle-mit-Ruecklaufsperre-2-1115x800.jpg 1115w, https:\/\/bolting.eu\/wp-content\/uploads\/2021\/11\/Seilrolle-mit-Ruecklaufsperre-2-768x551.jpg 768w, https:\/\/bolting.eu\/wp-content\/uploads\/2021\/11\/Seilrolle-mit-Ruecklaufsperre-2-600x431.jpg 600w, https:\/\/bolting.eu\/wp-content\/uploads\/2021\/11\/Seilrolle-mit-Ruecklaufsperre-2.jpg 1200w\" sizes=\"auto, (max-width: 557px) 100vw, 557px\" \/><\/a><figcaption id=\"caption-attachment-10470\" class=\"wp-caption-text\">Hier seht ihr, wie man mit einer Mini Reepschnur die Seilrolle mit dem SM\u00b4D Karabiner verbindet!<\/figcaption><\/figure>\n<p>&nbsp;<\/p>\n","protected":false},"excerpt":{"rendered":"<p>Kleine und leichte <strong>Seilrolle mit R\u00fccklaufsperre<\/strong>. Sie ist <strong>DER Standard<\/strong> bei der <strong>Spaltenbergung, Selbstrettung sowie bei Flaschenz\u00fcgen<\/strong>.<\/p>\n<p>Versandkostenfrei bis 2kg in\u00a0<img decoding=\"async\" class=\"emoji\" role=\"img\" draggable=\"false\" src=\"https:\/\/s.w.org\/images\/core\/emoji\/13.1.0\/svg\/1f1e6-1f1f9.svg\" alt=\"\ud83c\udde6\ud83c\uddf9\" \/>\u00a0ab \u20ac 100,- und\u00a0<img decoding=\"async\" class=\"emoji\" role=\"img\" draggable=\"false\" src=\"https:\/\/s.w.org\/images\/core\/emoji\/13.1.0\/svg\/1f1e9-1f1ea.svg\" alt=\"\ud83c\udde9\ud83c\uddea\" \/>\u00a0ab \u20ac 200,-!<\/p>\n","protected":false},"featured_media":10474,"comment_status":"open","ping_status":"closed","template":"","meta":[],"product_brand":[],"product_cat":[35,1210,14093,4586,3660],"product_tag":[],"class_list":{"0":"post-10469","1":"product","2":"type-product","3":"status-publish","4":"has-post-thumbnail","6":"product_cat-einbohr-zubehoer","7":"product_cat-einbohrartikel","8":"product_cat-petzl","9":"product_cat-seilrollen","10":"product_cat-steigklemmen-seilklemmen","12":"first","13":"instock","14":"sale","15":"taxable","16":"shipping-taxable","17":"purchasable","18":"product-type-simple"},"yoast_head":"<!-- This site is optimized with the Yoast SEO Premium plugin v26.9 (Yoast SEO v26.9) - https:\/\/yoast.com\/product\/yoast-seo-premium-wordpress\/ -->\n<title>Petzl Micro Traxion - Seilrolle mit R\u00fccklaufsperre | bolting.eu<\/title>\n<meta name=\"description\" content=\"Petzl Micro Traxion Seilrolle mit R\u00fccklaufsperre beim Kletter Hardwareprofi kaufen \u2705 kostenloser Versand* \u2705 14 Tage R\u00fcckgaberecht \u2705 Co2 neutraler Versand\" \/>\n<meta name=\"robots\" content=\"index, follow, max-snippet:-1, max-image-preview:large, max-video-preview:-1\" \/>\n<link rel=\"canonical\" href=\"https:\/\/bolting.eu\/en\/shop\/petzl-micro-traxion-seilrolle-mit-ruecklaufsperre\/\" \/>\n<meta property=\"og:locale\" content=\"en_US\" \/>\n<meta property=\"og:type\" content=\"article\" \/>\n<meta property=\"og:title\" content=\"Petzl Micro Traxion - Seilrolle mit R\u00fccklaufsperre\" \/>\n<meta property=\"og:description\" content=\"Petzl Micro Traxion Seilrolle mit R\u00fccklaufsperre beim Kletter Hardwareprofi kaufen \u2705 kostenloser Versand* \u2705 14 Tage R\u00fcckgaberecht \u2705 Co2 neutraler Versand\" \/>\n<meta property=\"og:url\" content=\"https:\/\/bolting.eu\/en\/shop\/petzl-micro-traxion-seilrolle-mit-ruecklaufsperre\/\" \/>\n<meta property=\"og:site_name\" content=\"bolting.eu\" \/>\n<meta property=\"article:publisher\" content=\"https:\/\/www.facebook.com\/bolting.eu\" \/>\n<meta property=\"article:modified_time\" content=\"2026-04-14T12:33:49+00:00\" \/>\n<meta property=\"og:image\" content=\"https:\/\/bolting.eu\/wp-content\/uploads\/2021\/11\/Petzl-Micro-Traxion-1.jpg\" \/>\n\t<meta property=\"og:image:width\" content=\"700\" \/>\n\t<meta property=\"og:image:height\" content=\"700\" \/>\n\t<meta property=\"og:image:type\" content=\"image\/jpeg\" \/>\n<meta name=\"twitter:card\" content=\"summary_large_image\" \/>\n<meta name=\"twitter:label1\" content=\"Price\" \/>\n\t<meta name=\"twitter:data1\" content=\"&euro;&nbsp;85,00\" \/>\n\t<meta name=\"twitter:label2\" content=\"Availability\" \/>\n\t<meta name=\"twitter:data2\" content=\"In stock\" \/>\n<script type=\"application\/ld+json\" class=\"yoast-schema-graph\">{\"@context\":\"https:\/\/schema.org\",\"@graph\":[{\"@type\":[\"WebPage\",\"ItemPage\"],\"@id\":\"https:\/\/bolting.eu\/en\/shop\/petzl-micro-traxion-seilrolle-mit-ruecklaufsperre\/\",\"url\":\"https:\/\/bolting.eu\/en\/shop\/petzl-micro-traxion-seilrolle-mit-ruecklaufsperre\/\",\"name\":\"Petzl Micro Traxion - Seilrolle mit R\u00fccklaufsperre | bolting.eu\",\"isPartOf\":{\"@id\":\"https:\/\/bolting.eu\/en\/#website\"},\"primaryImageOfPage\":{\"@id\":\"https:\/\/bolting.eu\/en\/shop\/petzl-micro-traxion-seilrolle-mit-ruecklaufsperre\/#primaryimage\"},\"image\":{\"@id\":\"https:\/\/bolting.eu\/en\/shop\/petzl-micro-traxion-seilrolle-mit-ruecklaufsperre\/#primaryimage\"},\"thumbnailUrl\":\"https:\/\/bolting.eu\/wp-content\/uploads\/2021\/11\/Petzl-Micro-Traxion-1.jpg\",\"datePublished\":\"2021-11-06T13:10:18+00:00\",\"dateModified\":\"2026-04-14T12:33:49+00:00\",\"description\":\"Petzl Micro Traxion Seilrolle mit R\u00fccklaufsperre beim Kletter Hardwareprofi kaufen \u2705 kostenloser Versand* \u2705 14 Tage R\u00fcckgaberecht \u2705 Co2 neutraler Versand\",\"breadcrumb\":{\"@id\":\"https:\/\/bolting.eu\/en\/shop\/petzl-micro-traxion-seilrolle-mit-ruecklaufsperre\/#breadcrumb\"},\"inLanguage\":\"en-US\",\"potentialAction\":[{\"@type\":\"ReadAction\",\"target\":[\"https:\/\/bolting.eu\/en\/shop\/petzl-micro-traxion-seilrolle-mit-ruecklaufsperre\/\"]}]},{\"@type\":\"ImageObject\",\"inLanguage\":\"en-US\",\"@id\":\"https:\/\/bolting.eu\/en\/shop\/petzl-micro-traxion-seilrolle-mit-ruecklaufsperre\/#primaryimage\",\"url\":\"https:\/\/bolting.eu\/wp-content\/uploads\/2021\/11\/Petzl-Micro-Traxion-1.jpg\",\"contentUrl\":\"https:\/\/bolting.eu\/wp-content\/uploads\/2021\/11\/Petzl-Micro-Traxion-1.jpg\",\"width\":700,\"height\":700,\"caption\":\"Das Bild zeigt die goldene Petzl Micro Traxion Seilrolle mit R\u00fccklaufsperre mit hochgeklapptem Klemmnocken.\"},{\"@type\":\"BreadcrumbList\",\"@id\":\"https:\/\/bolting.eu\/en\/shop\/petzl-micro-traxion-seilrolle-mit-ruecklaufsperre\/#breadcrumb\",\"itemListElement\":[{\"@type\":\"ListItem\",\"position\":1,\"name\":\"Shop\",\"item\":\"https:\/\/bolting.eu\/en\/shop\/\"},{\"@type\":\"ListItem\",\"position\":2,\"name\":\"climbing equipment\",\"item\":\"https:\/\/bolting.eu\/en\/produkt-kategorie\/climbing-equipment\/\"},{\"@type\":\"ListItem\",\"position\":3,\"name\":\"Seilrollen\",\"item\":\"https:\/\/bolting.eu\/produkt-kategorie\/kletterausruestung\/seilrollen\/\"},{\"@type\":\"ListItem\",\"position\":4,\"name\":\"Petzl Micro Traxion &#8211; Seilrolle mit R\u00fccklaufsperre\"}]},{\"@type\":\"WebSite\",\"@id\":\"https:\/\/bolting.eu\/en\/#website\",\"url\":\"https:\/\/bolting.eu\/en\/\",\"name\":\"bolting.eu\",\"description\":\"we make climbs happen\",\"publisher\":{\"@id\":\"https:\/\/bolting.eu\/en\/#organization\"},\"potentialAction\":[{\"@type\":\"SearchAction\",\"target\":{\"@type\":\"EntryPoint\",\"urlTemplate\":\"https:\/\/bolting.eu\/en\/?s={search_term_string}\"},\"query-input\":{\"@type\":\"PropertyValueSpecification\",\"valueRequired\":true,\"valueName\":\"search_term_string\"}}],\"inLanguage\":\"en-US\"},{\"@type\":[\"Organization\",\"Place\",\"SportingGoodsStore\"],\"@id\":\"https:\/\/bolting.eu\/en\/#organization\",\"name\":\"bolting.eu\",\"url\":\"https:\/\/bolting.eu\/en\/\",\"logo\":{\"@id\":\"https:\/\/bolting.eu\/en\/shop\/petzl-micro-traxion-seilrolle-mit-ruecklaufsperre\/#local-main-organization-logo\"},\"image\":{\"@id\":\"https:\/\/bolting.eu\/en\/shop\/petzl-micro-traxion-seilrolle-mit-ruecklaufsperre\/#local-main-organization-logo\"},\"sameAs\":[\"https:\/\/www.facebook.com\/bolting.eu\",\"https:\/\/www.instagram.com\/bolting.eu\/\"],\"address\":{\"@id\":\"https:\/\/bolting.eu\/en\/shop\/petzl-micro-traxion-seilrolle-mit-ruecklaufsperre\/#local-main-place-address\"},\"geo\":{\"@type\":\"GeoCoordinates\",\"latitude\":\"47.264176340396226\",\"longitude\":\"11.380109057672346\"},\"telephone\":[\"+43 699 19083372\"],\"openingHoursSpecification\":[{\"@type\":\"OpeningHoursSpecification\",\"dayOfWeek\":[\"Monday\",\"Wednesday\",\"Friday\"],\"opens\":\"14:00\",\"closes\":\"18:00\"},{\"@type\":\"OpeningHoursSpecification\",\"dayOfWeek\":[\"Tuesday\",\"Thursday\",\"Saturday\",\"Sunday\"],\"opens\":\"00:00\",\"closes\":\"00:00\"}],\"email\":\"office@bolting.eu\",\"vatID\":\"ATU59999728\",\"priceRange\":\"$$\",\"currenciesAccepted\":\"Euro\"},{\"@type\":\"PostalAddress\",\"@id\":\"https:\/\/bolting.eu\/en\/shop\/petzl-micro-traxion-seilrolle-mit-ruecklaufsperre\/#local-main-place-address\",\"streetAddress\":\"Fischnalerstra\u00dfe 4\",\"addressLocality\":\"Innsbruck\",\"postalCode\":\"6020\",\"addressRegion\":\"Tirol\",\"addressCountry\":\"AT\"},{\"@type\":\"ImageObject\",\"inLanguage\":\"en-US\",\"@id\":\"https:\/\/bolting.eu\/en\/shop\/petzl-micro-traxion-seilrolle-mit-ruecklaufsperre\/#local-main-organization-logo\",\"url\":\"https:\/\/bolting.eu\/wp-content\/uploads\/2019\/09\/bolting-logo.png\",\"contentUrl\":\"https:\/\/bolting.eu\/wp-content\/uploads\/2019\/09\/bolting-logo.png\",\"width\":400,\"height\":211,\"caption\":\"bolting.eu\"}]}<\/script>\n<meta property=\"og:video\" content=\"https:\/\/www.youtube.com\/embed\/3cu3fQglXyo\" \/>\n<meta property=\"og:video:type\" content=\"text\/html\" \/>\n<meta property=\"og:video:duration\" content=\"99\" \/>\n<meta property=\"og:video:width\" content=\"480\" \/>\n<meta property=\"og:video:height\" content=\"270\" \/>\n<meta property=\"ya:ovs:adult\" content=\"false\" \/>\n<meta property=\"ya:ovs:upload_date\" content=\"2021-11-06T13:10:18+00:00\" \/>\n<meta property=\"ya:ovs:allow_embed\" content=\"true\" \/>\n<meta property=\"product:price:amount\" content=\"85.00\" \/>\n<meta property=\"product:price:currency\" content=\"EUR\" \/>\n<meta property=\"og:availability\" content=\"instock\" \/>\n<meta property=\"product:availability\" content=\"instock\" \/>\n<meta property=\"product:retailer_item_id\" content=\"P53\" \/>\n<meta property=\"product:condition\" content=\"new\" \/>\n<meta name=\"geo.placename\" content=\"Innsbruck\" \/>\n<meta name=\"geo.position\" content=\"47.264176340396226;11.380109057672346\" \/>\n<meta name=\"geo.region\" content=\"Austria\" \/>\n<!-- \/ Yoast SEO Premium plugin. -->","yoast_head_json":{"title":"Petzl Micro Traxion - Seilrolle mit R\u00fccklaufsperre | bolting.eu","description":"Petzl Micro Traxion Seilrolle mit R\u00fccklaufsperre beim Kletter Hardwareprofi kaufen \u2705 kostenloser Versand* \u2705 14 Tage R\u00fcckgaberecht \u2705 Co2 neutraler Versand","robots":{"index":"index","follow":"follow","max-snippet":"max-snippet:-1","max-image-preview":"max-image-preview:large","max-video-preview":"max-video-preview:-1"},"canonical":"https:\/\/bolting.eu\/en\/shop\/petzl-micro-traxion-seilrolle-mit-ruecklaufsperre\/","og_locale":"en_US","og_type":"article","og_title":"Petzl Micro Traxion - Seilrolle mit R\u00fccklaufsperre","og_description":"Petzl Micro Traxion Seilrolle mit R\u00fccklaufsperre beim Kletter Hardwareprofi kaufen \u2705 kostenloser Versand* \u2705 14 Tage R\u00fcckgaberecht \u2705 Co2 neutraler Versand","og_url":"https:\/\/bolting.eu\/en\/shop\/petzl-micro-traxion-seilrolle-mit-ruecklaufsperre\/","og_site_name":"bolting.eu","article_publisher":"https:\/\/www.facebook.com\/bolting.eu","article_modified_time":"2026-04-14T12:33:49+00:00","og_image":[{"width":700,"height":700,"url":"https:\/\/bolting.eu\/wp-content\/uploads\/2021\/11\/Petzl-Micro-Traxion-1.jpg","type":"image\/jpeg"}],"twitter_card":"summary_large_image","twitter_misc":{"Price":"&euro;&nbsp;85,00","Availability":"In stock"},"schema":{"@context":"https:\/\/schema.org","@graph":[{"@type":["WebPage","ItemPage"],"@id":"https:\/\/bolting.eu\/en\/shop\/petzl-micro-traxion-seilrolle-mit-ruecklaufsperre\/","url":"https:\/\/bolting.eu\/en\/shop\/petzl-micro-traxion-seilrolle-mit-ruecklaufsperre\/","name":"Petzl Micro Traxion - Seilrolle mit R\u00fccklaufsperre | bolting.eu","isPartOf":{"@id":"https:\/\/bolting.eu\/en\/#website"},"primaryImageOfPage":{"@id":"https:\/\/bolting.eu\/en\/shop\/petzl-micro-traxion-seilrolle-mit-ruecklaufsperre\/#primaryimage"},"image":{"@id":"https:\/\/bolting.eu\/en\/shop\/petzl-micro-traxion-seilrolle-mit-ruecklaufsperre\/#primaryimage"},"thumbnailUrl":"https:\/\/bolting.eu\/wp-content\/uploads\/2021\/11\/Petzl-Micro-Traxion-1.jpg","datePublished":"2021-11-06T13:10:18+00:00","dateModified":"2026-04-14T12:33:49+00:00","description":"Petzl Micro Traxion Seilrolle mit R\u00fccklaufsperre beim Kletter Hardwareprofi kaufen \u2705 kostenloser Versand* \u2705 14 Tage R\u00fcckgaberecht \u2705 Co2 neutraler Versand","breadcrumb":{"@id":"https:\/\/bolting.eu\/en\/shop\/petzl-micro-traxion-seilrolle-mit-ruecklaufsperre\/#breadcrumb"},"inLanguage":"en-US","potentialAction":[{"@type":"ReadAction","target":["https:\/\/bolting.eu\/en\/shop\/petzl-micro-traxion-seilrolle-mit-ruecklaufsperre\/"]}]},{"@type":"ImageObject","inLanguage":"en-US","@id":"https:\/\/bolting.eu\/en\/shop\/petzl-micro-traxion-seilrolle-mit-ruecklaufsperre\/#primaryimage","url":"https:\/\/bolting.eu\/wp-content\/uploads\/2021\/11\/Petzl-Micro-Traxion-1.jpg","contentUrl":"https:\/\/bolting.eu\/wp-content\/uploads\/2021\/11\/Petzl-Micro-Traxion-1.jpg","width":700,"height":700,"caption":"Das Bild zeigt die goldene Petzl Micro Traxion Seilrolle mit R\u00fccklaufsperre mit hochgeklapptem Klemmnocken."},{"@type":"BreadcrumbList","@id":"https:\/\/bolting.eu\/en\/shop\/petzl-micro-traxion-seilrolle-mit-ruecklaufsperre\/#breadcrumb","itemListElement":[{"@type":"ListItem","position":1,"name":"Shop","item":"https:\/\/bolting.eu\/en\/shop\/"},{"@type":"ListItem","position":2,"name":"climbing equipment","item":"https:\/\/bolting.eu\/en\/produkt-kategorie\/climbing-equipment\/"},{"@type":"ListItem","position":3,"name":"Seilrollen","item":"https:\/\/bolting.eu\/produkt-kategorie\/kletterausruestung\/seilrollen\/"},{"@type":"ListItem","position":4,"name":"Petzl Micro Traxion &#8211; Seilrolle mit R\u00fccklaufsperre"}]},{"@type":"WebSite","@id":"https:\/\/bolting.eu\/en\/#website","url":"https:\/\/bolting.eu\/en\/","name":"bolting.eu","description":"we make climbs happen","publisher":{"@id":"https:\/\/bolting.eu\/en\/#organization"},"potentialAction":[{"@type":"SearchAction","target":{"@type":"EntryPoint","urlTemplate":"https:\/\/bolting.eu\/en\/?s={search_term_string}"},"query-input":{"@type":"PropertyValueSpecification","valueRequired":true,"valueName":"search_term_string"}}],"inLanguage":"en-US"},{"@type":["Organization","Place","SportingGoodsStore"],"@id":"https:\/\/bolting.eu\/en\/#organization","name":"bolting.eu","url":"https:\/\/bolting.eu\/en\/","logo":{"@id":"https:\/\/bolting.eu\/en\/shop\/petzl-micro-traxion-seilrolle-mit-ruecklaufsperre\/#local-main-organization-logo"},"image":{"@id":"https:\/\/bolting.eu\/en\/shop\/petzl-micro-traxion-seilrolle-mit-ruecklaufsperre\/#local-main-organization-logo"},"sameAs":["https:\/\/www.facebook.com\/bolting.eu","https:\/\/www.instagram.com\/bolting.eu\/"],"address":{"@id":"https:\/\/bolting.eu\/en\/shop\/petzl-micro-traxion-seilrolle-mit-ruecklaufsperre\/#local-main-place-address"},"geo":{"@type":"GeoCoordinates","latitude":"47.264176340396226","longitude":"11.380109057672346"},"telephone":["+43 699 19083372"],"openingHoursSpecification":[{"@type":"OpeningHoursSpecification","dayOfWeek":["Monday","Wednesday","Friday"],"opens":"14:00","closes":"18:00"},{"@type":"OpeningHoursSpecification","dayOfWeek":["Tuesday","Thursday","Saturday","Sunday"],"opens":"00:00","closes":"00:00"}],"email":"office@bolting.eu","vatID":"ATU59999728","priceRange":"$$","currenciesAccepted":"Euro"},{"@type":"PostalAddress","@id":"https:\/\/bolting.eu\/en\/shop\/petzl-micro-traxion-seilrolle-mit-ruecklaufsperre\/#local-main-place-address","streetAddress":"Fischnalerstra\u00dfe 4","addressLocality":"Innsbruck","postalCode":"6020","addressRegion":"Tirol","addressCountry":"AT"},{"@type":"ImageObject","inLanguage":"en-US","@id":"https:\/\/bolting.eu\/en\/shop\/petzl-micro-traxion-seilrolle-mit-ruecklaufsperre\/#local-main-organization-logo","url":"https:\/\/bolting.eu\/wp-content\/uploads\/2019\/09\/bolting-logo.png","contentUrl":"https:\/\/bolting.eu\/wp-content\/uploads\/2019\/09\/bolting-logo.png","width":400,"height":211,"caption":"bolting.eu"}]},"og_video":"https:\/\/www.youtube.com\/embed\/3cu3fQglXyo","og_video_type":"text\/html","og_video_duration":"99","og_video_width":"480","og_video_height":"270","ya_ovs_adult":"false","ya_ovs_upload_date":"2021-11-06T13:10:18+00:00","ya_ovs_allow_embed":"true","product_price_amount":"85.00","product_price_currency":"EUR","og_availability":"instock","product_availability":"instock","product_retailer_item_id":"P53","product_condition":"new","geo.placename":"Innsbruck","geo.position":{"lat":"47.264176340396226","long":"11.380109057672346"},"geo.region":"Austria"},"_links":{"self":[{"href":"https:\/\/bolting.eu\/en\/wp-json\/wp\/v2\/product\/10469","targetHints":{"allow":["GET"]}}],"collection":[{"href":"https:\/\/bolting.eu\/en\/wp-json\/wp\/v2\/product"}],"about":[{"href":"https:\/\/bolting.eu\/en\/wp-json\/wp\/v2\/types\/product"}],"replies":[{"embeddable":true,"href":"https:\/\/bolting.eu\/en\/wp-json\/wp\/v2\/comments?post=10469"}],"wp:featuredmedia":[{"embeddable":true,"href":"https:\/\/bolting.eu\/en\/wp-json\/wp\/v2\/media\/10474"}],"wp:attachment":[{"href":"https:\/\/bolting.eu\/en\/wp-json\/wp\/v2\/media?parent=10469"}],"wp:term":[{"taxonomy":"product_brand","embeddable":true,"href":"https:\/\/bolting.eu\/en\/wp-json\/wp\/v2\/product_brand?post=10469"},{"taxonomy":"product_cat","embeddable":true,"href":"https:\/\/bolting.eu\/en\/wp-json\/wp\/v2\/product_cat?post=10469"},{"taxonomy":"product_tag","embeddable":true,"href":"https:\/\/bolting.eu\/en\/wp-json\/wp\/v2\/product_tag?post=10469"}],"curies":[{"name":"wp","href":"https:\/\/api.w.org\/{rel}","templated":true}]}}