{"id":10441,"date":"2021-11-04T11:06:15","date_gmt":"2021-11-04T10:06:15","guid":{"rendered":"https:\/\/bolting.eu\/?post_type=product&#038;p=10441"},"modified":"2026-04-27T10:49:29","modified_gmt":"2026-04-27T08:49:29","slug":"beal-rope-tech-glove","status":"publish","type":"product","link":"https:\/\/bolting.eu\/en\/shop\/beal-rope-tech-glove\/","title":{"rendered":"Beal Rope Tech Glove"},"content":{"rendered":"<p>Ihr sucht einen universellen Handschuh f\u00fcr H\u00f6henarbeiten oder robusten Sicherungshandschuh? Dann seid ihr beim Beal Rope Tech Glove richtig. Denn dieser Kletterhandschuh ist ein fein ausbalanciertes Modell mit klasse Eigenschaften.<\/p>\n<p>Zum einen bestehen Handinnenfl\u00e4che bzw- Au\u00dfenfl\u00e4che aus unterschiedlichen Materialien. Im Bereich der Handfl\u00e4che bzw. Handballen sowie an den Fingern sorgt Leder f\u00fcr hohe Abriebfestigkeit beim Rope Tech Glove. Auf der Hand R\u00fcckseite bietet synthetisches Material sowohl die n\u00f6tige Atmungsaktivit\u00e4t als auch Elastizit\u00e4t.<\/p>\n<p>Eine \u00d6se im Bereich des inneren Handgelenks\u00a0erm\u00f6glicht das praktische Aufh\u00e4ngen am <a href=\"https:\/\/bolting.eu\/produkt-kategorie\/kletterausruestung\/klettergurte\/\">Klettergurt<\/a>.<\/p>\n<p>Fazit. Der <a href=\"https:\/\/www.beal-planet.com\" target=\"_blank\" rel=\"noopener\">Hersteller<\/a> hat hier sauber gefertigt, ordentlich robust und fairer Preis. Eine klare Kaufempfehlung!<\/p>\n<h2>Eigenschaften Beal Rope Tech Glove<\/h2>\n<ul>\n<li>Hersteller: <a href=\"https:\/\/bolting.eu\/produkt-kategorie\/beal\/\">Beal<\/a><\/li>\n<li>Material: Leder Handfl\u00e4che bzw. Synthetik Material Handr\u00fccken<\/li>\n<li>Farbe: schwarz<\/li>\n<li>Gewicht: 125 Gramm<\/li>\n<li>ideal f\u00fcr H\u00f6henarbeiten oder als Sicherungshandschuh<\/li>\n<li>auch f\u00fcr Klettersteige geeignet<\/li>\n<li>angenehm weich<\/li>\n<li>gute Bel\u00fcftung<\/li>\n<li>an wichtigen Stellen verst\u00e4rkt<\/li>\n<li>wird gerne gekauft mit <a href=\"https:\/\/bolting.eu\/produkt-kategorie\/kletterausruestung\/kletterkarabiner\/karabiner-schwarz\/\">schwarzem Karabiner<\/a><\/li>\n<\/ul>\n<p>&nbsp;<\/p>\n","protected":false},"excerpt":{"rendered":"<p>Der Beal Rope Tech Glove ist ein universeller Handschuh f\u00fcr H\u00f6henarbeiter. Er hat seine St\u00e4rken bei arbeitsintensiven T\u00e4tigkeiten wie Felsr\u00e4umungen, Klettersteigbau oder oftmaligem Seilauf- und Abstieg.<\/p>\n<p>Die Inneseite ist aus echtem Leder, die Hand R\u00fcckseite aus Synthetik Material. Wichtiges Detail: die Karabiner\u00f6se zum Anh\u00e4ngen!<\/p>\n","protected":false},"featured_media":10442,"comment_status":"open","ping_status":"closed","template":"","meta":[],"product_brand":[],"product_cat":[4663,6491,14054,29,14319,1210],"product_tag":[],"class_list":{"0":"post-10441","1":"product","2":"type-product","3":"status-publish","4":"has-post-thumbnail","6":"product_cat-beal","7":"product_cat-kletterhandschuhe","8":"product_cat-schutzausruestung","9":"product_cat-kletterausruestung","10":"product_cat-sale-klettern","11":"product_cat-einbohrartikel","13":"first","14":"outofstock","15":"sale","16":"taxable","17":"shipping-taxable","18":"purchasable","19":"product-type-variable"},"yoast_head":"<!-- This site is optimized with the Yoast SEO Premium plugin v26.9 (Yoast SEO v26.9) - https:\/\/yoast.com\/product\/yoast-seo-premium-wordpress\/ -->\n<title>Beal Rope Tech Glove - universeller H\u00f6henarbeiter Handschuh | bolting.eu<\/title>\n<meta name=\"description\" content=\"Hier findest Du den BEAL ROPE TECH GLOVE. Einen universellen Handschuh f\u00fcr H\u00f6henarbeiter bzw. als Sicherungshandschuh beim Klettern.\" \/>\n<meta name=\"robots\" content=\"index, follow, max-snippet:-1, max-image-preview:large, max-video-preview:-1\" \/>\n<link rel=\"canonical\" href=\"https:\/\/bolting.eu\/en\/shop\/beal-rope-tech-glove\/\" \/>\n<meta property=\"og:locale\" content=\"en_US\" \/>\n<meta property=\"og:type\" content=\"article\" \/>\n<meta property=\"og:title\" content=\"Beal Rope Tech Glove\" \/>\n<meta property=\"og:description\" content=\"Hier findest Du den BEAL ROPE TECH GLOVE. Einen universellen Handschuh f\u00fcr H\u00f6henarbeiter bzw. als Sicherungshandschuh beim Klettern.\" \/>\n<meta property=\"og:url\" content=\"https:\/\/bolting.eu\/en\/shop\/beal-rope-tech-glove\/\" \/>\n<meta property=\"og:site_name\" content=\"bolting.eu\" \/>\n<meta property=\"article:publisher\" content=\"https:\/\/www.facebook.com\/bolting.eu\" \/>\n<meta property=\"article:modified_time\" content=\"2026-04-27T08:49:29+00:00\" \/>\n<meta property=\"og:image\" content=\"https:\/\/bolting.eu\/wp-content\/uploads\/2021\/11\/Beal-Rope-Tech-Glove-black-2.jpg\" \/>\n\t<meta property=\"og:image:width\" content=\"700\" \/>\n\t<meta property=\"og:image:height\" content=\"700\" \/>\n\t<meta property=\"og:image:type\" content=\"image\/jpeg\" \/>\n<meta name=\"twitter:card\" content=\"summary_large_image\" \/>\n<meta name=\"twitter:label1\" content=\"Availability\" \/>\n\t<meta name=\"twitter:data1\" content=\"Out of stock\" \/>\n<script type=\"application\/ld+json\" class=\"yoast-schema-graph\">{\"@context\":\"https:\/\/schema.org\",\"@graph\":[{\"@type\":[\"WebPage\",\"ItemPage\"],\"@id\":\"https:\/\/bolting.eu\/en\/shop\/beal-rope-tech-glove\/\",\"url\":\"https:\/\/bolting.eu\/en\/shop\/beal-rope-tech-glove\/\",\"name\":\"Beal Rope Tech Glove - universeller H\u00f6henarbeiter Handschuh | bolting.eu\",\"isPartOf\":{\"@id\":\"https:\/\/bolting.eu\/en\/#website\"},\"primaryImageOfPage\":{\"@id\":\"https:\/\/bolting.eu\/en\/shop\/beal-rope-tech-glove\/#primaryimage\"},\"image\":{\"@id\":\"https:\/\/bolting.eu\/en\/shop\/beal-rope-tech-glove\/#primaryimage\"},\"thumbnailUrl\":\"https:\/\/bolting.eu\/wp-content\/uploads\/2021\/11\/Beal-Rope-Tech-Glove-black-2.jpg\",\"datePublished\":\"2021-11-04T10:06:15+00:00\",\"dateModified\":\"2026-04-27T08:49:29+00:00\",\"description\":\"Hier findest Du den BEAL ROPE TECH GLOVE. Einen universellen Handschuh f\u00fcr H\u00f6henarbeiter bzw. als Sicherungshandschuh beim Klettern.\",\"breadcrumb\":{\"@id\":\"https:\/\/bolting.eu\/en\/shop\/beal-rope-tech-glove\/#breadcrumb\"},\"inLanguage\":\"en-US\",\"potentialAction\":[{\"@type\":\"ReadAction\",\"target\":[\"https:\/\/bolting.eu\/en\/shop\/beal-rope-tech-glove\/\"]}]},{\"@type\":\"ImageObject\",\"inLanguage\":\"en-US\",\"@id\":\"https:\/\/bolting.eu\/en\/shop\/beal-rope-tech-glove\/#primaryimage\",\"url\":\"https:\/\/bolting.eu\/wp-content\/uploads\/2021\/11\/Beal-Rope-Tech-Glove-black-2.jpg\",\"contentUrl\":\"https:\/\/bolting.eu\/wp-content\/uploads\/2021\/11\/Beal-Rope-Tech-Glove-black-2.jpg\",\"width\":700,\"height\":700,\"caption\":\"Das Bild zeigt die Innenseite des schwarzen Kletterhandschuhs Beal Rope Tech Glove. Ein Handschuh liegt ausgespreizt in Bildmitte, der Daumen ist links.\"},{\"@type\":\"BreadcrumbList\",\"@id\":\"https:\/\/bolting.eu\/en\/shop\/beal-rope-tech-glove\/#breadcrumb\",\"itemListElement\":[{\"@type\":\"ListItem\",\"position\":1,\"name\":\"Shop\",\"item\":\"https:\/\/bolting.eu\/en\/shop\/\"},{\"@type\":\"ListItem\",\"position\":2,\"name\":\"climbing equipment\",\"item\":\"https:\/\/bolting.eu\/en\/produkt-kategorie\/climbing-equipment\/\"},{\"@type\":\"ListItem\",\"position\":3,\"name\":\"Climbing gloves\",\"item\":\"https:\/\/bolting.eu\/en\/produkt-kategorie\/climbing-gloves\/\"},{\"@type\":\"ListItem\",\"position\":4,\"name\":\"Beal Rope Tech Glove\"}]},{\"@type\":\"WebSite\",\"@id\":\"https:\/\/bolting.eu\/en\/#website\",\"url\":\"https:\/\/bolting.eu\/en\/\",\"name\":\"bolting.eu\",\"description\":\"we make climbs happen\",\"publisher\":{\"@id\":\"https:\/\/bolting.eu\/en\/#organization\"},\"potentialAction\":[{\"@type\":\"SearchAction\",\"target\":{\"@type\":\"EntryPoint\",\"urlTemplate\":\"https:\/\/bolting.eu\/en\/?s={search_term_string}\"},\"query-input\":{\"@type\":\"PropertyValueSpecification\",\"valueRequired\":true,\"valueName\":\"search_term_string\"}}],\"inLanguage\":\"en-US\"},{\"@type\":[\"Organization\",\"Place\",\"SportingGoodsStore\"],\"@id\":\"https:\/\/bolting.eu\/en\/#organization\",\"name\":\"bolting.eu\",\"url\":\"https:\/\/bolting.eu\/en\/\",\"logo\":{\"@id\":\"https:\/\/bolting.eu\/en\/shop\/beal-rope-tech-glove\/#local-main-organization-logo\"},\"image\":{\"@id\":\"https:\/\/bolting.eu\/en\/shop\/beal-rope-tech-glove\/#local-main-organization-logo\"},\"sameAs\":[\"https:\/\/www.facebook.com\/bolting.eu\",\"https:\/\/www.instagram.com\/bolting.eu\/\"],\"address\":{\"@id\":\"https:\/\/bolting.eu\/en\/shop\/beal-rope-tech-glove\/#local-main-place-address\"},\"geo\":{\"@type\":\"GeoCoordinates\",\"latitude\":\"47.264176340396226\",\"longitude\":\"11.380109057672346\"},\"telephone\":[\"+43 699 19083372\"],\"openingHoursSpecification\":[{\"@type\":\"OpeningHoursSpecification\",\"dayOfWeek\":[\"Monday\",\"Wednesday\",\"Friday\"],\"opens\":\"14:00\",\"closes\":\"18:00\"},{\"@type\":\"OpeningHoursSpecification\",\"dayOfWeek\":[\"Tuesday\",\"Thursday\",\"Saturday\",\"Sunday\"],\"opens\":\"00:00\",\"closes\":\"00:00\"}],\"email\":\"office@bolting.eu\",\"vatID\":\"ATU59999728\",\"priceRange\":\"$$\",\"currenciesAccepted\":\"Euro\"},{\"@type\":\"PostalAddress\",\"@id\":\"https:\/\/bolting.eu\/en\/shop\/beal-rope-tech-glove\/#local-main-place-address\",\"streetAddress\":\"Fischnalerstra\u00dfe 4\",\"addressLocality\":\"Innsbruck\",\"postalCode\":\"6020\",\"addressRegion\":\"Tirol\",\"addressCountry\":\"AT\"},{\"@type\":\"ImageObject\",\"inLanguage\":\"en-US\",\"@id\":\"https:\/\/bolting.eu\/en\/shop\/beal-rope-tech-glove\/#local-main-organization-logo\",\"url\":\"https:\/\/bolting.eu\/wp-content\/uploads\/2019\/09\/bolting-logo.png\",\"contentUrl\":\"https:\/\/bolting.eu\/wp-content\/uploads\/2019\/09\/bolting-logo.png\",\"width\":400,\"height\":211,\"caption\":\"bolting.eu\"}]}<\/script>\n<meta property=\"og:availability\" content=\"out of stock\" \/>\n<meta property=\"product:availability\" content=\"out of stock\" \/>\n<meta property=\"product:condition\" content=\"new\" \/>\n<meta name=\"geo.placename\" content=\"Innsbruck\" \/>\n<meta name=\"geo.position\" content=\"47.264176340396226;11.380109057672346\" \/>\n<meta name=\"geo.region\" content=\"Austria\" \/>\n<!-- \/ Yoast SEO Premium plugin. -->","yoast_head_json":{"title":"Beal Rope Tech Glove - universeller H\u00f6henarbeiter Handschuh | bolting.eu","description":"Hier findest Du den BEAL ROPE TECH GLOVE. Einen universellen Handschuh f\u00fcr H\u00f6henarbeiter bzw. als Sicherungshandschuh beim Klettern.","robots":{"index":"index","follow":"follow","max-snippet":"max-snippet:-1","max-image-preview":"max-image-preview:large","max-video-preview":"max-video-preview:-1"},"canonical":"https:\/\/bolting.eu\/en\/shop\/beal-rope-tech-glove\/","og_locale":"en_US","og_type":"article","og_title":"Beal Rope Tech Glove","og_description":"Hier findest Du den BEAL ROPE TECH GLOVE. Einen universellen Handschuh f\u00fcr H\u00f6henarbeiter bzw. als Sicherungshandschuh beim Klettern.","og_url":"https:\/\/bolting.eu\/en\/shop\/beal-rope-tech-glove\/","og_site_name":"bolting.eu","article_publisher":"https:\/\/www.facebook.com\/bolting.eu","article_modified_time":"2026-04-27T08:49:29+00:00","og_image":[{"width":700,"height":700,"url":"https:\/\/bolting.eu\/wp-content\/uploads\/2021\/11\/Beal-Rope-Tech-Glove-black-2.jpg","type":"image\/jpeg"}],"twitter_card":"summary_large_image","twitter_misc":{"Availability":"Out of stock"},"schema":{"@context":"https:\/\/schema.org","@graph":[{"@type":["WebPage","ItemPage"],"@id":"https:\/\/bolting.eu\/en\/shop\/beal-rope-tech-glove\/","url":"https:\/\/bolting.eu\/en\/shop\/beal-rope-tech-glove\/","name":"Beal Rope Tech Glove - universeller H\u00f6henarbeiter Handschuh | bolting.eu","isPartOf":{"@id":"https:\/\/bolting.eu\/en\/#website"},"primaryImageOfPage":{"@id":"https:\/\/bolting.eu\/en\/shop\/beal-rope-tech-glove\/#primaryimage"},"image":{"@id":"https:\/\/bolting.eu\/en\/shop\/beal-rope-tech-glove\/#primaryimage"},"thumbnailUrl":"https:\/\/bolting.eu\/wp-content\/uploads\/2021\/11\/Beal-Rope-Tech-Glove-black-2.jpg","datePublished":"2021-11-04T10:06:15+00:00","dateModified":"2026-04-27T08:49:29+00:00","description":"Hier findest Du den BEAL ROPE TECH GLOVE. Einen universellen Handschuh f\u00fcr H\u00f6henarbeiter bzw. als Sicherungshandschuh beim Klettern.","breadcrumb":{"@id":"https:\/\/bolting.eu\/en\/shop\/beal-rope-tech-glove\/#breadcrumb"},"inLanguage":"en-US","potentialAction":[{"@type":"ReadAction","target":["https:\/\/bolting.eu\/en\/shop\/beal-rope-tech-glove\/"]}]},{"@type":"ImageObject","inLanguage":"en-US","@id":"https:\/\/bolting.eu\/en\/shop\/beal-rope-tech-glove\/#primaryimage","url":"https:\/\/bolting.eu\/wp-content\/uploads\/2021\/11\/Beal-Rope-Tech-Glove-black-2.jpg","contentUrl":"https:\/\/bolting.eu\/wp-content\/uploads\/2021\/11\/Beal-Rope-Tech-Glove-black-2.jpg","width":700,"height":700,"caption":"Das Bild zeigt die Innenseite des schwarzen Kletterhandschuhs Beal Rope Tech Glove. Ein Handschuh liegt ausgespreizt in Bildmitte, der Daumen ist links."},{"@type":"BreadcrumbList","@id":"https:\/\/bolting.eu\/en\/shop\/beal-rope-tech-glove\/#breadcrumb","itemListElement":[{"@type":"ListItem","position":1,"name":"Shop","item":"https:\/\/bolting.eu\/en\/shop\/"},{"@type":"ListItem","position":2,"name":"climbing equipment","item":"https:\/\/bolting.eu\/en\/produkt-kategorie\/climbing-equipment\/"},{"@type":"ListItem","position":3,"name":"Climbing gloves","item":"https:\/\/bolting.eu\/en\/produkt-kategorie\/climbing-gloves\/"},{"@type":"ListItem","position":4,"name":"Beal Rope Tech Glove"}]},{"@type":"WebSite","@id":"https:\/\/bolting.eu\/en\/#website","url":"https:\/\/bolting.eu\/en\/","name":"bolting.eu","description":"we make climbs happen","publisher":{"@id":"https:\/\/bolting.eu\/en\/#organization"},"potentialAction":[{"@type":"SearchAction","target":{"@type":"EntryPoint","urlTemplate":"https:\/\/bolting.eu\/en\/?s={search_term_string}"},"query-input":{"@type":"PropertyValueSpecification","valueRequired":true,"valueName":"search_term_string"}}],"inLanguage":"en-US"},{"@type":["Organization","Place","SportingGoodsStore"],"@id":"https:\/\/bolting.eu\/en\/#organization","name":"bolting.eu","url":"https:\/\/bolting.eu\/en\/","logo":{"@id":"https:\/\/bolting.eu\/en\/shop\/beal-rope-tech-glove\/#local-main-organization-logo"},"image":{"@id":"https:\/\/bolting.eu\/en\/shop\/beal-rope-tech-glove\/#local-main-organization-logo"},"sameAs":["https:\/\/www.facebook.com\/bolting.eu","https:\/\/www.instagram.com\/bolting.eu\/"],"address":{"@id":"https:\/\/bolting.eu\/en\/shop\/beal-rope-tech-glove\/#local-main-place-address"},"geo":{"@type":"GeoCoordinates","latitude":"47.264176340396226","longitude":"11.380109057672346"},"telephone":["+43 699 19083372"],"openingHoursSpecification":[{"@type":"OpeningHoursSpecification","dayOfWeek":["Monday","Wednesday","Friday"],"opens":"14:00","closes":"18:00"},{"@type":"OpeningHoursSpecification","dayOfWeek":["Tuesday","Thursday","Saturday","Sunday"],"opens":"00:00","closes":"00:00"}],"email":"office@bolting.eu","vatID":"ATU59999728","priceRange":"$$","currenciesAccepted":"Euro"},{"@type":"PostalAddress","@id":"https:\/\/bolting.eu\/en\/shop\/beal-rope-tech-glove\/#local-main-place-address","streetAddress":"Fischnalerstra\u00dfe 4","addressLocality":"Innsbruck","postalCode":"6020","addressRegion":"Tirol","addressCountry":"AT"},{"@type":"ImageObject","inLanguage":"en-US","@id":"https:\/\/bolting.eu\/en\/shop\/beal-rope-tech-glove\/#local-main-organization-logo","url":"https:\/\/bolting.eu\/wp-content\/uploads\/2019\/09\/bolting-logo.png","contentUrl":"https:\/\/bolting.eu\/wp-content\/uploads\/2019\/09\/bolting-logo.png","width":400,"height":211,"caption":"bolting.eu"}]},"og_availability":"out of stock","product_availability":"out of stock","product_condition":"new","geo.placename":"Innsbruck","geo.position":{"lat":"47.264176340396226","long":"11.380109057672346"},"geo.region":"Austria"},"_links":{"self":[{"href":"https:\/\/bolting.eu\/en\/wp-json\/wp\/v2\/product\/10441","targetHints":{"allow":["GET"]}}],"collection":[{"href":"https:\/\/bolting.eu\/en\/wp-json\/wp\/v2\/product"}],"about":[{"href":"https:\/\/bolting.eu\/en\/wp-json\/wp\/v2\/types\/product"}],"replies":[{"embeddable":true,"href":"https:\/\/bolting.eu\/en\/wp-json\/wp\/v2\/comments?post=10441"}],"wp:featuredmedia":[{"embeddable":true,"href":"https:\/\/bolting.eu\/en\/wp-json\/wp\/v2\/media\/10442"}],"wp:attachment":[{"href":"https:\/\/bolting.eu\/en\/wp-json\/wp\/v2\/media?parent=10441"}],"wp:term":[{"taxonomy":"product_brand","embeddable":true,"href":"https:\/\/bolting.eu\/en\/wp-json\/wp\/v2\/product_brand?post=10441"},{"taxonomy":"product_cat","embeddable":true,"href":"https:\/\/bolting.eu\/en\/wp-json\/wp\/v2\/product_cat?post=10441"},{"taxonomy":"product_tag","embeddable":true,"href":"https:\/\/bolting.eu\/en\/wp-json\/wp\/v2\/product_tag?post=10441"}],"curies":[{"name":"wp","href":"https:\/\/api.w.org\/{rel}","templated":true}]}}