{"id":10424,"date":"2021-11-03T15:09:11","date_gmt":"2021-11-03T14:09:11","guid":{"rendered":"https:\/\/bolting.eu\/?post_type=product&#038;p=10424"},"modified":"2026-03-26T15:23:33","modified_gmt":"2026-03-26T14:23:33","slug":"schraubkarabiner-stahl","status":"publish","type":"product","link":"https:\/\/bolting.eu\/en\/shop\/schraubkarabiner-stahl\/","title":{"rendered":"Schraubkarabiner Stahl"},"content":{"rendered":"<p>Unser Schraubkarabiner Stahl ist extrem beliebt. Und das aus gutem Grund.<\/p>\n<p>Denn erstens ist dieses Modell super g\u00fcnstig. Zweitens ist der Karabiner extrem abriebfest und hat eine enorme Bruchlast von 50kN in L\u00e4ngsrichtung bzw. 20kN in offenem Zustand. Drittens erm\u00f6glicht die 25mm \u00d6ffnung das Einh\u00e4ngen von gro\u00dfen Objekten.<\/p>\n<p>Dieser <a href=\"https:\/\/bolting.eu\/produkt-kategorie\/kletterausruestung\/kletterkarabiner\/hms-karabiner\/\">HMS Karabiner<\/a> aus Stahl ist mit einem Schraubgewinde ausgestattet. D.h. er ist etwas f\u00fcr die Verwendung mit &#8220;blo\u00dfen&#8221; H\u00e4nden bzw. f\u00fcr eine fixe Installation gedacht. Folglich findet er in den w\u00e4rmeren Jahreszeiten bei H\u00f6henarbeiten und Rettungsorganisationen seine h\u00e4ufigste Verwendung.<\/p>\n<h2>Eigenschaften Schraubkarabiner Stahl<\/h2>\n<ul>\n<li>Hersteller: <a href=\"https:\/\/bolting.eu\/produkt-kategorie\/singing-rock\/\">Singing Rock<\/a><\/li>\n<li>Material: verzinkter Stahl<\/li>\n<li>D-Form mit breitem Schenkel<\/li>\n<li>Normen: <a href=\"https:\/\/bolting.eu\/en-362-norm\/\">EN 362<\/a><\/li>\n<li><a href=\"https:\/\/bolting.eu\/bruchlast-karabiner\/\">Bruchlast Karabiner:<\/a> l\u00e4ngs \/ quer \/ offen: 50kN \/ 13kN \/ 20kN<\/li>\n<li>Ma\u00dfe: 115mm x 70mm<\/li>\n<li>Gewicht: 255 Gramm<\/li>\n<li>Breite Schnapper\u00f6ffnung: 25mm<\/li>\n<li>Materialst\u00e4rke Karabiner: 12mm<\/li>\n<li>extrem abriebfest<\/li>\n<li>perfekt f\u00fcr HMS Knoten<\/li>\n<li>Schraubverschluss<\/li>\n<li><a href=\"https:\/\/www.singingrock.com\/data\/downloads\/pdf1\/IOU_16K002204000_CONNECTORS.PDF\" target=\"_blank\" rel=\"noopener\">Bedienungsanleitung<\/a><\/li>\n<\/ul>\n<h3>Vorteile Schraubverschluss<\/h3>\n<p>Ein Schraubkarabiner Stahl hat gegen\u00fcber anderen Verschlusssystemen vor allem einen gro\u00dfen Vorteil.<\/p>\n<p>Die Verwendung auch bei &#8220;schmutzigen&#8221; \u00e4u\u00dferen Bedingungen. Denn im Vergleich zu z.B. Twist-Lock Modellen, l\u00e4sst sich dieses Modell auch bei verdrecktem Schenkel immer noch gut \u00f6ffnen und schlie\u00dfen.<\/p>\n<h3>Schraubkarabiner aus Stahl &#8211; Einsatzbereiche<\/h3>\n<p>Der Haupteinsatzbereich liegt auf der Hand. N\u00e4mlich \u00fcberall wo zum einen extrem hohe Belastungen auftreten, wie z.B. beim Heben von Lasten. Und zum anderen wenn man abriebfeste Karabiner braucht, wie bei allen Rettungsorganisationen.<\/p>\n<p>Folglich ergeben sich logische Anwendungsgebiete, von denen wir hier einige aufz\u00e4hlen wollen:<\/p>\n<ul>\n<li>Heben und Senken von schweren Lasten<\/li>\n<li>Seilman\u00f6ver bei schmutzigen Verh\u00e4ltnissen wie Rettungseins\u00e4tze<\/li>\n<li>extrem h\u00e4ufiges Abseilen<\/li>\n<li>redundantes Mitlaufen auf Stahlseilen<\/li>\n<li>direktes Einh\u00e4ngen in Stahlseile oder Maschinenteile (Forstwirtschaft)<\/li>\n<li>usw&#8230;<\/li>\n<\/ul>\n<h4><strong>Schraubkarabiner Stahl &#8211; Praxistipp<\/strong><\/h4>\n<p>Wer dieses Modell fix verbaut, muss auf die <a href=\"https:\/\/bolting.eu\/galvanische-korrosion-bei-bohrhaken\/\">galvanische Korrosion<\/a> achten. D.h. man darf diesen Karabiner <strong>nicht permanent in einen Fixpunkt aus Edelstahl<\/strong> befestigen. Denn die Potentialunterschiede der unterschiedlichen St\u00e4hle l\u00f6sen diesen elektrochemischen Vorgang aus, der den Karabiner rasch rosten lassen kann.<\/p>\n","protected":false},"excerpt":{"rendered":"<p>Unser Schraubkarabiner aus Stahl ist ein extrem abriebfestes und belastbares Modell. Mit 50kN Bruchlast geh\u00f6rt er zu den st\u00e4rksten Schraubern aus Stahl am Markt. Ideal f\u00fcr H\u00f6henarbeiten und Rettungseins\u00e4tze.<\/p>\n<p>Zudem ist dieses Produkt ein absolutes Bestpreis Schn\u00e4ppchen!<\/p>\n","protected":false},"featured_media":10418,"comment_status":"open","ping_status":"closed","template":"","meta":[],"product_brand":[],"product_cat":[44,3003,3009,12141,13358,29],"product_tag":[],"class_list":{"0":"post-10424","1":"product","2":"type-product","3":"status-publish","4":"has-post-thumbnail","6":"product_cat-kletterkarabiner","7":"product_cat-stahlkarabiner","8":"product_cat-schraubkarabiner","9":"product_cat-singing-rock","10":"product_cat-hms-karabiner","11":"product_cat-kletterausruestung","13":"first","14":"instock","15":"sale","16":"taxable","17":"shipping-taxable","18":"purchasable","19":"product-type-simple"},"yoast_head":"<!-- This site is optimized with the Yoast SEO Premium plugin v26.9 (Yoast SEO v26.9) - https:\/\/yoast.com\/product\/yoast-seo-premium-wordpress\/ -->\n<title>Schraubkarabiner Stahl zum Top Preis online kaufen | bolting.eu<\/title>\n<meta name=\"description\" content=\"Hier findest Du den SCHRAUBKARABINER STAHL. Einen extrem abriebfesten HMS Karabiner aus verzinktem Stahl mit 50kN Bruchlast zum top Preis!\" \/>\n<meta name=\"robots\" content=\"index, follow, max-snippet:-1, max-image-preview:large, max-video-preview:-1\" \/>\n<link rel=\"canonical\" href=\"https:\/\/bolting.eu\/en\/shop\/schraubkarabiner-stahl\/\" \/>\n<meta property=\"og:locale\" content=\"en_US\" \/>\n<meta property=\"og:type\" content=\"article\" \/>\n<meta property=\"og:title\" content=\"Schraubkarabiner Stahl\" \/>\n<meta property=\"og:description\" content=\"Hier findest Du den SCHRAUBKARABINER STAHL. Einen extrem abriebfesten HMS Karabiner aus verzinktem Stahl mit 50kN Bruchlast zum top Preis!\" \/>\n<meta property=\"og:url\" content=\"https:\/\/bolting.eu\/en\/shop\/schraubkarabiner-stahl\/\" \/>\n<meta property=\"og:site_name\" content=\"bolting.eu\" \/>\n<meta property=\"article:publisher\" content=\"https:\/\/www.facebook.com\/bolting.eu\" \/>\n<meta property=\"article:modified_time\" content=\"2026-03-26T14:23:33+00:00\" \/>\n<meta property=\"og:image\" content=\"https:\/\/bolting.eu\/wp-content\/uploads\/2021\/11\/Schraubkarabiner-Stahl-1.jpg\" \/>\n\t<meta property=\"og:image:width\" content=\"700\" \/>\n\t<meta property=\"og:image:height\" content=\"700\" \/>\n\t<meta property=\"og:image:type\" content=\"image\/jpeg\" \/>\n<meta name=\"twitter:card\" content=\"summary_large_image\" \/>\n<meta name=\"twitter:label1\" content=\"Price\" \/>\n\t<meta name=\"twitter:data1\" content=\"&euro;&nbsp;12,50\" \/>\n\t<meta name=\"twitter:label2\" content=\"Availability\" \/>\n\t<meta name=\"twitter:data2\" content=\"In stock\" \/>\n<script type=\"application\/ld+json\" class=\"yoast-schema-graph\">{\"@context\":\"https:\/\/schema.org\",\"@graph\":[{\"@type\":[\"WebPage\",\"ItemPage\"],\"@id\":\"https:\/\/bolting.eu\/en\/shop\/schraubkarabiner-stahl\/\",\"url\":\"https:\/\/bolting.eu\/en\/shop\/schraubkarabiner-stahl\/\",\"name\":\"Schraubkarabiner Stahl zum Top Preis online kaufen | bolting.eu\",\"isPartOf\":{\"@id\":\"https:\/\/bolting.eu\/en\/#website\"},\"primaryImageOfPage\":{\"@id\":\"https:\/\/bolting.eu\/en\/shop\/schraubkarabiner-stahl\/#primaryimage\"},\"image\":{\"@id\":\"https:\/\/bolting.eu\/en\/shop\/schraubkarabiner-stahl\/#primaryimage\"},\"thumbnailUrl\":\"https:\/\/bolting.eu\/wp-content\/uploads\/2021\/11\/Schraubkarabiner-Stahl-1.jpg\",\"datePublished\":\"2021-11-03T14:09:11+00:00\",\"dateModified\":\"2026-03-26T14:23:33+00:00\",\"description\":\"Hier findest Du den SCHRAUBKARABINER STAHL. Einen extrem abriebfesten HMS Karabiner aus verzinktem Stahl mit 50kN Bruchlast zum top Preis!\",\"breadcrumb\":{\"@id\":\"https:\/\/bolting.eu\/en\/shop\/schraubkarabiner-stahl\/#breadcrumb\"},\"inLanguage\":\"en-US\",\"potentialAction\":[{\"@type\":\"ReadAction\",\"target\":[\"https:\/\/bolting.eu\/en\/shop\/schraubkarabiner-stahl\/\"]}]},{\"@type\":\"ImageObject\",\"inLanguage\":\"en-US\",\"@id\":\"https:\/\/bolting.eu\/en\/shop\/schraubkarabiner-stahl\/#primaryimage\",\"url\":\"https:\/\/bolting.eu\/wp-content\/uploads\/2021\/11\/Schraubkarabiner-Stahl-1.jpg\",\"contentUrl\":\"https:\/\/bolting.eu\/wp-content\/uploads\/2021\/11\/Schraubkarabiner-Stahl-1.jpg\",\"width\":700,\"height\":700,\"caption\":\"Das Bild zeigt einen silbernen Schraubkarabiner Stahl mit goldenem Drehverschluss rechts.\"},{\"@type\":\"BreadcrumbList\",\"@id\":\"https:\/\/bolting.eu\/en\/shop\/schraubkarabiner-stahl\/#breadcrumb\",\"itemListElement\":[{\"@type\":\"ListItem\",\"position\":1,\"name\":\"Shop\",\"item\":\"https:\/\/bolting.eu\/en\/shop\/\"},{\"@type\":\"ListItem\",\"position\":2,\"name\":\"climbing equipment\",\"item\":\"https:\/\/bolting.eu\/en\/produkt-kategorie\/climbing-equipment\/\"},{\"@type\":\"ListItem\",\"position\":3,\"name\":\"Climbing carabiner\",\"item\":\"https:\/\/bolting.eu\/en\/produkt-kategorie\/climbing-carabiner\/\"},{\"@type\":\"ListItem\",\"position\":4,\"name\":\"Steel carabiner\",\"item\":\"https:\/\/bolting.eu\/en\/produkt-kategorie\/steel-carabiner\/\"},{\"@type\":\"ListItem\",\"position\":5,\"name\":\"Schraubkarabiner Stahl\"}]},{\"@type\":\"WebSite\",\"@id\":\"https:\/\/bolting.eu\/en\/#website\",\"url\":\"https:\/\/bolting.eu\/en\/\",\"name\":\"bolting.eu\",\"description\":\"we make climbs happen\",\"publisher\":{\"@id\":\"https:\/\/bolting.eu\/en\/#organization\"},\"potentialAction\":[{\"@type\":\"SearchAction\",\"target\":{\"@type\":\"EntryPoint\",\"urlTemplate\":\"https:\/\/bolting.eu\/en\/?s={search_term_string}\"},\"query-input\":{\"@type\":\"PropertyValueSpecification\",\"valueRequired\":true,\"valueName\":\"search_term_string\"}}],\"inLanguage\":\"en-US\"},{\"@type\":[\"Organization\",\"Place\",\"SportingGoodsStore\"],\"@id\":\"https:\/\/bolting.eu\/en\/#organization\",\"name\":\"bolting.eu\",\"url\":\"https:\/\/bolting.eu\/en\/\",\"logo\":{\"@id\":\"https:\/\/bolting.eu\/en\/shop\/schraubkarabiner-stahl\/#local-main-organization-logo\"},\"image\":{\"@id\":\"https:\/\/bolting.eu\/en\/shop\/schraubkarabiner-stahl\/#local-main-organization-logo\"},\"sameAs\":[\"https:\/\/www.facebook.com\/bolting.eu\",\"https:\/\/www.instagram.com\/bolting.eu\/\"],\"address\":{\"@id\":\"https:\/\/bolting.eu\/en\/shop\/schraubkarabiner-stahl\/#local-main-place-address\"},\"geo\":{\"@type\":\"GeoCoordinates\",\"latitude\":\"47.264176340396226\",\"longitude\":\"11.380109057672346\"},\"telephone\":[\"+43 699 19083372\"],\"openingHoursSpecification\":[{\"@type\":\"OpeningHoursSpecification\",\"dayOfWeek\":[\"Monday\",\"Wednesday\",\"Friday\"],\"opens\":\"14:00\",\"closes\":\"18:00\"},{\"@type\":\"OpeningHoursSpecification\",\"dayOfWeek\":[\"Tuesday\",\"Thursday\",\"Saturday\",\"Sunday\"],\"opens\":\"00:00\",\"closes\":\"00:00\"}],\"email\":\"office@bolting.eu\",\"vatID\":\"ATU59999728\",\"priceRange\":\"$$\",\"currenciesAccepted\":\"Euro\"},{\"@type\":\"PostalAddress\",\"@id\":\"https:\/\/bolting.eu\/en\/shop\/schraubkarabiner-stahl\/#local-main-place-address\",\"streetAddress\":\"Fischnalerstra\u00dfe 4\",\"addressLocality\":\"Innsbruck\",\"postalCode\":\"6020\",\"addressRegion\":\"Tirol\",\"addressCountry\":\"AT\"},{\"@type\":\"ImageObject\",\"inLanguage\":\"en-US\",\"@id\":\"https:\/\/bolting.eu\/en\/shop\/schraubkarabiner-stahl\/#local-main-organization-logo\",\"url\":\"https:\/\/bolting.eu\/wp-content\/uploads\/2019\/09\/bolting-logo.png\",\"contentUrl\":\"https:\/\/bolting.eu\/wp-content\/uploads\/2019\/09\/bolting-logo.png\",\"width\":400,\"height\":211,\"caption\":\"bolting.eu\"}]}<\/script>\n<meta property=\"product:price:amount\" content=\"12.50\" \/>\n<meta property=\"product:price:currency\" content=\"EUR\" \/>\n<meta property=\"og:availability\" content=\"instock\" \/>\n<meta property=\"product:availability\" content=\"instock\" \/>\n<meta property=\"product:retailer_item_id\" content=\"K4080ZO\" \/>\n<meta property=\"product:condition\" content=\"new\" \/>\n<meta name=\"geo.placename\" content=\"Innsbruck\" \/>\n<meta name=\"geo.position\" content=\"47.264176340396226;11.380109057672346\" \/>\n<meta name=\"geo.region\" content=\"Austria\" \/>\n<!-- \/ Yoast SEO Premium plugin. -->","yoast_head_json":{"title":"Schraubkarabiner Stahl zum Top Preis online kaufen | bolting.eu","description":"Hier findest Du den SCHRAUBKARABINER STAHL. Einen extrem abriebfesten HMS Karabiner aus verzinktem Stahl mit 50kN Bruchlast zum top Preis!","robots":{"index":"index","follow":"follow","max-snippet":"max-snippet:-1","max-image-preview":"max-image-preview:large","max-video-preview":"max-video-preview:-1"},"canonical":"https:\/\/bolting.eu\/en\/shop\/schraubkarabiner-stahl\/","og_locale":"en_US","og_type":"article","og_title":"Schraubkarabiner Stahl","og_description":"Hier findest Du den SCHRAUBKARABINER STAHL. Einen extrem abriebfesten HMS Karabiner aus verzinktem Stahl mit 50kN Bruchlast zum top Preis!","og_url":"https:\/\/bolting.eu\/en\/shop\/schraubkarabiner-stahl\/","og_site_name":"bolting.eu","article_publisher":"https:\/\/www.facebook.com\/bolting.eu","article_modified_time":"2026-03-26T14:23:33+00:00","og_image":[{"width":700,"height":700,"url":"https:\/\/bolting.eu\/wp-content\/uploads\/2021\/11\/Schraubkarabiner-Stahl-1.jpg","type":"image\/jpeg"}],"twitter_card":"summary_large_image","twitter_misc":{"Price":"&euro;&nbsp;12,50","Availability":"In stock"},"schema":{"@context":"https:\/\/schema.org","@graph":[{"@type":["WebPage","ItemPage"],"@id":"https:\/\/bolting.eu\/en\/shop\/schraubkarabiner-stahl\/","url":"https:\/\/bolting.eu\/en\/shop\/schraubkarabiner-stahl\/","name":"Schraubkarabiner Stahl zum Top Preis online kaufen | bolting.eu","isPartOf":{"@id":"https:\/\/bolting.eu\/en\/#website"},"primaryImageOfPage":{"@id":"https:\/\/bolting.eu\/en\/shop\/schraubkarabiner-stahl\/#primaryimage"},"image":{"@id":"https:\/\/bolting.eu\/en\/shop\/schraubkarabiner-stahl\/#primaryimage"},"thumbnailUrl":"https:\/\/bolting.eu\/wp-content\/uploads\/2021\/11\/Schraubkarabiner-Stahl-1.jpg","datePublished":"2021-11-03T14:09:11+00:00","dateModified":"2026-03-26T14:23:33+00:00","description":"Hier findest Du den SCHRAUBKARABINER STAHL. Einen extrem abriebfesten HMS Karabiner aus verzinktem Stahl mit 50kN Bruchlast zum top Preis!","breadcrumb":{"@id":"https:\/\/bolting.eu\/en\/shop\/schraubkarabiner-stahl\/#breadcrumb"},"inLanguage":"en-US","potentialAction":[{"@type":"ReadAction","target":["https:\/\/bolting.eu\/en\/shop\/schraubkarabiner-stahl\/"]}]},{"@type":"ImageObject","inLanguage":"en-US","@id":"https:\/\/bolting.eu\/en\/shop\/schraubkarabiner-stahl\/#primaryimage","url":"https:\/\/bolting.eu\/wp-content\/uploads\/2021\/11\/Schraubkarabiner-Stahl-1.jpg","contentUrl":"https:\/\/bolting.eu\/wp-content\/uploads\/2021\/11\/Schraubkarabiner-Stahl-1.jpg","width":700,"height":700,"caption":"Das Bild zeigt einen silbernen Schraubkarabiner Stahl mit goldenem Drehverschluss rechts."},{"@type":"BreadcrumbList","@id":"https:\/\/bolting.eu\/en\/shop\/schraubkarabiner-stahl\/#breadcrumb","itemListElement":[{"@type":"ListItem","position":1,"name":"Shop","item":"https:\/\/bolting.eu\/en\/shop\/"},{"@type":"ListItem","position":2,"name":"climbing equipment","item":"https:\/\/bolting.eu\/en\/produkt-kategorie\/climbing-equipment\/"},{"@type":"ListItem","position":3,"name":"Climbing carabiner","item":"https:\/\/bolting.eu\/en\/produkt-kategorie\/climbing-carabiner\/"},{"@type":"ListItem","position":4,"name":"Steel carabiner","item":"https:\/\/bolting.eu\/en\/produkt-kategorie\/steel-carabiner\/"},{"@type":"ListItem","position":5,"name":"Schraubkarabiner Stahl"}]},{"@type":"WebSite","@id":"https:\/\/bolting.eu\/en\/#website","url":"https:\/\/bolting.eu\/en\/","name":"bolting.eu","description":"we make climbs happen","publisher":{"@id":"https:\/\/bolting.eu\/en\/#organization"},"potentialAction":[{"@type":"SearchAction","target":{"@type":"EntryPoint","urlTemplate":"https:\/\/bolting.eu\/en\/?s={search_term_string}"},"query-input":{"@type":"PropertyValueSpecification","valueRequired":true,"valueName":"search_term_string"}}],"inLanguage":"en-US"},{"@type":["Organization","Place","SportingGoodsStore"],"@id":"https:\/\/bolting.eu\/en\/#organization","name":"bolting.eu","url":"https:\/\/bolting.eu\/en\/","logo":{"@id":"https:\/\/bolting.eu\/en\/shop\/schraubkarabiner-stahl\/#local-main-organization-logo"},"image":{"@id":"https:\/\/bolting.eu\/en\/shop\/schraubkarabiner-stahl\/#local-main-organization-logo"},"sameAs":["https:\/\/www.facebook.com\/bolting.eu","https:\/\/www.instagram.com\/bolting.eu\/"],"address":{"@id":"https:\/\/bolting.eu\/en\/shop\/schraubkarabiner-stahl\/#local-main-place-address"},"geo":{"@type":"GeoCoordinates","latitude":"47.264176340396226","longitude":"11.380109057672346"},"telephone":["+43 699 19083372"],"openingHoursSpecification":[{"@type":"OpeningHoursSpecification","dayOfWeek":["Monday","Wednesday","Friday"],"opens":"14:00","closes":"18:00"},{"@type":"OpeningHoursSpecification","dayOfWeek":["Tuesday","Thursday","Saturday","Sunday"],"opens":"00:00","closes":"00:00"}],"email":"office@bolting.eu","vatID":"ATU59999728","priceRange":"$$","currenciesAccepted":"Euro"},{"@type":"PostalAddress","@id":"https:\/\/bolting.eu\/en\/shop\/schraubkarabiner-stahl\/#local-main-place-address","streetAddress":"Fischnalerstra\u00dfe 4","addressLocality":"Innsbruck","postalCode":"6020","addressRegion":"Tirol","addressCountry":"AT"},{"@type":"ImageObject","inLanguage":"en-US","@id":"https:\/\/bolting.eu\/en\/shop\/schraubkarabiner-stahl\/#local-main-organization-logo","url":"https:\/\/bolting.eu\/wp-content\/uploads\/2019\/09\/bolting-logo.png","contentUrl":"https:\/\/bolting.eu\/wp-content\/uploads\/2019\/09\/bolting-logo.png","width":400,"height":211,"caption":"bolting.eu"}]},"product_price_amount":"12.50","product_price_currency":"EUR","og_availability":"instock","product_availability":"instock","product_retailer_item_id":"K4080ZO","product_condition":"new","geo.placename":"Innsbruck","geo.position":{"lat":"47.264176340396226","long":"11.380109057672346"},"geo.region":"Austria"},"_links":{"self":[{"href":"https:\/\/bolting.eu\/en\/wp-json\/wp\/v2\/product\/10424","targetHints":{"allow":["GET"]}}],"collection":[{"href":"https:\/\/bolting.eu\/en\/wp-json\/wp\/v2\/product"}],"about":[{"href":"https:\/\/bolting.eu\/en\/wp-json\/wp\/v2\/types\/product"}],"replies":[{"embeddable":true,"href":"https:\/\/bolting.eu\/en\/wp-json\/wp\/v2\/comments?post=10424"}],"wp:featuredmedia":[{"embeddable":true,"href":"https:\/\/bolting.eu\/en\/wp-json\/wp\/v2\/media\/10418"}],"wp:attachment":[{"href":"https:\/\/bolting.eu\/en\/wp-json\/wp\/v2\/media?parent=10424"}],"wp:term":[{"taxonomy":"product_brand","embeddable":true,"href":"https:\/\/bolting.eu\/en\/wp-json\/wp\/v2\/product_brand?post=10424"},{"taxonomy":"product_cat","embeddable":true,"href":"https:\/\/bolting.eu\/en\/wp-json\/wp\/v2\/product_cat?post=10424"},{"taxonomy":"product_tag","embeddable":true,"href":"https:\/\/bolting.eu\/en\/wp-json\/wp\/v2\/product_tag?post=10424"}],"curies":[{"name":"wp","href":"https:\/\/api.w.org\/{rel}","templated":true}]}}