{"id":10414,"date":"2021-11-03T13:54:27","date_gmt":"2021-11-03T12:54:27","guid":{"rendered":"https:\/\/bolting.eu\/?post_type=product&#038;p=10414"},"modified":"2026-01-28T15:16:06","modified_gmt":"2026-01-28T14:16:06","slug":"hms-stahlkarabiner","status":"publish","type":"product","link":"https:\/\/bolting.eu\/en\/shop\/hms-stahlkarabiner\/","title":{"rendered":"HMS Stahlkarabiner"},"content":{"rendered":"<p>Unser HMS Stahlkarabiner ist Modell mit einem 3-Wege Twist Lock Verschluss. D.h. zum einen rasche und einfache Bedienbarkeit. Das ist z.B. bei repetitiven Handgriffen extrem praktisch. Und zum anderen bedeutet es sicheres Verschlie\u00dfen durch die Auto-Lock Funktion.<\/p>\n<p>Wie alle Karabiner aus Stahl ist auch dieses Modell enorm abriebfest. Dar\u00fcber hinaus zeichnet sich dieses Produkt durch die besonders hohe Bruchlast aus. Aufgrund der D-Form erreicht er in geschlossenem Zustand einen Wert von gleich 50kN. Offen sind es immer noch 20kN!<\/p>\n<p>Fazit. Eine preisg\u00fcnstige Wahl f\u00fcr einen <a href=\"https:\/\/bolting.eu\/produkt-kategorie\/kletterausruestung\/kletterkarabiner\/hms-karabiner\/\">HMS Karabiner<\/a> aus Stahl mit Twist-Lock Verschluss!<\/p>\n<h3>Eigenschaften HMS Stahlkarabiner<\/h3>\n<ul>\n<li>Hersteller: <a href=\"https:\/\/bolting.eu\/produkt-kategorie\/singing-rock\/\">Singing Rock<\/a><\/li>\n<li>Material: verzinkter Stahl<\/li>\n<li>D-Form mit breitem Schenkel<\/li>\n<li>Normen: <a href=\"https:\/\/bolting.eu\/en-362-norm\/\">EN 362<\/a><\/li>\n<li><a href=\"https:\/\/bolting.eu\/bruchlast-karabiner\/\">Bruchlast Karabiner:<\/a> l\u00e4ngs \/ quer \/ offen: 50kN \/ 13kN \/ 20kN<\/li>\n<li>Ma\u00dfe: 115mm x 70mm<\/li>\n<li>Gewicht: 255 Gramm<\/li>\n<li>Breite Schnapper\u00f6ffnung: 25mm<\/li>\n<li>Materialst\u00e4rke Karabiner: 12mm<\/li>\n<li>extrem abriebfest<\/li>\n<li>perfekt f\u00fcr HMS Knoten<\/li>\n<li>3-Wege Twist Lock<\/li>\n<li><a href=\"https:\/\/www.singingrock.com\/data\/downloads\/pdf1\/IOU_16K002204000_CONNECTORS.PDF\" target=\"_blank\" rel=\"noopener\">Bedienungsanleitung<\/a><\/li>\n<\/ul>\n<h3>Vorteile Twist-Lock Verschluss<\/h3>\n<p>Dieser HMS Stahlkarabiner hat durch sein Verschluss System einige Vorteile gegen\u00fcber einem Schraubkarabiner.<\/p>\n<p>Zum einen ist dieser Verschluss auch sehr gut mit Handschuhen zu bedienen. Und zum anderen ist er wesentlich schneller zu \u00f6ffnen. Der riesige Unterschied zum &#8220;Schrauber&#8221; ist aber, dass dieses Modell sich automatisch schlie\u00dft.<\/p>\n<p>Das ist wegen der Auto-Lock Funktion dieses Verschlusses m\u00f6glich. Folglich wird dieser HMS Karabiner aus Stahl auch sehr gerne bei repetitiven Arbeiten verwendet bzw. bei Rettungsorganisationen. Denn er spart erstens Zeit und zweitens kann man nicht vergessen ihn zu schlie\u00dfen!<\/p>\n","protected":false},"excerpt":{"rendered":"<p>Dieser HMS Stahlkarabiner ist ein extrem belastbares Modell mit praktischen 3-Wege Twist Lock. Das macht den Karabiner ideal f\u00fcr wiederkehrende Handgriffe wie z.B. bei H\u00f6henarbeiten oder Rettungseins\u00e4tzen.<\/p>\n<p>Der breite Scheitel erm\u00f6glicht volle Funktion bei Halbmastwurfsicherung!<\/p>\n","protected":false},"featured_media":10421,"comment_status":"open","ping_status":"closed","template":"","meta":[],"product_brand":[],"product_cat":[13932,29,44,3003,12141],"product_tag":[],"class_list":{"0":"post-10414","1":"product","2":"type-product","3":"status-publish","4":"has-post-thumbnail","6":"product_cat-twist-lock-karabiner","7":"product_cat-kletterausruestung","8":"product_cat-kletterkarabiner","9":"product_cat-stahlkarabiner","10":"product_cat-singing-rock","12":"first","13":"instock","14":"sale","15":"taxable","16":"shipping-taxable","17":"purchasable","18":"product-type-simple"},"yoast_head":"<!-- This site is optimized with the Yoast SEO Premium plugin v26.9 (Yoast SEO v26.9) - https:\/\/yoast.com\/product\/yoast-seo-premium-wordpress\/ -->\n<title>HMS Stahlkarabiner mit 50kN Bruchlast - g\u00fcnstig online kaufen | bolting.eu<\/title>\n<meta name=\"description\" content=\"Hier findest Du den HMS STAHLKARABINER von Singing Rock. Ein preisg\u00fcnstiger HMS Karabiner aus Stahl mit enormer Bruchlast von 50kN!\" \/>\n<meta name=\"robots\" content=\"index, follow, max-snippet:-1, max-image-preview:large, max-video-preview:-1\" \/>\n<link rel=\"canonical\" href=\"https:\/\/bolting.eu\/en\/shop\/hms-stahlkarabiner\/\" \/>\n<meta property=\"og:locale\" content=\"en_US\" \/>\n<meta property=\"og:type\" content=\"article\" \/>\n<meta property=\"og:title\" content=\"HMS Stahlkarabiner\" \/>\n<meta property=\"og:description\" content=\"Hier findest Du den HMS STAHLKARABINER von Singing Rock. Ein preisg\u00fcnstiger HMS Karabiner aus Stahl mit enormer Bruchlast von 50kN!\" \/>\n<meta property=\"og:url\" content=\"https:\/\/bolting.eu\/en\/shop\/hms-stahlkarabiner\/\" \/>\n<meta property=\"og:site_name\" content=\"bolting.eu\" \/>\n<meta property=\"article:publisher\" content=\"https:\/\/www.facebook.com\/bolting.eu\" \/>\n<meta property=\"article:modified_time\" content=\"2026-01-28T14:16:06+00:00\" \/>\n<meta property=\"og:image\" content=\"https:\/\/bolting.eu\/wp-content\/uploads\/2021\/11\/HMS-Stahlkarabiner-11.jpg\" \/>\n\t<meta property=\"og:image:width\" content=\"700\" \/>\n\t<meta property=\"og:image:height\" content=\"700\" \/>\n\t<meta property=\"og:image:type\" content=\"image\/jpeg\" \/>\n<meta name=\"twitter:card\" content=\"summary_large_image\" \/>\n<meta name=\"twitter:label1\" content=\"Price\" \/>\n\t<meta name=\"twitter:data1\" content=\"&euro;&nbsp;15,90\" \/>\n\t<meta name=\"twitter:label2\" content=\"Availability\" \/>\n\t<meta name=\"twitter:data2\" content=\"In stock\" \/>\n<script type=\"application\/ld+json\" class=\"yoast-schema-graph\">{\"@context\":\"https:\/\/schema.org\",\"@graph\":[{\"@type\":[\"WebPage\",\"ItemPage\"],\"@id\":\"https:\/\/bolting.eu\/en\/shop\/hms-stahlkarabiner\/\",\"url\":\"https:\/\/bolting.eu\/en\/shop\/hms-stahlkarabiner\/\",\"name\":\"HMS Stahlkarabiner mit 50kN Bruchlast - g\u00fcnstig online kaufen | bolting.eu\",\"isPartOf\":{\"@id\":\"https:\/\/bolting.eu\/en\/#website\"},\"primaryImageOfPage\":{\"@id\":\"https:\/\/bolting.eu\/en\/shop\/hms-stahlkarabiner\/#primaryimage\"},\"image\":{\"@id\":\"https:\/\/bolting.eu\/en\/shop\/hms-stahlkarabiner\/#primaryimage\"},\"thumbnailUrl\":\"https:\/\/bolting.eu\/wp-content\/uploads\/2021\/11\/HMS-Stahlkarabiner-11.jpg\",\"datePublished\":\"2021-11-03T12:54:27+00:00\",\"dateModified\":\"2026-01-28T14:16:06+00:00\",\"description\":\"Hier findest Du den HMS STAHLKARABINER von Singing Rock. Ein preisg\u00fcnstiger HMS Karabiner aus Stahl mit enormer Bruchlast von 50kN!\",\"breadcrumb\":{\"@id\":\"https:\/\/bolting.eu\/en\/shop\/hms-stahlkarabiner\/#breadcrumb\"},\"inLanguage\":\"en-US\",\"potentialAction\":[{\"@type\":\"ReadAction\",\"target\":[\"https:\/\/bolting.eu\/en\/shop\/hms-stahlkarabiner\/\"]}]},{\"@type\":\"ImageObject\",\"inLanguage\":\"en-US\",\"@id\":\"https:\/\/bolting.eu\/en\/shop\/hms-stahlkarabiner\/#primaryimage\",\"url\":\"https:\/\/bolting.eu\/wp-content\/uploads\/2021\/11\/HMS-Stahlkarabiner-11.jpg\",\"contentUrl\":\"https:\/\/bolting.eu\/wp-content\/uploads\/2021\/11\/HMS-Stahlkarabiner-11.jpg\",\"width\":700,\"height\":700,\"caption\":\"Das Bild zeigt einen silbernen HMS Stahlkarabiner mit goldenem Drehverschluss auf der rechten Seite.\"},{\"@type\":\"BreadcrumbList\",\"@id\":\"https:\/\/bolting.eu\/en\/shop\/hms-stahlkarabiner\/#breadcrumb\",\"itemListElement\":[{\"@type\":\"ListItem\",\"position\":1,\"name\":\"Shop\",\"item\":\"https:\/\/bolting.eu\/en\/shop\/\"},{\"@type\":\"ListItem\",\"position\":2,\"name\":\"climbing equipment\",\"item\":\"https:\/\/bolting.eu\/en\/produkt-kategorie\/climbing-equipment\/\"},{\"@type\":\"ListItem\",\"position\":3,\"name\":\"Climbing carabiner\",\"item\":\"https:\/\/bolting.eu\/en\/produkt-kategorie\/climbing-carabiner\/\"},{\"@type\":\"ListItem\",\"position\":4,\"name\":\"Steel carabiner\",\"item\":\"https:\/\/bolting.eu\/en\/produkt-kategorie\/steel-carabiner\/\"},{\"@type\":\"ListItem\",\"position\":5,\"name\":\"HMS Stahlkarabiner\"}]},{\"@type\":\"WebSite\",\"@id\":\"https:\/\/bolting.eu\/en\/#website\",\"url\":\"https:\/\/bolting.eu\/en\/\",\"name\":\"bolting.eu\",\"description\":\"we make climbs happen\",\"publisher\":{\"@id\":\"https:\/\/bolting.eu\/en\/#organization\"},\"potentialAction\":[{\"@type\":\"SearchAction\",\"target\":{\"@type\":\"EntryPoint\",\"urlTemplate\":\"https:\/\/bolting.eu\/en\/?s={search_term_string}\"},\"query-input\":{\"@type\":\"PropertyValueSpecification\",\"valueRequired\":true,\"valueName\":\"search_term_string\"}}],\"inLanguage\":\"en-US\"},{\"@type\":[\"Organization\",\"Place\",\"SportingGoodsStore\"],\"@id\":\"https:\/\/bolting.eu\/en\/#organization\",\"name\":\"bolting.eu\",\"url\":\"https:\/\/bolting.eu\/en\/\",\"logo\":{\"@id\":\"https:\/\/bolting.eu\/en\/shop\/hms-stahlkarabiner\/#local-main-organization-logo\"},\"image\":{\"@id\":\"https:\/\/bolting.eu\/en\/shop\/hms-stahlkarabiner\/#local-main-organization-logo\"},\"sameAs\":[\"https:\/\/www.facebook.com\/bolting.eu\",\"https:\/\/www.instagram.com\/bolting.eu\/\"],\"address\":{\"@id\":\"https:\/\/bolting.eu\/en\/shop\/hms-stahlkarabiner\/#local-main-place-address\"},\"geo\":{\"@type\":\"GeoCoordinates\",\"latitude\":\"47.264176340396226\",\"longitude\":\"11.380109057672346\"},\"telephone\":[\"+43 699 19083372\"],\"openingHoursSpecification\":[{\"@type\":\"OpeningHoursSpecification\",\"dayOfWeek\":[\"Monday\",\"Wednesday\",\"Friday\"],\"opens\":\"14:00\",\"closes\":\"18:00\"},{\"@type\":\"OpeningHoursSpecification\",\"dayOfWeek\":[\"Tuesday\",\"Thursday\",\"Saturday\",\"Sunday\"],\"opens\":\"00:00\",\"closes\":\"00:00\"}],\"email\":\"office@bolting.eu\",\"vatID\":\"ATU59999728\",\"priceRange\":\"$$\",\"currenciesAccepted\":\"Euro\"},{\"@type\":\"PostalAddress\",\"@id\":\"https:\/\/bolting.eu\/en\/shop\/hms-stahlkarabiner\/#local-main-place-address\",\"streetAddress\":\"Fischnalerstra\u00dfe 4\",\"addressLocality\":\"Innsbruck\",\"postalCode\":\"6020\",\"addressRegion\":\"Tirol\",\"addressCountry\":\"AT\"},{\"@type\":\"ImageObject\",\"inLanguage\":\"en-US\",\"@id\":\"https:\/\/bolting.eu\/en\/shop\/hms-stahlkarabiner\/#local-main-organization-logo\",\"url\":\"https:\/\/bolting.eu\/wp-content\/uploads\/2019\/09\/bolting-logo.png\",\"contentUrl\":\"https:\/\/bolting.eu\/wp-content\/uploads\/2019\/09\/bolting-logo.png\",\"width\":400,\"height\":211,\"caption\":\"bolting.eu\"}]}<\/script>\n<meta property=\"product:price:amount\" content=\"15.90\" \/>\n<meta property=\"product:price:currency\" content=\"EUR\" \/>\n<meta property=\"og:availability\" content=\"instock\" \/>\n<meta property=\"product:availability\" content=\"instock\" \/>\n<meta property=\"product:retailer_item_id\" content=\"K4081ZO\" \/>\n<meta property=\"product:condition\" content=\"new\" \/>\n<meta name=\"geo.placename\" content=\"Innsbruck\" \/>\n<meta name=\"geo.position\" content=\"47.264176340396226;11.380109057672346\" \/>\n<meta name=\"geo.region\" content=\"Austria\" \/>\n<!-- \/ Yoast SEO Premium plugin. -->","yoast_head_json":{"title":"HMS Stahlkarabiner mit 50kN Bruchlast - g\u00fcnstig online kaufen | bolting.eu","description":"Hier findest Du den HMS STAHLKARABINER von Singing Rock. Ein preisg\u00fcnstiger HMS Karabiner aus Stahl mit enormer Bruchlast von 50kN!","robots":{"index":"index","follow":"follow","max-snippet":"max-snippet:-1","max-image-preview":"max-image-preview:large","max-video-preview":"max-video-preview:-1"},"canonical":"https:\/\/bolting.eu\/en\/shop\/hms-stahlkarabiner\/","og_locale":"en_US","og_type":"article","og_title":"HMS Stahlkarabiner","og_description":"Hier findest Du den HMS STAHLKARABINER von Singing Rock. Ein preisg\u00fcnstiger HMS Karabiner aus Stahl mit enormer Bruchlast von 50kN!","og_url":"https:\/\/bolting.eu\/en\/shop\/hms-stahlkarabiner\/","og_site_name":"bolting.eu","article_publisher":"https:\/\/www.facebook.com\/bolting.eu","article_modified_time":"2026-01-28T14:16:06+00:00","og_image":[{"width":700,"height":700,"url":"https:\/\/bolting.eu\/wp-content\/uploads\/2021\/11\/HMS-Stahlkarabiner-11.jpg","type":"image\/jpeg"}],"twitter_card":"summary_large_image","twitter_misc":{"Price":"&euro;&nbsp;15,90","Availability":"In stock"},"schema":{"@context":"https:\/\/schema.org","@graph":[{"@type":["WebPage","ItemPage"],"@id":"https:\/\/bolting.eu\/en\/shop\/hms-stahlkarabiner\/","url":"https:\/\/bolting.eu\/en\/shop\/hms-stahlkarabiner\/","name":"HMS Stahlkarabiner mit 50kN Bruchlast - g\u00fcnstig online kaufen | bolting.eu","isPartOf":{"@id":"https:\/\/bolting.eu\/en\/#website"},"primaryImageOfPage":{"@id":"https:\/\/bolting.eu\/en\/shop\/hms-stahlkarabiner\/#primaryimage"},"image":{"@id":"https:\/\/bolting.eu\/en\/shop\/hms-stahlkarabiner\/#primaryimage"},"thumbnailUrl":"https:\/\/bolting.eu\/wp-content\/uploads\/2021\/11\/HMS-Stahlkarabiner-11.jpg","datePublished":"2021-11-03T12:54:27+00:00","dateModified":"2026-01-28T14:16:06+00:00","description":"Hier findest Du den HMS STAHLKARABINER von Singing Rock. Ein preisg\u00fcnstiger HMS Karabiner aus Stahl mit enormer Bruchlast von 50kN!","breadcrumb":{"@id":"https:\/\/bolting.eu\/en\/shop\/hms-stahlkarabiner\/#breadcrumb"},"inLanguage":"en-US","potentialAction":[{"@type":"ReadAction","target":["https:\/\/bolting.eu\/en\/shop\/hms-stahlkarabiner\/"]}]},{"@type":"ImageObject","inLanguage":"en-US","@id":"https:\/\/bolting.eu\/en\/shop\/hms-stahlkarabiner\/#primaryimage","url":"https:\/\/bolting.eu\/wp-content\/uploads\/2021\/11\/HMS-Stahlkarabiner-11.jpg","contentUrl":"https:\/\/bolting.eu\/wp-content\/uploads\/2021\/11\/HMS-Stahlkarabiner-11.jpg","width":700,"height":700,"caption":"Das Bild zeigt einen silbernen HMS Stahlkarabiner mit goldenem Drehverschluss auf der rechten Seite."},{"@type":"BreadcrumbList","@id":"https:\/\/bolting.eu\/en\/shop\/hms-stahlkarabiner\/#breadcrumb","itemListElement":[{"@type":"ListItem","position":1,"name":"Shop","item":"https:\/\/bolting.eu\/en\/shop\/"},{"@type":"ListItem","position":2,"name":"climbing equipment","item":"https:\/\/bolting.eu\/en\/produkt-kategorie\/climbing-equipment\/"},{"@type":"ListItem","position":3,"name":"Climbing carabiner","item":"https:\/\/bolting.eu\/en\/produkt-kategorie\/climbing-carabiner\/"},{"@type":"ListItem","position":4,"name":"Steel carabiner","item":"https:\/\/bolting.eu\/en\/produkt-kategorie\/steel-carabiner\/"},{"@type":"ListItem","position":5,"name":"HMS Stahlkarabiner"}]},{"@type":"WebSite","@id":"https:\/\/bolting.eu\/en\/#website","url":"https:\/\/bolting.eu\/en\/","name":"bolting.eu","description":"we make climbs happen","publisher":{"@id":"https:\/\/bolting.eu\/en\/#organization"},"potentialAction":[{"@type":"SearchAction","target":{"@type":"EntryPoint","urlTemplate":"https:\/\/bolting.eu\/en\/?s={search_term_string}"},"query-input":{"@type":"PropertyValueSpecification","valueRequired":true,"valueName":"search_term_string"}}],"inLanguage":"en-US"},{"@type":["Organization","Place","SportingGoodsStore"],"@id":"https:\/\/bolting.eu\/en\/#organization","name":"bolting.eu","url":"https:\/\/bolting.eu\/en\/","logo":{"@id":"https:\/\/bolting.eu\/en\/shop\/hms-stahlkarabiner\/#local-main-organization-logo"},"image":{"@id":"https:\/\/bolting.eu\/en\/shop\/hms-stahlkarabiner\/#local-main-organization-logo"},"sameAs":["https:\/\/www.facebook.com\/bolting.eu","https:\/\/www.instagram.com\/bolting.eu\/"],"address":{"@id":"https:\/\/bolting.eu\/en\/shop\/hms-stahlkarabiner\/#local-main-place-address"},"geo":{"@type":"GeoCoordinates","latitude":"47.264176340396226","longitude":"11.380109057672346"},"telephone":["+43 699 19083372"],"openingHoursSpecification":[{"@type":"OpeningHoursSpecification","dayOfWeek":["Monday","Wednesday","Friday"],"opens":"14:00","closes":"18:00"},{"@type":"OpeningHoursSpecification","dayOfWeek":["Tuesday","Thursday","Saturday","Sunday"],"opens":"00:00","closes":"00:00"}],"email":"office@bolting.eu","vatID":"ATU59999728","priceRange":"$$","currenciesAccepted":"Euro"},{"@type":"PostalAddress","@id":"https:\/\/bolting.eu\/en\/shop\/hms-stahlkarabiner\/#local-main-place-address","streetAddress":"Fischnalerstra\u00dfe 4","addressLocality":"Innsbruck","postalCode":"6020","addressRegion":"Tirol","addressCountry":"AT"},{"@type":"ImageObject","inLanguage":"en-US","@id":"https:\/\/bolting.eu\/en\/shop\/hms-stahlkarabiner\/#local-main-organization-logo","url":"https:\/\/bolting.eu\/wp-content\/uploads\/2019\/09\/bolting-logo.png","contentUrl":"https:\/\/bolting.eu\/wp-content\/uploads\/2019\/09\/bolting-logo.png","width":400,"height":211,"caption":"bolting.eu"}]},"product_price_amount":"15.90","product_price_currency":"EUR","og_availability":"instock","product_availability":"instock","product_retailer_item_id":"K4081ZO","product_condition":"new","geo.placename":"Innsbruck","geo.position":{"lat":"47.264176340396226","long":"11.380109057672346"},"geo.region":"Austria"},"_links":{"self":[{"href":"https:\/\/bolting.eu\/en\/wp-json\/wp\/v2\/product\/10414","targetHints":{"allow":["GET"]}}],"collection":[{"href":"https:\/\/bolting.eu\/en\/wp-json\/wp\/v2\/product"}],"about":[{"href":"https:\/\/bolting.eu\/en\/wp-json\/wp\/v2\/types\/product"}],"replies":[{"embeddable":true,"href":"https:\/\/bolting.eu\/en\/wp-json\/wp\/v2\/comments?post=10414"}],"wp:featuredmedia":[{"embeddable":true,"href":"https:\/\/bolting.eu\/en\/wp-json\/wp\/v2\/media\/10421"}],"wp:attachment":[{"href":"https:\/\/bolting.eu\/en\/wp-json\/wp\/v2\/media?parent=10414"}],"wp:term":[{"taxonomy":"product_brand","embeddable":true,"href":"https:\/\/bolting.eu\/en\/wp-json\/wp\/v2\/product_brand?post=10414"},{"taxonomy":"product_cat","embeddable":true,"href":"https:\/\/bolting.eu\/en\/wp-json\/wp\/v2\/product_cat?post=10414"},{"taxonomy":"product_tag","embeddable":true,"href":"https:\/\/bolting.eu\/en\/wp-json\/wp\/v2\/product_tag?post=10414"}],"curies":[{"name":"wp","href":"https:\/\/api.w.org\/{rel}","templated":true}]}}