{"id":10367,"date":"2021-10-31T12:25:43","date_gmt":"2021-10-31T11:25:43","guid":{"rendered":"https:\/\/bolting.eu\/?post_type=product&#038;p=10367"},"modified":"2025-07-25T13:40:30","modified_gmt":"2025-07-25T11:40:30","slug":"austrialpin-hms-rondo-selfie-schrauber","status":"publish","type":"product","link":"https:\/\/bolting.eu\/en\/shop\/austrialpin-hms-rondo-selfie-schrauber\/","title":{"rendered":"Austrialpin HMS Rondo Selfie Schrauber"},"content":{"rendered":"<p>Der Austrialpin HMS Rondo Selfie Schrauber ist ein gro\u00dfer Karabiner <strong>f\u00fcr das Einh\u00e4ngen von <a href=\"https:\/\/bolting.eu\/produkt-kategorie\/kletterausruestung\/sicherungsgeraete-klettern\/\">Sicherungsger\u00e4ten<\/a> am <a href=\"https:\/\/bolting.eu\/produkt-kategorie\/kletterausruestung\/klettergurte\/\">Klettergurt<\/a>.<\/strong> Wie z.B. dem <a href=\"https:\/\/bolting.eu\/shop\/austrialpin-fish-sicherungsgeraet\/\">Fish Autotuber<\/a>.<\/p>\n<p>Der Karabiner f\u00fcr Sicherungsger\u00e4te ist bei uns in <strong>2 Farben\u00a0verf\u00fcgbar<\/strong>. Blau und schwarz.<\/p>\n<p>Dieses Modell hat den namensgebenden <strong>&#8220;Selfie&#8221; Anti-Verdrehschutz<\/strong>. Das ist eine kleine Feder, welche den Karabiner in seiner Position fixiert. Somit gibt es kein gef\u00e4hrliches Verdrehen mehr.<\/p>\n<p>Ein Modell wie dieses kann also die Sicherheit deutlich erh\u00f6hen. Gibt es auch als <a href=\"https:\/\/bolting.eu\/shop\/austrialpin-hms-rondo-slide-selfie\/\">&#8220;Slider&#8221;<\/a> bzw. <a href=\"https:\/\/bolting.eu\/shop\/austrialpin-rondo-selfie-twist-lock\/\">Twist-Lock Variante<\/a>.<\/p>\n<h3>Eigenschaften Austrialpin HMS Rondo Selfie Schrauber<\/h3>\n<ul>\n<li>Hersteller:\u00a0<a href=\"https:\/\/bolting.eu\/produkt-kategorie\/austrialpin\/\">Austrialpin<\/a><\/li>\n<li>Material: Aluminium eloxiert<\/li>\n<li>Farbe: blau oder schwarz<\/li>\n<li>Normen: <a href=\"https:\/\/bolting.eu\/en-12275-norm\/\">EN 12275<\/a>, <a href=\"https:\/\/bolting.eu\/en-362-norm\/\">EN 362<\/a> bzw. UIAA 121<\/li>\n<li>Verschluss: Schraubverschluss<\/li>\n<li><a href=\"https:\/\/bolting.eu\/bruchlast-karabiner\/\">Bruchlasten Karabiner<\/a>: 23kN l\u00e4ngs \/ 7kN offen \/ 10 kN Querachse<\/li>\n<li>Gr\u00f6\u00dfe 110 x 72mm<\/li>\n<li>Schnapper\u00f6ffnung: 26mm<\/li>\n<li>Gewicht: 92 Gramm<\/li>\n<li>Made in Austria<\/li>\n<li><a href=\"https:\/\/www.austrialpin.at\/fileadmin\/anleitungen\/AA_instruction-manual_carabiner-slings.pdf\" target=\"_blank\" rel=\"noopener\">Gebrauchsanleitung<\/a><\/li>\n<\/ul>\n<h3>&#8220;Selfie&#8221; Anti-Verdrehschutz<\/h3>\n<p>Das Haupt Feature dieses Sicherungskarabiners ist sein Anti-Verdrehschutz. D.h. am schmalen Scheitel ist ein kleine Feder installiert. Diese kann zur\u00fcck geklappt werden, damit man den Austrialpin HMS Rondo Selfie Schrauber in die Sicherungsschlaufe des Klettergurtes h\u00e4ngen kann. Dort bleibt er dann in L\u00e4ngsrichtung fixiert.<\/p>\n<p>Folglich kann es mit den &#8220;Selfie&#8221; Modellen zu keinen gef\u00e4hrlichen Querbelastungen mehr kommen.<\/p>\n","protected":false},"excerpt":{"rendered":"<p>Der Austrialpin HMS Rondo Selfie Schrauber ist ein gro\u00dfer <strong>Karabiner f\u00fcr Sicherungsger\u00e4te<\/strong>.<\/p>\n<p>Den Namen hat der Sicherungskarabiner vom <strong>&#8220;Selfie&#8221; Anti-Verdrehschutz<\/strong>. Das ist eine smarte, kleine Feder, welche den HMS am Klettergurt in Position h\u00e4lt!<\/p>\n<p>Der Schraubkarabiner ist in blauer oder schwarzer Farbe erh\u00e4ltlich!<\/p>\n","protected":false},"featured_media":10377,"comment_status":"open","ping_status":"closed","template":"","meta":[],"product_brand":[],"product_cat":[4649,13358,15205,29,44,3009,14193],"product_tag":[],"class_list":{"0":"post-10367","1":"product","2":"type-product","3":"status-publish","4":"has-post-thumbnail","6":"product_cat-austrialpin","7":"product_cat-hms-karabiner","8":"product_cat-karabiner-schwarz","9":"product_cat-kletterausruestung","10":"product_cat-kletterkarabiner","11":"product_cat-schraubkarabiner","12":"product_cat-sicherungskarabiner","14":"first","15":"instock","16":"taxable","17":"shipping-taxable","18":"purchasable","19":"product-type-variable"},"yoast_head":"<!-- This site is optimized with the Yoast SEO Premium plugin v26.9 (Yoast SEO v26.9) - https:\/\/yoast.com\/product\/yoast-seo-premium-wordpress\/ -->\n<title>Austrialpin HMS Rondo Selfie Schrauber - Sicherungskarabiner | bolting.eu<\/title>\n<meta name=\"description\" content=\"AUSTRIALPIN HMS RONDO SELFIE beim Kletter Hardwareprofi kaufen \u2705 Trusted Shop \u2705 kostenloser Versand* \u2705 14 Tage R\u00fcckgaberecht \u2705 Co2 neutrale Zustellung\" \/>\n<meta name=\"robots\" content=\"index, follow, max-snippet:-1, max-image-preview:large, max-video-preview:-1\" \/>\n<link rel=\"canonical\" href=\"https:\/\/bolting.eu\/en\/shop\/austrialpin-hms-rondo-selfie-schrauber\/\" \/>\n<meta property=\"og:locale\" content=\"en_US\" \/>\n<meta property=\"og:type\" content=\"article\" \/>\n<meta property=\"og:title\" content=\"Austrialpin HMS Rondo Selfie Schrauber\" \/>\n<meta property=\"og:description\" content=\"AUSTRIALPIN HMS RONDO SELFIE beim Kletter Hardwareprofi kaufen \u2705 Trusted Shop \u2705 kostenloser Versand* \u2705 14 Tage R\u00fcckgaberecht \u2705 Co2 neutrale Zustellung\" \/>\n<meta property=\"og:url\" content=\"https:\/\/bolting.eu\/en\/shop\/austrialpin-hms-rondo-selfie-schrauber\/\" \/>\n<meta property=\"og:site_name\" content=\"bolting.eu\" \/>\n<meta property=\"article:publisher\" content=\"https:\/\/www.facebook.com\/bolting.eu\" \/>\n<meta property=\"article:modified_time\" content=\"2025-07-25T11:40:30+00:00\" \/>\n<meta property=\"og:image\" content=\"https:\/\/bolting.eu\/wp-content\/uploads\/2021\/10\/Austrialpin-HMS-Rondo-Selfie-3.jpg\" \/>\n\t<meta property=\"og:image:width\" content=\"700\" \/>\n\t<meta property=\"og:image:height\" content=\"700\" \/>\n\t<meta property=\"og:image:type\" content=\"image\/jpeg\" \/>\n<meta name=\"twitter:card\" content=\"summary_large_image\" \/>\n<meta name=\"twitter:label1\" content=\"Availability\" \/>\n\t<meta name=\"twitter:data1\" content=\"In stock\" \/>\n<script type=\"application\/ld+json\" class=\"yoast-schema-graph\">{\"@context\":\"https:\/\/schema.org\",\"@graph\":[{\"@type\":[\"WebPage\",\"ItemPage\"],\"@id\":\"https:\/\/bolting.eu\/en\/shop\/austrialpin-hms-rondo-selfie-schrauber\/\",\"url\":\"https:\/\/bolting.eu\/en\/shop\/austrialpin-hms-rondo-selfie-schrauber\/\",\"name\":\"Austrialpin HMS Rondo Selfie Schrauber - Sicherungskarabiner | bolting.eu\",\"isPartOf\":{\"@id\":\"https:\/\/bolting.eu\/en\/#website\"},\"primaryImageOfPage\":{\"@id\":\"https:\/\/bolting.eu\/en\/shop\/austrialpin-hms-rondo-selfie-schrauber\/#primaryimage\"},\"image\":{\"@id\":\"https:\/\/bolting.eu\/en\/shop\/austrialpin-hms-rondo-selfie-schrauber\/#primaryimage\"},\"thumbnailUrl\":\"https:\/\/bolting.eu\/wp-content\/uploads\/2021\/10\/Austrialpin-HMS-Rondo-Selfie-3.jpg\",\"datePublished\":\"2021-10-31T11:25:43+00:00\",\"dateModified\":\"2025-07-25T11:40:30+00:00\",\"description\":\"AUSTRIALPIN HMS RONDO SELFIE beim Kletter Hardwareprofi kaufen \u2705 Trusted Shop \u2705 kostenloser Versand* \u2705 14 Tage R\u00fcckgaberecht \u2705 Co2 neutrale Zustellung\",\"breadcrumb\":{\"@id\":\"https:\/\/bolting.eu\/en\/shop\/austrialpin-hms-rondo-selfie-schrauber\/#breadcrumb\"},\"inLanguage\":\"en-US\",\"potentialAction\":[{\"@type\":\"ReadAction\",\"target\":[\"https:\/\/bolting.eu\/en\/shop\/austrialpin-hms-rondo-selfie-schrauber\/\"]}]},{\"@type\":\"ImageObject\",\"inLanguage\":\"en-US\",\"@id\":\"https:\/\/bolting.eu\/en\/shop\/austrialpin-hms-rondo-selfie-schrauber\/#primaryimage\",\"url\":\"https:\/\/bolting.eu\/wp-content\/uploads\/2021\/10\/Austrialpin-HMS-Rondo-Selfie-3.jpg\",\"contentUrl\":\"https:\/\/bolting.eu\/wp-content\/uploads\/2021\/10\/Austrialpin-HMS-Rondo-Selfie-3.jpg\",\"width\":700,\"height\":700,\"caption\":\"Das Bild zeigt einen schwarzen Austrialpin HMS Rondo Selfie Schrauber f\u00fcr Sicherungsger\u00e4te.\"},{\"@type\":\"BreadcrumbList\",\"@id\":\"https:\/\/bolting.eu\/en\/shop\/austrialpin-hms-rondo-selfie-schrauber\/#breadcrumb\",\"itemListElement\":[{\"@type\":\"ListItem\",\"position\":1,\"name\":\"Shop\",\"item\":\"https:\/\/bolting.eu\/en\/shop\/\"},{\"@type\":\"ListItem\",\"position\":2,\"name\":\"climbing equipment\",\"item\":\"https:\/\/bolting.eu\/en\/produkt-kategorie\/climbing-equipment\/\"},{\"@type\":\"ListItem\",\"position\":3,\"name\":\"Climbing carabiner\",\"item\":\"https:\/\/bolting.eu\/en\/produkt-kategorie\/climbing-carabiner\/\"},{\"@type\":\"ListItem\",\"position\":4,\"name\":\"Sicherungskarabiner\",\"item\":\"https:\/\/bolting.eu\/produkt-kategorie\/kletterausruestung\/kletterkarabiner\/sicherungskarabiner\/\"},{\"@type\":\"ListItem\",\"position\":5,\"name\":\"Austrialpin HMS Rondo Selfie Schrauber\"}]},{\"@type\":\"WebSite\",\"@id\":\"https:\/\/bolting.eu\/en\/#website\",\"url\":\"https:\/\/bolting.eu\/en\/\",\"name\":\"bolting.eu\",\"description\":\"we make climbs happen\",\"publisher\":{\"@id\":\"https:\/\/bolting.eu\/en\/#organization\"},\"potentialAction\":[{\"@type\":\"SearchAction\",\"target\":{\"@type\":\"EntryPoint\",\"urlTemplate\":\"https:\/\/bolting.eu\/en\/?s={search_term_string}\"},\"query-input\":{\"@type\":\"PropertyValueSpecification\",\"valueRequired\":true,\"valueName\":\"search_term_string\"}}],\"inLanguage\":\"en-US\"},{\"@type\":[\"Organization\",\"Place\",\"SportingGoodsStore\"],\"@id\":\"https:\/\/bolting.eu\/en\/#organization\",\"name\":\"bolting.eu\",\"url\":\"https:\/\/bolting.eu\/en\/\",\"logo\":{\"@id\":\"https:\/\/bolting.eu\/en\/shop\/austrialpin-hms-rondo-selfie-schrauber\/#local-main-organization-logo\"},\"image\":{\"@id\":\"https:\/\/bolting.eu\/en\/shop\/austrialpin-hms-rondo-selfie-schrauber\/#local-main-organization-logo\"},\"sameAs\":[\"https:\/\/www.facebook.com\/bolting.eu\",\"https:\/\/www.instagram.com\/bolting.eu\/\"],\"address\":{\"@id\":\"https:\/\/bolting.eu\/en\/shop\/austrialpin-hms-rondo-selfie-schrauber\/#local-main-place-address\"},\"geo\":{\"@type\":\"GeoCoordinates\",\"latitude\":\"47.264176340396226\",\"longitude\":\"11.380109057672346\"},\"telephone\":[\"+43 699 19083372\"],\"openingHoursSpecification\":[{\"@type\":\"OpeningHoursSpecification\",\"dayOfWeek\":[\"Monday\",\"Wednesday\",\"Friday\"],\"opens\":\"14:00\",\"closes\":\"18:00\"},{\"@type\":\"OpeningHoursSpecification\",\"dayOfWeek\":[\"Tuesday\",\"Thursday\",\"Saturday\",\"Sunday\"],\"opens\":\"00:00\",\"closes\":\"00:00\"}],\"email\":\"office@bolting.eu\",\"vatID\":\"ATU59999728\",\"priceRange\":\"$$\",\"currenciesAccepted\":\"Euro\"},{\"@type\":\"PostalAddress\",\"@id\":\"https:\/\/bolting.eu\/en\/shop\/austrialpin-hms-rondo-selfie-schrauber\/#local-main-place-address\",\"streetAddress\":\"Fischnalerstra\u00dfe 4\",\"addressLocality\":\"Innsbruck\",\"postalCode\":\"6020\",\"addressRegion\":\"Tirol\",\"addressCountry\":\"AT\"},{\"@type\":\"ImageObject\",\"inLanguage\":\"en-US\",\"@id\":\"https:\/\/bolting.eu\/en\/shop\/austrialpin-hms-rondo-selfie-schrauber\/#local-main-organization-logo\",\"url\":\"https:\/\/bolting.eu\/wp-content\/uploads\/2019\/09\/bolting-logo.png\",\"contentUrl\":\"https:\/\/bolting.eu\/wp-content\/uploads\/2019\/09\/bolting-logo.png\",\"width\":400,\"height\":211,\"caption\":\"bolting.eu\"}]}<\/script>\n<meta property=\"og:availability\" content=\"instock\" \/>\n<meta property=\"product:availability\" content=\"instock\" \/>\n<meta property=\"product:condition\" content=\"new\" \/>\n<meta name=\"geo.placename\" content=\"Innsbruck\" \/>\n<meta name=\"geo.position\" content=\"47.264176340396226;11.380109057672346\" \/>\n<meta name=\"geo.region\" content=\"Austria\" \/>\n<!-- \/ Yoast SEO Premium plugin. -->","yoast_head_json":{"title":"Austrialpin HMS Rondo Selfie Schrauber - Sicherungskarabiner | bolting.eu","description":"AUSTRIALPIN HMS RONDO SELFIE beim Kletter Hardwareprofi kaufen \u2705 Trusted Shop \u2705 kostenloser Versand* \u2705 14 Tage R\u00fcckgaberecht \u2705 Co2 neutrale Zustellung","robots":{"index":"index","follow":"follow","max-snippet":"max-snippet:-1","max-image-preview":"max-image-preview:large","max-video-preview":"max-video-preview:-1"},"canonical":"https:\/\/bolting.eu\/en\/shop\/austrialpin-hms-rondo-selfie-schrauber\/","og_locale":"en_US","og_type":"article","og_title":"Austrialpin HMS Rondo Selfie Schrauber","og_description":"AUSTRIALPIN HMS RONDO SELFIE beim Kletter Hardwareprofi kaufen \u2705 Trusted Shop \u2705 kostenloser Versand* \u2705 14 Tage R\u00fcckgaberecht \u2705 Co2 neutrale Zustellung","og_url":"https:\/\/bolting.eu\/en\/shop\/austrialpin-hms-rondo-selfie-schrauber\/","og_site_name":"bolting.eu","article_publisher":"https:\/\/www.facebook.com\/bolting.eu","article_modified_time":"2025-07-25T11:40:30+00:00","og_image":[{"width":700,"height":700,"url":"https:\/\/bolting.eu\/wp-content\/uploads\/2021\/10\/Austrialpin-HMS-Rondo-Selfie-3.jpg","type":"image\/jpeg"}],"twitter_card":"summary_large_image","twitter_misc":{"Availability":"In stock"},"schema":{"@context":"https:\/\/schema.org","@graph":[{"@type":["WebPage","ItemPage"],"@id":"https:\/\/bolting.eu\/en\/shop\/austrialpin-hms-rondo-selfie-schrauber\/","url":"https:\/\/bolting.eu\/en\/shop\/austrialpin-hms-rondo-selfie-schrauber\/","name":"Austrialpin HMS Rondo Selfie Schrauber - Sicherungskarabiner | bolting.eu","isPartOf":{"@id":"https:\/\/bolting.eu\/en\/#website"},"primaryImageOfPage":{"@id":"https:\/\/bolting.eu\/en\/shop\/austrialpin-hms-rondo-selfie-schrauber\/#primaryimage"},"image":{"@id":"https:\/\/bolting.eu\/en\/shop\/austrialpin-hms-rondo-selfie-schrauber\/#primaryimage"},"thumbnailUrl":"https:\/\/bolting.eu\/wp-content\/uploads\/2021\/10\/Austrialpin-HMS-Rondo-Selfie-3.jpg","datePublished":"2021-10-31T11:25:43+00:00","dateModified":"2025-07-25T11:40:30+00:00","description":"AUSTRIALPIN HMS RONDO SELFIE beim Kletter Hardwareprofi kaufen \u2705 Trusted Shop \u2705 kostenloser Versand* \u2705 14 Tage R\u00fcckgaberecht \u2705 Co2 neutrale Zustellung","breadcrumb":{"@id":"https:\/\/bolting.eu\/en\/shop\/austrialpin-hms-rondo-selfie-schrauber\/#breadcrumb"},"inLanguage":"en-US","potentialAction":[{"@type":"ReadAction","target":["https:\/\/bolting.eu\/en\/shop\/austrialpin-hms-rondo-selfie-schrauber\/"]}]},{"@type":"ImageObject","inLanguage":"en-US","@id":"https:\/\/bolting.eu\/en\/shop\/austrialpin-hms-rondo-selfie-schrauber\/#primaryimage","url":"https:\/\/bolting.eu\/wp-content\/uploads\/2021\/10\/Austrialpin-HMS-Rondo-Selfie-3.jpg","contentUrl":"https:\/\/bolting.eu\/wp-content\/uploads\/2021\/10\/Austrialpin-HMS-Rondo-Selfie-3.jpg","width":700,"height":700,"caption":"Das Bild zeigt einen schwarzen Austrialpin HMS Rondo Selfie Schrauber f\u00fcr Sicherungsger\u00e4te."},{"@type":"BreadcrumbList","@id":"https:\/\/bolting.eu\/en\/shop\/austrialpin-hms-rondo-selfie-schrauber\/#breadcrumb","itemListElement":[{"@type":"ListItem","position":1,"name":"Shop","item":"https:\/\/bolting.eu\/en\/shop\/"},{"@type":"ListItem","position":2,"name":"climbing equipment","item":"https:\/\/bolting.eu\/en\/produkt-kategorie\/climbing-equipment\/"},{"@type":"ListItem","position":3,"name":"Climbing carabiner","item":"https:\/\/bolting.eu\/en\/produkt-kategorie\/climbing-carabiner\/"},{"@type":"ListItem","position":4,"name":"Sicherungskarabiner","item":"https:\/\/bolting.eu\/produkt-kategorie\/kletterausruestung\/kletterkarabiner\/sicherungskarabiner\/"},{"@type":"ListItem","position":5,"name":"Austrialpin HMS Rondo Selfie Schrauber"}]},{"@type":"WebSite","@id":"https:\/\/bolting.eu\/en\/#website","url":"https:\/\/bolting.eu\/en\/","name":"bolting.eu","description":"we make climbs happen","publisher":{"@id":"https:\/\/bolting.eu\/en\/#organization"},"potentialAction":[{"@type":"SearchAction","target":{"@type":"EntryPoint","urlTemplate":"https:\/\/bolting.eu\/en\/?s={search_term_string}"},"query-input":{"@type":"PropertyValueSpecification","valueRequired":true,"valueName":"search_term_string"}}],"inLanguage":"en-US"},{"@type":["Organization","Place","SportingGoodsStore"],"@id":"https:\/\/bolting.eu\/en\/#organization","name":"bolting.eu","url":"https:\/\/bolting.eu\/en\/","logo":{"@id":"https:\/\/bolting.eu\/en\/shop\/austrialpin-hms-rondo-selfie-schrauber\/#local-main-organization-logo"},"image":{"@id":"https:\/\/bolting.eu\/en\/shop\/austrialpin-hms-rondo-selfie-schrauber\/#local-main-organization-logo"},"sameAs":["https:\/\/www.facebook.com\/bolting.eu","https:\/\/www.instagram.com\/bolting.eu\/"],"address":{"@id":"https:\/\/bolting.eu\/en\/shop\/austrialpin-hms-rondo-selfie-schrauber\/#local-main-place-address"},"geo":{"@type":"GeoCoordinates","latitude":"47.264176340396226","longitude":"11.380109057672346"},"telephone":["+43 699 19083372"],"openingHoursSpecification":[{"@type":"OpeningHoursSpecification","dayOfWeek":["Monday","Wednesday","Friday"],"opens":"14:00","closes":"18:00"},{"@type":"OpeningHoursSpecification","dayOfWeek":["Tuesday","Thursday","Saturday","Sunday"],"opens":"00:00","closes":"00:00"}],"email":"office@bolting.eu","vatID":"ATU59999728","priceRange":"$$","currenciesAccepted":"Euro"},{"@type":"PostalAddress","@id":"https:\/\/bolting.eu\/en\/shop\/austrialpin-hms-rondo-selfie-schrauber\/#local-main-place-address","streetAddress":"Fischnalerstra\u00dfe 4","addressLocality":"Innsbruck","postalCode":"6020","addressRegion":"Tirol","addressCountry":"AT"},{"@type":"ImageObject","inLanguage":"en-US","@id":"https:\/\/bolting.eu\/en\/shop\/austrialpin-hms-rondo-selfie-schrauber\/#local-main-organization-logo","url":"https:\/\/bolting.eu\/wp-content\/uploads\/2019\/09\/bolting-logo.png","contentUrl":"https:\/\/bolting.eu\/wp-content\/uploads\/2019\/09\/bolting-logo.png","width":400,"height":211,"caption":"bolting.eu"}]},"og_availability":"instock","product_availability":"instock","product_condition":"new","geo.placename":"Innsbruck","geo.position":{"lat":"47.264176340396226","long":"11.380109057672346"},"geo.region":"Austria"},"_links":{"self":[{"href":"https:\/\/bolting.eu\/en\/wp-json\/wp\/v2\/product\/10367","targetHints":{"allow":["GET"]}}],"collection":[{"href":"https:\/\/bolting.eu\/en\/wp-json\/wp\/v2\/product"}],"about":[{"href":"https:\/\/bolting.eu\/en\/wp-json\/wp\/v2\/types\/product"}],"replies":[{"embeddable":true,"href":"https:\/\/bolting.eu\/en\/wp-json\/wp\/v2\/comments?post=10367"}],"wp:featuredmedia":[{"embeddable":true,"href":"https:\/\/bolting.eu\/en\/wp-json\/wp\/v2\/media\/10377"}],"wp:attachment":[{"href":"https:\/\/bolting.eu\/en\/wp-json\/wp\/v2\/media?parent=10367"}],"wp:term":[{"taxonomy":"product_brand","embeddable":true,"href":"https:\/\/bolting.eu\/en\/wp-json\/wp\/v2\/product_brand?post=10367"},{"taxonomy":"product_cat","embeddable":true,"href":"https:\/\/bolting.eu\/en\/wp-json\/wp\/v2\/product_cat?post=10367"},{"taxonomy":"product_tag","embeddable":true,"href":"https:\/\/bolting.eu\/en\/wp-json\/wp\/v2\/product_tag?post=10367"}],"curies":[{"name":"wp","href":"https:\/\/api.w.org\/{rel}","templated":true}]}}