{"id":10350,"date":"2021-10-30T17:27:22","date_gmt":"2021-10-30T15:27:22","guid":{"rendered":"https:\/\/bolting.eu\/?post_type=product&#038;p=10350"},"modified":"2023-09-13T14:39:15","modified_gmt":"2023-09-13T12:39:15","slug":"stahlkarabiner-trilock-lacd","status":"publish","type":"product","link":"https:\/\/bolting.eu\/en\/shop\/stahlkarabiner-trilock-lacd\/","title":{"rendered":"Stahlkarabiner Trilock LACD"},"content":{"rendered":"<p>Unser <a href=\"https:\/\/bolting.eu\/produkt-kategorie\/kletterausruestung\/kletterkarabiner\/stahlkarabiner\/\">Stahlkarabiner<\/a> Trilock stammt vom Hersteller LACD. Dieser Karabiner zeichnet sich durch seinen sicheren 3-Wege Twist Lock und eine extrem hohe Bruchlast von 45kN aus.<\/p>\n<p>Zudem besitzt dieses verzinkte Modell eine enorme Abriebfestigkeit. Abschlie\u00dfend eignet sich dieses Produkt durch seine D-Form mit breitem Scheitel auch f\u00fcr die HMS Sicherung.<\/p>\n<h2>Eigenschaften Stahlkarabiner Trilock LACD<\/h2>\n<ul>\n<li>Hersteller: <a href=\"https:\/\/bolting.eu\/produkt-kategorie\/lacd\/\">LACD<\/a><\/li>\n<li>Material: verzinkter Stahl<\/li>\n<li>D-Form mit breitem Schenkel<\/li>\n<li>Normen: <a href=\"https:\/\/bolting.eu\/en-362-norm\/\">EN 362<\/a><\/li>\n<li><a href=\"https:\/\/bolting.eu\/bruchlast-karabiner\/\">Bruchlast Karabiner<\/a>: l\u00e4ngs \/ quer \/ offen: 45kN \/ 16kN \/ 12kN<\/li>\n<li>Ma\u00dfe: 110mm x 68mm<\/li>\n<li>Gewicht: 212 Gramm<\/li>\n<li>Breite Schnapper\u00f6ffnung: 24mm<\/li>\n<li>Materialst\u00e4rke Karabiner: 12mm<\/li>\n<li>extrem abriebfest<\/li>\n<li>perfekt f\u00fcr HMS Knoten<\/li>\n<li>ideal f\u00fcr breite Lastgurte<\/li>\n<li>3-Wege Twist Lock<\/li>\n<li>zum <a href=\"https:\/\/www.lacd.de\/\" target=\"_blank\" rel=\"noopener\">Hersteller<\/a><\/li>\n<\/ul>\n<h3>3-Wege Twist Lock Verschluss<\/h3>\n<p>Der Stahlkarabiner Trilock hat &#8211; wie der Name es ja bereits ank\u00fcndigt &#8211; einen sicheren 3-Wege Verschluss. D.h. der Schnapper kann nur mit einer Kombination aus Schieben &#8211; Drehen und Dr\u00fccken ge\u00f6ffnet werden.<\/p>\n<p>Diese Kombination gilt als sehr sicher und macht den Karabiner ideal f\u00fcr alle H\u00f6henarbeiten, Rettungsorganisationen oder Kletteraktivit\u00e4ten.<\/p>\n<p>Wie alle Twist-Lock Modelle, schlie\u00dft der Verschluss wieder automatisch!<\/p>\n<h3>Wieso Stahlkarabiner Trilock und keinen Schrauber?<\/h3>\n<p>Die Vorteile dieses Verschlusssystems sind wie folgt. Erstens l\u00e4sst sich dieser Verschluss mit einer Hand \u00f6ffnen. Zweitens ist das \u00d6ffnen sehr rasch m\u00f6glich. Folglich ist dieser Karabiner ideal bei repetitiven T\u00e4tigkeiten. Drittens schlie\u00dft der Karabiner automatisch. Somit kann man nicht wie bei einem Schrauber auf das Verschlie\u00dfen vergessen!<\/p>\n<h3>Extrem stark und abriebfest<\/h3>\n<p>Unsere Kunden sch\u00e4tzen beim Trilcok Stahlkarabiner sowohl die Langlebigkeit als auch die hohe Bruchlast.<\/p>\n<p>Denn zum einen verleiht der verzinkte Stahl diesem Produkt eine enorme H\u00e4rte. Somit ist der Karabiner extrem gut gegen Abrieb gesch\u00fctzt. Und zum anderen garantiert die 12mm Materialst\u00e4rke eine hohe Bruchlast. Ganz genau sind es stolze 45kN in L\u00e4ngsrichtung.<\/p>\n","protected":false},"excerpt":{"rendered":"<p>Extrem abriebfester Stahlkarabiner Trilock mit 45kN Bruchlast. Schnapper\u00f6ffnung kann nur mit Kombination aus Schieben &#8211; Drehen &#8211; Dr\u00fccken ge\u00f6ffnet werden.<\/p>\n<p>Ideal auch mit HMS Knoten zu bedienen. Ein echtes Arbeitstier!<\/p>\n","protected":false},"featured_media":10351,"comment_status":"open","ping_status":"closed","template":"","meta":[],"product_brand":[],"product_cat":[29,44,3003,4669],"product_tag":[],"class_list":{"0":"post-10350","1":"product","2":"type-product","3":"status-publish","4":"has-post-thumbnail","6":"product_cat-kletterausruestung","7":"product_cat-kletterkarabiner","8":"product_cat-stahlkarabiner","9":"product_cat-lacd","11":"first","12":"outofstock","13":"taxable","14":"shipping-taxable","15":"purchasable","16":"product-type-simple"},"yoast_head":"<!-- This site is optimized with the Yoast SEO Premium plugin v26.9 (Yoast SEO v26.9) - https:\/\/yoast.com\/product\/yoast-seo-premium-wordpress\/ -->\n<title>Stahlkarabiner Trilock LACD - mit 3-Wege Verschluss | bolting.eu<\/title>\n<meta name=\"description\" content=\"Hier findest Du den STAHLKARABINER TRILOCK von LACD. Einen sicheren, abriebfesten HMS Karabiner mit 3-Wege Twist Lock Verschluss!\" \/>\n<meta name=\"robots\" content=\"index, follow, max-snippet:-1, max-image-preview:large, max-video-preview:-1\" \/>\n<link rel=\"canonical\" href=\"https:\/\/bolting.eu\/en\/shop\/stahlkarabiner-trilock-lacd\/\" \/>\n<meta property=\"og:locale\" content=\"en_US\" \/>\n<meta property=\"og:type\" content=\"article\" \/>\n<meta property=\"og:title\" content=\"Stahlkarabiner Trilock LACD\" \/>\n<meta property=\"og:description\" content=\"Hier findest Du den STAHLKARABINER TRILOCK von LACD. Einen sicheren, abriebfesten HMS Karabiner mit 3-Wege Twist Lock Verschluss!\" \/>\n<meta property=\"og:url\" content=\"https:\/\/bolting.eu\/en\/shop\/stahlkarabiner-trilock-lacd\/\" \/>\n<meta property=\"og:site_name\" content=\"bolting.eu\" \/>\n<meta property=\"article:publisher\" content=\"https:\/\/www.facebook.com\/bolting.eu\" \/>\n<meta property=\"article:modified_time\" content=\"2023-09-13T12:39:15+00:00\" \/>\n<meta property=\"og:image\" content=\"https:\/\/bolting.eu\/wp-content\/uploads\/2021\/10\/Stahlkarabiner-Trilock-1.jpg\" \/>\n\t<meta property=\"og:image:width\" content=\"700\" \/>\n\t<meta property=\"og:image:height\" content=\"700\" \/>\n\t<meta property=\"og:image:type\" content=\"image\/jpeg\" \/>\n<meta name=\"twitter:card\" content=\"summary_large_image\" \/>\n<meta name=\"twitter:label1\" content=\"Price\" \/>\n\t<meta name=\"twitter:data1\" content=\"&euro;&nbsp;14,90\" \/>\n\t<meta name=\"twitter:label2\" content=\"Availability\" \/>\n\t<meta name=\"twitter:data2\" content=\"Out of stock\" \/>\n<script type=\"application\/ld+json\" class=\"yoast-schema-graph\">{\"@context\":\"https:\/\/schema.org\",\"@graph\":[{\"@type\":[\"WebPage\",\"ItemPage\"],\"@id\":\"https:\/\/bolting.eu\/en\/shop\/stahlkarabiner-trilock-lacd\/\",\"url\":\"https:\/\/bolting.eu\/en\/shop\/stahlkarabiner-trilock-lacd\/\",\"name\":\"Stahlkarabiner Trilock LACD - mit 3-Wege Verschluss | bolting.eu\",\"isPartOf\":{\"@id\":\"https:\/\/bolting.eu\/en\/#website\"},\"primaryImageOfPage\":{\"@id\":\"https:\/\/bolting.eu\/en\/shop\/stahlkarabiner-trilock-lacd\/#primaryimage\"},\"image\":{\"@id\":\"https:\/\/bolting.eu\/en\/shop\/stahlkarabiner-trilock-lacd\/#primaryimage\"},\"thumbnailUrl\":\"https:\/\/bolting.eu\/wp-content\/uploads\/2021\/10\/Stahlkarabiner-Trilock-1.jpg\",\"datePublished\":\"2021-10-30T15:27:22+00:00\",\"dateModified\":\"2023-09-13T12:39:15+00:00\",\"description\":\"Hier findest Du den STAHLKARABINER TRILOCK von LACD. Einen sicheren, abriebfesten HMS Karabiner mit 3-Wege Twist Lock Verschluss!\",\"breadcrumb\":{\"@id\":\"https:\/\/bolting.eu\/en\/shop\/stahlkarabiner-trilock-lacd\/#breadcrumb\"},\"inLanguage\":\"en-US\",\"potentialAction\":[{\"@type\":\"ReadAction\",\"target\":[\"https:\/\/bolting.eu\/en\/shop\/stahlkarabiner-trilock-lacd\/\"]}]},{\"@type\":\"ImageObject\",\"inLanguage\":\"en-US\",\"@id\":\"https:\/\/bolting.eu\/en\/shop\/stahlkarabiner-trilock-lacd\/#primaryimage\",\"url\":\"https:\/\/bolting.eu\/wp-content\/uploads\/2021\/10\/Stahlkarabiner-Trilock-1.jpg\",\"contentUrl\":\"https:\/\/bolting.eu\/wp-content\/uploads\/2021\/10\/Stahlkarabiner-Trilock-1.jpg\",\"width\":700,\"height\":700,\"caption\":\"Das Bild zeigt einen silbernen Stahlkarabiner Trilock auf einem wei\u00dfem Quadrat, der Karabiner Verschluss ist rechts.\"},{\"@type\":\"BreadcrumbList\",\"@id\":\"https:\/\/bolting.eu\/en\/shop\/stahlkarabiner-trilock-lacd\/#breadcrumb\",\"itemListElement\":[{\"@type\":\"ListItem\",\"position\":1,\"name\":\"Shop\",\"item\":\"https:\/\/bolting.eu\/en\/shop\/\"},{\"@type\":\"ListItem\",\"position\":2,\"name\":\"climbing equipment\",\"item\":\"https:\/\/bolting.eu\/en\/produkt-kategorie\/climbing-equipment\/\"},{\"@type\":\"ListItem\",\"position\":3,\"name\":\"Climbing carabiner\",\"item\":\"https:\/\/bolting.eu\/en\/produkt-kategorie\/climbing-carabiner\/\"},{\"@type\":\"ListItem\",\"position\":4,\"name\":\"Steel carabiner\",\"item\":\"https:\/\/bolting.eu\/en\/produkt-kategorie\/steel-carabiner\/\"},{\"@type\":\"ListItem\",\"position\":5,\"name\":\"Stahlkarabiner Trilock LACD\"}]},{\"@type\":\"WebSite\",\"@id\":\"https:\/\/bolting.eu\/en\/#website\",\"url\":\"https:\/\/bolting.eu\/en\/\",\"name\":\"bolting.eu\",\"description\":\"we make climbs happen\",\"publisher\":{\"@id\":\"https:\/\/bolting.eu\/en\/#organization\"},\"potentialAction\":[{\"@type\":\"SearchAction\",\"target\":{\"@type\":\"EntryPoint\",\"urlTemplate\":\"https:\/\/bolting.eu\/en\/?s={search_term_string}\"},\"query-input\":{\"@type\":\"PropertyValueSpecification\",\"valueRequired\":true,\"valueName\":\"search_term_string\"}}],\"inLanguage\":\"en-US\"},{\"@type\":[\"Organization\",\"Place\",\"SportingGoodsStore\"],\"@id\":\"https:\/\/bolting.eu\/en\/#organization\",\"name\":\"bolting.eu\",\"url\":\"https:\/\/bolting.eu\/en\/\",\"logo\":{\"@id\":\"https:\/\/bolting.eu\/en\/shop\/stahlkarabiner-trilock-lacd\/#local-main-organization-logo\"},\"image\":{\"@id\":\"https:\/\/bolting.eu\/en\/shop\/stahlkarabiner-trilock-lacd\/#local-main-organization-logo\"},\"sameAs\":[\"https:\/\/www.facebook.com\/bolting.eu\",\"https:\/\/www.instagram.com\/bolting.eu\/\"],\"address\":{\"@id\":\"https:\/\/bolting.eu\/en\/shop\/stahlkarabiner-trilock-lacd\/#local-main-place-address\"},\"geo\":{\"@type\":\"GeoCoordinates\",\"latitude\":\"47.264176340396226\",\"longitude\":\"11.380109057672346\"},\"telephone\":[\"+43 699 19083372\"],\"openingHoursSpecification\":[{\"@type\":\"OpeningHoursSpecification\",\"dayOfWeek\":[\"Monday\",\"Wednesday\",\"Friday\"],\"opens\":\"14:00\",\"closes\":\"18:00\"},{\"@type\":\"OpeningHoursSpecification\",\"dayOfWeek\":[\"Tuesday\",\"Thursday\",\"Saturday\",\"Sunday\"],\"opens\":\"00:00\",\"closes\":\"00:00\"}],\"email\":\"office@bolting.eu\",\"vatID\":\"ATU59999728\",\"priceRange\":\"$$\",\"currenciesAccepted\":\"Euro\"},{\"@type\":\"PostalAddress\",\"@id\":\"https:\/\/bolting.eu\/en\/shop\/stahlkarabiner-trilock-lacd\/#local-main-place-address\",\"streetAddress\":\"Fischnalerstra\u00dfe 4\",\"addressLocality\":\"Innsbruck\",\"postalCode\":\"6020\",\"addressRegion\":\"Tirol\",\"addressCountry\":\"AT\"},{\"@type\":\"ImageObject\",\"inLanguage\":\"en-US\",\"@id\":\"https:\/\/bolting.eu\/en\/shop\/stahlkarabiner-trilock-lacd\/#local-main-organization-logo\",\"url\":\"https:\/\/bolting.eu\/wp-content\/uploads\/2019\/09\/bolting-logo.png\",\"contentUrl\":\"https:\/\/bolting.eu\/wp-content\/uploads\/2019\/09\/bolting-logo.png\",\"width\":400,\"height\":211,\"caption\":\"bolting.eu\"}]}<\/script>\n<meta property=\"product:price:amount\" content=\"14.90\" \/>\n<meta property=\"product:price:currency\" content=\"EUR\" \/>\n<meta property=\"og:availability\" content=\"out of stock\" \/>\n<meta property=\"product:availability\" content=\"out of stock\" \/>\n<meta property=\"product:condition\" content=\"new\" \/>\n<meta name=\"geo.placename\" content=\"Innsbruck\" \/>\n<meta name=\"geo.position\" content=\"47.264176340396226;11.380109057672346\" \/>\n<meta name=\"geo.region\" content=\"Austria\" \/>\n<!-- \/ Yoast SEO Premium plugin. -->","yoast_head_json":{"title":"Stahlkarabiner Trilock LACD - mit 3-Wege Verschluss | bolting.eu","description":"Hier findest Du den STAHLKARABINER TRILOCK von LACD. Einen sicheren, abriebfesten HMS Karabiner mit 3-Wege Twist Lock Verschluss!","robots":{"index":"index","follow":"follow","max-snippet":"max-snippet:-1","max-image-preview":"max-image-preview:large","max-video-preview":"max-video-preview:-1"},"canonical":"https:\/\/bolting.eu\/en\/shop\/stahlkarabiner-trilock-lacd\/","og_locale":"en_US","og_type":"article","og_title":"Stahlkarabiner Trilock LACD","og_description":"Hier findest Du den STAHLKARABINER TRILOCK von LACD. Einen sicheren, abriebfesten HMS Karabiner mit 3-Wege Twist Lock Verschluss!","og_url":"https:\/\/bolting.eu\/en\/shop\/stahlkarabiner-trilock-lacd\/","og_site_name":"bolting.eu","article_publisher":"https:\/\/www.facebook.com\/bolting.eu","article_modified_time":"2023-09-13T12:39:15+00:00","og_image":[{"width":700,"height":700,"url":"https:\/\/bolting.eu\/wp-content\/uploads\/2021\/10\/Stahlkarabiner-Trilock-1.jpg","type":"image\/jpeg"}],"twitter_card":"summary_large_image","twitter_misc":{"Price":"&euro;&nbsp;14,90","Availability":"Out of stock"},"schema":{"@context":"https:\/\/schema.org","@graph":[{"@type":["WebPage","ItemPage"],"@id":"https:\/\/bolting.eu\/en\/shop\/stahlkarabiner-trilock-lacd\/","url":"https:\/\/bolting.eu\/en\/shop\/stahlkarabiner-trilock-lacd\/","name":"Stahlkarabiner Trilock LACD - mit 3-Wege Verschluss | bolting.eu","isPartOf":{"@id":"https:\/\/bolting.eu\/en\/#website"},"primaryImageOfPage":{"@id":"https:\/\/bolting.eu\/en\/shop\/stahlkarabiner-trilock-lacd\/#primaryimage"},"image":{"@id":"https:\/\/bolting.eu\/en\/shop\/stahlkarabiner-trilock-lacd\/#primaryimage"},"thumbnailUrl":"https:\/\/bolting.eu\/wp-content\/uploads\/2021\/10\/Stahlkarabiner-Trilock-1.jpg","datePublished":"2021-10-30T15:27:22+00:00","dateModified":"2023-09-13T12:39:15+00:00","description":"Hier findest Du den STAHLKARABINER TRILOCK von LACD. Einen sicheren, abriebfesten HMS Karabiner mit 3-Wege Twist Lock Verschluss!","breadcrumb":{"@id":"https:\/\/bolting.eu\/en\/shop\/stahlkarabiner-trilock-lacd\/#breadcrumb"},"inLanguage":"en-US","potentialAction":[{"@type":"ReadAction","target":["https:\/\/bolting.eu\/en\/shop\/stahlkarabiner-trilock-lacd\/"]}]},{"@type":"ImageObject","inLanguage":"en-US","@id":"https:\/\/bolting.eu\/en\/shop\/stahlkarabiner-trilock-lacd\/#primaryimage","url":"https:\/\/bolting.eu\/wp-content\/uploads\/2021\/10\/Stahlkarabiner-Trilock-1.jpg","contentUrl":"https:\/\/bolting.eu\/wp-content\/uploads\/2021\/10\/Stahlkarabiner-Trilock-1.jpg","width":700,"height":700,"caption":"Das Bild zeigt einen silbernen Stahlkarabiner Trilock auf einem wei\u00dfem Quadrat, der Karabiner Verschluss ist rechts."},{"@type":"BreadcrumbList","@id":"https:\/\/bolting.eu\/en\/shop\/stahlkarabiner-trilock-lacd\/#breadcrumb","itemListElement":[{"@type":"ListItem","position":1,"name":"Shop","item":"https:\/\/bolting.eu\/en\/shop\/"},{"@type":"ListItem","position":2,"name":"climbing equipment","item":"https:\/\/bolting.eu\/en\/produkt-kategorie\/climbing-equipment\/"},{"@type":"ListItem","position":3,"name":"Climbing carabiner","item":"https:\/\/bolting.eu\/en\/produkt-kategorie\/climbing-carabiner\/"},{"@type":"ListItem","position":4,"name":"Steel carabiner","item":"https:\/\/bolting.eu\/en\/produkt-kategorie\/steel-carabiner\/"},{"@type":"ListItem","position":5,"name":"Stahlkarabiner Trilock LACD"}]},{"@type":"WebSite","@id":"https:\/\/bolting.eu\/en\/#website","url":"https:\/\/bolting.eu\/en\/","name":"bolting.eu","description":"we make climbs happen","publisher":{"@id":"https:\/\/bolting.eu\/en\/#organization"},"potentialAction":[{"@type":"SearchAction","target":{"@type":"EntryPoint","urlTemplate":"https:\/\/bolting.eu\/en\/?s={search_term_string}"},"query-input":{"@type":"PropertyValueSpecification","valueRequired":true,"valueName":"search_term_string"}}],"inLanguage":"en-US"},{"@type":["Organization","Place","SportingGoodsStore"],"@id":"https:\/\/bolting.eu\/en\/#organization","name":"bolting.eu","url":"https:\/\/bolting.eu\/en\/","logo":{"@id":"https:\/\/bolting.eu\/en\/shop\/stahlkarabiner-trilock-lacd\/#local-main-organization-logo"},"image":{"@id":"https:\/\/bolting.eu\/en\/shop\/stahlkarabiner-trilock-lacd\/#local-main-organization-logo"},"sameAs":["https:\/\/www.facebook.com\/bolting.eu","https:\/\/www.instagram.com\/bolting.eu\/"],"address":{"@id":"https:\/\/bolting.eu\/en\/shop\/stahlkarabiner-trilock-lacd\/#local-main-place-address"},"geo":{"@type":"GeoCoordinates","latitude":"47.264176340396226","longitude":"11.380109057672346"},"telephone":["+43 699 19083372"],"openingHoursSpecification":[{"@type":"OpeningHoursSpecification","dayOfWeek":["Monday","Wednesday","Friday"],"opens":"14:00","closes":"18:00"},{"@type":"OpeningHoursSpecification","dayOfWeek":["Tuesday","Thursday","Saturday","Sunday"],"opens":"00:00","closes":"00:00"}],"email":"office@bolting.eu","vatID":"ATU59999728","priceRange":"$$","currenciesAccepted":"Euro"},{"@type":"PostalAddress","@id":"https:\/\/bolting.eu\/en\/shop\/stahlkarabiner-trilock-lacd\/#local-main-place-address","streetAddress":"Fischnalerstra\u00dfe 4","addressLocality":"Innsbruck","postalCode":"6020","addressRegion":"Tirol","addressCountry":"AT"},{"@type":"ImageObject","inLanguage":"en-US","@id":"https:\/\/bolting.eu\/en\/shop\/stahlkarabiner-trilock-lacd\/#local-main-organization-logo","url":"https:\/\/bolting.eu\/wp-content\/uploads\/2019\/09\/bolting-logo.png","contentUrl":"https:\/\/bolting.eu\/wp-content\/uploads\/2019\/09\/bolting-logo.png","width":400,"height":211,"caption":"bolting.eu"}]},"product_price_amount":"14.90","product_price_currency":"EUR","og_availability":"out of stock","product_availability":"out of stock","product_condition":"new","geo.placename":"Innsbruck","geo.position":{"lat":"47.264176340396226","long":"11.380109057672346"},"geo.region":"Austria"},"_links":{"self":[{"href":"https:\/\/bolting.eu\/en\/wp-json\/wp\/v2\/product\/10350","targetHints":{"allow":["GET"]}}],"collection":[{"href":"https:\/\/bolting.eu\/en\/wp-json\/wp\/v2\/product"}],"about":[{"href":"https:\/\/bolting.eu\/en\/wp-json\/wp\/v2\/types\/product"}],"replies":[{"embeddable":true,"href":"https:\/\/bolting.eu\/en\/wp-json\/wp\/v2\/comments?post=10350"}],"wp:featuredmedia":[{"embeddable":true,"href":"https:\/\/bolting.eu\/en\/wp-json\/wp\/v2\/media\/10351"}],"wp:attachment":[{"href":"https:\/\/bolting.eu\/en\/wp-json\/wp\/v2\/media?parent=10350"}],"wp:term":[{"taxonomy":"product_brand","embeddable":true,"href":"https:\/\/bolting.eu\/en\/wp-json\/wp\/v2\/product_brand?post=10350"},{"taxonomy":"product_cat","embeddable":true,"href":"https:\/\/bolting.eu\/en\/wp-json\/wp\/v2\/product_cat?post=10350"},{"taxonomy":"product_tag","embeddable":true,"href":"https:\/\/bolting.eu\/en\/wp-json\/wp\/v2\/product_tag?post=10350"}],"curies":[{"name":"wp","href":"https:\/\/api.w.org\/{rel}","templated":true}]}}