{"id":10313,"date":"2021-10-20T09:11:30","date_gmt":"2021-10-20T07:11:30","guid":{"rendered":"https:\/\/bolting.eu\/?post_type=product&#038;p=10313"},"modified":"2025-03-14T09:25:24","modified_gmt":"2025-03-14T08:25:24","slug":"wegemacher-krampen","status":"publish","type":"product","link":"https:\/\/bolting.eu\/en\/shop\/wegemacher-krampen\/","title":{"rendered":"Wegemacher Krampen"},"content":{"rendered":"<p>Unser Wegemacher Krampen ist ein ist ein hochwertiges Produkt.<\/p>\n<p>Denn dieses leichte 2kg Werkzeug ist aus Qualit\u00e4tsstahl gefertigt. Zudem ist es mit einem robusten Buchenstiel mit 95cm L\u00e4nge ausgestattet.<\/p>\n<p>Dieses Produkt wurde zu 100% in \u00d6sterreich gefertigt und ist nicht mit billiger Importware vergleichbar.<\/p>\n<p>Dieser Krampen ist ideal f\u00fcr die Mitnahme ins alpine Gel\u00e4nde. Denn ersten ist er verh\u00e4ltnism\u00e4\u00dfig leicht. Zweitens hat er eine bewusst kleinere Gr\u00f6\u00dfe. Und drittens ist der geh\u00e4rtete Stahl sehr robust. Deswegen verwenden wir sie selber beim <a href=\"https:\/\/bolting.eu\/alpiner-wegebau\/\">alpinen Wegebau<\/a>.<\/p>\n<p>Kurzum. Wie unser <a href=\"https:\/\/bolting.eu\/shop\/steinschlegel\/\">Steinschlegel<\/a>, unsere <a href=\"https:\/\/bolting.eu\/shop\/wegmacherhaue\/\">Wegmacherhaue<\/a> und <a href=\"https:\/\/bolting.eu\/shop\/wegemacherschaufel\/\">Wegemacherschaufel<\/a> ein unverzichtbares Werkzeug beim alpinen Wegebau.<\/p>\n<h3>Eigenschaften Wegemacher Krampen<\/h3>\n<ul>\n<li>Material: hochwertiger Qualit\u00e4tsstahl<\/li>\n<li>extra geh\u00e4rtet f\u00fcr hohe Belastbarkeit<\/li>\n<li>Gewicht: nur 2kg<\/li>\n<li>Stiel: 95cm aus robustem Buchenholz<\/li>\n<li>extrem scharfe Spitze bzw. Schneidspitze<\/li>\n<li>ideal f\u00fcr den Wegebau<\/li>\n<li>kann man auf gro\u00dfen Rucksack schnallen<\/li>\n<li><strong>Stiel und Aufsatz k\u00f6nnen zu Transportzwecken demontiert geliefert werden!<\/strong><\/li>\n<li>aufgrund der nat\u00fcrliche Austrocknung des Buchenstiel muss das Werkzeug f\u00fcr einen festen Halt des Aufsatzes in Wasser gelegt werden<\/li>\n<li>wir empfehlen die Montage des Aufsatzes mit einem zus\u00e4tzlichen Keil f\u00fcr festen Halt<\/li>\n<\/ul>\n","protected":false},"excerpt":{"rendered":"<p>Kleiner, leichter Wegemacher Krampen f\u00fcr die Mitnahme ins alpine Gel\u00e4nde mit nur 2kg.<\/p>\n<p>Der Aufsatz besteht aus hochwertigem, geh\u00e4rtetem Stahl, der Stiel aus Buche. Ideal f\u00fcr den alpinen Wegebau.<\/p>\n<p>Versandkostenfrei bis 2kg in <img decoding=\"async\" class=\"emoji\" role=\"img\" draggable=\"false\" src=\"https:\/\/s.w.org\/images\/core\/emoji\/14.0.0\/svg\/1f1e6-1f1f9.svg\" alt=\"\ud83c\udde6\ud83c\uddf9\" \/> ab \u20ac 100,- und <img decoding=\"async\" class=\"emoji\" role=\"img\" draggable=\"false\" src=\"https:\/\/s.w.org\/images\/core\/emoji\/14.0.0\/svg\/1f1e9-1f1ea.svg\" alt=\"\ud83c\udde9\ud83c\uddea\" \/> ab \u20ac 200,-!<\/p>\n","protected":false},"featured_media":10314,"comment_status":"open","ping_status":"closed","template":"","meta":[],"product_brand":[],"product_cat":[1210,13905,14189],"product_tag":[],"class_list":{"0":"post-10313","1":"product","2":"type-product","3":"status-publish","4":"has-post-thumbnail","6":"product_cat-einbohrartikel","7":"product_cat-sperrgut-klein","8":"product_cat-materialien-fuer-wegebau","10":"first","11":"instock","12":"taxable","13":"shipping-taxable","14":"purchasable","15":"product-type-simple"},"yoast_head":"<!-- This site is optimized with the Yoast SEO Premium plugin v26.9 (Yoast SEO v26.9) - https:\/\/yoast.com\/product\/yoast-seo-premium-wordpress\/ -->\n<title>Wegemacher Krampen 2kg f\u00fcr alpinen Wegebau | bolting.eu<\/title>\n<meta name=\"description\" content=\"WEGEMACHER KRAMPEN beim Einbohrprofi kaufen \u2705 Trusted Shop \u2705 kostenloser Versand* \u2705 14 Tage R\u00fcckgaberecht \u2705 Co2 neutrale Zustellung\" \/>\n<meta name=\"robots\" content=\"index, follow, max-snippet:-1, max-image-preview:large, max-video-preview:-1\" \/>\n<link rel=\"canonical\" href=\"https:\/\/bolting.eu\/en\/shop\/wegemacher-krampen\/\" \/>\n<meta property=\"og:locale\" content=\"en_US\" \/>\n<meta property=\"og:type\" content=\"article\" \/>\n<meta property=\"og:title\" content=\"Wegemacher Krampen\" \/>\n<meta property=\"og:description\" content=\"WEGEMACHER KRAMPEN beim Einbohrprofi kaufen \u2705 Trusted Shop \u2705 kostenloser Versand* \u2705 14 Tage R\u00fcckgaberecht \u2705 Co2 neutrale Zustellung\" \/>\n<meta property=\"og:url\" content=\"https:\/\/bolting.eu\/en\/shop\/wegemacher-krampen\/\" \/>\n<meta property=\"og:site_name\" content=\"bolting.eu\" \/>\n<meta property=\"article:publisher\" content=\"https:\/\/www.facebook.com\/bolting.eu\" \/>\n<meta property=\"article:modified_time\" content=\"2025-03-14T08:25:24+00:00\" \/>\n<meta property=\"og:image\" content=\"https:\/\/bolting.eu\/wp-content\/uploads\/2021\/10\/Wegemacher-Krampen-1.jpg\" \/>\n\t<meta property=\"og:image:width\" content=\"700\" \/>\n\t<meta property=\"og:image:height\" content=\"700\" \/>\n\t<meta property=\"og:image:type\" content=\"image\/jpeg\" \/>\n<meta name=\"twitter:card\" content=\"summary_large_image\" \/>\n<meta name=\"twitter:label1\" content=\"Price\" \/>\n\t<meta name=\"twitter:data1\" content=\"&euro;&nbsp;44,90\" \/>\n\t<meta name=\"twitter:label2\" content=\"Availability\" \/>\n\t<meta name=\"twitter:data2\" content=\"In stock\" \/>\n<script type=\"application\/ld+json\" class=\"yoast-schema-graph\">{\"@context\":\"https:\/\/schema.org\",\"@graph\":[{\"@type\":[\"WebPage\",\"ItemPage\"],\"@id\":\"https:\/\/bolting.eu\/en\/shop\/wegemacher-krampen\/\",\"url\":\"https:\/\/bolting.eu\/en\/shop\/wegemacher-krampen\/\",\"name\":\"Wegemacher Krampen 2kg f\u00fcr alpinen Wegebau | bolting.eu\",\"isPartOf\":{\"@id\":\"https:\/\/bolting.eu\/en\/#website\"},\"primaryImageOfPage\":{\"@id\":\"https:\/\/bolting.eu\/en\/shop\/wegemacher-krampen\/#primaryimage\"},\"image\":{\"@id\":\"https:\/\/bolting.eu\/en\/shop\/wegemacher-krampen\/#primaryimage\"},\"thumbnailUrl\":\"https:\/\/bolting.eu\/wp-content\/uploads\/2021\/10\/Wegemacher-Krampen-1.jpg\",\"datePublished\":\"2021-10-20T07:11:30+00:00\",\"dateModified\":\"2025-03-14T08:25:24+00:00\",\"description\":\"WEGEMACHER KRAMPEN beim Einbohrprofi kaufen \u2705 Trusted Shop \u2705 kostenloser Versand* \u2705 14 Tage R\u00fcckgaberecht \u2705 Co2 neutrale Zustellung\",\"breadcrumb\":{\"@id\":\"https:\/\/bolting.eu\/en\/shop\/wegemacher-krampen\/#breadcrumb\"},\"inLanguage\":\"en-US\",\"potentialAction\":[{\"@type\":\"ReadAction\",\"target\":[\"https:\/\/bolting.eu\/en\/shop\/wegemacher-krampen\/\"]}]},{\"@type\":\"ImageObject\",\"inLanguage\":\"en-US\",\"@id\":\"https:\/\/bolting.eu\/en\/shop\/wegemacher-krampen\/#primaryimage\",\"url\":\"https:\/\/bolting.eu\/wp-content\/uploads\/2021\/10\/Wegemacher-Krampen-1.jpg\",\"contentUrl\":\"https:\/\/bolting.eu\/wp-content\/uploads\/2021\/10\/Wegemacher-Krampen-1.jpg\",\"width\":700,\"height\":700,\"caption\":\"Das Bild zeigt einen Wegemacher Krampen mit schwarzem Aufsatz und gelbem Stiel.\"},{\"@type\":\"BreadcrumbList\",\"@id\":\"https:\/\/bolting.eu\/en\/shop\/wegemacher-krampen\/#breadcrumb\",\"itemListElement\":[{\"@type\":\"ListItem\",\"position\":1,\"name\":\"Shop\",\"item\":\"https:\/\/bolting.eu\/en\/shop\/\"},{\"@type\":\"ListItem\",\"position\":2,\"name\":\"bolting products\",\"item\":\"https:\/\/bolting.eu\/en\/produkt-kategorie\/bolting-products\/\"},{\"@type\":\"ListItem\",\"position\":3,\"name\":\"Materialien f\u00fcr Wegebau\",\"item\":\"https:\/\/bolting.eu\/produkt-kategorie\/einbohrartikel\/materialien-fuer-wegebau\/\"},{\"@type\":\"ListItem\",\"position\":4,\"name\":\"Wegemacher Krampen\"}]},{\"@type\":\"WebSite\",\"@id\":\"https:\/\/bolting.eu\/en\/#website\",\"url\":\"https:\/\/bolting.eu\/en\/\",\"name\":\"bolting.eu\",\"description\":\"we make climbs happen\",\"publisher\":{\"@id\":\"https:\/\/bolting.eu\/en\/#organization\"},\"potentialAction\":[{\"@type\":\"SearchAction\",\"target\":{\"@type\":\"EntryPoint\",\"urlTemplate\":\"https:\/\/bolting.eu\/en\/?s={search_term_string}\"},\"query-input\":{\"@type\":\"PropertyValueSpecification\",\"valueRequired\":true,\"valueName\":\"search_term_string\"}}],\"inLanguage\":\"en-US\"},{\"@type\":[\"Organization\",\"Place\",\"SportingGoodsStore\"],\"@id\":\"https:\/\/bolting.eu\/en\/#organization\",\"name\":\"bolting.eu\",\"url\":\"https:\/\/bolting.eu\/en\/\",\"logo\":{\"@id\":\"https:\/\/bolting.eu\/en\/shop\/wegemacher-krampen\/#local-main-organization-logo\"},\"image\":{\"@id\":\"https:\/\/bolting.eu\/en\/shop\/wegemacher-krampen\/#local-main-organization-logo\"},\"sameAs\":[\"https:\/\/www.facebook.com\/bolting.eu\",\"https:\/\/www.instagram.com\/bolting.eu\/\"],\"address\":{\"@id\":\"https:\/\/bolting.eu\/en\/shop\/wegemacher-krampen\/#local-main-place-address\"},\"geo\":{\"@type\":\"GeoCoordinates\",\"latitude\":\"47.264176340396226\",\"longitude\":\"11.380109057672346\"},\"telephone\":[\"+43 699 19083372\"],\"openingHoursSpecification\":[{\"@type\":\"OpeningHoursSpecification\",\"dayOfWeek\":[\"Monday\",\"Wednesday\",\"Friday\"],\"opens\":\"14:00\",\"closes\":\"18:00\"},{\"@type\":\"OpeningHoursSpecification\",\"dayOfWeek\":[\"Tuesday\",\"Thursday\",\"Saturday\",\"Sunday\"],\"opens\":\"00:00\",\"closes\":\"00:00\"}],\"email\":\"office@bolting.eu\",\"vatID\":\"ATU59999728\",\"priceRange\":\"$$\",\"currenciesAccepted\":\"Euro\"},{\"@type\":\"PostalAddress\",\"@id\":\"https:\/\/bolting.eu\/en\/shop\/wegemacher-krampen\/#local-main-place-address\",\"streetAddress\":\"Fischnalerstra\u00dfe 4\",\"addressLocality\":\"Innsbruck\",\"postalCode\":\"6020\",\"addressRegion\":\"Tirol\",\"addressCountry\":\"AT\"},{\"@type\":\"ImageObject\",\"inLanguage\":\"en-US\",\"@id\":\"https:\/\/bolting.eu\/en\/shop\/wegemacher-krampen\/#local-main-organization-logo\",\"url\":\"https:\/\/bolting.eu\/wp-content\/uploads\/2019\/09\/bolting-logo.png\",\"contentUrl\":\"https:\/\/bolting.eu\/wp-content\/uploads\/2019\/09\/bolting-logo.png\",\"width\":400,\"height\":211,\"caption\":\"bolting.eu\"}]}<\/script>\n<meta property=\"product:price:amount\" content=\"44.90\" \/>\n<meta property=\"product:price:currency\" content=\"EUR\" \/>\n<meta property=\"og:availability\" content=\"instock\" \/>\n<meta property=\"product:availability\" content=\"instock\" \/>\n<meta property=\"product:retailer_item_id\" content=\"215102\" \/>\n<meta property=\"product:condition\" content=\"new\" \/>\n<meta name=\"geo.placename\" content=\"Innsbruck\" \/>\n<meta name=\"geo.position\" content=\"47.264176340396226;11.380109057672346\" \/>\n<meta name=\"geo.region\" content=\"Austria\" \/>\n<!-- \/ Yoast SEO Premium plugin. -->","yoast_head_json":{"title":"Wegemacher Krampen 2kg f\u00fcr alpinen Wegebau | bolting.eu","description":"WEGEMACHER KRAMPEN beim Einbohrprofi kaufen \u2705 Trusted Shop \u2705 kostenloser Versand* \u2705 14 Tage R\u00fcckgaberecht \u2705 Co2 neutrale Zustellung","robots":{"index":"index","follow":"follow","max-snippet":"max-snippet:-1","max-image-preview":"max-image-preview:large","max-video-preview":"max-video-preview:-1"},"canonical":"https:\/\/bolting.eu\/en\/shop\/wegemacher-krampen\/","og_locale":"en_US","og_type":"article","og_title":"Wegemacher Krampen","og_description":"WEGEMACHER KRAMPEN beim Einbohrprofi kaufen \u2705 Trusted Shop \u2705 kostenloser Versand* \u2705 14 Tage R\u00fcckgaberecht \u2705 Co2 neutrale Zustellung","og_url":"https:\/\/bolting.eu\/en\/shop\/wegemacher-krampen\/","og_site_name":"bolting.eu","article_publisher":"https:\/\/www.facebook.com\/bolting.eu","article_modified_time":"2025-03-14T08:25:24+00:00","og_image":[{"width":700,"height":700,"url":"https:\/\/bolting.eu\/wp-content\/uploads\/2021\/10\/Wegemacher-Krampen-1.jpg","type":"image\/jpeg"}],"twitter_card":"summary_large_image","twitter_misc":{"Price":"&euro;&nbsp;44,90","Availability":"In stock"},"schema":{"@context":"https:\/\/schema.org","@graph":[{"@type":["WebPage","ItemPage"],"@id":"https:\/\/bolting.eu\/en\/shop\/wegemacher-krampen\/","url":"https:\/\/bolting.eu\/en\/shop\/wegemacher-krampen\/","name":"Wegemacher Krampen 2kg f\u00fcr alpinen Wegebau | bolting.eu","isPartOf":{"@id":"https:\/\/bolting.eu\/en\/#website"},"primaryImageOfPage":{"@id":"https:\/\/bolting.eu\/en\/shop\/wegemacher-krampen\/#primaryimage"},"image":{"@id":"https:\/\/bolting.eu\/en\/shop\/wegemacher-krampen\/#primaryimage"},"thumbnailUrl":"https:\/\/bolting.eu\/wp-content\/uploads\/2021\/10\/Wegemacher-Krampen-1.jpg","datePublished":"2021-10-20T07:11:30+00:00","dateModified":"2025-03-14T08:25:24+00:00","description":"WEGEMACHER KRAMPEN beim Einbohrprofi kaufen \u2705 Trusted Shop \u2705 kostenloser Versand* \u2705 14 Tage R\u00fcckgaberecht \u2705 Co2 neutrale Zustellung","breadcrumb":{"@id":"https:\/\/bolting.eu\/en\/shop\/wegemacher-krampen\/#breadcrumb"},"inLanguage":"en-US","potentialAction":[{"@type":"ReadAction","target":["https:\/\/bolting.eu\/en\/shop\/wegemacher-krampen\/"]}]},{"@type":"ImageObject","inLanguage":"en-US","@id":"https:\/\/bolting.eu\/en\/shop\/wegemacher-krampen\/#primaryimage","url":"https:\/\/bolting.eu\/wp-content\/uploads\/2021\/10\/Wegemacher-Krampen-1.jpg","contentUrl":"https:\/\/bolting.eu\/wp-content\/uploads\/2021\/10\/Wegemacher-Krampen-1.jpg","width":700,"height":700,"caption":"Das Bild zeigt einen Wegemacher Krampen mit schwarzem Aufsatz und gelbem Stiel."},{"@type":"BreadcrumbList","@id":"https:\/\/bolting.eu\/en\/shop\/wegemacher-krampen\/#breadcrumb","itemListElement":[{"@type":"ListItem","position":1,"name":"Shop","item":"https:\/\/bolting.eu\/en\/shop\/"},{"@type":"ListItem","position":2,"name":"bolting products","item":"https:\/\/bolting.eu\/en\/produkt-kategorie\/bolting-products\/"},{"@type":"ListItem","position":3,"name":"Materialien f\u00fcr Wegebau","item":"https:\/\/bolting.eu\/produkt-kategorie\/einbohrartikel\/materialien-fuer-wegebau\/"},{"@type":"ListItem","position":4,"name":"Wegemacher Krampen"}]},{"@type":"WebSite","@id":"https:\/\/bolting.eu\/en\/#website","url":"https:\/\/bolting.eu\/en\/","name":"bolting.eu","description":"we make climbs happen","publisher":{"@id":"https:\/\/bolting.eu\/en\/#organization"},"potentialAction":[{"@type":"SearchAction","target":{"@type":"EntryPoint","urlTemplate":"https:\/\/bolting.eu\/en\/?s={search_term_string}"},"query-input":{"@type":"PropertyValueSpecification","valueRequired":true,"valueName":"search_term_string"}}],"inLanguage":"en-US"},{"@type":["Organization","Place","SportingGoodsStore"],"@id":"https:\/\/bolting.eu\/en\/#organization","name":"bolting.eu","url":"https:\/\/bolting.eu\/en\/","logo":{"@id":"https:\/\/bolting.eu\/en\/shop\/wegemacher-krampen\/#local-main-organization-logo"},"image":{"@id":"https:\/\/bolting.eu\/en\/shop\/wegemacher-krampen\/#local-main-organization-logo"},"sameAs":["https:\/\/www.facebook.com\/bolting.eu","https:\/\/www.instagram.com\/bolting.eu\/"],"address":{"@id":"https:\/\/bolting.eu\/en\/shop\/wegemacher-krampen\/#local-main-place-address"},"geo":{"@type":"GeoCoordinates","latitude":"47.264176340396226","longitude":"11.380109057672346"},"telephone":["+43 699 19083372"],"openingHoursSpecification":[{"@type":"OpeningHoursSpecification","dayOfWeek":["Monday","Wednesday","Friday"],"opens":"14:00","closes":"18:00"},{"@type":"OpeningHoursSpecification","dayOfWeek":["Tuesday","Thursday","Saturday","Sunday"],"opens":"00:00","closes":"00:00"}],"email":"office@bolting.eu","vatID":"ATU59999728","priceRange":"$$","currenciesAccepted":"Euro"},{"@type":"PostalAddress","@id":"https:\/\/bolting.eu\/en\/shop\/wegemacher-krampen\/#local-main-place-address","streetAddress":"Fischnalerstra\u00dfe 4","addressLocality":"Innsbruck","postalCode":"6020","addressRegion":"Tirol","addressCountry":"AT"},{"@type":"ImageObject","inLanguage":"en-US","@id":"https:\/\/bolting.eu\/en\/shop\/wegemacher-krampen\/#local-main-organization-logo","url":"https:\/\/bolting.eu\/wp-content\/uploads\/2019\/09\/bolting-logo.png","contentUrl":"https:\/\/bolting.eu\/wp-content\/uploads\/2019\/09\/bolting-logo.png","width":400,"height":211,"caption":"bolting.eu"}]},"product_price_amount":"44.90","product_price_currency":"EUR","og_availability":"instock","product_availability":"instock","product_retailer_item_id":"215102","product_condition":"new","geo.placename":"Innsbruck","geo.position":{"lat":"47.264176340396226","long":"11.380109057672346"},"geo.region":"Austria"},"_links":{"self":[{"href":"https:\/\/bolting.eu\/en\/wp-json\/wp\/v2\/product\/10313","targetHints":{"allow":["GET"]}}],"collection":[{"href":"https:\/\/bolting.eu\/en\/wp-json\/wp\/v2\/product"}],"about":[{"href":"https:\/\/bolting.eu\/en\/wp-json\/wp\/v2\/types\/product"}],"replies":[{"embeddable":true,"href":"https:\/\/bolting.eu\/en\/wp-json\/wp\/v2\/comments?post=10313"}],"wp:featuredmedia":[{"embeddable":true,"href":"https:\/\/bolting.eu\/en\/wp-json\/wp\/v2\/media\/10314"}],"wp:attachment":[{"href":"https:\/\/bolting.eu\/en\/wp-json\/wp\/v2\/media?parent=10313"}],"wp:term":[{"taxonomy":"product_brand","embeddable":true,"href":"https:\/\/bolting.eu\/en\/wp-json\/wp\/v2\/product_brand?post=10313"},{"taxonomy":"product_cat","embeddable":true,"href":"https:\/\/bolting.eu\/en\/wp-json\/wp\/v2\/product_cat?post=10313"},{"taxonomy":"product_tag","embeddable":true,"href":"https:\/\/bolting.eu\/en\/wp-json\/wp\/v2\/product_tag?post=10313"}],"curies":[{"name":"wp","href":"https:\/\/api.w.org\/{rel}","templated":true}]}}