{"id":10310,"date":"2021-10-20T08:51:11","date_gmt":"2021-10-20T06:51:11","guid":{"rendered":"https:\/\/bolting.eu\/?post_type=product&#038;p=10310"},"modified":"2023-03-15T15:34:54","modified_gmt":"2023-03-15T14:34:54","slug":"wegemacherschaufel","status":"publish","type":"product","link":"https:\/\/bolting.eu\/en\/shop\/wegemacherschaufel\/","title":{"rendered":"Wegemacherschaufel"},"content":{"rendered":"<p>Unsere Wegemacherschaufel ist ein hochwertiges Produkt f\u00fcr h\u00e4rteste Eins\u00e4tze. Denn der Schaufelaufsatz dieses Werkzeugs ist aus geh\u00e4rtetem Qualit\u00e4tsstahl geschmiedet. D.h. sie ist von der Qualit\u00e4t her wesentlich besser als alle durchschnittlichen Baumarktprodukte. Deswegen verwenden wir sie selber beim <a href=\"https:\/\/bolting.eu\/alpiner-wegebau\/\">alpinen Wegebau<\/a>.<\/p>\n<p>Wie unsere <a href=\"https:\/\/bolting.eu\/shop\/wegmacherhaue\/\">Wegmacherhaue<\/a> und unser <a href=\"https:\/\/bolting.eu\/shop\/steinschlegel\/\">Steinschlegel<\/a> geh\u00f6rt sie zum Standard Werkzeug f\u00fcr den alpinen Wegebau.<\/p>\n<p>Unsere Wegemacherschaufel ist mit folgenden Produktmerkmalen ausgestattet. Erstens ist die Schaufel aus dem hochwertigen, geh\u00e4rtetem Stahl. Zweiten ist der Aufsatz bewusst spitz und mit einer Feder ausgestattet. Das erlaubt die Anwendung von sehr viel Kraft. Wie z.B. beim &#8220;Graben&#8221; im Schotter usw. Drittens rundet der gebeizte Stiel das Werkzeug perfekt ab.<\/p>\n<p>Kurzum. Wer eine hochwertige Schaufel f\u00fcr den alpinen Wegebau sucht, der ist hier genau richtig!<\/p>\n<h2>Eigenschaften Wegemacherhaue<\/h2>\n<ul>\n<li>Material: hochwertiger, geh\u00e4rteter Qualit\u00e4tsstahl<\/li>\n<li>Gewicht: 1300 Gramm<\/li>\n<li>spitzer Schaufelaufsatz<\/li>\n<li>mit &#8220;Feder&#8221; f\u00fcr leichteres Schaufeln<\/li>\n<li>gebeizter Holzstiel<\/li>\n<li>extrem robust und langlebig<\/li>\n<li>100% Made in Austria<\/li>\n<\/ul>\n","protected":false},"excerpt":{"rendered":"<p>Extrem hochwertige und belastbare Wegemacherschaufel. Schaufelaufsatz aus geh\u00e4rtetem Qualit\u00e4tsstahl mit Feder. Stiel aus gebeiztem Holz.<\/p>\n<p>Eine extrem belastbare Schaufel f\u00fcr h\u00e4rteste Eins\u00e4tze.<\/p>\n","protected":false},"featured_media":10311,"comment_status":"open","ping_status":"closed","template":"","meta":[],"product_brand":[],"product_cat":[1210,4665,13906,14189],"product_tag":[],"class_list":{"0":"post-10310","1":"product","2":"type-product","3":"status-publish","4":"has-post-thumbnail","6":"product_cat-einbohrartikel","7":"product_cat-fixe-climbing","8":"product_cat-sperrgut-gross","9":"product_cat-materialien-fuer-wegebau","11":"first","12":"instock","13":"taxable","14":"shipping-taxable","15":"purchasable","16":"product-type-simple"},"yoast_head":"<!-- This site is optimized with the Yoast SEO Premium plugin v26.9 (Yoast SEO v26.9) - https:\/\/yoast.com\/product\/yoast-seo-premium-wordpress\/ -->\n<title>Wegemacherschaufel f\u00fcr alpinen Wegebau &amp; Wegsanierung | bolting.eu<\/title>\n<meta name=\"description\" content=\"Hier findest du unsere spezielle WEGEMACHERSCHAUFEL. Eine hochwertige Schaufel aus geh\u00e4rtetem Stahl f\u00fcr h\u00e4rteste Eins\u00e4tze!\" \/>\n<meta name=\"robots\" content=\"index, follow, max-snippet:-1, max-image-preview:large, max-video-preview:-1\" \/>\n<link rel=\"canonical\" href=\"https:\/\/bolting.eu\/en\/shop\/wegemacherschaufel\/\" \/>\n<meta property=\"og:locale\" content=\"en_US\" \/>\n<meta property=\"og:type\" content=\"article\" \/>\n<meta property=\"og:title\" content=\"Wegemacherschaufel\" \/>\n<meta property=\"og:description\" content=\"Hier findest du unsere spezielle WEGEMACHERSCHAUFEL. Eine hochwertige Schaufel aus geh\u00e4rtetem Stahl f\u00fcr h\u00e4rteste Eins\u00e4tze!\" \/>\n<meta property=\"og:url\" content=\"https:\/\/bolting.eu\/en\/shop\/wegemacherschaufel\/\" \/>\n<meta property=\"og:site_name\" content=\"bolting.eu\" \/>\n<meta property=\"article:publisher\" content=\"https:\/\/www.facebook.com\/bolting.eu\" \/>\n<meta property=\"article:modified_time\" content=\"2023-03-15T14:34:54+00:00\" \/>\n<meta property=\"og:image\" content=\"https:\/\/bolting.eu\/wp-content\/uploads\/2021\/10\/Wegemacherschaufel-1.jpg\" \/>\n\t<meta property=\"og:image:width\" content=\"700\" \/>\n\t<meta property=\"og:image:height\" content=\"700\" \/>\n\t<meta property=\"og:image:type\" content=\"image\/jpeg\" \/>\n<meta name=\"twitter:card\" content=\"summary_large_image\" \/>\n<meta name=\"twitter:label1\" content=\"Price\" \/>\n\t<meta name=\"twitter:data1\" content=\"&euro;&nbsp;39,90\" \/>\n\t<meta name=\"twitter:label2\" content=\"Availability\" \/>\n\t<meta name=\"twitter:data2\" content=\"In stock\" \/>\n<script type=\"application\/ld+json\" class=\"yoast-schema-graph\">{\"@context\":\"https:\/\/schema.org\",\"@graph\":[{\"@type\":[\"WebPage\",\"ItemPage\"],\"@id\":\"https:\/\/bolting.eu\/en\/shop\/wegemacherschaufel\/\",\"url\":\"https:\/\/bolting.eu\/en\/shop\/wegemacherschaufel\/\",\"name\":\"Wegemacherschaufel f\u00fcr alpinen Wegebau & Wegsanierung | bolting.eu\",\"isPartOf\":{\"@id\":\"https:\/\/bolting.eu\/en\/#website\"},\"primaryImageOfPage\":{\"@id\":\"https:\/\/bolting.eu\/en\/shop\/wegemacherschaufel\/#primaryimage\"},\"image\":{\"@id\":\"https:\/\/bolting.eu\/en\/shop\/wegemacherschaufel\/#primaryimage\"},\"thumbnailUrl\":\"https:\/\/bolting.eu\/wp-content\/uploads\/2021\/10\/Wegemacherschaufel-1.jpg\",\"datePublished\":\"2021-10-20T06:51:11+00:00\",\"dateModified\":\"2023-03-15T14:34:54+00:00\",\"description\":\"Hier findest du unsere spezielle WEGEMACHERSCHAUFEL. Eine hochwertige Schaufel aus geh\u00e4rtetem Stahl f\u00fcr h\u00e4rteste Eins\u00e4tze!\",\"breadcrumb\":{\"@id\":\"https:\/\/bolting.eu\/en\/shop\/wegemacherschaufel\/#breadcrumb\"},\"inLanguage\":\"en-US\",\"potentialAction\":[{\"@type\":\"ReadAction\",\"target\":[\"https:\/\/bolting.eu\/en\/shop\/wegemacherschaufel\/\"]}]},{\"@type\":\"ImageObject\",\"inLanguage\":\"en-US\",\"@id\":\"https:\/\/bolting.eu\/en\/shop\/wegemacherschaufel\/#primaryimage\",\"url\":\"https:\/\/bolting.eu\/wp-content\/uploads\/2021\/10\/Wegemacherschaufel-1.jpg\",\"contentUrl\":\"https:\/\/bolting.eu\/wp-content\/uploads\/2021\/10\/Wegemacherschaufel-1.jpg\",\"width\":700,\"height\":700,\"caption\":\"Das Bild zeigt eine Wegemacherschaufel mit schwarzem Schaufelblatt und gelbem Stiel.\"},{\"@type\":\"BreadcrumbList\",\"@id\":\"https:\/\/bolting.eu\/en\/shop\/wegemacherschaufel\/#breadcrumb\",\"itemListElement\":[{\"@type\":\"ListItem\",\"position\":1,\"name\":\"Shop\",\"item\":\"https:\/\/bolting.eu\/en\/shop\/\"},{\"@type\":\"ListItem\",\"position\":2,\"name\":\"bolting products\",\"item\":\"https:\/\/bolting.eu\/en\/produkt-kategorie\/bolting-products\/\"},{\"@type\":\"ListItem\",\"position\":3,\"name\":\"Materialien f\u00fcr Wegebau\",\"item\":\"https:\/\/bolting.eu\/produkt-kategorie\/einbohrartikel\/materialien-fuer-wegebau\/\"},{\"@type\":\"ListItem\",\"position\":4,\"name\":\"Wegemacherschaufel\"}]},{\"@type\":\"WebSite\",\"@id\":\"https:\/\/bolting.eu\/en\/#website\",\"url\":\"https:\/\/bolting.eu\/en\/\",\"name\":\"bolting.eu\",\"description\":\"we make climbs happen\",\"publisher\":{\"@id\":\"https:\/\/bolting.eu\/en\/#organization\"},\"potentialAction\":[{\"@type\":\"SearchAction\",\"target\":{\"@type\":\"EntryPoint\",\"urlTemplate\":\"https:\/\/bolting.eu\/en\/?s={search_term_string}\"},\"query-input\":{\"@type\":\"PropertyValueSpecification\",\"valueRequired\":true,\"valueName\":\"search_term_string\"}}],\"inLanguage\":\"en-US\"},{\"@type\":[\"Organization\",\"Place\",\"SportingGoodsStore\"],\"@id\":\"https:\/\/bolting.eu\/en\/#organization\",\"name\":\"bolting.eu\",\"url\":\"https:\/\/bolting.eu\/en\/\",\"logo\":{\"@id\":\"https:\/\/bolting.eu\/en\/shop\/wegemacherschaufel\/#local-main-organization-logo\"},\"image\":{\"@id\":\"https:\/\/bolting.eu\/en\/shop\/wegemacherschaufel\/#local-main-organization-logo\"},\"sameAs\":[\"https:\/\/www.facebook.com\/bolting.eu\",\"https:\/\/www.instagram.com\/bolting.eu\/\"],\"address\":{\"@id\":\"https:\/\/bolting.eu\/en\/shop\/wegemacherschaufel\/#local-main-place-address\"},\"geo\":{\"@type\":\"GeoCoordinates\",\"latitude\":\"47.264176340396226\",\"longitude\":\"11.380109057672346\"},\"telephone\":[\"+43 699 19083372\"],\"openingHoursSpecification\":[{\"@type\":\"OpeningHoursSpecification\",\"dayOfWeek\":[\"Monday\",\"Wednesday\",\"Friday\"],\"opens\":\"14:00\",\"closes\":\"18:00\"},{\"@type\":\"OpeningHoursSpecification\",\"dayOfWeek\":[\"Tuesday\",\"Thursday\",\"Saturday\",\"Sunday\"],\"opens\":\"00:00\",\"closes\":\"00:00\"}],\"email\":\"office@bolting.eu\",\"vatID\":\"ATU59999728\",\"priceRange\":\"$$\",\"currenciesAccepted\":\"Euro\"},{\"@type\":\"PostalAddress\",\"@id\":\"https:\/\/bolting.eu\/en\/shop\/wegemacherschaufel\/#local-main-place-address\",\"streetAddress\":\"Fischnalerstra\u00dfe 4\",\"addressLocality\":\"Innsbruck\",\"postalCode\":\"6020\",\"addressRegion\":\"Tirol\",\"addressCountry\":\"AT\"},{\"@type\":\"ImageObject\",\"inLanguage\":\"en-US\",\"@id\":\"https:\/\/bolting.eu\/en\/shop\/wegemacherschaufel\/#local-main-organization-logo\",\"url\":\"https:\/\/bolting.eu\/wp-content\/uploads\/2019\/09\/bolting-logo.png\",\"contentUrl\":\"https:\/\/bolting.eu\/wp-content\/uploads\/2019\/09\/bolting-logo.png\",\"width\":400,\"height\":211,\"caption\":\"bolting.eu\"}]}<\/script>\n<meta property=\"product:price:amount\" content=\"39.90\" \/>\n<meta property=\"product:price:currency\" content=\"EUR\" \/>\n<meta property=\"og:availability\" content=\"instock\" \/>\n<meta property=\"product:availability\" content=\"instock\" \/>\n<meta property=\"product:retailer_item_id\" content=\"203102\" \/>\n<meta property=\"product:condition\" content=\"new\" \/>\n<meta name=\"geo.placename\" content=\"Innsbruck\" \/>\n<meta name=\"geo.position\" content=\"47.264176340396226;11.380109057672346\" \/>\n<meta name=\"geo.region\" content=\"Austria\" \/>\n<!-- \/ Yoast SEO Premium plugin. -->","yoast_head_json":{"title":"Wegemacherschaufel f\u00fcr alpinen Wegebau & Wegsanierung | bolting.eu","description":"Hier findest du unsere spezielle WEGEMACHERSCHAUFEL. Eine hochwertige Schaufel aus geh\u00e4rtetem Stahl f\u00fcr h\u00e4rteste Eins\u00e4tze!","robots":{"index":"index","follow":"follow","max-snippet":"max-snippet:-1","max-image-preview":"max-image-preview:large","max-video-preview":"max-video-preview:-1"},"canonical":"https:\/\/bolting.eu\/en\/shop\/wegemacherschaufel\/","og_locale":"en_US","og_type":"article","og_title":"Wegemacherschaufel","og_description":"Hier findest du unsere spezielle WEGEMACHERSCHAUFEL. Eine hochwertige Schaufel aus geh\u00e4rtetem Stahl f\u00fcr h\u00e4rteste Eins\u00e4tze!","og_url":"https:\/\/bolting.eu\/en\/shop\/wegemacherschaufel\/","og_site_name":"bolting.eu","article_publisher":"https:\/\/www.facebook.com\/bolting.eu","article_modified_time":"2023-03-15T14:34:54+00:00","og_image":[{"width":700,"height":700,"url":"https:\/\/bolting.eu\/wp-content\/uploads\/2021\/10\/Wegemacherschaufel-1.jpg","type":"image\/jpeg"}],"twitter_card":"summary_large_image","twitter_misc":{"Price":"&euro;&nbsp;39,90","Availability":"In stock"},"schema":{"@context":"https:\/\/schema.org","@graph":[{"@type":["WebPage","ItemPage"],"@id":"https:\/\/bolting.eu\/en\/shop\/wegemacherschaufel\/","url":"https:\/\/bolting.eu\/en\/shop\/wegemacherschaufel\/","name":"Wegemacherschaufel f\u00fcr alpinen Wegebau & Wegsanierung | bolting.eu","isPartOf":{"@id":"https:\/\/bolting.eu\/en\/#website"},"primaryImageOfPage":{"@id":"https:\/\/bolting.eu\/en\/shop\/wegemacherschaufel\/#primaryimage"},"image":{"@id":"https:\/\/bolting.eu\/en\/shop\/wegemacherschaufel\/#primaryimage"},"thumbnailUrl":"https:\/\/bolting.eu\/wp-content\/uploads\/2021\/10\/Wegemacherschaufel-1.jpg","datePublished":"2021-10-20T06:51:11+00:00","dateModified":"2023-03-15T14:34:54+00:00","description":"Hier findest du unsere spezielle WEGEMACHERSCHAUFEL. Eine hochwertige Schaufel aus geh\u00e4rtetem Stahl f\u00fcr h\u00e4rteste Eins\u00e4tze!","breadcrumb":{"@id":"https:\/\/bolting.eu\/en\/shop\/wegemacherschaufel\/#breadcrumb"},"inLanguage":"en-US","potentialAction":[{"@type":"ReadAction","target":["https:\/\/bolting.eu\/en\/shop\/wegemacherschaufel\/"]}]},{"@type":"ImageObject","inLanguage":"en-US","@id":"https:\/\/bolting.eu\/en\/shop\/wegemacherschaufel\/#primaryimage","url":"https:\/\/bolting.eu\/wp-content\/uploads\/2021\/10\/Wegemacherschaufel-1.jpg","contentUrl":"https:\/\/bolting.eu\/wp-content\/uploads\/2021\/10\/Wegemacherschaufel-1.jpg","width":700,"height":700,"caption":"Das Bild zeigt eine Wegemacherschaufel mit schwarzem Schaufelblatt und gelbem Stiel."},{"@type":"BreadcrumbList","@id":"https:\/\/bolting.eu\/en\/shop\/wegemacherschaufel\/#breadcrumb","itemListElement":[{"@type":"ListItem","position":1,"name":"Shop","item":"https:\/\/bolting.eu\/en\/shop\/"},{"@type":"ListItem","position":2,"name":"bolting products","item":"https:\/\/bolting.eu\/en\/produkt-kategorie\/bolting-products\/"},{"@type":"ListItem","position":3,"name":"Materialien f\u00fcr Wegebau","item":"https:\/\/bolting.eu\/produkt-kategorie\/einbohrartikel\/materialien-fuer-wegebau\/"},{"@type":"ListItem","position":4,"name":"Wegemacherschaufel"}]},{"@type":"WebSite","@id":"https:\/\/bolting.eu\/en\/#website","url":"https:\/\/bolting.eu\/en\/","name":"bolting.eu","description":"we make climbs happen","publisher":{"@id":"https:\/\/bolting.eu\/en\/#organization"},"potentialAction":[{"@type":"SearchAction","target":{"@type":"EntryPoint","urlTemplate":"https:\/\/bolting.eu\/en\/?s={search_term_string}"},"query-input":{"@type":"PropertyValueSpecification","valueRequired":true,"valueName":"search_term_string"}}],"inLanguage":"en-US"},{"@type":["Organization","Place","SportingGoodsStore"],"@id":"https:\/\/bolting.eu\/en\/#organization","name":"bolting.eu","url":"https:\/\/bolting.eu\/en\/","logo":{"@id":"https:\/\/bolting.eu\/en\/shop\/wegemacherschaufel\/#local-main-organization-logo"},"image":{"@id":"https:\/\/bolting.eu\/en\/shop\/wegemacherschaufel\/#local-main-organization-logo"},"sameAs":["https:\/\/www.facebook.com\/bolting.eu","https:\/\/www.instagram.com\/bolting.eu\/"],"address":{"@id":"https:\/\/bolting.eu\/en\/shop\/wegemacherschaufel\/#local-main-place-address"},"geo":{"@type":"GeoCoordinates","latitude":"47.264176340396226","longitude":"11.380109057672346"},"telephone":["+43 699 19083372"],"openingHoursSpecification":[{"@type":"OpeningHoursSpecification","dayOfWeek":["Monday","Wednesday","Friday"],"opens":"14:00","closes":"18:00"},{"@type":"OpeningHoursSpecification","dayOfWeek":["Tuesday","Thursday","Saturday","Sunday"],"opens":"00:00","closes":"00:00"}],"email":"office@bolting.eu","vatID":"ATU59999728","priceRange":"$$","currenciesAccepted":"Euro"},{"@type":"PostalAddress","@id":"https:\/\/bolting.eu\/en\/shop\/wegemacherschaufel\/#local-main-place-address","streetAddress":"Fischnalerstra\u00dfe 4","addressLocality":"Innsbruck","postalCode":"6020","addressRegion":"Tirol","addressCountry":"AT"},{"@type":"ImageObject","inLanguage":"en-US","@id":"https:\/\/bolting.eu\/en\/shop\/wegemacherschaufel\/#local-main-organization-logo","url":"https:\/\/bolting.eu\/wp-content\/uploads\/2019\/09\/bolting-logo.png","contentUrl":"https:\/\/bolting.eu\/wp-content\/uploads\/2019\/09\/bolting-logo.png","width":400,"height":211,"caption":"bolting.eu"}]},"product_price_amount":"39.90","product_price_currency":"EUR","og_availability":"instock","product_availability":"instock","product_retailer_item_id":"203102","product_condition":"new","geo.placename":"Innsbruck","geo.position":{"lat":"47.264176340396226","long":"11.380109057672346"},"geo.region":"Austria"},"_links":{"self":[{"href":"https:\/\/bolting.eu\/en\/wp-json\/wp\/v2\/product\/10310","targetHints":{"allow":["GET"]}}],"collection":[{"href":"https:\/\/bolting.eu\/en\/wp-json\/wp\/v2\/product"}],"about":[{"href":"https:\/\/bolting.eu\/en\/wp-json\/wp\/v2\/types\/product"}],"replies":[{"embeddable":true,"href":"https:\/\/bolting.eu\/en\/wp-json\/wp\/v2\/comments?post=10310"}],"wp:featuredmedia":[{"embeddable":true,"href":"https:\/\/bolting.eu\/en\/wp-json\/wp\/v2\/media\/10311"}],"wp:attachment":[{"href":"https:\/\/bolting.eu\/en\/wp-json\/wp\/v2\/media?parent=10310"}],"wp:term":[{"taxonomy":"product_brand","embeddable":true,"href":"https:\/\/bolting.eu\/en\/wp-json\/wp\/v2\/product_brand?post=10310"},{"taxonomy":"product_cat","embeddable":true,"href":"https:\/\/bolting.eu\/en\/wp-json\/wp\/v2\/product_cat?post=10310"},{"taxonomy":"product_tag","embeddable":true,"href":"https:\/\/bolting.eu\/en\/wp-json\/wp\/v2\/product_tag?post=10310"}],"curies":[{"name":"wp","href":"https:\/\/api.w.org\/{rel}","templated":true}]}}