{"id":10302,"date":"2021-10-19T12:54:22","date_gmt":"2021-10-19T10:54:22","guid":{"rendered":"https:\/\/bolting.eu\/?post_type=product&#038;p=10302"},"modified":"2025-03-14T09:08:40","modified_gmt":"2025-03-14T08:08:40","slug":"kleinbrechstange-fuer-felsraeumung","status":"publish","type":"product","link":"https:\/\/bolting.eu\/en\/shop\/kleinbrechstange-fuer-felsraeumung\/","title":{"rendered":"Kleinbrechstange f\u00fcr Felsr\u00e4umung"},"content":{"rendered":"<p>Unsere Kleinbrechstange f\u00fcr Felsr\u00e4umung ist ein \u00f6sterreichisches Qualit\u00e4tsprodukt.<\/p>\n<p>Denn sie besteht aus geh\u00e4rtetem Qualit\u00e4tsstahl und ist f\u00fcr harte Arbeitseins\u00e4tze gedacht. Wir verwenden sie z.B. beim <a href=\"https:\/\/bolting.eu\/alpiner-wegebau\/\">alpinen Wegebau<\/a> oder <a href=\"https:\/\/bolting.eu\/klettersteigbau\/\">Klettersteigbau<\/a>, wenn wir lockeres Gestein im steilen Gel\u00e4nde abr\u00e4umen.<\/p>\n<p>Wir bieten dieses Modell in drei unterschiedlichen L\u00e4ngen an. 60cm, 80cm sowie 100cm. Somit hat man f\u00fcr jeden Einsatzbereich die ideale Dimension.<\/p>\n<p>Das Werkzeug hat auf der einen Seite eine flache Spitze mit einer Schneide. Sowie einen Gei\u00dffu\u00df auf der anderen Seite zum Aushebeln von Felsschuppen.<\/p>\n<h2>Eigenschaften Kleinbrechstange f\u00fcr Felsr\u00e4umung<\/h2>\n<ul>\n<li>hochwertige Produkt f\u00fcr harte Eins\u00e4tze<\/li>\n<li>Material: geh\u00e4rteter Qualit\u00e4tsstahl<\/li>\n<li>L\u00e4nge \/ Gewicht: 60cm \/ 1,4kg; 80cm \/ 1,8kg; 100cm \/ 2,5kg;<\/li>\n<li>flache Spitze mit einer Schneide bzw. Gei\u00dffu\u00df<\/li>\n<li>100% Made in Austria \ud83c\udde6\ud83c\uddf9<\/li>\n<li>f\u00fcr Felsr\u00e4umung, alpinen Wegebau, Abbrucharbeiten<\/li>\n<\/ul>\n<h3>Ideal zum Abseilen<\/h3>\n<p>Die Kleinbrechstange ist ideal, um damit \u00fcber eine Wand abzuseilen. Folglich wird sie gerne bei diesen T\u00e4tigkeiten verwendet:<\/p>\n<ul>\n<li>Abr\u00e4umarbeiten<\/li>\n<li><a href=\"https:\/\/bolting.eu\/produkt-kategorie\/einbohrartikel\/felsreinigung\/\">Felsreinigung<\/a><\/li>\n<li><a href=\"https:\/\/bolting.eu\/kletter-infrastruktur\/klettergarten-sanierung\/\">Klettergarten Sanierung<\/a><\/li>\n<li>Klettersteigbau<\/li>\n<li>usw&#8230;<\/li>\n<\/ul>\n<h3>Praktisch beim alpinen Wegebau<\/h3>\n<p>Die Kleinbrechstange ist eine ideale Alternative im alpinen Wegebau. Wer keine <a href=\"https:\/\/bolting.eu\/shop\/brechstange-130cm\/\">gro\u00dfe Brechstange<\/a> mit 5kg oder mehr mitnehmen will, findet hier eine kleinere, wesentlich handlichere Version.<\/p>\n<p>Mit der 100cm Variante z.B. lassen sich viele Felsteile immer noch gut aushebeln, Balken anheben sowie L\u00f6cher f\u00fcr Zaunpf\u00e4hle graben.<\/p>\n<h3>Kleinbrechstange f\u00fcr Felsr\u00e4umung &#8211; extrem bruchfest<\/h3>\n<p>Dieses Werkzeug besteht aus geh\u00e4rtetem Stahl. D.h. es ist extrem robust und kann f\u00fcr h\u00e4rteste Eins\u00e4tze verwendet werden.<\/p>\n<p>Nicht umsonst bestellen bei uns viele professionelle Felsr\u00e4umer diese Stangen.<\/p>\n<p>Denn sie bieten einfach ein ideales Gewicht &#8211; Hebelverh\u00e4ltnis.<\/p>\n","protected":false},"excerpt":{"rendered":"<p>Kleinbrechstange f\u00fcr Felr\u00e4umarbeiten, alpinen Wegebau und Abbrucharbeiten. Aus geh\u00e4rtetem Stahl mit flacher Spitze bzw. einem Gei\u00dffu\u00df.<\/p>\n<p>\u00d6sterreichisches Qualit\u00e4tsprodukt f\u00fcr den harten Einsatz.<\/p>\n<p>Versandkostenfrei bis 2kg in <img decoding=\"async\" class=\"emoji\" role=\"img\" draggable=\"false\" src=\"https:\/\/s.w.org\/images\/core\/emoji\/14.0.0\/svg\/1f1e6-1f1f9.svg\" alt=\"\ud83c\udde6\ud83c\uddf9\" \/> ab \u20ac 100,- und <img decoding=\"async\" class=\"emoji\" role=\"img\" draggable=\"false\" src=\"https:\/\/s.w.org\/images\/core\/emoji\/14.0.0\/svg\/1f1e9-1f1ea.svg\" alt=\"\ud83c\udde9\ud83c\uddea\" \/> ab \u20ac 200,-!<\/p>\n","protected":false},"featured_media":10303,"comment_status":"open","ping_status":"closed","template":"","meta":[],"product_brand":[],"product_cat":[260,14793,15083,14189],"product_tag":[],"class_list":{"0":"post-10302","1":"product","2":"type-product","3":"status-publish","4":"has-post-thumbnail","6":"product_cat-material-fuer-klettersteigbau","7":"product_cat-bolting-products","8":"product_cat-rock-cleaning","9":"product_cat-materialien-fuer-wegebau","11":"first","12":"instock","13":"taxable","14":"shipping-taxable","15":"purchasable","16":"product-type-variable"},"yoast_head":"<!-- This site is optimized with the Yoast SEO Premium plugin v26.9 (Yoast SEO v26.9) - https:\/\/yoast.com\/product\/yoast-seo-premium-wordpress\/ -->\n<title>Kleinbrechstange f\u00fcr Felsr\u00e4umung aus geh\u00e4rtetem Stahl | bolting.eu<\/title>\n<meta name=\"description\" content=\"KLEINBRECHSTANGE f\u00fcr Felsr\u00e4umung beim Einbohrprofi kaufen \u2705 Trusted Shop \u2705 kostenloser Versand* \u2705 14 Tage R\u00fcckgaberecht \u2705 Co2 neutrale Zustellung\" \/>\n<meta name=\"robots\" content=\"index, follow, max-snippet:-1, max-image-preview:large, max-video-preview:-1\" \/>\n<link rel=\"canonical\" href=\"https:\/\/bolting.eu\/en\/shop\/kleinbrechstange-fuer-felsraeumung\/\" \/>\n<meta property=\"og:locale\" content=\"en_US\" \/>\n<meta property=\"og:type\" content=\"article\" \/>\n<meta property=\"og:title\" content=\"Kleinbrechstange f\u00fcr Felsr\u00e4umung\" \/>\n<meta property=\"og:description\" content=\"KLEINBRECHSTANGE f\u00fcr Felsr\u00e4umung beim Einbohrprofi kaufen \u2705 Trusted Shop \u2705 kostenloser Versand* \u2705 14 Tage R\u00fcckgaberecht \u2705 Co2 neutrale Zustellung\" \/>\n<meta property=\"og:url\" content=\"https:\/\/bolting.eu\/en\/shop\/kleinbrechstange-fuer-felsraeumung\/\" \/>\n<meta property=\"og:site_name\" content=\"bolting.eu\" \/>\n<meta property=\"article:publisher\" content=\"https:\/\/www.facebook.com\/bolting.eu\" \/>\n<meta property=\"article:modified_time\" content=\"2025-03-14T08:08:40+00:00\" \/>\n<meta property=\"og:image\" content=\"https:\/\/bolting.eu\/wp-content\/uploads\/2021\/10\/Kleinbrechstange.jpg\" \/>\n\t<meta property=\"og:image:width\" content=\"700\" \/>\n\t<meta property=\"og:image:height\" content=\"700\" \/>\n\t<meta property=\"og:image:type\" content=\"image\/jpeg\" \/>\n<meta name=\"twitter:card\" content=\"summary_large_image\" \/>\n<meta name=\"twitter:label1\" content=\"Availability\" \/>\n\t<meta name=\"twitter:data1\" content=\"In stock\" \/>\n<script type=\"application\/ld+json\" class=\"yoast-schema-graph\">{\"@context\":\"https:\/\/schema.org\",\"@graph\":[{\"@type\":[\"WebPage\",\"ItemPage\"],\"@id\":\"https:\/\/bolting.eu\/en\/shop\/kleinbrechstange-fuer-felsraeumung\/\",\"url\":\"https:\/\/bolting.eu\/en\/shop\/kleinbrechstange-fuer-felsraeumung\/\",\"name\":\"Kleinbrechstange f\u00fcr Felsr\u00e4umung aus geh\u00e4rtetem Stahl | bolting.eu\",\"isPartOf\":{\"@id\":\"https:\/\/bolting.eu\/en\/#website\"},\"primaryImageOfPage\":{\"@id\":\"https:\/\/bolting.eu\/en\/shop\/kleinbrechstange-fuer-felsraeumung\/#primaryimage\"},\"image\":{\"@id\":\"https:\/\/bolting.eu\/en\/shop\/kleinbrechstange-fuer-felsraeumung\/#primaryimage\"},\"thumbnailUrl\":\"https:\/\/bolting.eu\/wp-content\/uploads\/2021\/10\/Kleinbrechstange.jpg\",\"datePublished\":\"2021-10-19T10:54:22+00:00\",\"dateModified\":\"2025-03-14T08:08:40+00:00\",\"description\":\"KLEINBRECHSTANGE f\u00fcr Felsr\u00e4umung beim Einbohrprofi kaufen \u2705 Trusted Shop \u2705 kostenloser Versand* \u2705 14 Tage R\u00fcckgaberecht \u2705 Co2 neutrale Zustellung\",\"breadcrumb\":{\"@id\":\"https:\/\/bolting.eu\/en\/shop\/kleinbrechstange-fuer-felsraeumung\/#breadcrumb\"},\"inLanguage\":\"en-US\",\"potentialAction\":[{\"@type\":\"ReadAction\",\"target\":[\"https:\/\/bolting.eu\/en\/shop\/kleinbrechstange-fuer-felsraeumung\/\"]}]},{\"@type\":\"ImageObject\",\"inLanguage\":\"en-US\",\"@id\":\"https:\/\/bolting.eu\/en\/shop\/kleinbrechstange-fuer-felsraeumung\/#primaryimage\",\"url\":\"https:\/\/bolting.eu\/wp-content\/uploads\/2021\/10\/Kleinbrechstange.jpg\",\"contentUrl\":\"https:\/\/bolting.eu\/wp-content\/uploads\/2021\/10\/Kleinbrechstange.jpg\",\"width\":700,\"height\":700,\"caption\":\"Das Bild zeigt eine Kleinbrechstange f\u00fcr Fels\u00e4umung..\"},{\"@type\":\"BreadcrumbList\",\"@id\":\"https:\/\/bolting.eu\/en\/shop\/kleinbrechstange-fuer-felsraeumung\/#breadcrumb\",\"itemListElement\":[{\"@type\":\"ListItem\",\"position\":1,\"name\":\"Shop\",\"item\":\"https:\/\/bolting.eu\/en\/shop\/\"},{\"@type\":\"ListItem\",\"position\":2,\"name\":\"bolting products\",\"item\":\"https:\/\/bolting.eu\/en\/produkt-kategorie\/bolting-products\/\"},{\"@type\":\"ListItem\",\"position\":3,\"name\":\"Rock cleaning\",\"item\":\"https:\/\/bolting.eu\/en\/produkt-kategorie\/rock-cleaning\/\"},{\"@type\":\"ListItem\",\"position\":4,\"name\":\"Kleinbrechstange f\u00fcr Felsr\u00e4umung\"}]},{\"@type\":\"WebSite\",\"@id\":\"https:\/\/bolting.eu\/en\/#website\",\"url\":\"https:\/\/bolting.eu\/en\/\",\"name\":\"bolting.eu\",\"description\":\"we make climbs happen\",\"publisher\":{\"@id\":\"https:\/\/bolting.eu\/en\/#organization\"},\"potentialAction\":[{\"@type\":\"SearchAction\",\"target\":{\"@type\":\"EntryPoint\",\"urlTemplate\":\"https:\/\/bolting.eu\/en\/?s={search_term_string}\"},\"query-input\":{\"@type\":\"PropertyValueSpecification\",\"valueRequired\":true,\"valueName\":\"search_term_string\"}}],\"inLanguage\":\"en-US\"},{\"@type\":[\"Organization\",\"Place\",\"SportingGoodsStore\"],\"@id\":\"https:\/\/bolting.eu\/en\/#organization\",\"name\":\"bolting.eu\",\"url\":\"https:\/\/bolting.eu\/en\/\",\"logo\":{\"@id\":\"https:\/\/bolting.eu\/en\/shop\/kleinbrechstange-fuer-felsraeumung\/#local-main-organization-logo\"},\"image\":{\"@id\":\"https:\/\/bolting.eu\/en\/shop\/kleinbrechstange-fuer-felsraeumung\/#local-main-organization-logo\"},\"sameAs\":[\"https:\/\/www.facebook.com\/bolting.eu\",\"https:\/\/www.instagram.com\/bolting.eu\/\"],\"address\":{\"@id\":\"https:\/\/bolting.eu\/en\/shop\/kleinbrechstange-fuer-felsraeumung\/#local-main-place-address\"},\"geo\":{\"@type\":\"GeoCoordinates\",\"latitude\":\"47.264176340396226\",\"longitude\":\"11.380109057672346\"},\"telephone\":[\"+43 699 19083372\"],\"openingHoursSpecification\":[{\"@type\":\"OpeningHoursSpecification\",\"dayOfWeek\":[\"Monday\",\"Wednesday\",\"Friday\"],\"opens\":\"14:00\",\"closes\":\"18:00\"},{\"@type\":\"OpeningHoursSpecification\",\"dayOfWeek\":[\"Tuesday\",\"Thursday\",\"Saturday\",\"Sunday\"],\"opens\":\"00:00\",\"closes\":\"00:00\"}],\"email\":\"office@bolting.eu\",\"vatID\":\"ATU59999728\",\"priceRange\":\"$$\",\"currenciesAccepted\":\"Euro\"},{\"@type\":\"PostalAddress\",\"@id\":\"https:\/\/bolting.eu\/en\/shop\/kleinbrechstange-fuer-felsraeumung\/#local-main-place-address\",\"streetAddress\":\"Fischnalerstra\u00dfe 4\",\"addressLocality\":\"Innsbruck\",\"postalCode\":\"6020\",\"addressRegion\":\"Tirol\",\"addressCountry\":\"AT\"},{\"@type\":\"ImageObject\",\"inLanguage\":\"en-US\",\"@id\":\"https:\/\/bolting.eu\/en\/shop\/kleinbrechstange-fuer-felsraeumung\/#local-main-organization-logo\",\"url\":\"https:\/\/bolting.eu\/wp-content\/uploads\/2019\/09\/bolting-logo.png\",\"contentUrl\":\"https:\/\/bolting.eu\/wp-content\/uploads\/2019\/09\/bolting-logo.png\",\"width\":400,\"height\":211,\"caption\":\"bolting.eu\"}]}<\/script>\n<meta property=\"og:availability\" content=\"instock\" \/>\n<meta property=\"product:availability\" content=\"instock\" \/>\n<meta property=\"product:condition\" content=\"new\" \/>\n<meta name=\"geo.placename\" content=\"Innsbruck\" \/>\n<meta name=\"geo.position\" content=\"47.264176340396226;11.380109057672346\" \/>\n<meta name=\"geo.region\" content=\"Austria\" \/>\n<!-- \/ Yoast SEO Premium plugin. -->","yoast_head_json":{"title":"Kleinbrechstange f\u00fcr Felsr\u00e4umung aus geh\u00e4rtetem Stahl | bolting.eu","description":"KLEINBRECHSTANGE f\u00fcr Felsr\u00e4umung beim Einbohrprofi kaufen \u2705 Trusted Shop \u2705 kostenloser Versand* \u2705 14 Tage R\u00fcckgaberecht \u2705 Co2 neutrale Zustellung","robots":{"index":"index","follow":"follow","max-snippet":"max-snippet:-1","max-image-preview":"max-image-preview:large","max-video-preview":"max-video-preview:-1"},"canonical":"https:\/\/bolting.eu\/en\/shop\/kleinbrechstange-fuer-felsraeumung\/","og_locale":"en_US","og_type":"article","og_title":"Kleinbrechstange f\u00fcr Felsr\u00e4umung","og_description":"KLEINBRECHSTANGE f\u00fcr Felsr\u00e4umung beim Einbohrprofi kaufen \u2705 Trusted Shop \u2705 kostenloser Versand* \u2705 14 Tage R\u00fcckgaberecht \u2705 Co2 neutrale Zustellung","og_url":"https:\/\/bolting.eu\/en\/shop\/kleinbrechstange-fuer-felsraeumung\/","og_site_name":"bolting.eu","article_publisher":"https:\/\/www.facebook.com\/bolting.eu","article_modified_time":"2025-03-14T08:08:40+00:00","og_image":[{"width":700,"height":700,"url":"https:\/\/bolting.eu\/wp-content\/uploads\/2021\/10\/Kleinbrechstange.jpg","type":"image\/jpeg"}],"twitter_card":"summary_large_image","twitter_misc":{"Availability":"In stock"},"schema":{"@context":"https:\/\/schema.org","@graph":[{"@type":["WebPage","ItemPage"],"@id":"https:\/\/bolting.eu\/en\/shop\/kleinbrechstange-fuer-felsraeumung\/","url":"https:\/\/bolting.eu\/en\/shop\/kleinbrechstange-fuer-felsraeumung\/","name":"Kleinbrechstange f\u00fcr Felsr\u00e4umung aus geh\u00e4rtetem Stahl | bolting.eu","isPartOf":{"@id":"https:\/\/bolting.eu\/en\/#website"},"primaryImageOfPage":{"@id":"https:\/\/bolting.eu\/en\/shop\/kleinbrechstange-fuer-felsraeumung\/#primaryimage"},"image":{"@id":"https:\/\/bolting.eu\/en\/shop\/kleinbrechstange-fuer-felsraeumung\/#primaryimage"},"thumbnailUrl":"https:\/\/bolting.eu\/wp-content\/uploads\/2021\/10\/Kleinbrechstange.jpg","datePublished":"2021-10-19T10:54:22+00:00","dateModified":"2025-03-14T08:08:40+00:00","description":"KLEINBRECHSTANGE f\u00fcr Felsr\u00e4umung beim Einbohrprofi kaufen \u2705 Trusted Shop \u2705 kostenloser Versand* \u2705 14 Tage R\u00fcckgaberecht \u2705 Co2 neutrale Zustellung","breadcrumb":{"@id":"https:\/\/bolting.eu\/en\/shop\/kleinbrechstange-fuer-felsraeumung\/#breadcrumb"},"inLanguage":"en-US","potentialAction":[{"@type":"ReadAction","target":["https:\/\/bolting.eu\/en\/shop\/kleinbrechstange-fuer-felsraeumung\/"]}]},{"@type":"ImageObject","inLanguage":"en-US","@id":"https:\/\/bolting.eu\/en\/shop\/kleinbrechstange-fuer-felsraeumung\/#primaryimage","url":"https:\/\/bolting.eu\/wp-content\/uploads\/2021\/10\/Kleinbrechstange.jpg","contentUrl":"https:\/\/bolting.eu\/wp-content\/uploads\/2021\/10\/Kleinbrechstange.jpg","width":700,"height":700,"caption":"Das Bild zeigt eine Kleinbrechstange f\u00fcr Fels\u00e4umung.."},{"@type":"BreadcrumbList","@id":"https:\/\/bolting.eu\/en\/shop\/kleinbrechstange-fuer-felsraeumung\/#breadcrumb","itemListElement":[{"@type":"ListItem","position":1,"name":"Shop","item":"https:\/\/bolting.eu\/en\/shop\/"},{"@type":"ListItem","position":2,"name":"bolting products","item":"https:\/\/bolting.eu\/en\/produkt-kategorie\/bolting-products\/"},{"@type":"ListItem","position":3,"name":"Rock cleaning","item":"https:\/\/bolting.eu\/en\/produkt-kategorie\/rock-cleaning\/"},{"@type":"ListItem","position":4,"name":"Kleinbrechstange f\u00fcr Felsr\u00e4umung"}]},{"@type":"WebSite","@id":"https:\/\/bolting.eu\/en\/#website","url":"https:\/\/bolting.eu\/en\/","name":"bolting.eu","description":"we make climbs happen","publisher":{"@id":"https:\/\/bolting.eu\/en\/#organization"},"potentialAction":[{"@type":"SearchAction","target":{"@type":"EntryPoint","urlTemplate":"https:\/\/bolting.eu\/en\/?s={search_term_string}"},"query-input":{"@type":"PropertyValueSpecification","valueRequired":true,"valueName":"search_term_string"}}],"inLanguage":"en-US"},{"@type":["Organization","Place","SportingGoodsStore"],"@id":"https:\/\/bolting.eu\/en\/#organization","name":"bolting.eu","url":"https:\/\/bolting.eu\/en\/","logo":{"@id":"https:\/\/bolting.eu\/en\/shop\/kleinbrechstange-fuer-felsraeumung\/#local-main-organization-logo"},"image":{"@id":"https:\/\/bolting.eu\/en\/shop\/kleinbrechstange-fuer-felsraeumung\/#local-main-organization-logo"},"sameAs":["https:\/\/www.facebook.com\/bolting.eu","https:\/\/www.instagram.com\/bolting.eu\/"],"address":{"@id":"https:\/\/bolting.eu\/en\/shop\/kleinbrechstange-fuer-felsraeumung\/#local-main-place-address"},"geo":{"@type":"GeoCoordinates","latitude":"47.264176340396226","longitude":"11.380109057672346"},"telephone":["+43 699 19083372"],"openingHoursSpecification":[{"@type":"OpeningHoursSpecification","dayOfWeek":["Monday","Wednesday","Friday"],"opens":"14:00","closes":"18:00"},{"@type":"OpeningHoursSpecification","dayOfWeek":["Tuesday","Thursday","Saturday","Sunday"],"opens":"00:00","closes":"00:00"}],"email":"office@bolting.eu","vatID":"ATU59999728","priceRange":"$$","currenciesAccepted":"Euro"},{"@type":"PostalAddress","@id":"https:\/\/bolting.eu\/en\/shop\/kleinbrechstange-fuer-felsraeumung\/#local-main-place-address","streetAddress":"Fischnalerstra\u00dfe 4","addressLocality":"Innsbruck","postalCode":"6020","addressRegion":"Tirol","addressCountry":"AT"},{"@type":"ImageObject","inLanguage":"en-US","@id":"https:\/\/bolting.eu\/en\/shop\/kleinbrechstange-fuer-felsraeumung\/#local-main-organization-logo","url":"https:\/\/bolting.eu\/wp-content\/uploads\/2019\/09\/bolting-logo.png","contentUrl":"https:\/\/bolting.eu\/wp-content\/uploads\/2019\/09\/bolting-logo.png","width":400,"height":211,"caption":"bolting.eu"}]},"og_availability":"instock","product_availability":"instock","product_condition":"new","geo.placename":"Innsbruck","geo.position":{"lat":"47.264176340396226","long":"11.380109057672346"},"geo.region":"Austria"},"_links":{"self":[{"href":"https:\/\/bolting.eu\/en\/wp-json\/wp\/v2\/product\/10302","targetHints":{"allow":["GET"]}}],"collection":[{"href":"https:\/\/bolting.eu\/en\/wp-json\/wp\/v2\/product"}],"about":[{"href":"https:\/\/bolting.eu\/en\/wp-json\/wp\/v2\/types\/product"}],"replies":[{"embeddable":true,"href":"https:\/\/bolting.eu\/en\/wp-json\/wp\/v2\/comments?post=10302"}],"wp:featuredmedia":[{"embeddable":true,"href":"https:\/\/bolting.eu\/en\/wp-json\/wp\/v2\/media\/10303"}],"wp:attachment":[{"href":"https:\/\/bolting.eu\/en\/wp-json\/wp\/v2\/media?parent=10302"}],"wp:term":[{"taxonomy":"product_brand","embeddable":true,"href":"https:\/\/bolting.eu\/en\/wp-json\/wp\/v2\/product_brand?post=10302"},{"taxonomy":"product_cat","embeddable":true,"href":"https:\/\/bolting.eu\/en\/wp-json\/wp\/v2\/product_cat?post=10302"},{"taxonomy":"product_tag","embeddable":true,"href":"https:\/\/bolting.eu\/en\/wp-json\/wp\/v2\/product_tag?post=10302"}],"curies":[{"name":"wp","href":"https:\/\/api.w.org\/{rel}","templated":true}]}}