{"id":10244,"date":"2021-10-12T10:39:06","date_gmt":"2021-10-12T08:39:06","guid":{"rendered":"https:\/\/bolting.eu\/?post_type=product&#038;p=10244"},"modified":"2025-02-12T09:26:40","modified_gmt":"2025-02-12T08:26:40","slug":"stahlkarabiner-twist-lock","status":"publish","type":"product","link":"https:\/\/bolting.eu\/en\/shop\/stahlkarabiner-twist-lock\/","title":{"rendered":"Stahlkarabiner Twist Lock"},"content":{"rendered":"<p>Unser Stahlkarabiner Twist Lock ist ein Model f\u00fcr h\u00e4ufiges \u00d6ffnen und Schlie\u00dfen. Er hat sowohl die EN 12275 Norm als auch EN 362 Norm. Somit k\u00f6nnt ihr ihn im Bergsport und in eurer Industriekletter Ausr\u00fcstung verwenden.<\/p>\n<p>Kurzum. Wer einen Twist Lock aus Stahl sucht, der ist hier richtig!<\/p>\n<h2>Eigenschaften Stahlkarabiner Twist Lock<\/h2>\n<ul>\n<li>Hersteller: <a href=\"https:\/\/bolting.eu\/produkt-kategorie\/austrialpin\/\">Austrialpin<\/a><\/li>\n<li>100% \u00f6sterreichisches Produkt<\/li>\n<li>Material: Edelstahl<\/li>\n<li>asymmetrische ovale Form<\/li>\n<li>Normen: EN 362, EN 12275;<\/li>\n<li><a href=\"https:\/\/bolting.eu\/bruchlast-karabiner\/\">Bruchlast Karabiner<\/a> l\u00e4ngs \/ quer \/ offen: 38kN \/ 16kN \/ 10kN<\/li>\n<li>Ma\u00dfe: 120mm x 62mm<\/li>\n<li>Gewicht: 260 Gramm<\/li>\n<li>Breite Schnapper\u00f6ffnung: 20mm<\/li>\n<li>Materialst\u00e4rke Karabiner: 12mm<\/li>\n<li>extrem abriebfest<\/li>\n<li>ideal f\u00fcr repetitives \u00d6ffnen \/ Schlie\u00dfen<\/li>\n<li>3-Wege Twist Lock<\/li>\n<li><a href=\"https:\/\/www.austrialpin.at\/fileadmin\/anleitungen\/AA_instruction-manual_carabiner-slings.pdf\" target=\"_blank\" rel=\"noopener\">Bedienungsanleitung<\/a><\/li>\n<\/ul>\n<h3>Ovale Form = zum Heben und Senken<\/h3>\n<p>Die Form dieses Stahlkarabiner Twist Lock gibt bereits die deutlich die Verwendung vor. Denn ovale Karabiner bzw. Twist Lock sind ideal um Lasten oftmalig und rasch einzuh\u00e4ngen. Danach k\u00f6nnen sie gehoben oder gesenkt werden.<\/p>\n<h3>Stahlkarabiner Twist Lock &#8211; rasches Handling<\/h3>\n<p>Die Verschlussart dieses Karabiners dient dem schnellen Handling. Das ist vor allem bei wiederkehrenden T\u00e4tigkeiten eine gro\u00dfe Hilfe.<\/p>\n<p>Denkt nur einmal daran, wie lange es dauert einen Schraubkarabiner zu \u00f6ffnen und zu schlie\u00dfen!<\/p>\n<p>Zudem kann man das Verbindungselement auch gut mit Handschuhen bedienen. Wie z.B. mit den <a href=\"https:\/\/bolting.eu\/shop\/handschuhe-petzl-cordex\/\">Petzl Cordex<\/a> Modellen.<\/p>\n","protected":false},"excerpt":{"rendered":"<ul>\n<li>100% \u00f6sterreichisches Produkt<\/li>\n<li>Material: Edelstahl<\/li>\n<li>asymmetrische ovale Form<\/li>\n<li>Normen: EN 362, EN 12275;<\/li>\n<li><a href=\"https:\/\/bolting.eu\/bruchlast-karabiner\/\">Bruchlast Karabiner<\/a> l\u00e4ngs \/ quer \/ offen: 38kN \/ 16kN \/ 10kN<\/li>\n<li>Ma\u00dfe: 120mm x 62mm<\/li>\n<li>Gewicht: 260 Gramm<\/li>\n<li>extrem abriebfest<\/li>\n<li>ideal f\u00fcr repetitives \u00d6ffnen \/ Schlie\u00dfen<\/li>\n<li>3-Wege Twist Lock<\/li>\n<\/ul>\n","protected":false},"featured_media":10246,"comment_status":"open","ping_status":"closed","template":"","meta":[],"product_brand":[],"product_cat":[29,44,3003,4649,13932,14513,14749],"product_tag":[],"class_list":{"0":"post-10244","1":"product","2":"type-product","3":"status-publish","4":"has-post-thumbnail","6":"product_cat-kletterausruestung","7":"product_cat-kletterkarabiner","8":"product_cat-stahlkarabiner","9":"product_cat-austrialpin","10":"product_cat-twist-lock-karabiner","11":"product_cat-industriekletter-ausruestung","12":"product_cat-verbindungselemente","14":"first","15":"instock","16":"sale","17":"taxable","18":"shipping-taxable","19":"purchasable","20":"product-type-simple"},"yoast_head":"<!-- This site is optimized with the Yoast SEO Premium plugin v26.9 (Yoast SEO v26.9) - https:\/\/yoast.com\/product\/yoast-seo-premium-wordpress\/ -->\n<title>Stahlkarabiner Twist Lock - g\u00fcnstig online kaufen | bolting.eu<\/title>\n<meta name=\"description\" content=\"Hier findest Du den STAHLKARABINER TWIST LOCK. Einen ovalen Karabiner aus verzinktem Stahl mit 3-Wege Twist Lock f\u00fcr oftmaliges \u00d6ffnen!\" \/>\n<meta name=\"robots\" content=\"index, follow, max-snippet:-1, max-image-preview:large, max-video-preview:-1\" \/>\n<link rel=\"canonical\" href=\"https:\/\/bolting.eu\/en\/shop\/stahlkarabiner-twist-lock\/\" \/>\n<meta property=\"og:locale\" content=\"en_US\" \/>\n<meta property=\"og:type\" content=\"article\" \/>\n<meta property=\"og:title\" content=\"Stahlkarabiner Twist Lock\" \/>\n<meta property=\"og:description\" content=\"Hier findest Du den STAHLKARABINER TWIST LOCK. Einen ovalen Karabiner aus verzinktem Stahl mit 3-Wege Twist Lock f\u00fcr oftmaliges \u00d6ffnen!\" \/>\n<meta property=\"og:url\" content=\"https:\/\/bolting.eu\/en\/shop\/stahlkarabiner-twist-lock\/\" \/>\n<meta property=\"og:site_name\" content=\"bolting.eu\" \/>\n<meta property=\"article:publisher\" content=\"https:\/\/www.facebook.com\/bolting.eu\" \/>\n<meta property=\"article:modified_time\" content=\"2025-02-12T08:26:40+00:00\" \/>\n<meta property=\"og:image\" content=\"https:\/\/bolting.eu\/wp-content\/uploads\/2021\/10\/Stahlkarabiner-Twist-Lock-1.jpg\" \/>\n\t<meta property=\"og:image:width\" content=\"700\" \/>\n\t<meta property=\"og:image:height\" content=\"700\" \/>\n\t<meta property=\"og:image:type\" content=\"image\/jpeg\" \/>\n<meta name=\"twitter:card\" content=\"summary_large_image\" \/>\n<meta name=\"twitter:label1\" content=\"Price\" \/>\n\t<meta name=\"twitter:data1\" content=\"&euro;&nbsp;20,50\" \/>\n\t<meta name=\"twitter:label2\" content=\"Availability\" \/>\n\t<meta name=\"twitter:data2\" content=\"In stock\" \/>\n<script type=\"application\/ld+json\" class=\"yoast-schema-graph\">{\"@context\":\"https:\/\/schema.org\",\"@graph\":[{\"@type\":[\"WebPage\",\"ItemPage\"],\"@id\":\"https:\/\/bolting.eu\/en\/shop\/stahlkarabiner-twist-lock\/\",\"url\":\"https:\/\/bolting.eu\/en\/shop\/stahlkarabiner-twist-lock\/\",\"name\":\"Stahlkarabiner Twist Lock - g\u00fcnstig online kaufen | bolting.eu\",\"isPartOf\":{\"@id\":\"https:\/\/bolting.eu\/en\/#website\"},\"primaryImageOfPage\":{\"@id\":\"https:\/\/bolting.eu\/en\/shop\/stahlkarabiner-twist-lock\/#primaryimage\"},\"image\":{\"@id\":\"https:\/\/bolting.eu\/en\/shop\/stahlkarabiner-twist-lock\/#primaryimage\"},\"thumbnailUrl\":\"https:\/\/bolting.eu\/wp-content\/uploads\/2021\/10\/Stahlkarabiner-Twist-Lock-1.jpg\",\"datePublished\":\"2021-10-12T08:39:06+00:00\",\"dateModified\":\"2025-02-12T08:26:40+00:00\",\"description\":\"Hier findest Du den STAHLKARABINER TWIST LOCK. Einen ovalen Karabiner aus verzinktem Stahl mit 3-Wege Twist Lock f\u00fcr oftmaliges \u00d6ffnen!\",\"breadcrumb\":{\"@id\":\"https:\/\/bolting.eu\/en\/shop\/stahlkarabiner-twist-lock\/#breadcrumb\"},\"inLanguage\":\"en-US\",\"potentialAction\":[{\"@type\":\"ReadAction\",\"target\":[\"https:\/\/bolting.eu\/en\/shop\/stahlkarabiner-twist-lock\/\"]}]},{\"@type\":\"ImageObject\",\"inLanguage\":\"en-US\",\"@id\":\"https:\/\/bolting.eu\/en\/shop\/stahlkarabiner-twist-lock\/#primaryimage\",\"url\":\"https:\/\/bolting.eu\/wp-content\/uploads\/2021\/10\/Stahlkarabiner-Twist-Lock-1.jpg\",\"contentUrl\":\"https:\/\/bolting.eu\/wp-content\/uploads\/2021\/10\/Stahlkarabiner-Twist-Lock-1.jpg\",\"width\":700,\"height\":700,\"caption\":\"Das Bild zeigt einen silbernen Stahlkarabiner Twist Lock mit schwarzem Drehverschluss auf der rechten Seite.\"},{\"@type\":\"BreadcrumbList\",\"@id\":\"https:\/\/bolting.eu\/en\/shop\/stahlkarabiner-twist-lock\/#breadcrumb\",\"itemListElement\":[{\"@type\":\"ListItem\",\"position\":1,\"name\":\"Shop\",\"item\":\"https:\/\/bolting.eu\/en\/shop\/\"},{\"@type\":\"ListItem\",\"position\":2,\"name\":\"climbing equipment\",\"item\":\"https:\/\/bolting.eu\/en\/produkt-kategorie\/climbing-equipment\/\"},{\"@type\":\"ListItem\",\"position\":3,\"name\":\"Climbing carabiner\",\"item\":\"https:\/\/bolting.eu\/en\/produkt-kategorie\/climbing-carabiner\/\"},{\"@type\":\"ListItem\",\"position\":4,\"name\":\"Steel carabiner\",\"item\":\"https:\/\/bolting.eu\/en\/produkt-kategorie\/steel-carabiner\/\"},{\"@type\":\"ListItem\",\"position\":5,\"name\":\"Stahlkarabiner Twist Lock\"}]},{\"@type\":\"WebSite\",\"@id\":\"https:\/\/bolting.eu\/en\/#website\",\"url\":\"https:\/\/bolting.eu\/en\/\",\"name\":\"bolting.eu\",\"description\":\"we make climbs happen\",\"publisher\":{\"@id\":\"https:\/\/bolting.eu\/en\/#organization\"},\"potentialAction\":[{\"@type\":\"SearchAction\",\"target\":{\"@type\":\"EntryPoint\",\"urlTemplate\":\"https:\/\/bolting.eu\/en\/?s={search_term_string}\"},\"query-input\":{\"@type\":\"PropertyValueSpecification\",\"valueRequired\":true,\"valueName\":\"search_term_string\"}}],\"inLanguage\":\"en-US\"},{\"@type\":[\"Organization\",\"Place\",\"SportingGoodsStore\"],\"@id\":\"https:\/\/bolting.eu\/en\/#organization\",\"name\":\"bolting.eu\",\"url\":\"https:\/\/bolting.eu\/en\/\",\"logo\":{\"@id\":\"https:\/\/bolting.eu\/en\/shop\/stahlkarabiner-twist-lock\/#local-main-organization-logo\"},\"image\":{\"@id\":\"https:\/\/bolting.eu\/en\/shop\/stahlkarabiner-twist-lock\/#local-main-organization-logo\"},\"sameAs\":[\"https:\/\/www.facebook.com\/bolting.eu\",\"https:\/\/www.instagram.com\/bolting.eu\/\"],\"address\":{\"@id\":\"https:\/\/bolting.eu\/en\/shop\/stahlkarabiner-twist-lock\/#local-main-place-address\"},\"geo\":{\"@type\":\"GeoCoordinates\",\"latitude\":\"47.264176340396226\",\"longitude\":\"11.380109057672346\"},\"telephone\":[\"+43 699 19083372\"],\"openingHoursSpecification\":[{\"@type\":\"OpeningHoursSpecification\",\"dayOfWeek\":[\"Monday\",\"Wednesday\",\"Friday\"],\"opens\":\"14:00\",\"closes\":\"18:00\"},{\"@type\":\"OpeningHoursSpecification\",\"dayOfWeek\":[\"Tuesday\",\"Thursday\",\"Saturday\",\"Sunday\"],\"opens\":\"00:00\",\"closes\":\"00:00\"}],\"email\":\"office@bolting.eu\",\"vatID\":\"ATU59999728\",\"priceRange\":\"$$\",\"currenciesAccepted\":\"Euro\"},{\"@type\":\"PostalAddress\",\"@id\":\"https:\/\/bolting.eu\/en\/shop\/stahlkarabiner-twist-lock\/#local-main-place-address\",\"streetAddress\":\"Fischnalerstra\u00dfe 4\",\"addressLocality\":\"Innsbruck\",\"postalCode\":\"6020\",\"addressRegion\":\"Tirol\",\"addressCountry\":\"AT\"},{\"@type\":\"ImageObject\",\"inLanguage\":\"en-US\",\"@id\":\"https:\/\/bolting.eu\/en\/shop\/stahlkarabiner-twist-lock\/#local-main-organization-logo\",\"url\":\"https:\/\/bolting.eu\/wp-content\/uploads\/2019\/09\/bolting-logo.png\",\"contentUrl\":\"https:\/\/bolting.eu\/wp-content\/uploads\/2019\/09\/bolting-logo.png\",\"width\":400,\"height\":211,\"caption\":\"bolting.eu\"}]}<\/script>\n<meta property=\"product:price:amount\" content=\"20.50\" \/>\n<meta property=\"product:price:currency\" content=\"EUR\" \/>\n<meta property=\"og:availability\" content=\"instock\" \/>\n<meta property=\"product:availability\" content=\"instock\" \/>\n<meta property=\"product:retailer_item_id\" content=\"TF35AK3\" \/>\n<meta property=\"product:condition\" content=\"new\" \/>\n<meta name=\"geo.placename\" content=\"Innsbruck\" \/>\n<meta name=\"geo.position\" content=\"47.264176340396226;11.380109057672346\" \/>\n<meta name=\"geo.region\" content=\"Austria\" \/>\n<!-- \/ Yoast SEO Premium plugin. -->","yoast_head_json":{"title":"Stahlkarabiner Twist Lock - g\u00fcnstig online kaufen | bolting.eu","description":"Hier findest Du den STAHLKARABINER TWIST LOCK. Einen ovalen Karabiner aus verzinktem Stahl mit 3-Wege Twist Lock f\u00fcr oftmaliges \u00d6ffnen!","robots":{"index":"index","follow":"follow","max-snippet":"max-snippet:-1","max-image-preview":"max-image-preview:large","max-video-preview":"max-video-preview:-1"},"canonical":"https:\/\/bolting.eu\/en\/shop\/stahlkarabiner-twist-lock\/","og_locale":"en_US","og_type":"article","og_title":"Stahlkarabiner Twist Lock","og_description":"Hier findest Du den STAHLKARABINER TWIST LOCK. Einen ovalen Karabiner aus verzinktem Stahl mit 3-Wege Twist Lock f\u00fcr oftmaliges \u00d6ffnen!","og_url":"https:\/\/bolting.eu\/en\/shop\/stahlkarabiner-twist-lock\/","og_site_name":"bolting.eu","article_publisher":"https:\/\/www.facebook.com\/bolting.eu","article_modified_time":"2025-02-12T08:26:40+00:00","og_image":[{"width":700,"height":700,"url":"https:\/\/bolting.eu\/wp-content\/uploads\/2021\/10\/Stahlkarabiner-Twist-Lock-1.jpg","type":"image\/jpeg"}],"twitter_card":"summary_large_image","twitter_misc":{"Price":"&euro;&nbsp;20,50","Availability":"In stock"},"schema":{"@context":"https:\/\/schema.org","@graph":[{"@type":["WebPage","ItemPage"],"@id":"https:\/\/bolting.eu\/en\/shop\/stahlkarabiner-twist-lock\/","url":"https:\/\/bolting.eu\/en\/shop\/stahlkarabiner-twist-lock\/","name":"Stahlkarabiner Twist Lock - g\u00fcnstig online kaufen | bolting.eu","isPartOf":{"@id":"https:\/\/bolting.eu\/en\/#website"},"primaryImageOfPage":{"@id":"https:\/\/bolting.eu\/en\/shop\/stahlkarabiner-twist-lock\/#primaryimage"},"image":{"@id":"https:\/\/bolting.eu\/en\/shop\/stahlkarabiner-twist-lock\/#primaryimage"},"thumbnailUrl":"https:\/\/bolting.eu\/wp-content\/uploads\/2021\/10\/Stahlkarabiner-Twist-Lock-1.jpg","datePublished":"2021-10-12T08:39:06+00:00","dateModified":"2025-02-12T08:26:40+00:00","description":"Hier findest Du den STAHLKARABINER TWIST LOCK. Einen ovalen Karabiner aus verzinktem Stahl mit 3-Wege Twist Lock f\u00fcr oftmaliges \u00d6ffnen!","breadcrumb":{"@id":"https:\/\/bolting.eu\/en\/shop\/stahlkarabiner-twist-lock\/#breadcrumb"},"inLanguage":"en-US","potentialAction":[{"@type":"ReadAction","target":["https:\/\/bolting.eu\/en\/shop\/stahlkarabiner-twist-lock\/"]}]},{"@type":"ImageObject","inLanguage":"en-US","@id":"https:\/\/bolting.eu\/en\/shop\/stahlkarabiner-twist-lock\/#primaryimage","url":"https:\/\/bolting.eu\/wp-content\/uploads\/2021\/10\/Stahlkarabiner-Twist-Lock-1.jpg","contentUrl":"https:\/\/bolting.eu\/wp-content\/uploads\/2021\/10\/Stahlkarabiner-Twist-Lock-1.jpg","width":700,"height":700,"caption":"Das Bild zeigt einen silbernen Stahlkarabiner Twist Lock mit schwarzem Drehverschluss auf der rechten Seite."},{"@type":"BreadcrumbList","@id":"https:\/\/bolting.eu\/en\/shop\/stahlkarabiner-twist-lock\/#breadcrumb","itemListElement":[{"@type":"ListItem","position":1,"name":"Shop","item":"https:\/\/bolting.eu\/en\/shop\/"},{"@type":"ListItem","position":2,"name":"climbing equipment","item":"https:\/\/bolting.eu\/en\/produkt-kategorie\/climbing-equipment\/"},{"@type":"ListItem","position":3,"name":"Climbing carabiner","item":"https:\/\/bolting.eu\/en\/produkt-kategorie\/climbing-carabiner\/"},{"@type":"ListItem","position":4,"name":"Steel carabiner","item":"https:\/\/bolting.eu\/en\/produkt-kategorie\/steel-carabiner\/"},{"@type":"ListItem","position":5,"name":"Stahlkarabiner Twist Lock"}]},{"@type":"WebSite","@id":"https:\/\/bolting.eu\/en\/#website","url":"https:\/\/bolting.eu\/en\/","name":"bolting.eu","description":"we make climbs happen","publisher":{"@id":"https:\/\/bolting.eu\/en\/#organization"},"potentialAction":[{"@type":"SearchAction","target":{"@type":"EntryPoint","urlTemplate":"https:\/\/bolting.eu\/en\/?s={search_term_string}"},"query-input":{"@type":"PropertyValueSpecification","valueRequired":true,"valueName":"search_term_string"}}],"inLanguage":"en-US"},{"@type":["Organization","Place","SportingGoodsStore"],"@id":"https:\/\/bolting.eu\/en\/#organization","name":"bolting.eu","url":"https:\/\/bolting.eu\/en\/","logo":{"@id":"https:\/\/bolting.eu\/en\/shop\/stahlkarabiner-twist-lock\/#local-main-organization-logo"},"image":{"@id":"https:\/\/bolting.eu\/en\/shop\/stahlkarabiner-twist-lock\/#local-main-organization-logo"},"sameAs":["https:\/\/www.facebook.com\/bolting.eu","https:\/\/www.instagram.com\/bolting.eu\/"],"address":{"@id":"https:\/\/bolting.eu\/en\/shop\/stahlkarabiner-twist-lock\/#local-main-place-address"},"geo":{"@type":"GeoCoordinates","latitude":"47.264176340396226","longitude":"11.380109057672346"},"telephone":["+43 699 19083372"],"openingHoursSpecification":[{"@type":"OpeningHoursSpecification","dayOfWeek":["Monday","Wednesday","Friday"],"opens":"14:00","closes":"18:00"},{"@type":"OpeningHoursSpecification","dayOfWeek":["Tuesday","Thursday","Saturday","Sunday"],"opens":"00:00","closes":"00:00"}],"email":"office@bolting.eu","vatID":"ATU59999728","priceRange":"$$","currenciesAccepted":"Euro"},{"@type":"PostalAddress","@id":"https:\/\/bolting.eu\/en\/shop\/stahlkarabiner-twist-lock\/#local-main-place-address","streetAddress":"Fischnalerstra\u00dfe 4","addressLocality":"Innsbruck","postalCode":"6020","addressRegion":"Tirol","addressCountry":"AT"},{"@type":"ImageObject","inLanguage":"en-US","@id":"https:\/\/bolting.eu\/en\/shop\/stahlkarabiner-twist-lock\/#local-main-organization-logo","url":"https:\/\/bolting.eu\/wp-content\/uploads\/2019\/09\/bolting-logo.png","contentUrl":"https:\/\/bolting.eu\/wp-content\/uploads\/2019\/09\/bolting-logo.png","width":400,"height":211,"caption":"bolting.eu"}]},"product_price_amount":"20.50","product_price_currency":"EUR","og_availability":"instock","product_availability":"instock","product_retailer_item_id":"TF35AK3","product_condition":"new","geo.placename":"Innsbruck","geo.position":{"lat":"47.264176340396226","long":"11.380109057672346"},"geo.region":"Austria"},"_links":{"self":[{"href":"https:\/\/bolting.eu\/en\/wp-json\/wp\/v2\/product\/10244","targetHints":{"allow":["GET"]}}],"collection":[{"href":"https:\/\/bolting.eu\/en\/wp-json\/wp\/v2\/product"}],"about":[{"href":"https:\/\/bolting.eu\/en\/wp-json\/wp\/v2\/types\/product"}],"replies":[{"embeddable":true,"href":"https:\/\/bolting.eu\/en\/wp-json\/wp\/v2\/comments?post=10244"}],"wp:featuredmedia":[{"embeddable":true,"href":"https:\/\/bolting.eu\/en\/wp-json\/wp\/v2\/media\/10246"}],"wp:attachment":[{"href":"https:\/\/bolting.eu\/en\/wp-json\/wp\/v2\/media?parent=10244"}],"wp:term":[{"taxonomy":"product_brand","embeddable":true,"href":"https:\/\/bolting.eu\/en\/wp-json\/wp\/v2\/product_brand?post=10244"},{"taxonomy":"product_cat","embeddable":true,"href":"https:\/\/bolting.eu\/en\/wp-json\/wp\/v2\/product_cat?post=10244"},{"taxonomy":"product_tag","embeddable":true,"href":"https:\/\/bolting.eu\/en\/wp-json\/wp\/v2\/product_tag?post=10244"}],"curies":[{"name":"wp","href":"https:\/\/api.w.org\/{rel}","templated":true}]}}