{"id":10121,"date":"2021-10-05T10:23:16","date_gmt":"2021-10-05T08:23:16","guid":{"rendered":"https:\/\/bolting.eu\/?post_type=product&#038;p=10121"},"modified":"2025-02-12T09:21:39","modified_gmt":"2025-02-12T08:21:39","slug":"stahlkarabiner-oval-austrialpin","status":"publish","type":"product","link":"https:\/\/bolting.eu\/en\/shop\/stahlkarabiner-oval-austrialpin\/","title":{"rendered":"Stahlkarabiner oval &#8211; Austrialpin"},"content":{"rendered":"<p>Dieser ovale Stahlkarabiner ist von Austrialpin und gleichm\u00e4\u00dfig symmetrisch. Er ist f\u00fcr das Tragen von vertikalen Lasten und die Montage von <a href=\"https:\/\/bolting.eu\/produkt-kategorie\/kletterausruestung\/seilrollen\/\">Seilrollen<\/a> gedacht.<\/p>\n<p>F\u00fcr Industriekletterer interessant. Ihr k\u00f6nnt ihn auch mit <a href=\"https:\/\/bolting.eu\/produkt-kategorie\/kletterausruestung\/kletterhandschuhe\/\">Kletterhandschuhen<\/a> noch gut bedienen kann.<\/p>\n<p>Fazit. Wer ein kosteneffizienten Stahl Modell in symmetrischer Form sucht, der ist hier genau richtig!<\/p>\n<h2>Eigenschaften Stahlkarabiner oval<\/h2>\n<ul>\n<li>Hersteller: <a href=\"https:\/\/bolting.eu\/produkt-kategorie\/austrialpin\/\">Austrialpin<\/a><\/li>\n<li>100% \u00f6sterreichisches Produkt<\/li>\n<li>Material: verzinkter Stahl<\/li>\n<li>symmetrische Form<\/li>\n<li>Normen: <a href=\"https:\/\/bolting.eu\/en-362-norm\/\">EN 362<\/a>, <a href=\"https:\/\/bolting.eu\/en-12275-norm\/\">EN 12275<\/a>;<\/li>\n<li><a href=\"https:\/\/bolting.eu\/bruchlast-karabiner\/\">Bruchlast Karabiner<\/a>: l\u00e4ngs \/ quer \/ offen: 32kN \/ 16kN \/ 8kN<\/li>\n<li>Ma\u00dfe: 120mm x 60mm<\/li>\n<li>Gewicht: 244 Gramm<\/li>\n<li>Breite Schnapper\u00f6ffnung: 20mm<\/li>\n<li>Materialst\u00e4rke Karabiner: 12mm<\/li>\n<li>extrem abriebfest<\/li>\n<li>perfekt f\u00fcr Seilrollen<\/li>\n<li>Ketten liegen am tiefsten Punkt auf<\/li>\n<li>Verschlussarten: Schraubgewinde oder 3-Wege Twist-Lock<\/li>\n<li><a href=\"https:\/\/www.austrialpin.at\/fileadmin\/anleitungen\/AA_instruction-manual_carabiner-slings.pdf\" target=\"_blank\" rel=\"noopener\">Bedienungsanleitung<\/a><\/li>\n<\/ul>\n<h3>100% Made in Austria!<\/h3>\n<p>Dieser ovalf\u00f6rmige Stahlkarabiner ist ein echter \u00d6sterreicher! D.h. Entwicklung, Produktion und Wertsch\u00f6pfung passiert in der Alpenrepublik.<\/p>\n<p>Somit ist dieses Produkt auch ein \u00f6kologisch nachhaltiges. Denn das bedeutet zum einen ordentliche Umweltstandards in der Produktion. Und zum anderen sehr kurze Transportwege bis das Produkt bei uns ist.<\/p>\n<h3>Ovaler Stahlkarabiner &#8211; extrem abriebfest!<\/h3>\n<p>Dieses Modell ist aus verzinktem Stahl gefertigt. D.h. er besitzt alle gew\u00fcnschten Materialeigenschaften f\u00fcr einen Arbeitskarabiner.<\/p>\n<p>Das w\u00e4re einerseits die Abriebfestigkeit. Somit kann man dieses Produkt jahrelang mit z.B. Ketten verwenden, ohne dass er kaputt geht. Denn Stahl hat eine vielfach h\u00f6here H\u00e4rte als die herk\u00f6mmlichen Aluminium <a href=\"https:\/\/bolting.eu\/produkt-kategorie\/kletterausruestung\/kletterkarabiner\/\">Kletterkarabiner<\/a>.<\/p>\n<p>&nbsp;<\/p>\n","protected":false},"excerpt":{"rendered":"<p>Modell in ovaler und symmetrischer Form aus Stahl. Ideal zum Ausrichten von Stahlketten bzw. f\u00fcr die Verwendung von Seilrollen.<\/p>\n<p>Versandkostenfrei bis 2kg in <img decoding=\"async\" class=\"emoji\" role=\"img\" draggable=\"false\" src=\"https:\/\/s.w.org\/images\/core\/emoji\/13.1.0\/svg\/1f1e6-1f1f9.svg\" alt=\"\ud83c\udde6\ud83c\uddf9\" \/> ab \u20ac 100,- und <img decoding=\"async\" class=\"emoji\" role=\"img\" draggable=\"false\" src=\"https:\/\/s.w.org\/images\/core\/emoji\/13.1.0\/svg\/1f1e9-1f1ea.svg\" alt=\"\ud83c\udde9\ud83c\uddea\" \/> ab \u20ac 200,-!<\/p>\n","protected":false},"featured_media":10123,"comment_status":"open","ping_status":"closed","template":"","meta":[],"product_brand":[],"product_cat":[4649,29,14513,44,14749,3003],"product_tag":[],"class_list":{"0":"post-10121","1":"product","2":"type-product","3":"status-publish","4":"has-post-thumbnail","6":"product_cat-austrialpin","7":"product_cat-kletterausruestung","8":"product_cat-industriekletter-ausruestung","9":"product_cat-kletterkarabiner","10":"product_cat-verbindungselemente","11":"product_cat-stahlkarabiner","13":"first","14":"instock","15":"sale","16":"taxable","17":"shipping-taxable","18":"purchasable","19":"product-type-variable"},"yoast_head":"<!-- This site is optimized with the Yoast SEO Premium plugin v26.9 (Yoast SEO v26.9) - https:\/\/yoast.com\/product\/yoast-seo-premium-wordpress\/ -->\n<title>Stahlkarabiner oval - Austrialpin - g\u00fcnstig online kaufen | bolting.eu<\/title>\n<meta name=\"description\" content=\"Hier findest Du den STAHLKARABINER OVAL von Austrialpin. Ein Stahlkarabiner in ovaler, symmetrischer Form f\u00fcr &quot;heavy duty&quot; Anwendungen.\" \/>\n<meta name=\"robots\" content=\"index, follow, max-snippet:-1, max-image-preview:large, max-video-preview:-1\" \/>\n<link rel=\"canonical\" href=\"https:\/\/bolting.eu\/en\/shop\/stahlkarabiner-oval-austrialpin\/\" \/>\n<meta property=\"og:locale\" content=\"en_US\" \/>\n<meta property=\"og:type\" content=\"article\" \/>\n<meta property=\"og:title\" content=\"Stahlkarabiner oval - Austrialpin\" \/>\n<meta property=\"og:description\" content=\"Hier findest Du den STAHLKARABINER OVAL von Austrialpin. Ein Stahlkarabiner in ovaler, symmetrischer Form f\u00fcr &quot;heavy duty&quot; Anwendungen.\" \/>\n<meta property=\"og:url\" content=\"https:\/\/bolting.eu\/en\/shop\/stahlkarabiner-oval-austrialpin\/\" \/>\n<meta property=\"og:site_name\" content=\"bolting.eu\" \/>\n<meta property=\"article:publisher\" content=\"https:\/\/www.facebook.com\/bolting.eu\" \/>\n<meta property=\"article:modified_time\" content=\"2025-02-12T08:21:39+00:00\" \/>\n<meta property=\"og:image\" content=\"https:\/\/bolting.eu\/wp-content\/uploads\/2021\/10\/Stahlkarabiner-oval-Austrialpin-1.jpg\" \/>\n\t<meta property=\"og:image:width\" content=\"700\" \/>\n\t<meta property=\"og:image:height\" content=\"700\" \/>\n\t<meta property=\"og:image:type\" content=\"image\/jpeg\" \/>\n<meta name=\"twitter:card\" content=\"summary_large_image\" \/>\n<meta name=\"twitter:label1\" content=\"Availability\" \/>\n\t<meta name=\"twitter:data1\" content=\"In stock\" \/>\n<script type=\"application\/ld+json\" class=\"yoast-schema-graph\">{\"@context\":\"https:\/\/schema.org\",\"@graph\":[{\"@type\":[\"WebPage\",\"ItemPage\"],\"@id\":\"https:\/\/bolting.eu\/en\/shop\/stahlkarabiner-oval-austrialpin\/\",\"url\":\"https:\/\/bolting.eu\/en\/shop\/stahlkarabiner-oval-austrialpin\/\",\"name\":\"Stahlkarabiner oval - Austrialpin - g\u00fcnstig online kaufen | bolting.eu\",\"isPartOf\":{\"@id\":\"https:\/\/bolting.eu\/en\/#website\"},\"primaryImageOfPage\":{\"@id\":\"https:\/\/bolting.eu\/en\/shop\/stahlkarabiner-oval-austrialpin\/#primaryimage\"},\"image\":{\"@id\":\"https:\/\/bolting.eu\/en\/shop\/stahlkarabiner-oval-austrialpin\/#primaryimage\"},\"thumbnailUrl\":\"https:\/\/bolting.eu\/wp-content\/uploads\/2021\/10\/Stahlkarabiner-oval-Austrialpin-1.jpg\",\"datePublished\":\"2021-10-05T08:23:16+00:00\",\"dateModified\":\"2025-02-12T08:21:39+00:00\",\"description\":\"Hier findest Du den STAHLKARABINER OVAL von Austrialpin. Ein Stahlkarabiner in ovaler, symmetrischer Form f\u00fcr \\\"heavy duty\\\" Anwendungen.\",\"breadcrumb\":{\"@id\":\"https:\/\/bolting.eu\/en\/shop\/stahlkarabiner-oval-austrialpin\/#breadcrumb\"},\"inLanguage\":\"en-US\",\"potentialAction\":[{\"@type\":\"ReadAction\",\"target\":[\"https:\/\/bolting.eu\/en\/shop\/stahlkarabiner-oval-austrialpin\/\"]}]},{\"@type\":\"ImageObject\",\"inLanguage\":\"en-US\",\"@id\":\"https:\/\/bolting.eu\/en\/shop\/stahlkarabiner-oval-austrialpin\/#primaryimage\",\"url\":\"https:\/\/bolting.eu\/wp-content\/uploads\/2021\/10\/Stahlkarabiner-oval-Austrialpin-1.jpg\",\"contentUrl\":\"https:\/\/bolting.eu\/wp-content\/uploads\/2021\/10\/Stahlkarabiner-oval-Austrialpin-1.jpg\",\"width\":700,\"height\":700,\"caption\":\"Das Bild zeigt einen silbernen Stahlkarabiner oval mit schwarzem Schraubgewinde auf einem wei\u00dfem Quadrat.\"},{\"@type\":\"BreadcrumbList\",\"@id\":\"https:\/\/bolting.eu\/en\/shop\/stahlkarabiner-oval-austrialpin\/#breadcrumb\",\"itemListElement\":[{\"@type\":\"ListItem\",\"position\":1,\"name\":\"Shop\",\"item\":\"https:\/\/bolting.eu\/en\/shop\/\"},{\"@type\":\"ListItem\",\"position\":2,\"name\":\"climbing equipment\",\"item\":\"https:\/\/bolting.eu\/en\/produkt-kategorie\/climbing-equipment\/\"},{\"@type\":\"ListItem\",\"position\":3,\"name\":\"Climbing carabiner\",\"item\":\"https:\/\/bolting.eu\/en\/produkt-kategorie\/climbing-carabiner\/\"},{\"@type\":\"ListItem\",\"position\":4,\"name\":\"Steel carabiner\",\"item\":\"https:\/\/bolting.eu\/en\/produkt-kategorie\/steel-carabiner\/\"},{\"@type\":\"ListItem\",\"position\":5,\"name\":\"Stahlkarabiner oval &#8211; Austrialpin\"}]},{\"@type\":\"WebSite\",\"@id\":\"https:\/\/bolting.eu\/en\/#website\",\"url\":\"https:\/\/bolting.eu\/en\/\",\"name\":\"bolting.eu\",\"description\":\"we make climbs happen\",\"publisher\":{\"@id\":\"https:\/\/bolting.eu\/en\/#organization\"},\"potentialAction\":[{\"@type\":\"SearchAction\",\"target\":{\"@type\":\"EntryPoint\",\"urlTemplate\":\"https:\/\/bolting.eu\/en\/?s={search_term_string}\"},\"query-input\":{\"@type\":\"PropertyValueSpecification\",\"valueRequired\":true,\"valueName\":\"search_term_string\"}}],\"inLanguage\":\"en-US\"},{\"@type\":[\"Organization\",\"Place\",\"SportingGoodsStore\"],\"@id\":\"https:\/\/bolting.eu\/en\/#organization\",\"name\":\"bolting.eu\",\"url\":\"https:\/\/bolting.eu\/en\/\",\"logo\":{\"@id\":\"https:\/\/bolting.eu\/en\/shop\/stahlkarabiner-oval-austrialpin\/#local-main-organization-logo\"},\"image\":{\"@id\":\"https:\/\/bolting.eu\/en\/shop\/stahlkarabiner-oval-austrialpin\/#local-main-organization-logo\"},\"sameAs\":[\"https:\/\/www.facebook.com\/bolting.eu\",\"https:\/\/www.instagram.com\/bolting.eu\/\"],\"address\":{\"@id\":\"https:\/\/bolting.eu\/en\/shop\/stahlkarabiner-oval-austrialpin\/#local-main-place-address\"},\"geo\":{\"@type\":\"GeoCoordinates\",\"latitude\":\"47.264176340396226\",\"longitude\":\"11.380109057672346\"},\"telephone\":[\"+43 699 19083372\"],\"openingHoursSpecification\":[{\"@type\":\"OpeningHoursSpecification\",\"dayOfWeek\":[\"Monday\",\"Wednesday\",\"Friday\"],\"opens\":\"14:00\",\"closes\":\"18:00\"},{\"@type\":\"OpeningHoursSpecification\",\"dayOfWeek\":[\"Tuesday\",\"Thursday\",\"Saturday\",\"Sunday\"],\"opens\":\"00:00\",\"closes\":\"00:00\"}],\"email\":\"office@bolting.eu\",\"vatID\":\"ATU59999728\",\"priceRange\":\"$$\",\"currenciesAccepted\":\"Euro\"},{\"@type\":\"PostalAddress\",\"@id\":\"https:\/\/bolting.eu\/en\/shop\/stahlkarabiner-oval-austrialpin\/#local-main-place-address\",\"streetAddress\":\"Fischnalerstra\u00dfe 4\",\"addressLocality\":\"Innsbruck\",\"postalCode\":\"6020\",\"addressRegion\":\"Tirol\",\"addressCountry\":\"AT\"},{\"@type\":\"ImageObject\",\"inLanguage\":\"en-US\",\"@id\":\"https:\/\/bolting.eu\/en\/shop\/stahlkarabiner-oval-austrialpin\/#local-main-organization-logo\",\"url\":\"https:\/\/bolting.eu\/wp-content\/uploads\/2019\/09\/bolting-logo.png\",\"contentUrl\":\"https:\/\/bolting.eu\/wp-content\/uploads\/2019\/09\/bolting-logo.png\",\"width\":400,\"height\":211,\"caption\":\"bolting.eu\"}]}<\/script>\n<meta property=\"og:availability\" content=\"instock\" \/>\n<meta property=\"product:availability\" content=\"instock\" \/>\n<meta property=\"product:condition\" content=\"new\" \/>\n<meta name=\"geo.placename\" content=\"Innsbruck\" \/>\n<meta name=\"geo.position\" content=\"47.264176340396226;11.380109057672346\" \/>\n<meta name=\"geo.region\" content=\"Austria\" \/>\n<!-- \/ Yoast SEO Premium plugin. -->","yoast_head_json":{"title":"Stahlkarabiner oval - Austrialpin - g\u00fcnstig online kaufen | bolting.eu","description":"Hier findest Du den STAHLKARABINER OVAL von Austrialpin. Ein Stahlkarabiner in ovaler, symmetrischer Form f\u00fcr \"heavy duty\" Anwendungen.","robots":{"index":"index","follow":"follow","max-snippet":"max-snippet:-1","max-image-preview":"max-image-preview:large","max-video-preview":"max-video-preview:-1"},"canonical":"https:\/\/bolting.eu\/en\/shop\/stahlkarabiner-oval-austrialpin\/","og_locale":"en_US","og_type":"article","og_title":"Stahlkarabiner oval - Austrialpin","og_description":"Hier findest Du den STAHLKARABINER OVAL von Austrialpin. Ein Stahlkarabiner in ovaler, symmetrischer Form f\u00fcr \"heavy duty\" Anwendungen.","og_url":"https:\/\/bolting.eu\/en\/shop\/stahlkarabiner-oval-austrialpin\/","og_site_name":"bolting.eu","article_publisher":"https:\/\/www.facebook.com\/bolting.eu","article_modified_time":"2025-02-12T08:21:39+00:00","og_image":[{"width":700,"height":700,"url":"https:\/\/bolting.eu\/wp-content\/uploads\/2021\/10\/Stahlkarabiner-oval-Austrialpin-1.jpg","type":"image\/jpeg"}],"twitter_card":"summary_large_image","twitter_misc":{"Availability":"In stock"},"schema":{"@context":"https:\/\/schema.org","@graph":[{"@type":["WebPage","ItemPage"],"@id":"https:\/\/bolting.eu\/en\/shop\/stahlkarabiner-oval-austrialpin\/","url":"https:\/\/bolting.eu\/en\/shop\/stahlkarabiner-oval-austrialpin\/","name":"Stahlkarabiner oval - Austrialpin - g\u00fcnstig online kaufen | bolting.eu","isPartOf":{"@id":"https:\/\/bolting.eu\/en\/#website"},"primaryImageOfPage":{"@id":"https:\/\/bolting.eu\/en\/shop\/stahlkarabiner-oval-austrialpin\/#primaryimage"},"image":{"@id":"https:\/\/bolting.eu\/en\/shop\/stahlkarabiner-oval-austrialpin\/#primaryimage"},"thumbnailUrl":"https:\/\/bolting.eu\/wp-content\/uploads\/2021\/10\/Stahlkarabiner-oval-Austrialpin-1.jpg","datePublished":"2021-10-05T08:23:16+00:00","dateModified":"2025-02-12T08:21:39+00:00","description":"Hier findest Du den STAHLKARABINER OVAL von Austrialpin. Ein Stahlkarabiner in ovaler, symmetrischer Form f\u00fcr \"heavy duty\" Anwendungen.","breadcrumb":{"@id":"https:\/\/bolting.eu\/en\/shop\/stahlkarabiner-oval-austrialpin\/#breadcrumb"},"inLanguage":"en-US","potentialAction":[{"@type":"ReadAction","target":["https:\/\/bolting.eu\/en\/shop\/stahlkarabiner-oval-austrialpin\/"]}]},{"@type":"ImageObject","inLanguage":"en-US","@id":"https:\/\/bolting.eu\/en\/shop\/stahlkarabiner-oval-austrialpin\/#primaryimage","url":"https:\/\/bolting.eu\/wp-content\/uploads\/2021\/10\/Stahlkarabiner-oval-Austrialpin-1.jpg","contentUrl":"https:\/\/bolting.eu\/wp-content\/uploads\/2021\/10\/Stahlkarabiner-oval-Austrialpin-1.jpg","width":700,"height":700,"caption":"Das Bild zeigt einen silbernen Stahlkarabiner oval mit schwarzem Schraubgewinde auf einem wei\u00dfem Quadrat."},{"@type":"BreadcrumbList","@id":"https:\/\/bolting.eu\/en\/shop\/stahlkarabiner-oval-austrialpin\/#breadcrumb","itemListElement":[{"@type":"ListItem","position":1,"name":"Shop","item":"https:\/\/bolting.eu\/en\/shop\/"},{"@type":"ListItem","position":2,"name":"climbing equipment","item":"https:\/\/bolting.eu\/en\/produkt-kategorie\/climbing-equipment\/"},{"@type":"ListItem","position":3,"name":"Climbing carabiner","item":"https:\/\/bolting.eu\/en\/produkt-kategorie\/climbing-carabiner\/"},{"@type":"ListItem","position":4,"name":"Steel carabiner","item":"https:\/\/bolting.eu\/en\/produkt-kategorie\/steel-carabiner\/"},{"@type":"ListItem","position":5,"name":"Stahlkarabiner oval &#8211; Austrialpin"}]},{"@type":"WebSite","@id":"https:\/\/bolting.eu\/en\/#website","url":"https:\/\/bolting.eu\/en\/","name":"bolting.eu","description":"we make climbs happen","publisher":{"@id":"https:\/\/bolting.eu\/en\/#organization"},"potentialAction":[{"@type":"SearchAction","target":{"@type":"EntryPoint","urlTemplate":"https:\/\/bolting.eu\/en\/?s={search_term_string}"},"query-input":{"@type":"PropertyValueSpecification","valueRequired":true,"valueName":"search_term_string"}}],"inLanguage":"en-US"},{"@type":["Organization","Place","SportingGoodsStore"],"@id":"https:\/\/bolting.eu\/en\/#organization","name":"bolting.eu","url":"https:\/\/bolting.eu\/en\/","logo":{"@id":"https:\/\/bolting.eu\/en\/shop\/stahlkarabiner-oval-austrialpin\/#local-main-organization-logo"},"image":{"@id":"https:\/\/bolting.eu\/en\/shop\/stahlkarabiner-oval-austrialpin\/#local-main-organization-logo"},"sameAs":["https:\/\/www.facebook.com\/bolting.eu","https:\/\/www.instagram.com\/bolting.eu\/"],"address":{"@id":"https:\/\/bolting.eu\/en\/shop\/stahlkarabiner-oval-austrialpin\/#local-main-place-address"},"geo":{"@type":"GeoCoordinates","latitude":"47.264176340396226","longitude":"11.380109057672346"},"telephone":["+43 699 19083372"],"openingHoursSpecification":[{"@type":"OpeningHoursSpecification","dayOfWeek":["Monday","Wednesday","Friday"],"opens":"14:00","closes":"18:00"},{"@type":"OpeningHoursSpecification","dayOfWeek":["Tuesday","Thursday","Saturday","Sunday"],"opens":"00:00","closes":"00:00"}],"email":"office@bolting.eu","vatID":"ATU59999728","priceRange":"$$","currenciesAccepted":"Euro"},{"@type":"PostalAddress","@id":"https:\/\/bolting.eu\/en\/shop\/stahlkarabiner-oval-austrialpin\/#local-main-place-address","streetAddress":"Fischnalerstra\u00dfe 4","addressLocality":"Innsbruck","postalCode":"6020","addressRegion":"Tirol","addressCountry":"AT"},{"@type":"ImageObject","inLanguage":"en-US","@id":"https:\/\/bolting.eu\/en\/shop\/stahlkarabiner-oval-austrialpin\/#local-main-organization-logo","url":"https:\/\/bolting.eu\/wp-content\/uploads\/2019\/09\/bolting-logo.png","contentUrl":"https:\/\/bolting.eu\/wp-content\/uploads\/2019\/09\/bolting-logo.png","width":400,"height":211,"caption":"bolting.eu"}]},"og_availability":"instock","product_availability":"instock","product_condition":"new","geo.placename":"Innsbruck","geo.position":{"lat":"47.264176340396226","long":"11.380109057672346"},"geo.region":"Austria"},"_links":{"self":[{"href":"https:\/\/bolting.eu\/en\/wp-json\/wp\/v2\/product\/10121","targetHints":{"allow":["GET"]}}],"collection":[{"href":"https:\/\/bolting.eu\/en\/wp-json\/wp\/v2\/product"}],"about":[{"href":"https:\/\/bolting.eu\/en\/wp-json\/wp\/v2\/types\/product"}],"replies":[{"embeddable":true,"href":"https:\/\/bolting.eu\/en\/wp-json\/wp\/v2\/comments?post=10121"}],"wp:featuredmedia":[{"embeddable":true,"href":"https:\/\/bolting.eu\/en\/wp-json\/wp\/v2\/media\/10123"}],"wp:attachment":[{"href":"https:\/\/bolting.eu\/en\/wp-json\/wp\/v2\/media?parent=10121"}],"wp:term":[{"taxonomy":"product_brand","embeddable":true,"href":"https:\/\/bolting.eu\/en\/wp-json\/wp\/v2\/product_brand?post=10121"},{"taxonomy":"product_cat","embeddable":true,"href":"https:\/\/bolting.eu\/en\/wp-json\/wp\/v2\/product_cat?post=10121"},{"taxonomy":"product_tag","embeddable":true,"href":"https:\/\/bolting.eu\/en\/wp-json\/wp\/v2\/product_tag?post=10121"}],"curies":[{"name":"wp","href":"https:\/\/api.w.org\/{rel}","templated":true}]}}