{"id":10110,"date":"2021-10-04T15:26:11","date_gmt":"2021-10-04T13:26:11","guid":{"rendered":"https:\/\/bolting.eu\/?post_type=product&#038;p=10110"},"modified":"2026-01-29T17:52:19","modified_gmt":"2026-01-29T16:52:19","slug":"black-diamond-atc-guide","status":"publish","type":"product","link":"https:\/\/bolting.eu\/en\/shop\/black-diamond-atc-guide\/","title":{"rendered":"Black Diamond ATC Guide"},"content":{"rendered":"<p>Das Black Diamond ATC Guide ist ein <a href=\"https:\/\/bolting.eu\/produkt-kategorie\/kletterausruestung\/sicherungsgeraete-klettern\/\">Sicherungsger\u00e4t Klettern<\/a> mit Blockierfunktion. D.h. im Nachstiegsmodus arretiert dieses Ger\u00e4t automatisch. Ansonsten funktioniert dieses Modell wie jeder andere Tuber auch.<\/p>\n<p>D.h. er hat einerseits je nach Richtung des Bremsseiles zwei Reibungsmodi. Und andererseits ist er perfekt zum Sichern im Vorstieg bzw. als Abseilger\u00e4t.<\/p>\n<p>Der Black Diamond ATC Guide ist f\u00fcr etwas dickere <a href=\"https:\/\/bolting.eu\/produkt-kategorie\/kletterausruestung\/kletterseil\/\">Kletterseile<\/a> gedacht. Das betrifft sowohl die einzel- als auch Doppelseile. Die Range reicht von 8,9 &#8211; 11mm bei Einfachseilen. Und 8,1 &#8211; 11mm bei Halb- bzw. Zwillingsseilen.<\/p>\n<p>Wer wesentlich d\u00fcnnere Seile verwenden m\u00f6chte, sollte auf das ATC Alpine Guide umsteigen!<\/p>\n<p>Kurzum. Wer ein universelles Sicherungsger\u00e4t f\u00fcr Mehrseill\u00e4ngenrouten und dickere Seile sucht, der ist hier genau richtig!<\/p>\n<h2>Eigenschaften Black Diamond ATC Guide<\/h2>\n<ul>\n<li>Hersteller: <a href=\"https:\/\/bolting.eu\/produkt-kategorie\/black-diamond\/\">Black Diamond<\/a><\/li>\n<li>Material: Aluminium<\/li>\n<li>Gewicht: 80 Gramm<\/li>\n<li>f\u00fcr Einfachseile 8,9 &#8211; 11mm<\/li>\n<li>f\u00fcr Halb- und Zwillingsseile 8,1 &#8211; 11mm<\/li>\n<li>bremskraftverst\u00e4rkender Tuber<\/li>\n<li>Blockiermechanismus im Nachstigesmodus<\/li>\n<li>ideal als Sicherungs- und Abseilger\u00e4t f\u00fcr alpines Klettern<\/li>\n<li><a href=\"https:\/\/blackdiamond-web.cdn.prismic.io\/blackdiamond-web\/92ef04c4-847c-44ef-91f2-ec78c4418012_M10798_C_ATC-Guide_IS-WEB.pdf\" target=\"_blank\" rel=\"noopener\">Bedienungsanleitung<\/a><\/li>\n<\/ul>\n<h3>F\u00fcr dicke Seile!<\/h3>\n<p>Das Black Diamond ATC Guide ist f\u00fcr verh\u00e4ltnism\u00e4\u00dfig dicke Seile gedacht. Das betrifft sowohl die Einfach- als auch die Doppelseile.<\/p>\n<p>Einfachseile: 8,9 &#8211; 11mm<\/p>\n<p>Doppelseile bzw. Halbseile: 8,1- 11mm<\/p>\n<p>Darin liegt auch der <strong>Unterschied zum ATC Guide Alpine.<\/strong> Denn dieses Modell ist f\u00fcr durchwegs d\u00fcnnere Seile gedacht. Zudem ist das Alpine Modell etwas schm\u00e4ler und leichter.<\/p>\n<h3>Zwei Modi mit unterschiedlicher Reibung<\/h3>\n<p>Das Black Diamond ATC Guide hat zwei Reibungsmodi. Diese entfalten sich, je nachdem wie herum man das Seil einh\u00e4ngt.<\/p>\n<p>L\u00e4uft das Bremsseil \u00fcber die tiefen Rillen, so erh\u00f6ht sich die Bremskraft deutlich. Das nennt sich bei Black Diamond &#8220;HFM&#8221; oder &#8220;high friction modus&#8221;.<\/p>\n<p>L\u00e4uft es \u00fcber die kleinen Rillen, so nennt man es &#8220;RFM&#8221; oder &#8220;reduced friction modus&#8221;.<\/p>\n<p>Die Bedienungsanleitung veranschaulicht das deutlich.<\/p>\n<figure id=\"attachment_10112\" aria-describedby=\"caption-attachment-10112\" style=\"width: 600px\" class=\"wp-caption alignnone\"><a href=\"https:\/\/bolting.eu\/wp-content\/uploads\/2021\/10\/Modi-Black-Diamond-ATC-Guide.jpg\"><img loading=\"lazy\" decoding=\"async\" class=\"wp-image-10112\" src=\"https:\/\/bolting.eu\/wp-content\/uploads\/2021\/10\/Modi-Black-Diamond-ATC-Guide.jpg\" alt=\"DAs Bild zeigt vier Ikons in schwarz-weiss zur BEdienung eines Black Diamond Sicherungsger\u00e4tes.\" width=\"600\" height=\"239\" srcset=\"https:\/\/bolting.eu\/wp-content\/uploads\/2021\/10\/Modi-Black-Diamond-ATC-Guide.jpg 800w, https:\/\/bolting.eu\/wp-content\/uploads\/2021\/10\/Modi-Black-Diamond-ATC-Guide-510x203.jpg 510w, https:\/\/bolting.eu\/wp-content\/uploads\/2021\/10\/Modi-Black-Diamond-ATC-Guide-768x305.jpg 768w, https:\/\/bolting.eu\/wp-content\/uploads\/2021\/10\/Modi-Black-Diamond-ATC-Guide-600x239.jpg 600w\" sizes=\"auto, (max-width: 600px) 100vw, 600px\" \/><\/a><figcaption id=\"caption-attachment-10112\" class=\"wp-caption-text\">Die zwei Modi des ATC Guide.<\/figcaption><\/figure>\n<h3>Black Diamond ATC Guide &#8211; Sichern im Nachstieg<\/h3>\n<p>Im Nachstiegsmodus funktioniert dieses Sicherungsger\u00e4t wie alle reverso\u00e4hnlichen Modelle. Bei korrekt eingeh\u00e4ngtem Seil klemmt sich dieses durch das Gewicht des Nachseigers selber ab. Wichtig ist dabei, dass man einen passendenKarabiner mit langem, geradem Schenkel verwendet.<\/p>\n<p>Die folgende Skizze zeigt die korrekte Anwendung.<\/p>\n<figure id=\"attachment_10111\" aria-describedby=\"caption-attachment-10111\" style=\"width: 600px\" class=\"wp-caption alignnone\"><a href=\"https:\/\/bolting.eu\/wp-content\/uploads\/2021\/10\/lack-Diamond-ATC-Guide-NAchstiegsmodus.jpg\"><img loading=\"lazy\" decoding=\"async\" class=\"wp-image-10111\" src=\"https:\/\/bolting.eu\/wp-content\/uploads\/2021\/10\/lack-Diamond-ATC-Guide-NAchstiegsmodus.jpg\" alt=\"Das Bild zeigt in eionigen Ikons die BEdienung des Black Diamond ATC Guide.\" width=\"600\" height=\"122\" srcset=\"https:\/\/bolting.eu\/wp-content\/uploads\/2021\/10\/lack-Diamond-ATC-Guide-NAchstiegsmodus.jpg 800w, https:\/\/bolting.eu\/wp-content\/uploads\/2021\/10\/lack-Diamond-ATC-Guide-NAchstiegsmodus-510x104.jpg 510w, https:\/\/bolting.eu\/wp-content\/uploads\/2021\/10\/lack-Diamond-ATC-Guide-NAchstiegsmodus-768x156.jpg 768w, https:\/\/bolting.eu\/wp-content\/uploads\/2021\/10\/lack-Diamond-ATC-Guide-NAchstiegsmodus-600x122.jpg 600w\" sizes=\"auto, (max-width: 600px) 100vw, 600px\" \/><\/a><figcaption id=\"caption-attachment-10111\" class=\"wp-caption-text\">Das korrekte Sichern mit dem ATC Guide im Nachstiegsmodus.<\/figcaption><\/figure>\n","protected":false},"excerpt":{"rendered":"<ul>\n<li>Material: Aluminium<\/li>\n<li>Gewicht: 80 Gramm<\/li>\n<li>f\u00fcr Einfachseile 8,9 &#8211; 11mm<\/li>\n<li>f\u00fcr Doppel- und Zwillingsseile 8,1 &#8211; 11mm<\/li>\n<li>bremskraftverst\u00e4rkender Tuber<\/li>\n<li>Blockiermechanismus im Nachstigesmodus<\/li>\n<li>ideal als Sicherungs- und Abseilger\u00e4t f\u00fcr alpines Klettern<\/li>\n<\/ul>\n","protected":false},"featured_media":10114,"comment_status":"open","ping_status":"closed","template":"","meta":[],"product_brand":[],"product_cat":[14447,29,3711,4658],"product_tag":[],"class_list":{"0":"post-10110","1":"product","2":"type-product","3":"status-publish","4":"has-post-thumbnail","6":"product_cat-abseilgeraete","7":"product_cat-kletterausruestung","8":"product_cat-sicherungsgeraete-klettern","9":"product_cat-black-diamond","11":"first","12":"outofstock","13":"taxable","14":"shipping-taxable","15":"purchasable","16":"product-type-simple"},"yoast_head":"<!-- This site is optimized with the Yoast SEO Premium plugin v26.9 (Yoast SEO v26.9) - https:\/\/yoast.com\/product\/yoast-seo-premium-wordpress\/ -->\n<title>Black Diamond ATC Guide - Sicherungsger\u00e4t f\u00fcr dicke Seile | bolting.eu<\/title>\n<meta name=\"description\" content=\"Hier findest Du das Black Diamond ATC Guide. Ein Sicherungsger\u00e4t mit Blockierfunktion im Nachstiegesmodus und dickeren Seilen.\" \/>\n<meta name=\"robots\" content=\"index, follow, max-snippet:-1, max-image-preview:large, max-video-preview:-1\" \/>\n<link rel=\"canonical\" href=\"https:\/\/bolting.eu\/en\/shop\/black-diamond-atc-guide\/\" \/>\n<meta property=\"og:locale\" content=\"en_US\" \/>\n<meta property=\"og:type\" content=\"article\" \/>\n<meta property=\"og:title\" content=\"Black Diamond ATC Guide\" \/>\n<meta property=\"og:description\" content=\"Hier findest Du das Black Diamond ATC Guide. Ein Sicherungsger\u00e4t mit Blockierfunktion im Nachstiegesmodus und dickeren Seilen.\" \/>\n<meta property=\"og:url\" content=\"https:\/\/bolting.eu\/en\/shop\/black-diamond-atc-guide\/\" \/>\n<meta property=\"og:site_name\" content=\"bolting.eu\" \/>\n<meta property=\"article:publisher\" content=\"https:\/\/www.facebook.com\/bolting.eu\" \/>\n<meta property=\"article:modified_time\" content=\"2026-01-29T16:52:19+00:00\" \/>\n<meta property=\"og:image\" content=\"https:\/\/bolting.eu\/wp-content\/uploads\/2021\/10\/Black-Diamond-ATC-Guide-1.jpg\" \/>\n\t<meta property=\"og:image:width\" content=\"700\" \/>\n\t<meta property=\"og:image:height\" content=\"700\" \/>\n\t<meta property=\"og:image:type\" content=\"image\/jpeg\" \/>\n<meta name=\"twitter:card\" content=\"summary_large_image\" \/>\n<meta name=\"twitter:label1\" content=\"Price\" \/>\n\t<meta name=\"twitter:data1\" content=\"&euro;&nbsp;33,00\" \/>\n\t<meta name=\"twitter:label2\" content=\"Availability\" \/>\n\t<meta name=\"twitter:data2\" content=\"Out of stock\" \/>\n<script type=\"application\/ld+json\" class=\"yoast-schema-graph\">{\"@context\":\"https:\/\/schema.org\",\"@graph\":[{\"@type\":[\"WebPage\",\"ItemPage\"],\"@id\":\"https:\/\/bolting.eu\/en\/shop\/black-diamond-atc-guide\/\",\"url\":\"https:\/\/bolting.eu\/en\/shop\/black-diamond-atc-guide\/\",\"name\":\"Black Diamond ATC Guide - Sicherungsger\u00e4t f\u00fcr dicke Seile | bolting.eu\",\"isPartOf\":{\"@id\":\"https:\/\/bolting.eu\/en\/#website\"},\"primaryImageOfPage\":{\"@id\":\"https:\/\/bolting.eu\/en\/shop\/black-diamond-atc-guide\/#primaryimage\"},\"image\":{\"@id\":\"https:\/\/bolting.eu\/en\/shop\/black-diamond-atc-guide\/#primaryimage\"},\"thumbnailUrl\":\"https:\/\/bolting.eu\/wp-content\/uploads\/2021\/10\/Black-Diamond-ATC-Guide-1.jpg\",\"datePublished\":\"2021-10-04T13:26:11+00:00\",\"dateModified\":\"2026-01-29T16:52:19+00:00\",\"description\":\"Hier findest Du das Black Diamond ATC Guide. Ein Sicherungsger\u00e4t mit Blockierfunktion im Nachstiegesmodus und dickeren Seilen.\",\"breadcrumb\":{\"@id\":\"https:\/\/bolting.eu\/en\/shop\/black-diamond-atc-guide\/#breadcrumb\"},\"inLanguage\":\"en-US\",\"potentialAction\":[{\"@type\":\"ReadAction\",\"target\":[\"https:\/\/bolting.eu\/en\/shop\/black-diamond-atc-guide\/\"]}]},{\"@type\":\"ImageObject\",\"inLanguage\":\"en-US\",\"@id\":\"https:\/\/bolting.eu\/en\/shop\/black-diamond-atc-guide\/#primaryimage\",\"url\":\"https:\/\/bolting.eu\/wp-content\/uploads\/2021\/10\/Black-Diamond-ATC-Guide-1.jpg\",\"contentUrl\":\"https:\/\/bolting.eu\/wp-content\/uploads\/2021\/10\/Black-Diamond-ATC-Guide-1.jpg\",\"width\":700,\"height\":700,\"caption\":\"Das Bild zeigt das Black Diamond ATC Guide Sicherungsger\u00e4t in anthrazit auf einem wei\u00dfem Quadrat.\"},{\"@type\":\"BreadcrumbList\",\"@id\":\"https:\/\/bolting.eu\/en\/shop\/black-diamond-atc-guide\/#breadcrumb\",\"itemListElement\":[{\"@type\":\"ListItem\",\"position\":1,\"name\":\"Shop\",\"item\":\"https:\/\/bolting.eu\/en\/shop\/\"},{\"@type\":\"ListItem\",\"position\":2,\"name\":\"climbing equipment\",\"item\":\"https:\/\/bolting.eu\/en\/produkt-kategorie\/climbing-equipment\/\"},{\"@type\":\"ListItem\",\"position\":3,\"name\":\"Sicherungsger\u00e4te Klettern\",\"item\":\"https:\/\/bolting.eu\/produkt-kategorie\/kletterausruestung\/sicherungsgeraete-klettern\/\"},{\"@type\":\"ListItem\",\"position\":4,\"name\":\"Black Diamond ATC Guide\"}]},{\"@type\":\"WebSite\",\"@id\":\"https:\/\/bolting.eu\/en\/#website\",\"url\":\"https:\/\/bolting.eu\/en\/\",\"name\":\"bolting.eu\",\"description\":\"we make climbs happen\",\"publisher\":{\"@id\":\"https:\/\/bolting.eu\/en\/#organization\"},\"potentialAction\":[{\"@type\":\"SearchAction\",\"target\":{\"@type\":\"EntryPoint\",\"urlTemplate\":\"https:\/\/bolting.eu\/en\/?s={search_term_string}\"},\"query-input\":{\"@type\":\"PropertyValueSpecification\",\"valueRequired\":true,\"valueName\":\"search_term_string\"}}],\"inLanguage\":\"en-US\"},{\"@type\":[\"Organization\",\"Place\",\"SportingGoodsStore\"],\"@id\":\"https:\/\/bolting.eu\/en\/#organization\",\"name\":\"bolting.eu\",\"url\":\"https:\/\/bolting.eu\/en\/\",\"logo\":{\"@id\":\"https:\/\/bolting.eu\/en\/shop\/black-diamond-atc-guide\/#local-main-organization-logo\"},\"image\":{\"@id\":\"https:\/\/bolting.eu\/en\/shop\/black-diamond-atc-guide\/#local-main-organization-logo\"},\"sameAs\":[\"https:\/\/www.facebook.com\/bolting.eu\",\"https:\/\/www.instagram.com\/bolting.eu\/\"],\"address\":{\"@id\":\"https:\/\/bolting.eu\/en\/shop\/black-diamond-atc-guide\/#local-main-place-address\"},\"geo\":{\"@type\":\"GeoCoordinates\",\"latitude\":\"47.264176340396226\",\"longitude\":\"11.380109057672346\"},\"telephone\":[\"+43 699 19083372\"],\"openingHoursSpecification\":[{\"@type\":\"OpeningHoursSpecification\",\"dayOfWeek\":[\"Monday\",\"Wednesday\",\"Friday\"],\"opens\":\"14:00\",\"closes\":\"18:00\"},{\"@type\":\"OpeningHoursSpecification\",\"dayOfWeek\":[\"Tuesday\",\"Thursday\",\"Saturday\",\"Sunday\"],\"opens\":\"00:00\",\"closes\":\"00:00\"}],\"email\":\"office@bolting.eu\",\"vatID\":\"ATU59999728\",\"priceRange\":\"$$\",\"currenciesAccepted\":\"Euro\"},{\"@type\":\"PostalAddress\",\"@id\":\"https:\/\/bolting.eu\/en\/shop\/black-diamond-atc-guide\/#local-main-place-address\",\"streetAddress\":\"Fischnalerstra\u00dfe 4\",\"addressLocality\":\"Innsbruck\",\"postalCode\":\"6020\",\"addressRegion\":\"Tirol\",\"addressCountry\":\"AT\"},{\"@type\":\"ImageObject\",\"inLanguage\":\"en-US\",\"@id\":\"https:\/\/bolting.eu\/en\/shop\/black-diamond-atc-guide\/#local-main-organization-logo\",\"url\":\"https:\/\/bolting.eu\/wp-content\/uploads\/2019\/09\/bolting-logo.png\",\"contentUrl\":\"https:\/\/bolting.eu\/wp-content\/uploads\/2019\/09\/bolting-logo.png\",\"width\":400,\"height\":211,\"caption\":\"bolting.eu\"}]}<\/script>\n<meta property=\"product:price:amount\" content=\"33.00\" \/>\n<meta property=\"product:price:currency\" content=\"EUR\" \/>\n<meta property=\"og:availability\" content=\"out of stock\" \/>\n<meta property=\"product:availability\" content=\"out of stock\" \/>\n<meta property=\"product:retailer_item_id\" content=\"620046\" \/>\n<meta property=\"product:condition\" content=\"new\" \/>\n<meta name=\"geo.placename\" content=\"Innsbruck\" \/>\n<meta name=\"geo.position\" content=\"47.264176340396226;11.380109057672346\" \/>\n<meta name=\"geo.region\" content=\"Austria\" \/>\n<!-- \/ Yoast SEO Premium plugin. -->","yoast_head_json":{"title":"Black Diamond ATC Guide - Sicherungsger\u00e4t f\u00fcr dicke Seile | bolting.eu","description":"Hier findest Du das Black Diamond ATC Guide. Ein Sicherungsger\u00e4t mit Blockierfunktion im Nachstiegesmodus und dickeren Seilen.","robots":{"index":"index","follow":"follow","max-snippet":"max-snippet:-1","max-image-preview":"max-image-preview:large","max-video-preview":"max-video-preview:-1"},"canonical":"https:\/\/bolting.eu\/en\/shop\/black-diamond-atc-guide\/","og_locale":"en_US","og_type":"article","og_title":"Black Diamond ATC Guide","og_description":"Hier findest Du das Black Diamond ATC Guide. Ein Sicherungsger\u00e4t mit Blockierfunktion im Nachstiegesmodus und dickeren Seilen.","og_url":"https:\/\/bolting.eu\/en\/shop\/black-diamond-atc-guide\/","og_site_name":"bolting.eu","article_publisher":"https:\/\/www.facebook.com\/bolting.eu","article_modified_time":"2026-01-29T16:52:19+00:00","og_image":[{"width":700,"height":700,"url":"https:\/\/bolting.eu\/wp-content\/uploads\/2021\/10\/Black-Diamond-ATC-Guide-1.jpg","type":"image\/jpeg"}],"twitter_card":"summary_large_image","twitter_misc":{"Price":"&euro;&nbsp;33,00","Availability":"Out of stock"},"schema":{"@context":"https:\/\/schema.org","@graph":[{"@type":["WebPage","ItemPage"],"@id":"https:\/\/bolting.eu\/en\/shop\/black-diamond-atc-guide\/","url":"https:\/\/bolting.eu\/en\/shop\/black-diamond-atc-guide\/","name":"Black Diamond ATC Guide - Sicherungsger\u00e4t f\u00fcr dicke Seile | bolting.eu","isPartOf":{"@id":"https:\/\/bolting.eu\/en\/#website"},"primaryImageOfPage":{"@id":"https:\/\/bolting.eu\/en\/shop\/black-diamond-atc-guide\/#primaryimage"},"image":{"@id":"https:\/\/bolting.eu\/en\/shop\/black-diamond-atc-guide\/#primaryimage"},"thumbnailUrl":"https:\/\/bolting.eu\/wp-content\/uploads\/2021\/10\/Black-Diamond-ATC-Guide-1.jpg","datePublished":"2021-10-04T13:26:11+00:00","dateModified":"2026-01-29T16:52:19+00:00","description":"Hier findest Du das Black Diamond ATC Guide. Ein Sicherungsger\u00e4t mit Blockierfunktion im Nachstiegesmodus und dickeren Seilen.","breadcrumb":{"@id":"https:\/\/bolting.eu\/en\/shop\/black-diamond-atc-guide\/#breadcrumb"},"inLanguage":"en-US","potentialAction":[{"@type":"ReadAction","target":["https:\/\/bolting.eu\/en\/shop\/black-diamond-atc-guide\/"]}]},{"@type":"ImageObject","inLanguage":"en-US","@id":"https:\/\/bolting.eu\/en\/shop\/black-diamond-atc-guide\/#primaryimage","url":"https:\/\/bolting.eu\/wp-content\/uploads\/2021\/10\/Black-Diamond-ATC-Guide-1.jpg","contentUrl":"https:\/\/bolting.eu\/wp-content\/uploads\/2021\/10\/Black-Diamond-ATC-Guide-1.jpg","width":700,"height":700,"caption":"Das Bild zeigt das Black Diamond ATC Guide Sicherungsger\u00e4t in anthrazit auf einem wei\u00dfem Quadrat."},{"@type":"BreadcrumbList","@id":"https:\/\/bolting.eu\/en\/shop\/black-diamond-atc-guide\/#breadcrumb","itemListElement":[{"@type":"ListItem","position":1,"name":"Shop","item":"https:\/\/bolting.eu\/en\/shop\/"},{"@type":"ListItem","position":2,"name":"climbing equipment","item":"https:\/\/bolting.eu\/en\/produkt-kategorie\/climbing-equipment\/"},{"@type":"ListItem","position":3,"name":"Sicherungsger\u00e4te Klettern","item":"https:\/\/bolting.eu\/produkt-kategorie\/kletterausruestung\/sicherungsgeraete-klettern\/"},{"@type":"ListItem","position":4,"name":"Black Diamond ATC Guide"}]},{"@type":"WebSite","@id":"https:\/\/bolting.eu\/en\/#website","url":"https:\/\/bolting.eu\/en\/","name":"bolting.eu","description":"we make climbs happen","publisher":{"@id":"https:\/\/bolting.eu\/en\/#organization"},"potentialAction":[{"@type":"SearchAction","target":{"@type":"EntryPoint","urlTemplate":"https:\/\/bolting.eu\/en\/?s={search_term_string}"},"query-input":{"@type":"PropertyValueSpecification","valueRequired":true,"valueName":"search_term_string"}}],"inLanguage":"en-US"},{"@type":["Organization","Place","SportingGoodsStore"],"@id":"https:\/\/bolting.eu\/en\/#organization","name":"bolting.eu","url":"https:\/\/bolting.eu\/en\/","logo":{"@id":"https:\/\/bolting.eu\/en\/shop\/black-diamond-atc-guide\/#local-main-organization-logo"},"image":{"@id":"https:\/\/bolting.eu\/en\/shop\/black-diamond-atc-guide\/#local-main-organization-logo"},"sameAs":["https:\/\/www.facebook.com\/bolting.eu","https:\/\/www.instagram.com\/bolting.eu\/"],"address":{"@id":"https:\/\/bolting.eu\/en\/shop\/black-diamond-atc-guide\/#local-main-place-address"},"geo":{"@type":"GeoCoordinates","latitude":"47.264176340396226","longitude":"11.380109057672346"},"telephone":["+43 699 19083372"],"openingHoursSpecification":[{"@type":"OpeningHoursSpecification","dayOfWeek":["Monday","Wednesday","Friday"],"opens":"14:00","closes":"18:00"},{"@type":"OpeningHoursSpecification","dayOfWeek":["Tuesday","Thursday","Saturday","Sunday"],"opens":"00:00","closes":"00:00"}],"email":"office@bolting.eu","vatID":"ATU59999728","priceRange":"$$","currenciesAccepted":"Euro"},{"@type":"PostalAddress","@id":"https:\/\/bolting.eu\/en\/shop\/black-diamond-atc-guide\/#local-main-place-address","streetAddress":"Fischnalerstra\u00dfe 4","addressLocality":"Innsbruck","postalCode":"6020","addressRegion":"Tirol","addressCountry":"AT"},{"@type":"ImageObject","inLanguage":"en-US","@id":"https:\/\/bolting.eu\/en\/shop\/black-diamond-atc-guide\/#local-main-organization-logo","url":"https:\/\/bolting.eu\/wp-content\/uploads\/2019\/09\/bolting-logo.png","contentUrl":"https:\/\/bolting.eu\/wp-content\/uploads\/2019\/09\/bolting-logo.png","width":400,"height":211,"caption":"bolting.eu"}]},"product_price_amount":"33.00","product_price_currency":"EUR","og_availability":"out of stock","product_availability":"out of stock","product_retailer_item_id":"620046","product_condition":"new","geo.placename":"Innsbruck","geo.position":{"lat":"47.264176340396226","long":"11.380109057672346"},"geo.region":"Austria"},"_links":{"self":[{"href":"https:\/\/bolting.eu\/en\/wp-json\/wp\/v2\/product\/10110","targetHints":{"allow":["GET"]}}],"collection":[{"href":"https:\/\/bolting.eu\/en\/wp-json\/wp\/v2\/product"}],"about":[{"href":"https:\/\/bolting.eu\/en\/wp-json\/wp\/v2\/types\/product"}],"replies":[{"embeddable":true,"href":"https:\/\/bolting.eu\/en\/wp-json\/wp\/v2\/comments?post=10110"}],"wp:featuredmedia":[{"embeddable":true,"href":"https:\/\/bolting.eu\/en\/wp-json\/wp\/v2\/media\/10114"}],"wp:attachment":[{"href":"https:\/\/bolting.eu\/en\/wp-json\/wp\/v2\/media?parent=10110"}],"wp:term":[{"taxonomy":"product_brand","embeddable":true,"href":"https:\/\/bolting.eu\/en\/wp-json\/wp\/v2\/product_brand?post=10110"},{"taxonomy":"product_cat","embeddable":true,"href":"https:\/\/bolting.eu\/en\/wp-json\/wp\/v2\/product_cat?post=10110"},{"taxonomy":"product_tag","embeddable":true,"href":"https:\/\/bolting.eu\/en\/wp-json\/wp\/v2\/product_tag?post=10110"}],"curies":[{"name":"wp","href":"https:\/\/api.w.org\/{rel}","templated":true}]}}