{"id":10103,"date":"2021-10-04T14:29:36","date_gmt":"2021-10-04T12:29:36","guid":{"rendered":"https:\/\/bolting.eu\/?post_type=product&#038;p=10103"},"modified":"2025-09-30T20:00:44","modified_gmt":"2025-09-30T18:00:44","slug":"black-diamond-atc-xp","status":"publish","type":"product","link":"https:\/\/bolting.eu\/en\/shop\/black-diamond-atc-xp\/","title":{"rendered":"Black Diamond ATC-XP"},"content":{"rendered":"<p>Das Black Diamond ATC-XP ist ein manuelles Sicherungsger\u00e4t. Es kann mit <a href=\"https:\/\/bolting.eu\/produkt-kategorie\/kletterausruestung\/kletterseil\/\">Kletterseilen<\/a> von 7,7 &#8211; 11mm (Einfach- und Doppelseilen) verwendet werden. Was dieses Sicherungsger\u00e4t besonders auszeichnet, sind die zwei Modi mit unterschiedlicher Reibung.<\/p>\n<p>Zum einen kann man das Bremsseil \u00fcber die tiefen, geriffelten Rillen laufen lassen. Das nennt sich dann HF bzw. High Friction Modus. In dieser Konfiguration entwickelt das Black Diamond ATC-XP drei Mal so viel Reibung wie im RF Modus. Beim &#8220;reduced friction&#8221; Modus l\u00e4uft das Bremsseil \u00fcber die kleinen Rillen.<\/p>\n<p>Fazit. Dieser durchdachte Tuber ist ein Sicherungsger\u00e4t f\u00fcr erfahrene Kletterer die weich sichern wollen!<\/p>\n<h2>Eigenschaften Black Diamond ATC-XP<\/h2>\n<ul>\n<li>Hersteller: <a href=\"https:\/\/bolting.eu\/produkt-kategorie\/black-diamond\/\">Black Diamond<\/a><\/li>\n<li>Material: Aluminium<\/li>\n<li>Gewicht: 64 Gramm<\/li>\n<li>f\u00fcr 7,7 \u2013 11mm Kletterseile<\/li>\n<li>klassischer \u201eTuber\u201c mit Bremskraftverst\u00e4rkung<\/li>\n<li>voll manuelles Sicherungsger\u00e4t<\/li>\n<li>ideal f\u00fcr \u201eweiches Sichern\u201c<\/li>\n<li>f\u00fcr erfahrene Kletterer<\/li>\n<li>ideal mit gro\u00dfem HMS Karabiner mit Abriebschutz und Fixierung<\/li>\n<li><a href=\"https:\/\/blackdiamond-web.cdn.prismic.io\/blackdiamond-web\/3a89e76d-b319-4835-9429-dbbd65920f9b_M10797_B_ATC_IS-WEB.pdf\" target=\"_blank\" rel=\"noopener\">Bedienungsanleitung<\/a><\/li>\n<\/ul>\n<h3>Zwei Reibungs-Modi<\/h3>\n<p>Das Black Diamond ATC-XP kann mit zwei Reibungs-Modi verwendet werden. L\u00e4uft das Bremsseil \u00fcber die tiefe, geriffelte Rille, so entwickelt der Black Diamond Tuber seine volle Bremskraft. L\u00e4uft das Bremsseil \u00fcber die gegen\u00fcberliegende, niedrige Rille, so verringert sich die Bremskraft deutlich.<\/p>\n<p>Das ist z.B. bei alten und dicken Kletterseilen sinnvoll.<\/p>\n<p>Beachtet. Das Bremshand Prinzip muss nat\u00fcrlich beide mal strikt angewendet werden um die Bremskraft zu entfalten.<\/p>\n<figure id=\"attachment_10106\" aria-describedby=\"caption-attachment-10106\" style=\"width: 800px\" class=\"wp-caption alignnone\"><a href=\"https:\/\/bolting.eu\/wp-content\/uploads\/2021\/10\/BD-ATC-XP-Modi.jpg\"><img loading=\"lazy\" decoding=\"async\" class=\"wp-image-10106 size-full\" src=\"https:\/\/bolting.eu\/wp-content\/uploads\/2021\/10\/BD-ATC-XP-Modi.jpg\" alt=\"Das Bild zeigt vier Ikons mit der Erkl\u00e4rung zur VErwendung von Black Diamond Tuber Sicherungsger\u00e4ten.\" width=\"800\" height=\"331\" srcset=\"https:\/\/bolting.eu\/wp-content\/uploads\/2021\/10\/BD-ATC-XP-Modi.jpg 800w, https:\/\/bolting.eu\/wp-content\/uploads\/2021\/10\/BD-ATC-XP-Modi-510x211.jpg 510w, https:\/\/bolting.eu\/wp-content\/uploads\/2021\/10\/BD-ATC-XP-Modi-768x318.jpg 768w, https:\/\/bolting.eu\/wp-content\/uploads\/2021\/10\/BD-ATC-XP-Modi-600x248.jpg 600w\" sizes=\"auto, (max-width: 800px) 100vw, 800px\" \/><\/a><figcaption id=\"caption-attachment-10106\" class=\"wp-caption-text\">Links der &#8220;High Friction&#8221; Modus, rechts der &#8220;Reduced Friction&#8221; Modus!<\/figcaption><\/figure>\n<h3>Karabiner Empfehlung<\/h3>\n<p>Wir empfehlen euch zum Black Diamond ATC-XP einen gro\u00dfen <a href=\"https:\/\/bolting.eu\/produkt-kategorie\/kletterausruestung\/kletterkarabiner\/hms-karabiner\/\">HMS Karabiner<\/a>. Am besten verwendet ihr ein abriebfestes Modell wie den <a href=\"https:\/\/bolting.eu\/shop\/edelrid-hms-bulletproof-screw-fg\/\">Edelrid Bulletproof Screw FG<\/a>.<\/p>\n<p>In jedem Fall solltet ihr aber einen HMS mit einer Fixierung f\u00fcr die Gurtschlaufe verwenden. So kann sich dieser nicht drehen und keine gef\u00e4hrliche Querbelastung entstehen. Solch ein Karabiner w\u00e4re z.B. der <a href=\"https:\/\/bolting.eu\/shop\/austrialpin-rondo-selfie-schraubkarabiner\/\">Austrialpin Rondo Selfie<\/a>.<\/p>\n","protected":false},"excerpt":{"rendered":"<ul>\n<li>Material: Aluminium<\/li>\n<li>Gewicht: 64 Gramm<\/li>\n<li>f\u00fcr 7,7 \u2013 11mm Kletterseile<\/li>\n<li>klassischer \u201eTuber\u201c mit Bremskraftverst\u00e4rkung<\/li>\n<li>voll manuelles Sicherungsger\u00e4t<\/li>\n<li>ideal f\u00fcr \u201eweiches Sichern\u201c<\/li>\n<li>f\u00fcr erfahrene Kletterer<\/li>\n<li>ideal mit gro\u00dfem HMS Karabiner mit Abriebschutz und Fixierung<\/li>\n<\/ul>\n","protected":false},"featured_media":10104,"comment_status":"open","ping_status":"closed","template":"","meta":[],"product_brand":[],"product_cat":[14447,4658,29,3711],"product_tag":[],"class_list":{"0":"post-10103","1":"product","2":"type-product","3":"status-publish","4":"has-post-thumbnail","6":"product_cat-abseilgeraete","7":"product_cat-black-diamond","8":"product_cat-kletterausruestung","9":"product_cat-sicherungsgeraete-klettern","11":"first","12":"instock","13":"taxable","14":"shipping-taxable","15":"purchasable","16":"product-type-variable"},"yoast_head":"<!-- This site is optimized with the Yoast SEO Premium plugin v26.9 (Yoast SEO v26.9) - https:\/\/yoast.com\/product\/yoast-seo-premium-wordpress\/ -->\n<title>Black Diamond ATC-XP - Tuber mit Bremskraftverst\u00e4rkung | bolting.eu<\/title>\n<meta name=\"description\" content=\"Hier gibt\u00b4s das Black Diamond ATC-XP Sicherungsger\u00e4t. Einen Tuber mit Bremskraftverst\u00e4rkung und zwei Modi f\u00fcr unterschiedliche Bremskraft.\" \/>\n<meta name=\"robots\" content=\"index, follow, max-snippet:-1, max-image-preview:large, max-video-preview:-1\" \/>\n<link rel=\"canonical\" href=\"https:\/\/bolting.eu\/en\/shop\/black-diamond-atc-xp\/\" \/>\n<meta property=\"og:locale\" content=\"en_US\" \/>\n<meta property=\"og:type\" content=\"article\" \/>\n<meta property=\"og:title\" content=\"Black Diamond ATC-XP\" \/>\n<meta property=\"og:description\" content=\"Hier gibt\u00b4s das Black Diamond ATC-XP Sicherungsger\u00e4t. Einen Tuber mit Bremskraftverst\u00e4rkung und zwei Modi f\u00fcr unterschiedliche Bremskraft.\" \/>\n<meta property=\"og:url\" content=\"https:\/\/bolting.eu\/en\/shop\/black-diamond-atc-xp\/\" \/>\n<meta property=\"og:site_name\" content=\"bolting.eu\" \/>\n<meta property=\"article:publisher\" content=\"https:\/\/www.facebook.com\/bolting.eu\" \/>\n<meta property=\"article:modified_time\" content=\"2025-09-30T18:00:44+00:00\" \/>\n<meta property=\"og:image\" content=\"https:\/\/bolting.eu\/wp-content\/uploads\/2021\/10\/Black-Diamond-ATC-XP-Sicherungsgeraet-1.jpg\" \/>\n\t<meta property=\"og:image:width\" content=\"700\" \/>\n\t<meta property=\"og:image:height\" content=\"700\" \/>\n\t<meta property=\"og:image:type\" content=\"image\/jpeg\" \/>\n<meta name=\"twitter:card\" content=\"summary_large_image\" \/>\n<meta name=\"twitter:label1\" content=\"Availability\" \/>\n\t<meta name=\"twitter:data1\" content=\"In stock\" \/>\n<script type=\"application\/ld+json\" class=\"yoast-schema-graph\">{\"@context\":\"https:\/\/schema.org\",\"@graph\":[{\"@type\":[\"WebPage\",\"ItemPage\"],\"@id\":\"https:\/\/bolting.eu\/en\/shop\/black-diamond-atc-xp\/\",\"url\":\"https:\/\/bolting.eu\/en\/shop\/black-diamond-atc-xp\/\",\"name\":\"Black Diamond ATC-XP - Tuber mit Bremskraftverst\u00e4rkung | bolting.eu\",\"isPartOf\":{\"@id\":\"https:\/\/bolting.eu\/en\/#website\"},\"primaryImageOfPage\":{\"@id\":\"https:\/\/bolting.eu\/en\/shop\/black-diamond-atc-xp\/#primaryimage\"},\"image\":{\"@id\":\"https:\/\/bolting.eu\/en\/shop\/black-diamond-atc-xp\/#primaryimage\"},\"thumbnailUrl\":\"https:\/\/bolting.eu\/wp-content\/uploads\/2021\/10\/Black-Diamond-ATC-XP-Sicherungsgeraet-1.jpg\",\"datePublished\":\"2021-10-04T12:29:36+00:00\",\"dateModified\":\"2025-09-30T18:00:44+00:00\",\"description\":\"Hier gibt\u00b4s das Black Diamond ATC-XP Sicherungsger\u00e4t. Einen Tuber mit Bremskraftverst\u00e4rkung und zwei Modi f\u00fcr unterschiedliche Bremskraft.\",\"breadcrumb\":{\"@id\":\"https:\/\/bolting.eu\/en\/shop\/black-diamond-atc-xp\/#breadcrumb\"},\"inLanguage\":\"en-US\",\"potentialAction\":[{\"@type\":\"ReadAction\",\"target\":[\"https:\/\/bolting.eu\/en\/shop\/black-diamond-atc-xp\/\"]}]},{\"@type\":\"ImageObject\",\"inLanguage\":\"en-US\",\"@id\":\"https:\/\/bolting.eu\/en\/shop\/black-diamond-atc-xp\/#primaryimage\",\"url\":\"https:\/\/bolting.eu\/wp-content\/uploads\/2021\/10\/Black-Diamond-ATC-XP-Sicherungsgeraet-1.jpg\",\"contentUrl\":\"https:\/\/bolting.eu\/wp-content\/uploads\/2021\/10\/Black-Diamond-ATC-XP-Sicherungsgeraet-1.jpg\",\"width\":700,\"height\":700,\"caption\":\"Das Bild zeigt ein blaues Black Diamond ATC-XP Sicherungsger\u00e4t. E steht aufrecht im Bild, mit dem Logo auf der Schmalseite.\"},{\"@type\":\"BreadcrumbList\",\"@id\":\"https:\/\/bolting.eu\/en\/shop\/black-diamond-atc-xp\/#breadcrumb\",\"itemListElement\":[{\"@type\":\"ListItem\",\"position\":1,\"name\":\"Shop\",\"item\":\"https:\/\/bolting.eu\/en\/shop\/\"},{\"@type\":\"ListItem\",\"position\":2,\"name\":\"climbing equipment\",\"item\":\"https:\/\/bolting.eu\/en\/produkt-kategorie\/climbing-equipment\/\"},{\"@type\":\"ListItem\",\"position\":3,\"name\":\"Sicherungsger\u00e4te Klettern\",\"item\":\"https:\/\/bolting.eu\/produkt-kategorie\/kletterausruestung\/sicherungsgeraete-klettern\/\"},{\"@type\":\"ListItem\",\"position\":4,\"name\":\"Black Diamond ATC-XP\"}]},{\"@type\":\"WebSite\",\"@id\":\"https:\/\/bolting.eu\/en\/#website\",\"url\":\"https:\/\/bolting.eu\/en\/\",\"name\":\"bolting.eu\",\"description\":\"we make climbs happen\",\"publisher\":{\"@id\":\"https:\/\/bolting.eu\/en\/#organization\"},\"potentialAction\":[{\"@type\":\"SearchAction\",\"target\":{\"@type\":\"EntryPoint\",\"urlTemplate\":\"https:\/\/bolting.eu\/en\/?s={search_term_string}\"},\"query-input\":{\"@type\":\"PropertyValueSpecification\",\"valueRequired\":true,\"valueName\":\"search_term_string\"}}],\"inLanguage\":\"en-US\"},{\"@type\":[\"Organization\",\"Place\",\"SportingGoodsStore\"],\"@id\":\"https:\/\/bolting.eu\/en\/#organization\",\"name\":\"bolting.eu\",\"url\":\"https:\/\/bolting.eu\/en\/\",\"logo\":{\"@id\":\"https:\/\/bolting.eu\/en\/shop\/black-diamond-atc-xp\/#local-main-organization-logo\"},\"image\":{\"@id\":\"https:\/\/bolting.eu\/en\/shop\/black-diamond-atc-xp\/#local-main-organization-logo\"},\"sameAs\":[\"https:\/\/www.facebook.com\/bolting.eu\",\"https:\/\/www.instagram.com\/bolting.eu\/\"],\"address\":{\"@id\":\"https:\/\/bolting.eu\/en\/shop\/black-diamond-atc-xp\/#local-main-place-address\"},\"geo\":{\"@type\":\"GeoCoordinates\",\"latitude\":\"47.264176340396226\",\"longitude\":\"11.380109057672346\"},\"telephone\":[\"+43 699 19083372\"],\"openingHoursSpecification\":[{\"@type\":\"OpeningHoursSpecification\",\"dayOfWeek\":[\"Monday\",\"Wednesday\",\"Friday\"],\"opens\":\"14:00\",\"closes\":\"18:00\"},{\"@type\":\"OpeningHoursSpecification\",\"dayOfWeek\":[\"Tuesday\",\"Thursday\",\"Saturday\",\"Sunday\"],\"opens\":\"00:00\",\"closes\":\"00:00\"}],\"email\":\"office@bolting.eu\",\"vatID\":\"ATU59999728\",\"priceRange\":\"$$\",\"currenciesAccepted\":\"Euro\"},{\"@type\":\"PostalAddress\",\"@id\":\"https:\/\/bolting.eu\/en\/shop\/black-diamond-atc-xp\/#local-main-place-address\",\"streetAddress\":\"Fischnalerstra\u00dfe 4\",\"addressLocality\":\"Innsbruck\",\"postalCode\":\"6020\",\"addressRegion\":\"Tirol\",\"addressCountry\":\"AT\"},{\"@type\":\"ImageObject\",\"inLanguage\":\"en-US\",\"@id\":\"https:\/\/bolting.eu\/en\/shop\/black-diamond-atc-xp\/#local-main-organization-logo\",\"url\":\"https:\/\/bolting.eu\/wp-content\/uploads\/2019\/09\/bolting-logo.png\",\"contentUrl\":\"https:\/\/bolting.eu\/wp-content\/uploads\/2019\/09\/bolting-logo.png\",\"width\":400,\"height\":211,\"caption\":\"bolting.eu\"}]}<\/script>\n<meta property=\"og:availability\" content=\"instock\" \/>\n<meta property=\"product:availability\" content=\"instock\" \/>\n<meta property=\"product:condition\" content=\"new\" \/>\n<meta name=\"geo.placename\" content=\"Innsbruck\" \/>\n<meta name=\"geo.position\" content=\"47.264176340396226;11.380109057672346\" \/>\n<meta name=\"geo.region\" content=\"Austria\" \/>\n<!-- \/ Yoast SEO Premium plugin. -->","yoast_head_json":{"title":"Black Diamond ATC-XP - Tuber mit Bremskraftverst\u00e4rkung | bolting.eu","description":"Hier gibt\u00b4s das Black Diamond ATC-XP Sicherungsger\u00e4t. Einen Tuber mit Bremskraftverst\u00e4rkung und zwei Modi f\u00fcr unterschiedliche Bremskraft.","robots":{"index":"index","follow":"follow","max-snippet":"max-snippet:-1","max-image-preview":"max-image-preview:large","max-video-preview":"max-video-preview:-1"},"canonical":"https:\/\/bolting.eu\/en\/shop\/black-diamond-atc-xp\/","og_locale":"en_US","og_type":"article","og_title":"Black Diamond ATC-XP","og_description":"Hier gibt\u00b4s das Black Diamond ATC-XP Sicherungsger\u00e4t. Einen Tuber mit Bremskraftverst\u00e4rkung und zwei Modi f\u00fcr unterschiedliche Bremskraft.","og_url":"https:\/\/bolting.eu\/en\/shop\/black-diamond-atc-xp\/","og_site_name":"bolting.eu","article_publisher":"https:\/\/www.facebook.com\/bolting.eu","article_modified_time":"2025-09-30T18:00:44+00:00","og_image":[{"width":700,"height":700,"url":"https:\/\/bolting.eu\/wp-content\/uploads\/2021\/10\/Black-Diamond-ATC-XP-Sicherungsgeraet-1.jpg","type":"image\/jpeg"}],"twitter_card":"summary_large_image","twitter_misc":{"Availability":"In stock"},"schema":{"@context":"https:\/\/schema.org","@graph":[{"@type":["WebPage","ItemPage"],"@id":"https:\/\/bolting.eu\/en\/shop\/black-diamond-atc-xp\/","url":"https:\/\/bolting.eu\/en\/shop\/black-diamond-atc-xp\/","name":"Black Diamond ATC-XP - Tuber mit Bremskraftverst\u00e4rkung | bolting.eu","isPartOf":{"@id":"https:\/\/bolting.eu\/en\/#website"},"primaryImageOfPage":{"@id":"https:\/\/bolting.eu\/en\/shop\/black-diamond-atc-xp\/#primaryimage"},"image":{"@id":"https:\/\/bolting.eu\/en\/shop\/black-diamond-atc-xp\/#primaryimage"},"thumbnailUrl":"https:\/\/bolting.eu\/wp-content\/uploads\/2021\/10\/Black-Diamond-ATC-XP-Sicherungsgeraet-1.jpg","datePublished":"2021-10-04T12:29:36+00:00","dateModified":"2025-09-30T18:00:44+00:00","description":"Hier gibt\u00b4s das Black Diamond ATC-XP Sicherungsger\u00e4t. Einen Tuber mit Bremskraftverst\u00e4rkung und zwei Modi f\u00fcr unterschiedliche Bremskraft.","breadcrumb":{"@id":"https:\/\/bolting.eu\/en\/shop\/black-diamond-atc-xp\/#breadcrumb"},"inLanguage":"en-US","potentialAction":[{"@type":"ReadAction","target":["https:\/\/bolting.eu\/en\/shop\/black-diamond-atc-xp\/"]}]},{"@type":"ImageObject","inLanguage":"en-US","@id":"https:\/\/bolting.eu\/en\/shop\/black-diamond-atc-xp\/#primaryimage","url":"https:\/\/bolting.eu\/wp-content\/uploads\/2021\/10\/Black-Diamond-ATC-XP-Sicherungsgeraet-1.jpg","contentUrl":"https:\/\/bolting.eu\/wp-content\/uploads\/2021\/10\/Black-Diamond-ATC-XP-Sicherungsgeraet-1.jpg","width":700,"height":700,"caption":"Das Bild zeigt ein blaues Black Diamond ATC-XP Sicherungsger\u00e4t. E steht aufrecht im Bild, mit dem Logo auf der Schmalseite."},{"@type":"BreadcrumbList","@id":"https:\/\/bolting.eu\/en\/shop\/black-diamond-atc-xp\/#breadcrumb","itemListElement":[{"@type":"ListItem","position":1,"name":"Shop","item":"https:\/\/bolting.eu\/en\/shop\/"},{"@type":"ListItem","position":2,"name":"climbing equipment","item":"https:\/\/bolting.eu\/en\/produkt-kategorie\/climbing-equipment\/"},{"@type":"ListItem","position":3,"name":"Sicherungsger\u00e4te Klettern","item":"https:\/\/bolting.eu\/produkt-kategorie\/kletterausruestung\/sicherungsgeraete-klettern\/"},{"@type":"ListItem","position":4,"name":"Black Diamond ATC-XP"}]},{"@type":"WebSite","@id":"https:\/\/bolting.eu\/en\/#website","url":"https:\/\/bolting.eu\/en\/","name":"bolting.eu","description":"we make climbs happen","publisher":{"@id":"https:\/\/bolting.eu\/en\/#organization"},"potentialAction":[{"@type":"SearchAction","target":{"@type":"EntryPoint","urlTemplate":"https:\/\/bolting.eu\/en\/?s={search_term_string}"},"query-input":{"@type":"PropertyValueSpecification","valueRequired":true,"valueName":"search_term_string"}}],"inLanguage":"en-US"},{"@type":["Organization","Place","SportingGoodsStore"],"@id":"https:\/\/bolting.eu\/en\/#organization","name":"bolting.eu","url":"https:\/\/bolting.eu\/en\/","logo":{"@id":"https:\/\/bolting.eu\/en\/shop\/black-diamond-atc-xp\/#local-main-organization-logo"},"image":{"@id":"https:\/\/bolting.eu\/en\/shop\/black-diamond-atc-xp\/#local-main-organization-logo"},"sameAs":["https:\/\/www.facebook.com\/bolting.eu","https:\/\/www.instagram.com\/bolting.eu\/"],"address":{"@id":"https:\/\/bolting.eu\/en\/shop\/black-diamond-atc-xp\/#local-main-place-address"},"geo":{"@type":"GeoCoordinates","latitude":"47.264176340396226","longitude":"11.380109057672346"},"telephone":["+43 699 19083372"],"openingHoursSpecification":[{"@type":"OpeningHoursSpecification","dayOfWeek":["Monday","Wednesday","Friday"],"opens":"14:00","closes":"18:00"},{"@type":"OpeningHoursSpecification","dayOfWeek":["Tuesday","Thursday","Saturday","Sunday"],"opens":"00:00","closes":"00:00"}],"email":"office@bolting.eu","vatID":"ATU59999728","priceRange":"$$","currenciesAccepted":"Euro"},{"@type":"PostalAddress","@id":"https:\/\/bolting.eu\/en\/shop\/black-diamond-atc-xp\/#local-main-place-address","streetAddress":"Fischnalerstra\u00dfe 4","addressLocality":"Innsbruck","postalCode":"6020","addressRegion":"Tirol","addressCountry":"AT"},{"@type":"ImageObject","inLanguage":"en-US","@id":"https:\/\/bolting.eu\/en\/shop\/black-diamond-atc-xp\/#local-main-organization-logo","url":"https:\/\/bolting.eu\/wp-content\/uploads\/2019\/09\/bolting-logo.png","contentUrl":"https:\/\/bolting.eu\/wp-content\/uploads\/2019\/09\/bolting-logo.png","width":400,"height":211,"caption":"bolting.eu"}]},"og_availability":"instock","product_availability":"instock","product_condition":"new","geo.placename":"Innsbruck","geo.position":{"lat":"47.264176340396226","long":"11.380109057672346"},"geo.region":"Austria"},"_links":{"self":[{"href":"https:\/\/bolting.eu\/en\/wp-json\/wp\/v2\/product\/10103","targetHints":{"allow":["GET"]}}],"collection":[{"href":"https:\/\/bolting.eu\/en\/wp-json\/wp\/v2\/product"}],"about":[{"href":"https:\/\/bolting.eu\/en\/wp-json\/wp\/v2\/types\/product"}],"replies":[{"embeddable":true,"href":"https:\/\/bolting.eu\/en\/wp-json\/wp\/v2\/comments?post=10103"}],"wp:featuredmedia":[{"embeddable":true,"href":"https:\/\/bolting.eu\/en\/wp-json\/wp\/v2\/media\/10104"}],"wp:attachment":[{"href":"https:\/\/bolting.eu\/en\/wp-json\/wp\/v2\/media?parent=10103"}],"wp:term":[{"taxonomy":"product_brand","embeddable":true,"href":"https:\/\/bolting.eu\/en\/wp-json\/wp\/v2\/product_brand?post=10103"},{"taxonomy":"product_cat","embeddable":true,"href":"https:\/\/bolting.eu\/en\/wp-json\/wp\/v2\/product_cat?post=10103"},{"taxonomy":"product_tag","embeddable":true,"href":"https:\/\/bolting.eu\/en\/wp-json\/wp\/v2\/product_tag?post=10103"}],"curies":[{"name":"wp","href":"https:\/\/api.w.org\/{rel}","templated":true}]}}