{"id":10099,"date":"2021-10-04T14:00:56","date_gmt":"2021-10-04T12:00:56","guid":{"rendered":"https:\/\/bolting.eu\/?post_type=product&#038;p=10099"},"modified":"2023-06-05T14:56:55","modified_gmt":"2023-06-05T12:56:55","slug":"black-diamond-atc","status":"publish","type":"product","link":"https:\/\/bolting.eu\/en\/shop\/black-diamond-atc\/","title":{"rendered":"Black Diamond ATC"},"content":{"rendered":"<p>Das Black Diamond ATC ist ein simples Sicherungsger\u00e4t. Es ist auch auch als Black Diamond Tuber bekannt. Es kann mit\u00a0 <a href=\"https:\/\/bolting.eu\/produkt-kategorie\/kletterausruestung\/kletterseil\/\">Kletterseilen<\/a> von 7,7 &#8211; 11mm (Einfach- und Doppelseilen) verwendet werden.<\/p>\n<p>Der Name &#8220;Air Traffic Control&#8221; nimmt es bereits vorweg. Es ist ein voll manuelles Sicherungsger\u00e4t. D.h. es funktioniert ausschlie\u00dflich durch das Fixieren des Bremsseils mit der Bremshand.<\/p>\n<p>Folglich ist Das Black Diamond ATC ein Sicherungsger\u00e4t f\u00fcr erfahrene Kletterer. Zudem ist es eine sehr gute Option f\u00fcr alle Sportkletterer, welche &#8220;weich&#8221; gesichert werden wollen.<\/p>\n<p>Wir empfehlen euch zu diesem Ger\u00e4t einen <a href=\"https:\/\/bolting.eu\/produkt-kategorie\/kletterausruestung\/kletterkarabiner\/hms-karabiner\/\">HMS Karabiner<\/a>. Am besten ihr nehmt einen mit einer Fixierung f\u00fcr die Gurtschlaufe dazu. Wie z.B. den <a href=\"https:\/\/bolting.eu\/shop\/edelrid-hms-bulletproof-screw-fg\/\">Edelrid HMS Bulletproof Screw FG<\/a> oder den <a href=\"https:\/\/bolting.eu\/shop\/austrialpin-rondo-selfie-schraubkarabiner\/\">Austrialpin Rondo Selfie<\/a>.<\/p>\n<h2>Eigenschaften Black Diamond ATC<\/h2>\n<ul>\n<li>Hersteller: <a href=\"https:\/\/bolting.eu\/produkt-kategorie\/black-diamond\/\">Black Diamond<\/a><\/li>\n<li>Material: Aluminium<\/li>\n<li>Gewicht: 60 Gramm<\/li>\n<li>f\u00fcr 7,7 &#8211; 11mm Kletterseile<\/li>\n<li>einfacher &#8220;Tuber&#8221;<\/li>\n<li>voll manuelles Sicherungsger\u00e4t<\/li>\n<li>ideal f\u00fcr &#8220;weiches Sichern&#8221;<\/li>\n<li>f\u00fcr erfahrene Kletterer<\/li>\n<li>ideal mit gro\u00dfem HMS mit Abriebschutz und Fixierung<\/li>\n<li><a href=\"https:\/\/blackdiamond-web.cdn.prismic.io\/blackdiamond-web\/3a89e76d-b319-4835-9429-dbbd65920f9b_M10797_B_ATC_IS-WEB.pdf\" target=\"_blank\" rel=\"noopener\">Bedienungsanleitung<\/a><\/li>\n<\/ul>\n<h3>Black Diamond ATC &#8211; ideal zum weich Sichern<\/h3>\n<p>Wieso gibt es denn manuelle, tuber-\u00e4hnliche Sicherungsger\u00e4te \u00fcberhaupt noch? Das ist eine frage, welche wir h\u00e4ufig h\u00f6ren.<\/p>\n<p>Die Antwort ist sehr simpel. Der Black Diamond Tuber ist ein Sicherungser\u00e4t welches eben nicht halbautomatisch und damit sehr statisch ist. Das ATC bietet bei einem Sturz die M\u00f6glichkeit, ca. 1m Seil ins Ger\u00e4t &#8220;einlaufen&#8221; zu lassen. Das nimmt ganz entscheidend Energie weg und l\u00e4sst den Kletterer oben weich ins Seil st\u00fcrzen. Zus\u00e4tzliches &#8220;Mitspringen&#8221; kann dieses Effekt zus\u00e4tzlich verst\u00e4rken.<\/p>\n","protected":false},"excerpt":{"rendered":"<ul>\n<li>Material: Aluminium<\/li>\n<li>Gewicht: 60 Gramm<\/li>\n<li>f\u00fcr 7,7 &#8211; 11mm Kletterseile<\/li>\n<li>einfacher &#8220;Tuber&#8221;<\/li>\n<li>voll manuelles Sicherungsger\u00e4t<\/li>\n<li>ideal f\u00fcr &#8220;weiches Sichern&#8221;<\/li>\n<li>f\u00fcr erfahrene Kletterer<\/li>\n<li>ideal mit gro\u00dfem HMS mit Abriebschutz und Fixierung<\/li>\n<\/ul>\n","protected":false},"featured_media":10101,"comment_status":"open","ping_status":"closed","template":"","meta":[],"product_brand":[],"product_cat":[4658,29,3711],"product_tag":[],"class_list":{"0":"post-10099","1":"product","2":"type-product","3":"status-publish","4":"has-post-thumbnail","6":"product_cat-black-diamond","7":"product_cat-kletterausruestung","8":"product_cat-sicherungsgeraete-klettern","10":"first","11":"instock","12":"taxable","13":"shipping-taxable","14":"purchasable","15":"product-type-simple"},"yoast_head":"<!-- This site is optimized with the Yoast SEO Premium plugin v26.9 (Yoast SEO v26.9) - https:\/\/yoast.com\/product\/yoast-seo-premium-wordpress\/ -->\n<title>Black Diamond ATC - Tuber Sicherungsger\u00e4t online kaufen | bolting.eu<\/title>\n<meta name=\"description\" content=\"Hier findest Du das Black Diamond ATC. Einen Black Diamond Tuber \/ Sicherungsger\u00e4t f\u00fcr Einfach- und Doppelseile von 7,7 - 11mm Durchmesser.\" \/>\n<meta name=\"robots\" content=\"index, follow, max-snippet:-1, max-image-preview:large, max-video-preview:-1\" \/>\n<link rel=\"canonical\" href=\"https:\/\/bolting.eu\/en\/shop\/black-diamond-atc\/\" \/>\n<meta property=\"og:locale\" content=\"en_US\" \/>\n<meta property=\"og:type\" content=\"article\" \/>\n<meta property=\"og:title\" content=\"Black Diamond ATC\" \/>\n<meta property=\"og:description\" content=\"Hier findest Du das Black Diamond ATC. Einen Black Diamond Tuber \/ Sicherungsger\u00e4t f\u00fcr Einfach- und Doppelseile von 7,7 - 11mm Durchmesser.\" \/>\n<meta property=\"og:url\" content=\"https:\/\/bolting.eu\/en\/shop\/black-diamond-atc\/\" \/>\n<meta property=\"og:site_name\" content=\"bolting.eu\" \/>\n<meta property=\"article:publisher\" content=\"https:\/\/www.facebook.com\/bolting.eu\" \/>\n<meta property=\"article:modified_time\" content=\"2023-06-05T12:56:55+00:00\" \/>\n<meta property=\"og:image\" content=\"https:\/\/bolting.eu\/wp-content\/uploads\/2021\/10\/Black-Diamond-ATC.jpg\" \/>\n\t<meta property=\"og:image:width\" content=\"700\" \/>\n\t<meta property=\"og:image:height\" content=\"700\" \/>\n\t<meta property=\"og:image:type\" content=\"image\/jpeg\" \/>\n<meta name=\"twitter:card\" content=\"summary_large_image\" \/>\n<meta name=\"twitter:label1\" content=\"Price\" \/>\n\t<meta name=\"twitter:data1\" content=\"&euro;&nbsp;22,00\" \/>\n\t<meta name=\"twitter:label2\" content=\"Availability\" \/>\n\t<meta name=\"twitter:data2\" content=\"In stock\" \/>\n<script type=\"application\/ld+json\" class=\"yoast-schema-graph\">{\"@context\":\"https:\/\/schema.org\",\"@graph\":[{\"@type\":[\"WebPage\",\"ItemPage\"],\"@id\":\"https:\/\/bolting.eu\/en\/shop\/black-diamond-atc\/\",\"url\":\"https:\/\/bolting.eu\/en\/shop\/black-diamond-atc\/\",\"name\":\"Black Diamond ATC - Tuber Sicherungsger\u00e4t online kaufen | bolting.eu\",\"isPartOf\":{\"@id\":\"https:\/\/bolting.eu\/en\/#website\"},\"primaryImageOfPage\":{\"@id\":\"https:\/\/bolting.eu\/en\/shop\/black-diamond-atc\/#primaryimage\"},\"image\":{\"@id\":\"https:\/\/bolting.eu\/en\/shop\/black-diamond-atc\/#primaryimage\"},\"thumbnailUrl\":\"https:\/\/bolting.eu\/wp-content\/uploads\/2021\/10\/Black-Diamond-ATC.jpg\",\"datePublished\":\"2021-10-04T12:00:56+00:00\",\"dateModified\":\"2023-06-05T12:56:55+00:00\",\"description\":\"Hier findest Du das Black Diamond ATC. Einen Black Diamond Tuber \/ Sicherungsger\u00e4t f\u00fcr Einfach- und Doppelseile von 7,7 - 11mm Durchmesser.\",\"breadcrumb\":{\"@id\":\"https:\/\/bolting.eu\/en\/shop\/black-diamond-atc\/#breadcrumb\"},\"inLanguage\":\"en-US\",\"potentialAction\":[{\"@type\":\"ReadAction\",\"target\":[\"https:\/\/bolting.eu\/en\/shop\/black-diamond-atc\/\"]}]},{\"@type\":\"ImageObject\",\"inLanguage\":\"en-US\",\"@id\":\"https:\/\/bolting.eu\/en\/shop\/black-diamond-atc\/#primaryimage\",\"url\":\"https:\/\/bolting.eu\/wp-content\/uploads\/2021\/10\/Black-Diamond-ATC.jpg\",\"contentUrl\":\"https:\/\/bolting.eu\/wp-content\/uploads\/2021\/10\/Black-Diamond-ATC.jpg\",\"width\":700,\"height\":700,\"caption\":\"Das Bild zeigt ein schwarzes Black Diamond ATC Sicherungsger\u00e4t. Es steht aufrecht im Bild, man erkennt die Rillen und das seitliche Logo.\"},{\"@type\":\"BreadcrumbList\",\"@id\":\"https:\/\/bolting.eu\/en\/shop\/black-diamond-atc\/#breadcrumb\",\"itemListElement\":[{\"@type\":\"ListItem\",\"position\":1,\"name\":\"Shop\",\"item\":\"https:\/\/bolting.eu\/en\/shop\/\"},{\"@type\":\"ListItem\",\"position\":2,\"name\":\"climbing equipment\",\"item\":\"https:\/\/bolting.eu\/en\/produkt-kategorie\/climbing-equipment\/\"},{\"@type\":\"ListItem\",\"position\":3,\"name\":\"Sicherungsger\u00e4te Klettern\",\"item\":\"https:\/\/bolting.eu\/produkt-kategorie\/kletterausruestung\/sicherungsgeraete-klettern\/\"},{\"@type\":\"ListItem\",\"position\":4,\"name\":\"Black Diamond ATC\"}]},{\"@type\":\"WebSite\",\"@id\":\"https:\/\/bolting.eu\/en\/#website\",\"url\":\"https:\/\/bolting.eu\/en\/\",\"name\":\"bolting.eu\",\"description\":\"we make climbs happen\",\"publisher\":{\"@id\":\"https:\/\/bolting.eu\/en\/#organization\"},\"potentialAction\":[{\"@type\":\"SearchAction\",\"target\":{\"@type\":\"EntryPoint\",\"urlTemplate\":\"https:\/\/bolting.eu\/en\/?s={search_term_string}\"},\"query-input\":{\"@type\":\"PropertyValueSpecification\",\"valueRequired\":true,\"valueName\":\"search_term_string\"}}],\"inLanguage\":\"en-US\"},{\"@type\":[\"Organization\",\"Place\",\"SportingGoodsStore\"],\"@id\":\"https:\/\/bolting.eu\/en\/#organization\",\"name\":\"bolting.eu\",\"url\":\"https:\/\/bolting.eu\/en\/\",\"logo\":{\"@id\":\"https:\/\/bolting.eu\/en\/shop\/black-diamond-atc\/#local-main-organization-logo\"},\"image\":{\"@id\":\"https:\/\/bolting.eu\/en\/shop\/black-diamond-atc\/#local-main-organization-logo\"},\"sameAs\":[\"https:\/\/www.facebook.com\/bolting.eu\",\"https:\/\/www.instagram.com\/bolting.eu\/\"],\"address\":{\"@id\":\"https:\/\/bolting.eu\/en\/shop\/black-diamond-atc\/#local-main-place-address\"},\"geo\":{\"@type\":\"GeoCoordinates\",\"latitude\":\"47.264176340396226\",\"longitude\":\"11.380109057672346\"},\"telephone\":[\"+43 699 19083372\"],\"openingHoursSpecification\":[{\"@type\":\"OpeningHoursSpecification\",\"dayOfWeek\":[\"Monday\",\"Wednesday\",\"Friday\"],\"opens\":\"14:00\",\"closes\":\"18:00\"},{\"@type\":\"OpeningHoursSpecification\",\"dayOfWeek\":[\"Tuesday\",\"Thursday\",\"Saturday\",\"Sunday\"],\"opens\":\"00:00\",\"closes\":\"00:00\"}],\"email\":\"office@bolting.eu\",\"vatID\":\"ATU59999728\",\"priceRange\":\"$$\",\"currenciesAccepted\":\"Euro\"},{\"@type\":\"PostalAddress\",\"@id\":\"https:\/\/bolting.eu\/en\/shop\/black-diamond-atc\/#local-main-place-address\",\"streetAddress\":\"Fischnalerstra\u00dfe 4\",\"addressLocality\":\"Innsbruck\",\"postalCode\":\"6020\",\"addressRegion\":\"Tirol\",\"addressCountry\":\"AT\"},{\"@type\":\"ImageObject\",\"inLanguage\":\"en-US\",\"@id\":\"https:\/\/bolting.eu\/en\/shop\/black-diamond-atc\/#local-main-organization-logo\",\"url\":\"https:\/\/bolting.eu\/wp-content\/uploads\/2019\/09\/bolting-logo.png\",\"contentUrl\":\"https:\/\/bolting.eu\/wp-content\/uploads\/2019\/09\/bolting-logo.png\",\"width\":400,\"height\":211,\"caption\":\"bolting.eu\"}]}<\/script>\n<meta property=\"product:price:amount\" content=\"22.00\" \/>\n<meta property=\"product:price:currency\" content=\"EUR\" \/>\n<meta property=\"og:availability\" content=\"instock\" \/>\n<meta property=\"product:availability\" content=\"instock\" \/>\n<meta property=\"product:retailer_item_id\" content=\"620073\" \/>\n<meta property=\"product:condition\" content=\"new\" \/>\n<meta name=\"geo.placename\" content=\"Innsbruck\" \/>\n<meta name=\"geo.position\" content=\"47.264176340396226;11.380109057672346\" \/>\n<meta name=\"geo.region\" content=\"Austria\" \/>\n<!-- \/ Yoast SEO Premium plugin. -->","yoast_head_json":{"title":"Black Diamond ATC - Tuber Sicherungsger\u00e4t online kaufen | bolting.eu","description":"Hier findest Du das Black Diamond ATC. Einen Black Diamond Tuber \/ Sicherungsger\u00e4t f\u00fcr Einfach- und Doppelseile von 7,7 - 11mm Durchmesser.","robots":{"index":"index","follow":"follow","max-snippet":"max-snippet:-1","max-image-preview":"max-image-preview:large","max-video-preview":"max-video-preview:-1"},"canonical":"https:\/\/bolting.eu\/en\/shop\/black-diamond-atc\/","og_locale":"en_US","og_type":"article","og_title":"Black Diamond ATC","og_description":"Hier findest Du das Black Diamond ATC. Einen Black Diamond Tuber \/ Sicherungsger\u00e4t f\u00fcr Einfach- und Doppelseile von 7,7 - 11mm Durchmesser.","og_url":"https:\/\/bolting.eu\/en\/shop\/black-diamond-atc\/","og_site_name":"bolting.eu","article_publisher":"https:\/\/www.facebook.com\/bolting.eu","article_modified_time":"2023-06-05T12:56:55+00:00","og_image":[{"width":700,"height":700,"url":"https:\/\/bolting.eu\/wp-content\/uploads\/2021\/10\/Black-Diamond-ATC.jpg","type":"image\/jpeg"}],"twitter_card":"summary_large_image","twitter_misc":{"Price":"&euro;&nbsp;22,00","Availability":"In stock"},"schema":{"@context":"https:\/\/schema.org","@graph":[{"@type":["WebPage","ItemPage"],"@id":"https:\/\/bolting.eu\/en\/shop\/black-diamond-atc\/","url":"https:\/\/bolting.eu\/en\/shop\/black-diamond-atc\/","name":"Black Diamond ATC - Tuber Sicherungsger\u00e4t online kaufen | bolting.eu","isPartOf":{"@id":"https:\/\/bolting.eu\/en\/#website"},"primaryImageOfPage":{"@id":"https:\/\/bolting.eu\/en\/shop\/black-diamond-atc\/#primaryimage"},"image":{"@id":"https:\/\/bolting.eu\/en\/shop\/black-diamond-atc\/#primaryimage"},"thumbnailUrl":"https:\/\/bolting.eu\/wp-content\/uploads\/2021\/10\/Black-Diamond-ATC.jpg","datePublished":"2021-10-04T12:00:56+00:00","dateModified":"2023-06-05T12:56:55+00:00","description":"Hier findest Du das Black Diamond ATC. Einen Black Diamond Tuber \/ Sicherungsger\u00e4t f\u00fcr Einfach- und Doppelseile von 7,7 - 11mm Durchmesser.","breadcrumb":{"@id":"https:\/\/bolting.eu\/en\/shop\/black-diamond-atc\/#breadcrumb"},"inLanguage":"en-US","potentialAction":[{"@type":"ReadAction","target":["https:\/\/bolting.eu\/en\/shop\/black-diamond-atc\/"]}]},{"@type":"ImageObject","inLanguage":"en-US","@id":"https:\/\/bolting.eu\/en\/shop\/black-diamond-atc\/#primaryimage","url":"https:\/\/bolting.eu\/wp-content\/uploads\/2021\/10\/Black-Diamond-ATC.jpg","contentUrl":"https:\/\/bolting.eu\/wp-content\/uploads\/2021\/10\/Black-Diamond-ATC.jpg","width":700,"height":700,"caption":"Das Bild zeigt ein schwarzes Black Diamond ATC Sicherungsger\u00e4t. Es steht aufrecht im Bild, man erkennt die Rillen und das seitliche Logo."},{"@type":"BreadcrumbList","@id":"https:\/\/bolting.eu\/en\/shop\/black-diamond-atc\/#breadcrumb","itemListElement":[{"@type":"ListItem","position":1,"name":"Shop","item":"https:\/\/bolting.eu\/en\/shop\/"},{"@type":"ListItem","position":2,"name":"climbing equipment","item":"https:\/\/bolting.eu\/en\/produkt-kategorie\/climbing-equipment\/"},{"@type":"ListItem","position":3,"name":"Sicherungsger\u00e4te Klettern","item":"https:\/\/bolting.eu\/produkt-kategorie\/kletterausruestung\/sicherungsgeraete-klettern\/"},{"@type":"ListItem","position":4,"name":"Black Diamond ATC"}]},{"@type":"WebSite","@id":"https:\/\/bolting.eu\/en\/#website","url":"https:\/\/bolting.eu\/en\/","name":"bolting.eu","description":"we make climbs happen","publisher":{"@id":"https:\/\/bolting.eu\/en\/#organization"},"potentialAction":[{"@type":"SearchAction","target":{"@type":"EntryPoint","urlTemplate":"https:\/\/bolting.eu\/en\/?s={search_term_string}"},"query-input":{"@type":"PropertyValueSpecification","valueRequired":true,"valueName":"search_term_string"}}],"inLanguage":"en-US"},{"@type":["Organization","Place","SportingGoodsStore"],"@id":"https:\/\/bolting.eu\/en\/#organization","name":"bolting.eu","url":"https:\/\/bolting.eu\/en\/","logo":{"@id":"https:\/\/bolting.eu\/en\/shop\/black-diamond-atc\/#local-main-organization-logo"},"image":{"@id":"https:\/\/bolting.eu\/en\/shop\/black-diamond-atc\/#local-main-organization-logo"},"sameAs":["https:\/\/www.facebook.com\/bolting.eu","https:\/\/www.instagram.com\/bolting.eu\/"],"address":{"@id":"https:\/\/bolting.eu\/en\/shop\/black-diamond-atc\/#local-main-place-address"},"geo":{"@type":"GeoCoordinates","latitude":"47.264176340396226","longitude":"11.380109057672346"},"telephone":["+43 699 19083372"],"openingHoursSpecification":[{"@type":"OpeningHoursSpecification","dayOfWeek":["Monday","Wednesday","Friday"],"opens":"14:00","closes":"18:00"},{"@type":"OpeningHoursSpecification","dayOfWeek":["Tuesday","Thursday","Saturday","Sunday"],"opens":"00:00","closes":"00:00"}],"email":"office@bolting.eu","vatID":"ATU59999728","priceRange":"$$","currenciesAccepted":"Euro"},{"@type":"PostalAddress","@id":"https:\/\/bolting.eu\/en\/shop\/black-diamond-atc\/#local-main-place-address","streetAddress":"Fischnalerstra\u00dfe 4","addressLocality":"Innsbruck","postalCode":"6020","addressRegion":"Tirol","addressCountry":"AT"},{"@type":"ImageObject","inLanguage":"en-US","@id":"https:\/\/bolting.eu\/en\/shop\/black-diamond-atc\/#local-main-organization-logo","url":"https:\/\/bolting.eu\/wp-content\/uploads\/2019\/09\/bolting-logo.png","contentUrl":"https:\/\/bolting.eu\/wp-content\/uploads\/2019\/09\/bolting-logo.png","width":400,"height":211,"caption":"bolting.eu"}]},"product_price_amount":"22.00","product_price_currency":"EUR","og_availability":"instock","product_availability":"instock","product_retailer_item_id":"620073","product_condition":"new","geo.placename":"Innsbruck","geo.position":{"lat":"47.264176340396226","long":"11.380109057672346"},"geo.region":"Austria"},"_links":{"self":[{"href":"https:\/\/bolting.eu\/en\/wp-json\/wp\/v2\/product\/10099","targetHints":{"allow":["GET"]}}],"collection":[{"href":"https:\/\/bolting.eu\/en\/wp-json\/wp\/v2\/product"}],"about":[{"href":"https:\/\/bolting.eu\/en\/wp-json\/wp\/v2\/types\/product"}],"replies":[{"embeddable":true,"href":"https:\/\/bolting.eu\/en\/wp-json\/wp\/v2\/comments?post=10099"}],"wp:featuredmedia":[{"embeddable":true,"href":"https:\/\/bolting.eu\/en\/wp-json\/wp\/v2\/media\/10101"}],"wp:attachment":[{"href":"https:\/\/bolting.eu\/en\/wp-json\/wp\/v2\/media?parent=10099"}],"wp:term":[{"taxonomy":"product_brand","embeddable":true,"href":"https:\/\/bolting.eu\/en\/wp-json\/wp\/v2\/product_brand?post=10099"},{"taxonomy":"product_cat","embeddable":true,"href":"https:\/\/bolting.eu\/en\/wp-json\/wp\/v2\/product_cat?post=10099"},{"taxonomy":"product_tag","embeddable":true,"href":"https:\/\/bolting.eu\/en\/wp-json\/wp\/v2\/product_tag?post=10099"}],"curies":[{"name":"wp","href":"https:\/\/api.w.org\/{rel}","templated":true}]}}