{"id":10095,"date":"2021-10-04T11:21:28","date_gmt":"2021-10-04T09:21:28","guid":{"rendered":"https:\/\/bolting.eu\/?post_type=product&#038;p=10095"},"modified":"2025-07-28T10:32:08","modified_gmt":"2025-07-28T08:32:08","slug":"black-diamond-rurp","status":"publish","type":"product","link":"https:\/\/bolting.eu\/en\/shop\/black-diamond-rurp\/","title":{"rendered":"Black Diamond Rurp"},"content":{"rendered":"<p>Der Black Diamond Rurp ist ein extrem kleiner Felshaken f\u00fcr sogenannte &#8220;Haarrisse&#8221;. Er ist ausschlie\u00dflich f\u00fcr die Belastung mit dem K\u00f6rpergewicht gedacht und NICHT als Zwischensicherung. Dieser Schlaghaken ist somit nur etwas f\u00fcr Techno oder Big Wall Kletterer!<\/p>\n<p>Folglich sollte bei entsprechenden Routen dieser Haken in keiner <a href=\"https:\/\/bolting.eu\/big-wall-ausruestung\/\" target=\"_blank\" rel=\"noopener\">Big Wall Ausr\u00fcstung<\/a> fehlen. Wer z.B. im Yosemite Klassiker wie The Shield oder Mescalito machen will, kommt um diesen Haken nicht herum!<\/p>\n<h2>Eigenschaften Black Diamond Rurp<\/h2>\n<ul>\n<li>Hersteller: <a href=\"https:\/\/bolting.eu\/produkt-kategorie\/black-diamond\/\">Black Diamond<\/a><\/li>\n<li>Material: Karbonstahl bzw. verzinktes Stahlseil<\/li>\n<li>Gewicht: 14 Gramm<\/li>\n<li>Schlaghaken f\u00fcr Haarrisse<\/li>\n<li>nur f\u00fcr das K\u00f6rpergewicht gedacht<\/li>\n<li>NICHT als Zwischensicherung zu verwenden<\/li>\n<li>zum Techno Klettern bzw. Big Wall<\/li>\n<li>inkl. Rivet Hanger (d\u00fcnne Stahlkabel Schlinge)<\/li>\n<li><a href=\"https:\/\/blackdiamond-web.cdn.prismic.io\/blackdiamond-web\/d1e68a16-b8fd-42ad-a7fc-031f360e7473_M10526_D+Aid+Iron+IS-WEB.pdf\" target=\"_blank\" rel=\"noopener\">Bedienungsanleitung<\/a><\/li>\n<\/ul>\n<h3>RURP was bitte?<\/h3>\n<p>Oh Boy! Was f\u00fcr ein Name f\u00fcr einen Felshaken. Typisch amerikanisch kommt dieser Name von einer Definition, bei welcher jeder Buchstabe gleich f\u00fcr ein ganzes Wort steht. Und zwar steht der Black Diamond RUSRP f\u00fcr: <strong>R<\/strong>ealized <strong>U<\/strong>ltimate <strong>R<\/strong>eality <strong>P<\/strong>iton<\/p>\n<p>Dieser Begriff wurde in den 1970er Jahren im Yosemite gepr\u00e4gt. Als die Kletterer immer neue Ausr\u00fcstung f\u00fcr noch waghalsigere Techno Routen brauchten. Da wurde unter tatkr\u00e4ftiger Mithilfe psychedelischer Mittel quasi dieser Namen erfunden. Der realisierte, ultimative Wirklichkeits Haken \ud83d\ude09<\/p>\n<h3>Ein Rurp ist kein Rurp!<\/h3>\n<p>Diese Haken dient ausschlie\u00dflich zur Belastung mit dem K\u00f6rpergewicht. Folglich wird auch gleich klar, wieso ein Rurp = kein Rurp ist!<\/p>\n<p>Denn man braucht zur \u00dcberwindung von wenigen Metern gleich einmal ein paar der kleinen Schlaghaken. In der Regel f\u00fchrt man je nach Route gleich f\u00fcnf bis 10 Stk. mit sich. Da empfiehlt es sich ggf. mit Kletterkollegen sein Rack zusammen zu legen bzw. sich die Haken auszuleihen.<\/p>\n","protected":false},"excerpt":{"rendered":"<ul>\n<li>Material: Karbonstahl bzw. verzinktes Stahlseil<\/li>\n<li>Gewicht: 14 Gramm<\/li>\n<li>Schlaghaken f\u00fcr Haarrisse<\/li>\n<li>nur f\u00fcr das K\u00f6rpergewicht gedacht<\/li>\n<li>NICHT als Zwischensicherung zu verwenden<\/li>\n<li>zum Techno Klettern bzw. Big Wall<\/li>\n<li>inkl. Rivet Hanger (d\u00fcnne Stahlkabel Schlinge)<\/li>\n<\/ul>\n","protected":false},"featured_media":10097,"comment_status":"open","ping_status":"closed","template":"","meta":[],"product_brand":[],"product_cat":[31,4658,1210,37],"product_tag":[],"class_list":{"0":"post-10095","1":"product","2":"type-product","3":"status-publish","4":"has-post-thumbnail","6":"product_cat-big-wall-ausruestung","7":"product_cat-black-diamond","8":"product_cat-einbohrartikel","9":"product_cat-felshaken-normalhaken","11":"first","12":"instock","13":"sale","14":"taxable","15":"shipping-taxable","16":"purchasable","17":"product-type-simple"},"yoast_head":"<!-- This site is optimized with the Yoast SEO Premium plugin v26.9 (Yoast SEO v26.9) - https:\/\/yoast.com\/product\/yoast-seo-premium-wordpress\/ -->\n<title>Black Diamond Rurp - Mini Schlaghaken online kaufen | bolting.eu<\/title>\n<meta name=\"description\" content=\"Hier findest Du den BLACK DIAMOND RURP. Einen Felshaken f\u00fcr Haarrisse und Belasten mit dem K\u00f6rpergewicht bei Techno und Big Wall Routen!\" \/>\n<meta name=\"robots\" content=\"index, follow, max-snippet:-1, max-image-preview:large, max-video-preview:-1\" \/>\n<link rel=\"canonical\" href=\"https:\/\/bolting.eu\/en\/shop\/black-diamond-rurp\/\" \/>\n<meta property=\"og:locale\" content=\"en_US\" \/>\n<meta property=\"og:type\" content=\"article\" \/>\n<meta property=\"og:title\" content=\"Black Diamond Rurp\" \/>\n<meta property=\"og:description\" content=\"Hier findest Du den BLACK DIAMOND RURP. Einen Felshaken f\u00fcr Haarrisse und Belasten mit dem K\u00f6rpergewicht bei Techno und Big Wall Routen!\" \/>\n<meta property=\"og:url\" content=\"https:\/\/bolting.eu\/en\/shop\/black-diamond-rurp\/\" \/>\n<meta property=\"og:site_name\" content=\"bolting.eu\" \/>\n<meta property=\"article:publisher\" content=\"https:\/\/www.facebook.com\/bolting.eu\" \/>\n<meta property=\"article:modified_time\" content=\"2025-07-28T08:32:08+00:00\" \/>\n<meta property=\"og:image\" content=\"https:\/\/bolting.eu\/wp-content\/uploads\/2021\/10\/BD-Rurp-1.jpg\" \/>\n\t<meta property=\"og:image:width\" content=\"700\" \/>\n\t<meta property=\"og:image:height\" content=\"700\" \/>\n\t<meta property=\"og:image:type\" content=\"image\/jpeg\" \/>\n<meta name=\"twitter:card\" content=\"summary_large_image\" \/>\n<meta name=\"twitter:label1\" content=\"Price\" \/>\n\t<meta name=\"twitter:data1\" content=\"&euro;&nbsp;18,00\" \/>\n\t<meta name=\"twitter:label2\" content=\"Availability\" \/>\n\t<meta name=\"twitter:data2\" content=\"In stock\" \/>\n<script type=\"application\/ld+json\" class=\"yoast-schema-graph\">{\"@context\":\"https:\/\/schema.org\",\"@graph\":[{\"@type\":[\"WebPage\",\"ItemPage\"],\"@id\":\"https:\/\/bolting.eu\/en\/shop\/black-diamond-rurp\/\",\"url\":\"https:\/\/bolting.eu\/en\/shop\/black-diamond-rurp\/\",\"name\":\"Black Diamond Rurp - Mini Schlaghaken online kaufen | bolting.eu\",\"isPartOf\":{\"@id\":\"https:\/\/bolting.eu\/en\/#website\"},\"primaryImageOfPage\":{\"@id\":\"https:\/\/bolting.eu\/en\/shop\/black-diamond-rurp\/#primaryimage\"},\"image\":{\"@id\":\"https:\/\/bolting.eu\/en\/shop\/black-diamond-rurp\/#primaryimage\"},\"thumbnailUrl\":\"https:\/\/bolting.eu\/wp-content\/uploads\/2021\/10\/BD-Rurp-1.jpg\",\"datePublished\":\"2021-10-04T09:21:28+00:00\",\"dateModified\":\"2025-07-28T08:32:08+00:00\",\"description\":\"Hier findest Du den BLACK DIAMOND RURP. Einen Felshaken f\u00fcr Haarrisse und Belasten mit dem K\u00f6rpergewicht bei Techno und Big Wall Routen!\",\"breadcrumb\":{\"@id\":\"https:\/\/bolting.eu\/en\/shop\/black-diamond-rurp\/#breadcrumb\"},\"inLanguage\":\"en-US\",\"potentialAction\":[{\"@type\":\"ReadAction\",\"target\":[\"https:\/\/bolting.eu\/en\/shop\/black-diamond-rurp\/\"]}]},{\"@type\":\"ImageObject\",\"inLanguage\":\"en-US\",\"@id\":\"https:\/\/bolting.eu\/en\/shop\/black-diamond-rurp\/#primaryimage\",\"url\":\"https:\/\/bolting.eu\/wp-content\/uploads\/2021\/10\/BD-Rurp-1.jpg\",\"contentUrl\":\"https:\/\/bolting.eu\/wp-content\/uploads\/2021\/10\/BD-Rurp-1.jpg\",\"width\":700,\"height\":700,\"caption\":\"Das Bild zeigt einen dunkelgrauen Black Diamond Rurp Felshaken mit silberner Drahtschlinge.\"},{\"@type\":\"BreadcrumbList\",\"@id\":\"https:\/\/bolting.eu\/en\/shop\/black-diamond-rurp\/#breadcrumb\",\"itemListElement\":[{\"@type\":\"ListItem\",\"position\":1,\"name\":\"Shop\",\"item\":\"https:\/\/bolting.eu\/en\/shop\/\"},{\"@type\":\"ListItem\",\"position\":2,\"name\":\"bolting products\",\"item\":\"https:\/\/bolting.eu\/en\/produkt-kategorie\/bolting-products\/\"},{\"@type\":\"ListItem\",\"position\":3,\"name\":\"piton - Normal hook\",\"item\":\"https:\/\/bolting.eu\/en\/produkt-kategorie\/piton-normal-hook\/\"},{\"@type\":\"ListItem\",\"position\":4,\"name\":\"Black Diamond Rurp\"}]},{\"@type\":\"WebSite\",\"@id\":\"https:\/\/bolting.eu\/en\/#website\",\"url\":\"https:\/\/bolting.eu\/en\/\",\"name\":\"bolting.eu\",\"description\":\"we make climbs happen\",\"publisher\":{\"@id\":\"https:\/\/bolting.eu\/en\/#organization\"},\"potentialAction\":[{\"@type\":\"SearchAction\",\"target\":{\"@type\":\"EntryPoint\",\"urlTemplate\":\"https:\/\/bolting.eu\/en\/?s={search_term_string}\"},\"query-input\":{\"@type\":\"PropertyValueSpecification\",\"valueRequired\":true,\"valueName\":\"search_term_string\"}}],\"inLanguage\":\"en-US\"},{\"@type\":[\"Organization\",\"Place\",\"SportingGoodsStore\"],\"@id\":\"https:\/\/bolting.eu\/en\/#organization\",\"name\":\"bolting.eu\",\"url\":\"https:\/\/bolting.eu\/en\/\",\"logo\":{\"@id\":\"https:\/\/bolting.eu\/en\/shop\/black-diamond-rurp\/#local-main-organization-logo\"},\"image\":{\"@id\":\"https:\/\/bolting.eu\/en\/shop\/black-diamond-rurp\/#local-main-organization-logo\"},\"sameAs\":[\"https:\/\/www.facebook.com\/bolting.eu\",\"https:\/\/www.instagram.com\/bolting.eu\/\"],\"address\":{\"@id\":\"https:\/\/bolting.eu\/en\/shop\/black-diamond-rurp\/#local-main-place-address\"},\"geo\":{\"@type\":\"GeoCoordinates\",\"latitude\":\"47.264176340396226\",\"longitude\":\"11.380109057672346\"},\"telephone\":[\"+43 699 19083372\"],\"openingHoursSpecification\":[{\"@type\":\"OpeningHoursSpecification\",\"dayOfWeek\":[\"Monday\",\"Wednesday\",\"Friday\"],\"opens\":\"14:00\",\"closes\":\"18:00\"},{\"@type\":\"OpeningHoursSpecification\",\"dayOfWeek\":[\"Tuesday\",\"Thursday\",\"Saturday\",\"Sunday\"],\"opens\":\"00:00\",\"closes\":\"00:00\"}],\"email\":\"office@bolting.eu\",\"vatID\":\"ATU59999728\",\"priceRange\":\"$$\",\"currenciesAccepted\":\"Euro\"},{\"@type\":\"PostalAddress\",\"@id\":\"https:\/\/bolting.eu\/en\/shop\/black-diamond-rurp\/#local-main-place-address\",\"streetAddress\":\"Fischnalerstra\u00dfe 4\",\"addressLocality\":\"Innsbruck\",\"postalCode\":\"6020\",\"addressRegion\":\"Tirol\",\"addressCountry\":\"AT\"},{\"@type\":\"ImageObject\",\"inLanguage\":\"en-US\",\"@id\":\"https:\/\/bolting.eu\/en\/shop\/black-diamond-rurp\/#local-main-organization-logo\",\"url\":\"https:\/\/bolting.eu\/wp-content\/uploads\/2019\/09\/bolting-logo.png\",\"contentUrl\":\"https:\/\/bolting.eu\/wp-content\/uploads\/2019\/09\/bolting-logo.png\",\"width\":400,\"height\":211,\"caption\":\"bolting.eu\"}]}<\/script>\n<meta property=\"product:price:amount\" content=\"18.00\" \/>\n<meta property=\"product:price:currency\" content=\"EUR\" \/>\n<meta property=\"og:availability\" content=\"instock\" \/>\n<meta property=\"product:availability\" content=\"instock\" \/>\n<meta property=\"product:retailer_item_id\" content=\"520210\" \/>\n<meta property=\"product:condition\" content=\"new\" \/>\n<meta name=\"geo.placename\" content=\"Innsbruck\" \/>\n<meta name=\"geo.position\" content=\"47.264176340396226;11.380109057672346\" \/>\n<meta name=\"geo.region\" content=\"Austria\" \/>\n<!-- \/ Yoast SEO Premium plugin. -->","yoast_head_json":{"title":"Black Diamond Rurp - Mini Schlaghaken online kaufen | bolting.eu","description":"Hier findest Du den BLACK DIAMOND RURP. Einen Felshaken f\u00fcr Haarrisse und Belasten mit dem K\u00f6rpergewicht bei Techno und Big Wall Routen!","robots":{"index":"index","follow":"follow","max-snippet":"max-snippet:-1","max-image-preview":"max-image-preview:large","max-video-preview":"max-video-preview:-1"},"canonical":"https:\/\/bolting.eu\/en\/shop\/black-diamond-rurp\/","og_locale":"en_US","og_type":"article","og_title":"Black Diamond Rurp","og_description":"Hier findest Du den BLACK DIAMOND RURP. Einen Felshaken f\u00fcr Haarrisse und Belasten mit dem K\u00f6rpergewicht bei Techno und Big Wall Routen!","og_url":"https:\/\/bolting.eu\/en\/shop\/black-diamond-rurp\/","og_site_name":"bolting.eu","article_publisher":"https:\/\/www.facebook.com\/bolting.eu","article_modified_time":"2025-07-28T08:32:08+00:00","og_image":[{"width":700,"height":700,"url":"https:\/\/bolting.eu\/wp-content\/uploads\/2021\/10\/BD-Rurp-1.jpg","type":"image\/jpeg"}],"twitter_card":"summary_large_image","twitter_misc":{"Price":"&euro;&nbsp;18,00","Availability":"In stock"},"schema":{"@context":"https:\/\/schema.org","@graph":[{"@type":["WebPage","ItemPage"],"@id":"https:\/\/bolting.eu\/en\/shop\/black-diamond-rurp\/","url":"https:\/\/bolting.eu\/en\/shop\/black-diamond-rurp\/","name":"Black Diamond Rurp - Mini Schlaghaken online kaufen | bolting.eu","isPartOf":{"@id":"https:\/\/bolting.eu\/en\/#website"},"primaryImageOfPage":{"@id":"https:\/\/bolting.eu\/en\/shop\/black-diamond-rurp\/#primaryimage"},"image":{"@id":"https:\/\/bolting.eu\/en\/shop\/black-diamond-rurp\/#primaryimage"},"thumbnailUrl":"https:\/\/bolting.eu\/wp-content\/uploads\/2021\/10\/BD-Rurp-1.jpg","datePublished":"2021-10-04T09:21:28+00:00","dateModified":"2025-07-28T08:32:08+00:00","description":"Hier findest Du den BLACK DIAMOND RURP. Einen Felshaken f\u00fcr Haarrisse und Belasten mit dem K\u00f6rpergewicht bei Techno und Big Wall Routen!","breadcrumb":{"@id":"https:\/\/bolting.eu\/en\/shop\/black-diamond-rurp\/#breadcrumb"},"inLanguage":"en-US","potentialAction":[{"@type":"ReadAction","target":["https:\/\/bolting.eu\/en\/shop\/black-diamond-rurp\/"]}]},{"@type":"ImageObject","inLanguage":"en-US","@id":"https:\/\/bolting.eu\/en\/shop\/black-diamond-rurp\/#primaryimage","url":"https:\/\/bolting.eu\/wp-content\/uploads\/2021\/10\/BD-Rurp-1.jpg","contentUrl":"https:\/\/bolting.eu\/wp-content\/uploads\/2021\/10\/BD-Rurp-1.jpg","width":700,"height":700,"caption":"Das Bild zeigt einen dunkelgrauen Black Diamond Rurp Felshaken mit silberner Drahtschlinge."},{"@type":"BreadcrumbList","@id":"https:\/\/bolting.eu\/en\/shop\/black-diamond-rurp\/#breadcrumb","itemListElement":[{"@type":"ListItem","position":1,"name":"Shop","item":"https:\/\/bolting.eu\/en\/shop\/"},{"@type":"ListItem","position":2,"name":"bolting products","item":"https:\/\/bolting.eu\/en\/produkt-kategorie\/bolting-products\/"},{"@type":"ListItem","position":3,"name":"piton - Normal hook","item":"https:\/\/bolting.eu\/en\/produkt-kategorie\/piton-normal-hook\/"},{"@type":"ListItem","position":4,"name":"Black Diamond Rurp"}]},{"@type":"WebSite","@id":"https:\/\/bolting.eu\/en\/#website","url":"https:\/\/bolting.eu\/en\/","name":"bolting.eu","description":"we make climbs happen","publisher":{"@id":"https:\/\/bolting.eu\/en\/#organization"},"potentialAction":[{"@type":"SearchAction","target":{"@type":"EntryPoint","urlTemplate":"https:\/\/bolting.eu\/en\/?s={search_term_string}"},"query-input":{"@type":"PropertyValueSpecification","valueRequired":true,"valueName":"search_term_string"}}],"inLanguage":"en-US"},{"@type":["Organization","Place","SportingGoodsStore"],"@id":"https:\/\/bolting.eu\/en\/#organization","name":"bolting.eu","url":"https:\/\/bolting.eu\/en\/","logo":{"@id":"https:\/\/bolting.eu\/en\/shop\/black-diamond-rurp\/#local-main-organization-logo"},"image":{"@id":"https:\/\/bolting.eu\/en\/shop\/black-diamond-rurp\/#local-main-organization-logo"},"sameAs":["https:\/\/www.facebook.com\/bolting.eu","https:\/\/www.instagram.com\/bolting.eu\/"],"address":{"@id":"https:\/\/bolting.eu\/en\/shop\/black-diamond-rurp\/#local-main-place-address"},"geo":{"@type":"GeoCoordinates","latitude":"47.264176340396226","longitude":"11.380109057672346"},"telephone":["+43 699 19083372"],"openingHoursSpecification":[{"@type":"OpeningHoursSpecification","dayOfWeek":["Monday","Wednesday","Friday"],"opens":"14:00","closes":"18:00"},{"@type":"OpeningHoursSpecification","dayOfWeek":["Tuesday","Thursday","Saturday","Sunday"],"opens":"00:00","closes":"00:00"}],"email":"office@bolting.eu","vatID":"ATU59999728","priceRange":"$$","currenciesAccepted":"Euro"},{"@type":"PostalAddress","@id":"https:\/\/bolting.eu\/en\/shop\/black-diamond-rurp\/#local-main-place-address","streetAddress":"Fischnalerstra\u00dfe 4","addressLocality":"Innsbruck","postalCode":"6020","addressRegion":"Tirol","addressCountry":"AT"},{"@type":"ImageObject","inLanguage":"en-US","@id":"https:\/\/bolting.eu\/en\/shop\/black-diamond-rurp\/#local-main-organization-logo","url":"https:\/\/bolting.eu\/wp-content\/uploads\/2019\/09\/bolting-logo.png","contentUrl":"https:\/\/bolting.eu\/wp-content\/uploads\/2019\/09\/bolting-logo.png","width":400,"height":211,"caption":"bolting.eu"}]},"product_price_amount":"18.00","product_price_currency":"EUR","og_availability":"instock","product_availability":"instock","product_retailer_item_id":"520210","product_condition":"new","geo.placename":"Innsbruck","geo.position":{"lat":"47.264176340396226","long":"11.380109057672346"},"geo.region":"Austria"},"_links":{"self":[{"href":"https:\/\/bolting.eu\/en\/wp-json\/wp\/v2\/product\/10095","targetHints":{"allow":["GET"]}}],"collection":[{"href":"https:\/\/bolting.eu\/en\/wp-json\/wp\/v2\/product"}],"about":[{"href":"https:\/\/bolting.eu\/en\/wp-json\/wp\/v2\/types\/product"}],"replies":[{"embeddable":true,"href":"https:\/\/bolting.eu\/en\/wp-json\/wp\/v2\/comments?post=10095"}],"wp:featuredmedia":[{"embeddable":true,"href":"https:\/\/bolting.eu\/en\/wp-json\/wp\/v2\/media\/10097"}],"wp:attachment":[{"href":"https:\/\/bolting.eu\/en\/wp-json\/wp\/v2\/media?parent=10095"}],"wp:term":[{"taxonomy":"product_brand","embeddable":true,"href":"https:\/\/bolting.eu\/en\/wp-json\/wp\/v2\/product_brand?post=10095"},{"taxonomy":"product_cat","embeddable":true,"href":"https:\/\/bolting.eu\/en\/wp-json\/wp\/v2\/product_cat?post=10095"},{"taxonomy":"product_tag","embeddable":true,"href":"https:\/\/bolting.eu\/en\/wp-json\/wp\/v2\/product_tag?post=10095"}],"curies":[{"name":"wp","href":"https:\/\/api.w.org\/{rel}","templated":true}]}}