{"id":10033,"date":"2021-09-30T12:41:30","date_gmt":"2021-09-30T10:41:30","guid":{"rendered":"https:\/\/bolting.eu\/?post_type=product&#038;p=10033"},"modified":"2026-02-05T11:55:08","modified_gmt":"2026-02-05T10:55:08","slug":"ct-angle-wide","status":"publish","type":"product","link":"https:\/\/bolting.eu\/en\/shop\/ct-angle-wide\/","title":{"rendered":"CT Angle Wide"},"content":{"rendered":"<p>Der CT Angle Wide ist ein spezieller Felshaken. Denn hierbei handelt es sich um einen extra weiten V-Profilhaken. D.h. die V-Lamellen des Felshakens sind viel weiter auseinander gebogen als bei den &#8220;normalen&#8221; Profilhaken. Somit lassen sich auch viel breitere Risse absichern.<\/p>\n<p>Der CT Angle Wide ist f\u00fcr harte Gesteine wie Granit und Schiefer gedacht. Denn er ist auch Chromstahl gefertigt. Deshalb wird er manchmal als &#8220;Hartstahlhaken&#8221; bezeichnet.<\/p>\n<p>F\u00fcr das Einschlagen dieses Hakentyps verwendet ihr am besten einen gr\u00f6\u00dferen <a href=\"https:\/\/bolting.eu\/produkt-kategorie\/einbohrartikel\/felshammer\/\">Felshammer<\/a>. Wie z.B. den <a href=\"https:\/\/bolting.eu\/shop\/edelrid-hudson\/\">Edelrid Hudson<\/a> oder <a href=\"https:\/\/bolting.eu\/shop\/yosemite-hammer-black-diamond-felshammer\/\">Yosemite Hammer<\/a>.<\/p>\n<p>Kurzum. Wer breitere Risse in seinen Projekten absichern will, kommt um einen dieser gro\u00dfen Angles nicht herum.<\/p>\n<h3>Eigenschaften CT Angle Wide<\/h3>\n<ul>\n<li>Hersteller:\u00a0<a href=\"https:\/\/bolting.eu\/produkt-kategorie\/climbing-technology\/\">Climbing Technology<\/a><\/li>\n<li>Material: Chromstahl (Hartstahlhaken)<\/li>\n<li>L\u00e4nge \/ Schaftl\u00e4nge: 7cm \/ 11cm, 10cm \/ 14cm<\/li>\n<li>Gewicht: 82 Gramm, 120 Gramm<\/li>\n<li>Normen: EN 569<\/li>\n<li>sehr breiter V-Profilhaken<\/li>\n<li>f\u00fcr mittelbreite Risse<\/li>\n<li>gro\u00dfe \u00d6sen f\u00fcr <a href=\"https:\/\/bolting.eu\/produkt-kategorie\/kletterausruestung\/kletterkarabiner\/\">Kletterkarabiner<\/a><\/li>\n<li>Schutzlackierung als Korrosionsschutz<\/li>\n<li><a href=\"https:\/\/www.climbingtechnology.com\/wp-content\/uploads\/2015\/06\/IST13-3A251CTS1-S2_rev-0_05-21.pdf\" target=\"_blank\" rel=\"noopener\">Bedienungsanleitung<\/a><\/li>\n<\/ul>\n<h3>Wo braucht man breite V-Profilhaken?<\/h3>\n<p>Felshaken wie den CT Angle Wide braucht man speziell f\u00fcr mittelbreite Risse. D.h. wir reden von einer Breite von ca. 2 &#8211; 3,5cm<\/p>\n<p>Ein Vergleich dazu. &#8220;Normale&#8221; Profilhaken reichen von ca. 1 &#8211; 2cm Breite.<\/p>\n<p>Folglich sind diese Haken etwas f\u00fcr Erschlie\u00dfer von alpinen Routen und Techno Kletterer. F\u00fcr den normalen Kletterer sind diese Felshaken in der Regel sowohl etwas zu speziell als auch zu schwer.<\/p>\n<p>&nbsp;<\/p>\n","protected":false},"excerpt":{"rendered":"<p>Klassischer V-Profil Felshaken in zwei L\u00e4ngen aus Hartstahl.<\/p>\n<p>Ideal f\u00fcr Granit, Big Walls und Erstbegehungen von unten.<\/p>\n<p>Versandkostenfrei bis 2kg in <img decoding=\"async\" class=\"emoji\" role=\"img\" draggable=\"false\" src=\"https:\/\/s.w.org\/images\/core\/emoji\/14.0.0\/svg\/1f1e6-1f1f9.svg\" alt=\"\ud83c\udde6\ud83c\uddf9\" \/> ab \u20ac 100,- und <img decoding=\"async\" class=\"emoji\" role=\"img\" draggable=\"false\" src=\"https:\/\/s.w.org\/images\/core\/emoji\/14.0.0\/svg\/1f1e9-1f1ea.svg\" alt=\"\ud83c\udde9\ud83c\uddea\" \/> ab \u20ac 200,- \u2705 Trusted Shop zertifiziert<\/p>\n","protected":false},"featured_media":10035,"comment_status":"open","ping_status":"closed","template":"","meta":[],"product_brand":[],"product_cat":[31,37,1210,4662],"product_tag":[],"class_list":{"0":"post-10033","1":"product","2":"type-product","3":"status-publish","4":"has-post-thumbnail","6":"product_cat-big-wall-ausruestung","7":"product_cat-felshaken-normalhaken","8":"product_cat-einbohrartikel","9":"product_cat-climbing-technology","11":"first","12":"instock","13":"taxable","14":"shipping-taxable","15":"purchasable","16":"product-type-variable"},"yoast_head":"<!-- This site is optimized with the Yoast SEO Premium plugin v26.9 (Yoast SEO v26.9) - https:\/\/yoast.com\/product\/yoast-seo-premium-wordpress\/ -->\n<title>CT Angle Wide - extra breiten V-Profilhaken online kaufen | bolting.eu<\/title>\n<meta name=\"description\" content=\"Climbing Technology ANGLE WIDE beim Kletter Hardwareprofi kaufen \u2705 Trusted Shop \u2705 versandkostenfrei* \u2705 14 Tage R\u00fcckgaberecht \u2705 Co2 neutraler Versand\" \/>\n<meta name=\"robots\" content=\"index, follow, max-snippet:-1, max-image-preview:large, max-video-preview:-1\" \/>\n<link rel=\"canonical\" href=\"https:\/\/bolting.eu\/en\/shop\/ct-angle-wide\/\" \/>\n<meta property=\"og:locale\" content=\"en_US\" \/>\n<meta property=\"og:type\" content=\"article\" \/>\n<meta property=\"og:title\" content=\"CT Angle Wide\" \/>\n<meta property=\"og:description\" content=\"Climbing Technology ANGLE WIDE beim Kletter Hardwareprofi kaufen \u2705 Trusted Shop \u2705 versandkostenfrei* \u2705 14 Tage R\u00fcckgaberecht \u2705 Co2 neutraler Versand\" \/>\n<meta property=\"og:url\" content=\"https:\/\/bolting.eu\/en\/shop\/ct-angle-wide\/\" \/>\n<meta property=\"og:site_name\" content=\"bolting.eu\" \/>\n<meta property=\"article:publisher\" content=\"https:\/\/www.facebook.com\/bolting.eu\" \/>\n<meta property=\"article:modified_time\" content=\"2026-02-05T10:55:08+00:00\" \/>\n<meta property=\"og:image\" content=\"https:\/\/bolting.eu\/wp-content\/uploads\/2021\/09\/CT-Angle-Wide-2.jpg\" \/>\n\t<meta property=\"og:image:width\" content=\"700\" \/>\n\t<meta property=\"og:image:height\" content=\"700\" \/>\n\t<meta property=\"og:image:type\" content=\"image\/jpeg\" \/>\n<meta name=\"twitter:card\" content=\"summary_large_image\" \/>\n<meta name=\"twitter:label1\" content=\"Availability\" \/>\n\t<meta name=\"twitter:data1\" content=\"In stock\" \/>\n<script type=\"application\/ld+json\" class=\"yoast-schema-graph\">{\"@context\":\"https:\/\/schema.org\",\"@graph\":[{\"@type\":[\"WebPage\",\"ItemPage\"],\"@id\":\"https:\/\/bolting.eu\/en\/shop\/ct-angle-wide\/\",\"url\":\"https:\/\/bolting.eu\/en\/shop\/ct-angle-wide\/\",\"name\":\"CT Angle Wide - extra breiten V-Profilhaken online kaufen | bolting.eu\",\"isPartOf\":{\"@id\":\"https:\/\/bolting.eu\/en\/#website\"},\"primaryImageOfPage\":{\"@id\":\"https:\/\/bolting.eu\/en\/shop\/ct-angle-wide\/#primaryimage\"},\"image\":{\"@id\":\"https:\/\/bolting.eu\/en\/shop\/ct-angle-wide\/#primaryimage\"},\"thumbnailUrl\":\"https:\/\/bolting.eu\/wp-content\/uploads\/2021\/09\/CT-Angle-Wide-2.jpg\",\"datePublished\":\"2021-09-30T10:41:30+00:00\",\"dateModified\":\"2026-02-05T10:55:08+00:00\",\"description\":\"Climbing Technology ANGLE WIDE beim Kletter Hardwareprofi kaufen \u2705 Trusted Shop \u2705 versandkostenfrei* \u2705 14 Tage R\u00fcckgaberecht \u2705 Co2 neutraler Versand\",\"breadcrumb\":{\"@id\":\"https:\/\/bolting.eu\/en\/shop\/ct-angle-wide\/#breadcrumb\"},\"inLanguage\":\"en-US\",\"potentialAction\":[{\"@type\":\"ReadAction\",\"target\":[\"https:\/\/bolting.eu\/en\/shop\/ct-angle-wide\/\"]}]},{\"@type\":\"ImageObject\",\"inLanguage\":\"en-US\",\"@id\":\"https:\/\/bolting.eu\/en\/shop\/ct-angle-wide\/#primaryimage\",\"url\":\"https:\/\/bolting.eu\/wp-content\/uploads\/2021\/09\/CT-Angle-Wide-2.jpg\",\"contentUrl\":\"https:\/\/bolting.eu\/wp-content\/uploads\/2021\/09\/CT-Angle-Wide-2.jpg\",\"width\":700,\"height\":700,\"caption\":\"Das Bild zeigt zwei schwarze CT Angle Wide Felshaken die schr\u00e4g nebeneinander in einem wei\u00dfem Quadrat stehen.\"},{\"@type\":\"BreadcrumbList\",\"@id\":\"https:\/\/bolting.eu\/en\/shop\/ct-angle-wide\/#breadcrumb\",\"itemListElement\":[{\"@type\":\"ListItem\",\"position\":1,\"name\":\"Shop\",\"item\":\"https:\/\/bolting.eu\/en\/shop\/\"},{\"@type\":\"ListItem\",\"position\":2,\"name\":\"bolting products\",\"item\":\"https:\/\/bolting.eu\/en\/produkt-kategorie\/bolting-products\/\"},{\"@type\":\"ListItem\",\"position\":3,\"name\":\"piton - Normal hook\",\"item\":\"https:\/\/bolting.eu\/en\/produkt-kategorie\/piton-normal-hook\/\"},{\"@type\":\"ListItem\",\"position\":4,\"name\":\"CT Angle Wide\"}]},{\"@type\":\"WebSite\",\"@id\":\"https:\/\/bolting.eu\/en\/#website\",\"url\":\"https:\/\/bolting.eu\/en\/\",\"name\":\"bolting.eu\",\"description\":\"we make climbs happen\",\"publisher\":{\"@id\":\"https:\/\/bolting.eu\/en\/#organization\"},\"potentialAction\":[{\"@type\":\"SearchAction\",\"target\":{\"@type\":\"EntryPoint\",\"urlTemplate\":\"https:\/\/bolting.eu\/en\/?s={search_term_string}\"},\"query-input\":{\"@type\":\"PropertyValueSpecification\",\"valueRequired\":true,\"valueName\":\"search_term_string\"}}],\"inLanguage\":\"en-US\"},{\"@type\":[\"Organization\",\"Place\",\"SportingGoodsStore\"],\"@id\":\"https:\/\/bolting.eu\/en\/#organization\",\"name\":\"bolting.eu\",\"url\":\"https:\/\/bolting.eu\/en\/\",\"logo\":{\"@id\":\"https:\/\/bolting.eu\/en\/shop\/ct-angle-wide\/#local-main-organization-logo\"},\"image\":{\"@id\":\"https:\/\/bolting.eu\/en\/shop\/ct-angle-wide\/#local-main-organization-logo\"},\"sameAs\":[\"https:\/\/www.facebook.com\/bolting.eu\",\"https:\/\/www.instagram.com\/bolting.eu\/\"],\"address\":{\"@id\":\"https:\/\/bolting.eu\/en\/shop\/ct-angle-wide\/#local-main-place-address\"},\"geo\":{\"@type\":\"GeoCoordinates\",\"latitude\":\"47.264176340396226\",\"longitude\":\"11.380109057672346\"},\"telephone\":[\"+43 699 19083372\"],\"openingHoursSpecification\":[{\"@type\":\"OpeningHoursSpecification\",\"dayOfWeek\":[\"Monday\",\"Wednesday\",\"Friday\"],\"opens\":\"14:00\",\"closes\":\"18:00\"},{\"@type\":\"OpeningHoursSpecification\",\"dayOfWeek\":[\"Tuesday\",\"Thursday\",\"Saturday\",\"Sunday\"],\"opens\":\"00:00\",\"closes\":\"00:00\"}],\"email\":\"office@bolting.eu\",\"vatID\":\"ATU59999728\",\"priceRange\":\"$$\",\"currenciesAccepted\":\"Euro\"},{\"@type\":\"PostalAddress\",\"@id\":\"https:\/\/bolting.eu\/en\/shop\/ct-angle-wide\/#local-main-place-address\",\"streetAddress\":\"Fischnalerstra\u00dfe 4\",\"addressLocality\":\"Innsbruck\",\"postalCode\":\"6020\",\"addressRegion\":\"Tirol\",\"addressCountry\":\"AT\"},{\"@type\":\"ImageObject\",\"inLanguage\":\"en-US\",\"@id\":\"https:\/\/bolting.eu\/en\/shop\/ct-angle-wide\/#local-main-organization-logo\",\"url\":\"https:\/\/bolting.eu\/wp-content\/uploads\/2019\/09\/bolting-logo.png\",\"contentUrl\":\"https:\/\/bolting.eu\/wp-content\/uploads\/2019\/09\/bolting-logo.png\",\"width\":400,\"height\":211,\"caption\":\"bolting.eu\"}]}<\/script>\n<meta property=\"og:availability\" content=\"instock\" \/>\n<meta property=\"product:availability\" content=\"instock\" \/>\n<meta property=\"product:condition\" content=\"new\" \/>\n<meta name=\"geo.placename\" content=\"Innsbruck\" \/>\n<meta name=\"geo.position\" content=\"47.264176340396226;11.380109057672346\" \/>\n<meta name=\"geo.region\" content=\"Austria\" \/>\n<!-- \/ Yoast SEO Premium plugin. -->","yoast_head_json":{"title":"CT Angle Wide - extra breiten V-Profilhaken online kaufen | bolting.eu","description":"Climbing Technology ANGLE WIDE beim Kletter Hardwareprofi kaufen \u2705 Trusted Shop \u2705 versandkostenfrei* \u2705 14 Tage R\u00fcckgaberecht \u2705 Co2 neutraler Versand","robots":{"index":"index","follow":"follow","max-snippet":"max-snippet:-1","max-image-preview":"max-image-preview:large","max-video-preview":"max-video-preview:-1"},"canonical":"https:\/\/bolting.eu\/en\/shop\/ct-angle-wide\/","og_locale":"en_US","og_type":"article","og_title":"CT Angle Wide","og_description":"Climbing Technology ANGLE WIDE beim Kletter Hardwareprofi kaufen \u2705 Trusted Shop \u2705 versandkostenfrei* \u2705 14 Tage R\u00fcckgaberecht \u2705 Co2 neutraler Versand","og_url":"https:\/\/bolting.eu\/en\/shop\/ct-angle-wide\/","og_site_name":"bolting.eu","article_publisher":"https:\/\/www.facebook.com\/bolting.eu","article_modified_time":"2026-02-05T10:55:08+00:00","og_image":[{"width":700,"height":700,"url":"https:\/\/bolting.eu\/wp-content\/uploads\/2021\/09\/CT-Angle-Wide-2.jpg","type":"image\/jpeg"}],"twitter_card":"summary_large_image","twitter_misc":{"Availability":"In stock"},"schema":{"@context":"https:\/\/schema.org","@graph":[{"@type":["WebPage","ItemPage"],"@id":"https:\/\/bolting.eu\/en\/shop\/ct-angle-wide\/","url":"https:\/\/bolting.eu\/en\/shop\/ct-angle-wide\/","name":"CT Angle Wide - extra breiten V-Profilhaken online kaufen | bolting.eu","isPartOf":{"@id":"https:\/\/bolting.eu\/en\/#website"},"primaryImageOfPage":{"@id":"https:\/\/bolting.eu\/en\/shop\/ct-angle-wide\/#primaryimage"},"image":{"@id":"https:\/\/bolting.eu\/en\/shop\/ct-angle-wide\/#primaryimage"},"thumbnailUrl":"https:\/\/bolting.eu\/wp-content\/uploads\/2021\/09\/CT-Angle-Wide-2.jpg","datePublished":"2021-09-30T10:41:30+00:00","dateModified":"2026-02-05T10:55:08+00:00","description":"Climbing Technology ANGLE WIDE beim Kletter Hardwareprofi kaufen \u2705 Trusted Shop \u2705 versandkostenfrei* \u2705 14 Tage R\u00fcckgaberecht \u2705 Co2 neutraler Versand","breadcrumb":{"@id":"https:\/\/bolting.eu\/en\/shop\/ct-angle-wide\/#breadcrumb"},"inLanguage":"en-US","potentialAction":[{"@type":"ReadAction","target":["https:\/\/bolting.eu\/en\/shop\/ct-angle-wide\/"]}]},{"@type":"ImageObject","inLanguage":"en-US","@id":"https:\/\/bolting.eu\/en\/shop\/ct-angle-wide\/#primaryimage","url":"https:\/\/bolting.eu\/wp-content\/uploads\/2021\/09\/CT-Angle-Wide-2.jpg","contentUrl":"https:\/\/bolting.eu\/wp-content\/uploads\/2021\/09\/CT-Angle-Wide-2.jpg","width":700,"height":700,"caption":"Das Bild zeigt zwei schwarze CT Angle Wide Felshaken die schr\u00e4g nebeneinander in einem wei\u00dfem Quadrat stehen."},{"@type":"BreadcrumbList","@id":"https:\/\/bolting.eu\/en\/shop\/ct-angle-wide\/#breadcrumb","itemListElement":[{"@type":"ListItem","position":1,"name":"Shop","item":"https:\/\/bolting.eu\/en\/shop\/"},{"@type":"ListItem","position":2,"name":"bolting products","item":"https:\/\/bolting.eu\/en\/produkt-kategorie\/bolting-products\/"},{"@type":"ListItem","position":3,"name":"piton - Normal hook","item":"https:\/\/bolting.eu\/en\/produkt-kategorie\/piton-normal-hook\/"},{"@type":"ListItem","position":4,"name":"CT Angle Wide"}]},{"@type":"WebSite","@id":"https:\/\/bolting.eu\/en\/#website","url":"https:\/\/bolting.eu\/en\/","name":"bolting.eu","description":"we make climbs happen","publisher":{"@id":"https:\/\/bolting.eu\/en\/#organization"},"potentialAction":[{"@type":"SearchAction","target":{"@type":"EntryPoint","urlTemplate":"https:\/\/bolting.eu\/en\/?s={search_term_string}"},"query-input":{"@type":"PropertyValueSpecification","valueRequired":true,"valueName":"search_term_string"}}],"inLanguage":"en-US"},{"@type":["Organization","Place","SportingGoodsStore"],"@id":"https:\/\/bolting.eu\/en\/#organization","name":"bolting.eu","url":"https:\/\/bolting.eu\/en\/","logo":{"@id":"https:\/\/bolting.eu\/en\/shop\/ct-angle-wide\/#local-main-organization-logo"},"image":{"@id":"https:\/\/bolting.eu\/en\/shop\/ct-angle-wide\/#local-main-organization-logo"},"sameAs":["https:\/\/www.facebook.com\/bolting.eu","https:\/\/www.instagram.com\/bolting.eu\/"],"address":{"@id":"https:\/\/bolting.eu\/en\/shop\/ct-angle-wide\/#local-main-place-address"},"geo":{"@type":"GeoCoordinates","latitude":"47.264176340396226","longitude":"11.380109057672346"},"telephone":["+43 699 19083372"],"openingHoursSpecification":[{"@type":"OpeningHoursSpecification","dayOfWeek":["Monday","Wednesday","Friday"],"opens":"14:00","closes":"18:00"},{"@type":"OpeningHoursSpecification","dayOfWeek":["Tuesday","Thursday","Saturday","Sunday"],"opens":"00:00","closes":"00:00"}],"email":"office@bolting.eu","vatID":"ATU59999728","priceRange":"$$","currenciesAccepted":"Euro"},{"@type":"PostalAddress","@id":"https:\/\/bolting.eu\/en\/shop\/ct-angle-wide\/#local-main-place-address","streetAddress":"Fischnalerstra\u00dfe 4","addressLocality":"Innsbruck","postalCode":"6020","addressRegion":"Tirol","addressCountry":"AT"},{"@type":"ImageObject","inLanguage":"en-US","@id":"https:\/\/bolting.eu\/en\/shop\/ct-angle-wide\/#local-main-organization-logo","url":"https:\/\/bolting.eu\/wp-content\/uploads\/2019\/09\/bolting-logo.png","contentUrl":"https:\/\/bolting.eu\/wp-content\/uploads\/2019\/09\/bolting-logo.png","width":400,"height":211,"caption":"bolting.eu"}]},"og_availability":"instock","product_availability":"instock","product_condition":"new","geo.placename":"Innsbruck","geo.position":{"lat":"47.264176340396226","long":"11.380109057672346"},"geo.region":"Austria"},"_links":{"self":[{"href":"https:\/\/bolting.eu\/en\/wp-json\/wp\/v2\/product\/10033","targetHints":{"allow":["GET"]}}],"collection":[{"href":"https:\/\/bolting.eu\/en\/wp-json\/wp\/v2\/product"}],"about":[{"href":"https:\/\/bolting.eu\/en\/wp-json\/wp\/v2\/types\/product"}],"replies":[{"embeddable":true,"href":"https:\/\/bolting.eu\/en\/wp-json\/wp\/v2\/comments?post=10033"}],"wp:featuredmedia":[{"embeddable":true,"href":"https:\/\/bolting.eu\/en\/wp-json\/wp\/v2\/media\/10035"}],"wp:attachment":[{"href":"https:\/\/bolting.eu\/en\/wp-json\/wp\/v2\/media?parent=10033"}],"wp:term":[{"taxonomy":"product_brand","embeddable":true,"href":"https:\/\/bolting.eu\/en\/wp-json\/wp\/v2\/product_brand?post=10033"},{"taxonomy":"product_cat","embeddable":true,"href":"https:\/\/bolting.eu\/en\/wp-json\/wp\/v2\/product_cat?post=10033"},{"taxonomy":"product_tag","embeddable":true,"href":"https:\/\/bolting.eu\/en\/wp-json\/wp\/v2\/product_tag?post=10033"}],"curies":[{"name":"wp","href":"https:\/\/api.w.org\/{rel}","templated":true}]}}